{"id":39192,"date":"2020-11-14T10:10:36","date_gmt":"2020-11-14T10:10:36","guid":{"rendered":"http:\/\/viatgespoblenou.com\/?page_id=39192"},"modified":"2020-11-14T10:19:48","modified_gmt":"2020-11-14T10:19:48","slug":"suissa","status":"publish","type":"page","link":"http:\/\/viatgespoblenou.com\/es\/suissa\/","title":{"rendered":"Suiza"},"content":{"rendered":"<section class=\"wpb-content-wrapper\"><p>[vc_row][vc_column width=\u00bb1\/2&#8243;][vc_column_text]<\/p>\n<p>\n1er d\u00eda: Escuela &#8211; Noche en ruta <br \/>\n2\u00ba d\u00eda: Lausana &#8211; Lago Leman <br \/>\n3er d\u00eda: Gruy\u00e8re &#8211; Montreux &#8211; Castillo de Chillon <br \/>\n4\u00ba d\u00eda: Chamonix: Mer de Glace &#8211; Villa de Chamonix <br \/>\n5\u00ba d\u00eda: Gorges du Pont de Diablo &#8211; Annecy &#8211; Noche en ruta <br \/>\n6\u00ba d\u00eda: Escuela\n<\/p>\n<p><strong>El precio incluye:<\/strong><\/p>\n<p>\u2022 Autocar a disposici\u00f3n (respetando la normativa) <br \/>\n\u2022 3 noches en hotel t\u00edpico de la zona en Morzine en r\u00e9gimen de Media Pensi\u00f3n <br \/>\n\u2022 Acceso piscina climatizada y macro jacuzzi en el hotel <br \/>\n\u2022 Paseo en barca lago Leman <br \/>\n\u2022 Entrada al castillo de Chillon <br \/>\n\u2022 Visita a la Mer de Glace <br \/>\n\u2022 Visita al Pont du Diable <br \/>\n\u2022 Visita guiada Annecy <br \/>\n\u2022 Gu\u00eda acompa\u00f1ante de la agencia <br \/>\n\u2022 Talonarios de autofinanciaci\u00f3n <br \/>\n\u2022 Seguro de asistencia en viaje <br \/>\n\u2022 P\u00f3liza de responsabilidad civil <br \/>\n\u2022 Gratuidades para profesores <br \/>[\/vc_column_text][vc_empty_space height=\u00bb30px\u00bb][vc_single_image image=\u00bb37137&#8243; img_size=\u00bbfull\u00bb onclick=\u00bbcustom_link\u00bb link=\u00bbhttp:\/\/viatgespoblenou.com\/es\/pressupost\/\u00bb][\/vc_column][vc_column width=\u00bb1\/2&#8243;][rev_slider_vc alias=\u00bbalgust\u00bb][\/vc_column][\/vc_row][vc_row][vc_column][vc_empty_space height=\u00bb70px\u00bb][\/vc_column][\/vc_row]<\/p>\n<\/section>","protected":false},"excerpt":{"rendered":"<p>[vc_row][vc_column width=\u00bb1\/2&#8243;][vc_column_text] 1er d\u00eda: Escuela &#8211; Noche en ruta 2\u00ba d\u00eda: Lausana &#8211; Lago Leman 3er d\u00eda: Gruy\u00e8re &#8211; Montreux &#8211; Castillo de Chillon 4\u00ba d\u00eda: Chamonix: Mer de Glace &#8211; Villa de Chamonix 5\u00ba d\u00eda: Gorges du Pont de Diablo &#8211; Annecy &#8211; Noche en ruta 6\u00ba d\u00eda: Escuela El precio incluye: \u2022 Autocar&hellip;<\/p>\n","protected":false},"author":2,"featured_media":0,"parent":0,"menu_order":0,"comment_status":"closed","ping_status":"closed","template":"","meta":[],"yoast_head":"<!-- This site is optimized with the Yoast SEO plugin v19.7.1 - https:\/\/yoast.com\/wordpress\/plugins\/seo\/ -->\n<title>Suiza - viatgespoblenou<\/title>\n<meta name=\"robots\" content=\"index, follow, max-snippet:-1, max-image-preview:large, max-video-preview:-1\" \/>\n<link rel=\"canonical\" href=\"http:\/\/viatgespoblenou.com\/suissa\/\" \/>\n<meta property=\"og:locale\" content=\"es_ES\" \/>\n<meta property=\"og:type\" content=\"article\" \/>\n<meta property=\"og:title\" content=\"Suiza - viatgespoblenou\" \/>\n<meta property=\"og:description\" content=\"[vc_row][vc_column width=\u00bb1\/2&#8243;][vc_column_text] 1er d\u00eda: Escuela &#8211; Noche en ruta 2\u00ba d\u00eda: Lausana &#8211; Lago Leman 3er d\u00eda: Gruy\u00e8re &#8211; Montreux &#8211; Castillo de Chillon 4\u00ba d\u00eda: Chamonix: Mer de Glace &#8211; Villa de Chamonix 5\u00ba d\u00eda: Gorges du Pont de Diablo &#8211; Annecy &#8211; Noche en ruta 6\u00ba d\u00eda: Escuela El precio incluye: \u2022 Autocar&hellip;\" \/>\n<meta property=\"og:url\" content=\"http:\/\/viatgespoblenou.com\/suissa\/\" \/>\n<meta property=\"og:site_name\" content=\"viatgespoblenou\" \/>\n<meta property=\"article:publisher\" content=\"https:\/\/es-la.facebook.com\/people\/Viatges-Poblenou\/100001670703933\" \/>\n<meta property=\"article:modified_time\" content=\"2020-11-14T10:19:48+00:00\" \/>\n<meta name=\"twitter:card\" content=\"summary\" \/>\n<meta name=\"twitter:label1\" content=\"Tiempo de lectura\" \/>\n\t<meta name=\"twitter:data1\" content=\"2 minutos\" \/>\n<script type=\"application\/ld+json\" class=\"yoast-schema-graph\">{\"@context\":\"https:\/\/schema.org\",\"@graph\":[{\"@type\":\"WebPage\",\"@id\":\"http:\/\/viatgespoblenou.com\/suissa\/\",\"url\":\"http:\/\/viatgespoblenou.com\/suissa\/\",\"name\":\"Suiza - viatgespoblenou\",\"isPartOf\":{\"@id\":\"http:\/\/viatgespoblenou.com\/#website\"},\"datePublished\":\"2020-11-14T10:10:36+00:00\",\"dateModified\":\"2020-11-14T10:19:48+00:00\",\"breadcrumb\":{\"@id\":\"http:\/\/viatgespoblenou.com\/suissa\/#breadcrumb\"},\"inLanguage\":\"es\",\"potentialAction\":[{\"@type\":\"ReadAction\",\"target\":[\"http:\/\/viatgespoblenou.com\/suissa\/\"]}]},{\"@type\":\"BreadcrumbList\",\"@id\":\"http:\/\/viatgespoblenou.com\/suissa\/#breadcrumb\",\"itemListElement\":[{\"@type\":\"ListItem\",\"position\":1,\"name\":\"Home\",\"item\":\"http:\/\/viatgespoblenou.com\/\"},{\"@type\":\"ListItem\",\"position\":2,\"name\":\"Su\u00efssa\"}]},{\"@type\":\"WebSite\",\"@id\":\"http:\/\/viatgespoblenou.com\/#website\",\"url\":\"http:\/\/viatgespoblenou.com\/\",\"name\":\"viatgespoblenou\",\"description\":\"\",\"potentialAction\":[{\"@type\":\"SearchAction\",\"target\":{\"@type\":\"EntryPoint\",\"urlTemplate\":\"http:\/\/viatgespoblenou.com\/?s={search_term_string}\"},\"query-input\":\"required name=search_term_string\"}],\"inLanguage\":\"es\"}]}<\/script>\n<!-- \/ Yoast SEO plugin. -->","yoast_head_json":{"title":"Suiza - viatgespoblenou","robots":{"index":"index","follow":"follow","max-snippet":"max-snippet:-1","max-image-preview":"max-image-preview:large","max-video-preview":"max-video-preview:-1"},"canonical":"http:\/\/viatgespoblenou.com\/suissa\/","og_locale":"es_ES","og_type":"article","og_title":"Suiza - viatgespoblenou","og_description":"[vc_row][vc_column width=\u00bb1\/2&#8243;][vc_column_text] 1er d\u00eda: Escuela &#8211; Noche en ruta 2\u00ba d\u00eda: Lausana &#8211; Lago Leman 3er d\u00eda: Gruy\u00e8re &#8211; Montreux &#8211; Castillo de Chillon 4\u00ba d\u00eda: Chamonix: Mer de Glace &#8211; Villa de Chamonix 5\u00ba d\u00eda: Gorges du Pont de Diablo &#8211; Annecy &#8211; Noche en ruta 6\u00ba d\u00eda: Escuela El precio incluye: \u2022 Autocar&hellip;","og_url":"http:\/\/viatgespoblenou.com\/suissa\/","og_site_name":"viatgespoblenou","article_publisher":"https:\/\/es-la.facebook.com\/people\/Viatges-Poblenou\/100001670703933","article_modified_time":"2020-11-14T10:19:48+00:00","twitter_card":"summary","twitter_misc":{"Tiempo de lectura":"2 minutos"},"schema":{"@context":"https:\/\/schema.org","@graph":[{"@type":"WebPage","@id":"http:\/\/viatgespoblenou.com\/suissa\/","url":"http:\/\/viatgespoblenou.com\/suissa\/","name":"Suiza - viatgespoblenou","isPartOf":{"@id":"http:\/\/viatgespoblenou.com\/#website"},"datePublished":"2020-11-14T10:10:36+00:00","dateModified":"2020-11-14T10:19:48+00:00","breadcrumb":{"@id":"http:\/\/viatgespoblenou.com\/suissa\/#breadcrumb"},"inLanguage":"es","potentialAction":[{"@type":"ReadAction","target":["http:\/\/viatgespoblenou.com\/suissa\/"]}]},{"@type":"BreadcrumbList","@id":"http:\/\/viatgespoblenou.com\/suissa\/#breadcrumb","itemListElement":[{"@type":"ListItem","position":1,"name":"Home","item":"http:\/\/viatgespoblenou.com\/"},{"@type":"ListItem","position":2,"name":"Su\u00efssa"}]},{"@type":"WebSite","@id":"http:\/\/viatgespoblenou.com\/#website","url":"http:\/\/viatgespoblenou.com\/","name":"viatgespoblenou","description":"","potentialAction":[{"@type":"SearchAction","target":{"@type":"EntryPoint","urlTemplate":"http:\/\/viatgespoblenou.com\/?s={search_term_string}"},"query-input":"required name=search_term_string"}],"inLanguage":"es"}]}},"_links":{"self":[{"href":"http:\/\/viatgespoblenou.com\/es\/wp-json\/wp\/v2\/pages\/39192"}],"collection":[{"href":"http:\/\/viatgespoblenou.com\/es\/wp-json\/wp\/v2\/pages"}],"about":[{"href":"http:\/\/viatgespoblenou.com\/es\/wp-json\/wp\/v2\/types\/page"}],"author":[{"embeddable":true,"href":"http:\/\/viatgespoblenou.com\/es\/wp-json\/wp\/v2\/users\/2"}],"replies":[{"embeddable":true,"href":"http:\/\/viatgespoblenou.com\/es\/wp-json\/wp\/v2\/comments?post=39192"}],"version-history":[{"count":2,"href":"http:\/\/viatgespoblenou.com\/es\/wp-json\/wp\/v2\/pages\/39192\/revisions"}],"predecessor-version":[{"id":39195,"href":"http:\/\/viatgespoblenou.com\/es\/wp-json\/wp\/v2\/pages\/39192\/revisions\/39195"}],"wp:attachment":[{"href":"http:\/\/viatgespoblenou.com\/es\/wp-json\/wp\/v2\/media?parent=39192"}],"curies":[{"name":"wp","href":"https:\/\/api.w.org\/{rel}","templated":true}]}}