{"id":38755,"date":"2019-08-28T08:38:32","date_gmt":"2019-08-28T08:38:32","guid":{"rendered":"http:\/\/viatgespoblenou.com\/?page_id=38755"},"modified":"2019-08-28T08:44:57","modified_gmt":"2019-08-28T08:44:57","slug":"fi-de-curs","status":"publish","type":"page","link":"http:\/\/viatgespoblenou.com\/es\/fi-de-curs\/","title":{"rendered":"Fin de curso"},"content":{"rendered":"<section class=\"wpb-content-wrapper\"><p>[vc_row][vc_column][vc_column_text]<\/p>\n<p style=\"text-align: justify;\">Con una experiencia de m\u00e1s de 25 a\u00f1os organizado viajes de grupos, podemos ofrecer la garant\u00eda de calidad que todos vosotros necesita, siempre con la mejor relaci\u00f3n calidad \/ precio.<\/p>\n<p style=\"text-align: justify;\">Estamos satisfechos de mantener la mayor\u00eda de proveedores y clientes, as\u00ed como tambi\u00e9n de las nuevas incorporaciones que tenemos a\u00f1o tras a\u00f1o. Recordaros que tambi\u00e9n ofrecemos la posibilidad de viajar sin profesores.<\/p>\n<p>[\/vc_column_text][\/vc_column][\/vc_row][vc_row][vc_column][vc_empty_space][vc_single_image image=\u00bb38757&#8243; img_size=\u00bbfull\u00bb][\/vc_column][\/vc_row]<\/p>\n<\/section>","protected":false},"excerpt":{"rendered":"<p>[vc_row][vc_column][vc_column_text] Con una experiencia de m\u00e1s de 25 a\u00f1os organizado viajes de grupos, podemos ofrecer la garant\u00eda de calidad que todos vosotros necesita, siempre con la mejor relaci\u00f3n calidad \/ precio. Estamos satisfechos de mantener la mayor\u00eda de proveedores y clientes, as\u00ed como tambi\u00e9n de las nuevas incorporaciones que tenemos a\u00f1o tras a\u00f1o. Recordaros que&hellip;<\/p>\n","protected":false},"author":1,"featured_media":0,"parent":0,"menu_order":0,"comment_status":"closed","ping_status":"closed","template":"","meta":[],"yoast_head":"<!-- This site is optimized with the Yoast SEO plugin v19.7.1 - https:\/\/yoast.com\/wordpress\/plugins\/seo\/ -->\n<title>Fin de curso - viatgespoblenou<\/title>\n<meta name=\"robots\" content=\"index, follow, max-snippet:-1, max-image-preview:large, max-video-preview:-1\" \/>\n<link rel=\"canonical\" href=\"http:\/\/viatgespoblenou.com\/fi-de-curs\/\" \/>\n<meta property=\"og:locale\" content=\"es_ES\" \/>\n<meta property=\"og:type\" content=\"article\" \/>\n<meta property=\"og:title\" content=\"Fin de curso - viatgespoblenou\" \/>\n<meta property=\"og:description\" content=\"[vc_row][vc_column][vc_column_text] Con una experiencia de m\u00e1s de 25 a\u00f1os organizado viajes de grupos, podemos ofrecer la garant\u00eda de calidad que todos vosotros necesita, siempre con la mejor relaci\u00f3n calidad \/ precio. Estamos satisfechos de mantener la mayor\u00eda de proveedores y clientes, as\u00ed como tambi\u00e9n de las nuevas incorporaciones que tenemos a\u00f1o tras a\u00f1o. Recordaros que&hellip;\" \/>\n<meta property=\"og:url\" content=\"http:\/\/viatgespoblenou.com\/fi-de-curs\/\" \/>\n<meta property=\"og:site_name\" content=\"viatgespoblenou\" \/>\n<meta property=\"article:publisher\" content=\"https:\/\/es-la.facebook.com\/people\/Viatges-Poblenou\/100001670703933\" \/>\n<meta property=\"article:modified_time\" content=\"2019-08-28T08:44:57+00:00\" \/>\n<meta name=\"twitter:card\" content=\"summary\" \/>\n<meta name=\"twitter:label1\" content=\"Tiempo de lectura\" \/>\n\t<meta name=\"twitter:data1\" content=\"1 minuto\" \/>\n<script type=\"application\/ld+json\" class=\"yoast-schema-graph\">{\"@context\":\"https:\/\/schema.org\",\"@graph\":[{\"@type\":\"WebPage\",\"@id\":\"http:\/\/viatgespoblenou.com\/fi-de-curs\/\",\"url\":\"http:\/\/viatgespoblenou.com\/fi-de-curs\/\",\"name\":\"Fin de curso - viatgespoblenou\",\"isPartOf\":{\"@id\":\"http:\/\/viatgespoblenou.com\/#website\"},\"datePublished\":\"2019-08-28T08:38:32+00:00\",\"dateModified\":\"2019-08-28T08:44:57+00:00\",\"breadcrumb\":{\"@id\":\"http:\/\/viatgespoblenou.com\/fi-de-curs\/#breadcrumb\"},\"inLanguage\":\"es\",\"potentialAction\":[{\"@type\":\"ReadAction\",\"target\":[\"http:\/\/viatgespoblenou.com\/fi-de-curs\/\"]}]},{\"@type\":\"BreadcrumbList\",\"@id\":\"http:\/\/viatgespoblenou.com\/fi-de-curs\/#breadcrumb\",\"itemListElement\":[{\"@type\":\"ListItem\",\"position\":1,\"name\":\"Home\",\"item\":\"http:\/\/viatgespoblenou.com\/\"},{\"@type\":\"ListItem\",\"position\":2,\"name\":\"Fi de curs\"}]},{\"@type\":\"WebSite\",\"@id\":\"http:\/\/viatgespoblenou.com\/#website\",\"url\":\"http:\/\/viatgespoblenou.com\/\",\"name\":\"viatgespoblenou\",\"description\":\"\",\"potentialAction\":[{\"@type\":\"SearchAction\",\"target\":{\"@type\":\"EntryPoint\",\"urlTemplate\":\"http:\/\/viatgespoblenou.com\/?s={search_term_string}\"},\"query-input\":\"required name=search_term_string\"}],\"inLanguage\":\"es\"}]}<\/script>\n<!-- \/ Yoast SEO plugin. -->","yoast_head_json":{"title":"Fin de curso - viatgespoblenou","robots":{"index":"index","follow":"follow","max-snippet":"max-snippet:-1","max-image-preview":"max-image-preview:large","max-video-preview":"max-video-preview:-1"},"canonical":"http:\/\/viatgespoblenou.com\/fi-de-curs\/","og_locale":"es_ES","og_type":"article","og_title":"Fin de curso - viatgespoblenou","og_description":"[vc_row][vc_column][vc_column_text] Con una experiencia de m\u00e1s de 25 a\u00f1os organizado viajes de grupos, podemos ofrecer la garant\u00eda de calidad que todos vosotros necesita, siempre con la mejor relaci\u00f3n calidad \/ precio. Estamos satisfechos de mantener la mayor\u00eda de proveedores y clientes, as\u00ed como tambi\u00e9n de las nuevas incorporaciones que tenemos a\u00f1o tras a\u00f1o. Recordaros que&hellip;","og_url":"http:\/\/viatgespoblenou.com\/fi-de-curs\/","og_site_name":"viatgespoblenou","article_publisher":"https:\/\/es-la.facebook.com\/people\/Viatges-Poblenou\/100001670703933","article_modified_time":"2019-08-28T08:44:57+00:00","twitter_card":"summary","twitter_misc":{"Tiempo de lectura":"1 minuto"},"schema":{"@context":"https:\/\/schema.org","@graph":[{"@type":"WebPage","@id":"http:\/\/viatgespoblenou.com\/fi-de-curs\/","url":"http:\/\/viatgespoblenou.com\/fi-de-curs\/","name":"Fin de curso - viatgespoblenou","isPartOf":{"@id":"http:\/\/viatgespoblenou.com\/#website"},"datePublished":"2019-08-28T08:38:32+00:00","dateModified":"2019-08-28T08:44:57+00:00","breadcrumb":{"@id":"http:\/\/viatgespoblenou.com\/fi-de-curs\/#breadcrumb"},"inLanguage":"es","potentialAction":[{"@type":"ReadAction","target":["http:\/\/viatgespoblenou.com\/fi-de-curs\/"]}]},{"@type":"BreadcrumbList","@id":"http:\/\/viatgespoblenou.com\/fi-de-curs\/#breadcrumb","itemListElement":[{"@type":"ListItem","position":1,"name":"Home","item":"http:\/\/viatgespoblenou.com\/"},{"@type":"ListItem","position":2,"name":"Fi de curs"}]},{"@type":"WebSite","@id":"http:\/\/viatgespoblenou.com\/#website","url":"http:\/\/viatgespoblenou.com\/","name":"viatgespoblenou","description":"","potentialAction":[{"@type":"SearchAction","target":{"@type":"EntryPoint","urlTemplate":"http:\/\/viatgespoblenou.com\/?s={search_term_string}"},"query-input":"required name=search_term_string"}],"inLanguage":"es"}]}},"_links":{"self":[{"href":"http:\/\/viatgespoblenou.com\/es\/wp-json\/wp\/v2\/pages\/38755"}],"collection":[{"href":"http:\/\/viatgespoblenou.com\/es\/wp-json\/wp\/v2\/pages"}],"about":[{"href":"http:\/\/viatgespoblenou.com\/es\/wp-json\/wp\/v2\/types\/page"}],"author":[{"embeddable":true,"href":"http:\/\/viatgespoblenou.com\/es\/wp-json\/wp\/v2\/users\/1"}],"replies":[{"embeddable":true,"href":"http:\/\/viatgespoblenou.com\/es\/wp-json\/wp\/v2\/comments?post=38755"}],"version-history":[{"count":4,"href":"http:\/\/viatgespoblenou.com\/es\/wp-json\/wp\/v2\/pages\/38755\/revisions"}],"predecessor-version":[{"id":38760,"href":"http:\/\/viatgespoblenou.com\/es\/wp-json\/wp\/v2\/pages\/38755\/revisions\/38760"}],"wp:attachment":[{"href":"http:\/\/viatgespoblenou.com\/es\/wp-json\/wp\/v2\/media?parent=38755"}],"curies":[{"name":"wp","href":"https:\/\/api.w.org\/{rel}","templated":true}]}}