{"id":38676,"date":"2019-08-23T18:10:37","date_gmt":"2019-08-23T18:10:37","guid":{"rendered":"http:\/\/viatgespoblenou.com\/?page_id=38676"},"modified":"2022-09-26T16:03:44","modified_gmt":"2022-09-26T16:03:44","slug":"hotel-port-1730","status":"publish","type":"page","link":"http:\/\/viatgespoblenou.com\/es\/hotel-port-1730\/","title":{"rendered":"Hotel Port 1730"},"content":{"rendered":"<section class=\"wpb-content-wrapper\"><p>[vc_row][vc_column width=\u00bb1\/4&#8243;][vc_single_image image=\u00bb38681&#8243; img_size=\u00bbfull\u00bb onclick=\u00bbimg_link_large\u00bb][vc_empty_space height=\u00bb30px\u00bb][vc_single_image image=\u00bb38682&#8243; img_size=\u00bbfull\u00bb onclick=\u00bbimg_link_large\u00bb][vc_empty_space height=\u00bb30px\u00bb][vc_single_image image=\u00bb38683&#8243; img_size=\u00bbfull\u00bb onclick=\u00bbimg_link_large\u00bb][vc_empty_space height=\u00bb40px\u00bb][\/vc_column][vc_column width=\u00bb3\/4&#8243;][vc_column_text]<\/p>\n<div class=\"page\" title=\"Page 5\">\n<div class=\"section\">\n<div class=\"layoutArea\">\n<div class=\"column\">\n<div><b><span class=\"\">Reapertura del \u00fanico hotel\u00a0<\/span><\/b><b>a pie de pistas!<\/b><\/div>\n<\/div>\n<\/div>\n<div class=\"layoutArea\">\n<div class=\"column\">\n<ul>\n<li>\u00a0Nuevas instalaciones<\/li>\n<li>Mejora cualitativa de la cocina<\/li>\n<li>Trato familiar<\/li>\n<li>Amplias habitaciones y salas para realizar actividade<\/li>\n<\/ul>\n<div class=\"page\" title=\"Page 5\">\n<div class=\"section\">\n<div class=\"layoutArea\">\n<div class=\"column\"><\/div>\n<\/div>\n<\/div>\n<\/div>\n<\/div>\n<\/div>\n<\/div>\n<\/div>\n<h3 class=\"lletracoordinacio4\">Hotel\u00a0Port 1730<\/h3>\n<p>El \u00fanico hotel a pie de pistas en Port del Comte reabre las puertas. Fruto del cambio de direcci\u00f3n, el hotel ha sido completamente reformado, mejorando en todos los aspectos:instalaciones, comida, trato humano &#8230;<\/p>\n<p>Ven a estrenar el nuevo hotel!<\/p>\n<div class=\"page\" title=\"Page 6\">\n<div class=\"section\">\n<div class=\"layoutArea\">\n<div class=\"column\">\n<p>&nbsp;<\/p>\n<\/div>\n<\/div>\n<\/div>\n<\/div>\n<div>\n<div>\n<table border=\"0\" width=\"677\">\n<tbody>\n<tr class=\"lletracoordinacio2\">\n<td style=\"text-align: center;\"><strong>NOCHES<\/strong><\/td>\n<td style=\"text-align: center;\"><strong>TEMPORADA\u00a0\u00a0PROMOCI\u00d3N<\/strong><\/td>\n<td style=\"text-align: center;\"><strong>TEMPORADA\u00a0\u00a0BAJA<\/strong><\/td>\n<td style=\"text-align: center;\">\u00a0<strong>TEMPORADA\u00a0\u00a0MEDIA<\/strong><\/td>\n<\/tr>\n<tr>\n<td class=\"lletracoordinacio3\">1 noche + 2 d\u00edas<\/td>\n<td class=\"lletracoordinacio3\" style=\"text-align: center;\">173\u20ac<\/td>\n<td class=\"lletracoordinacio3\" style=\"text-align: center;\">193\u20ac<\/td>\n<td class=\"lletracoordinacio3\" style=\"text-align: center;\">206\u20ac<\/td>\n<\/tr>\n<tr>\n<td class=\"lletracoordinacio3\">2 nocehs + 3 d\u00edas<\/td>\n<td class=\"lletracoordinacio3\" style=\"text-align: center;\">244\u20ac<\/td>\n<td class=\"lletracoordinacio3\" style=\"text-align: center;\">264\u20ac<\/td>\n<td class=\"lletracoordinacio3\" style=\"text-align: center;\">279\u20ac<\/td>\n<\/tr>\n<tr>\n<td class=\"lletracoordinacio3\">3 nocehs + 4 d\u00edas<\/td>\n<td class=\"lletracoordinacio3\" style=\"text-align: center;\">315\u20ac<\/td>\n<td class=\"lletracoordinacio3\" style=\"text-align: center;\">348\u20ac<\/td>\n<td class=\"lletracoordinacio3\" style=\"text-align: center;\">348\u20ac<\/td>\n<\/tr>\n<tr>\n<td class=\"lletracoordinacio3\">4 nocehs + 5 d\u00edas<\/td>\n<td class=\"lletracoordinacio3\" style=\"text-align: center;\">359\u20ac<\/td>\n<td class=\"lletracoordinacio3\" style=\"text-align: center;\">425\u20ac<\/td>\n<td class=\"lletracoordinacio3\" style=\"text-align: center;\">425\u20ac<\/td>\n<\/tr>\n<tr>\n<td class=\"lletracoordinacio3\">5 nocehs + 5 d\u00edas<\/td>\n<td class=\"lletracoordinacio3\" style=\"text-align: center;\">397\u20ac<\/td>\n<td class=\"lletracoordinacio3\" style=\"text-align: center;\">466\u20ac<\/td>\n<td class=\"lletracoordinacio3\" style=\"text-align: center;\">466\u20ac<\/td>\n<\/tr>\n<tr>\n<td><\/td>\n<\/tr>\n<\/tbody>\n<\/table>\n<\/div>\n<div><\/div>\n<div class=\"lletracoordinacio2\">\n<div class=\"page\" title=\"Page 7\">\n<div class=\"section\">\n<div class=\"layoutArea\">\n<div class=\"column\">\n<div class=\"page\" title=\"Page 5\">\n<div class=\"section\">\n<div class=\"layoutArea\">\n<div class=\"column\">\n<p>Informar a nuestros clientes que si se alojan en el hotel,disfrutar\u00e1n de una gran mejora, con un m\u00ednimo de incrementoen el precio. Teniendo en cuenta la inversi\u00f3n realizada por parte dela nueva direcci\u00f3n del hotel, desde Viajes Poblenou hatrabajado para conseguir una buena relaci\u00f3n calidad &#8211; precio.<\/p>\n<\/div>\n<\/div>\n<\/div>\n<\/div>\n<p>&nbsp;<\/p>\n<\/div>\n<\/div>\n<\/div>\n<\/div>\n<\/div>\n<\/div>\n<p>[\/vc_column_text][vc_empty_space height=\u00bb30px\u00bb][vc_single_image image=\u00bb37137&#8243; img_size=\u00bbfull\u00bb onclick=\u00bbcustom_link\u00bb link=\u00bbhttp:\/\/viatgespoblenou.com\/es\/pressupost\/\u00bb][\/vc_column][\/vc_row]<\/p>\n<\/section>","protected":false},"excerpt":{"rendered":"<p>[vc_row][vc_column width=\u00bb1\/4&#8243;][vc_single_image image=\u00bb38681&#8243; img_size=\u00bbfull\u00bb onclick=\u00bbimg_link_large\u00bb][vc_empty_space height=\u00bb30px\u00bb][vc_single_image image=\u00bb38682&#8243; img_size=\u00bbfull\u00bb onclick=\u00bbimg_link_large\u00bb][vc_empty_space height=\u00bb30px\u00bb][vc_single_image image=\u00bb38683&#8243; img_size=\u00bbfull\u00bb onclick=\u00bbimg_link_large\u00bb][vc_empty_space height=\u00bb40px\u00bb][\/vc_column][vc_column width=\u00bb3\/4&#8243;][vc_column_text] Reapertura del \u00fanico hotel\u00a0a pie de pistas! \u00a0Nuevas instalaciones Mejora cualitativa de la cocina Trato familiar Amplias habitaciones y salas para realizar actividade Hotel\u00a0Port 1730 El \u00fanico hotel a pie de pistas en Port del Comte reabre las puertas. Fruto&hellip;<\/p>\n","protected":false},"author":2,"featured_media":0,"parent":0,"menu_order":0,"comment_status":"closed","ping_status":"closed","template":"","meta":[],"yoast_head":"<!-- This site is optimized with the Yoast SEO plugin v19.7.1 - https:\/\/yoast.com\/wordpress\/plugins\/seo\/ -->\n<title>Hotel Port 1730 - viatgespoblenou<\/title>\n<meta name=\"robots\" content=\"index, follow, max-snippet:-1, max-image-preview:large, max-video-preview:-1\" \/>\n<link rel=\"canonical\" href=\"http:\/\/viatgespoblenou.com\/hotel-port-1730\/\" \/>\n<meta property=\"og:locale\" content=\"es_ES\" \/>\n<meta property=\"og:type\" content=\"article\" \/>\n<meta property=\"og:title\" content=\"Hotel Port 1730 - viatgespoblenou\" \/>\n<meta property=\"og:description\" content=\"[vc_row][vc_column width=\u00bb1\/4&#8243;][vc_single_image image=\u00bb38681&#8243; img_size=\u00bbfull\u00bb onclick=\u00bbimg_link_large\u00bb][vc_empty_space height=\u00bb30px\u00bb][vc_single_image image=\u00bb38682&#8243; img_size=\u00bbfull\u00bb onclick=\u00bbimg_link_large\u00bb][vc_empty_space height=\u00bb30px\u00bb][vc_single_image image=\u00bb38683&#8243; img_size=\u00bbfull\u00bb onclick=\u00bbimg_link_large\u00bb][vc_empty_space height=\u00bb40px\u00bb][\/vc_column][vc_column width=\u00bb3\/4&#8243;][vc_column_text] Reapertura del \u00fanico hotel\u00a0a pie de pistas! \u00a0Nuevas instalaciones Mejora cualitativa de la cocina Trato familiar Amplias habitaciones y salas para realizar actividade Hotel\u00a0Port 1730 El \u00fanico hotel a pie de pistas en Port del Comte reabre las puertas. Fruto&hellip;\" \/>\n<meta property=\"og:url\" content=\"http:\/\/viatgespoblenou.com\/hotel-port-1730\/\" \/>\n<meta property=\"og:site_name\" content=\"viatgespoblenou\" \/>\n<meta property=\"article:publisher\" content=\"https:\/\/es-la.facebook.com\/people\/Viatges-Poblenou\/100001670703933\" \/>\n<meta property=\"article:modified_time\" content=\"2022-09-26T16:03:44+00:00\" \/>\n<meta name=\"twitter:card\" content=\"summary\" \/>\n<meta name=\"twitter:label1\" content=\"Tiempo de lectura\" \/>\n\t<meta name=\"twitter:data1\" content=\"2 minutos\" \/>\n<script type=\"application\/ld+json\" class=\"yoast-schema-graph\">{\"@context\":\"https:\/\/schema.org\",\"@graph\":[{\"@type\":\"WebPage\",\"@id\":\"http:\/\/viatgespoblenou.com\/hotel-port-1730\/\",\"url\":\"http:\/\/viatgespoblenou.com\/hotel-port-1730\/\",\"name\":\"Hotel Port 1730 - viatgespoblenou\",\"isPartOf\":{\"@id\":\"http:\/\/viatgespoblenou.com\/#website\"},\"datePublished\":\"2019-08-23T18:10:37+00:00\",\"dateModified\":\"2022-09-26T16:03:44+00:00\",\"breadcrumb\":{\"@id\":\"http:\/\/viatgespoblenou.com\/hotel-port-1730\/#breadcrumb\"},\"inLanguage\":\"es\",\"potentialAction\":[{\"@type\":\"ReadAction\",\"target\":[\"http:\/\/viatgespoblenou.com\/hotel-port-1730\/\"]}]},{\"@type\":\"BreadcrumbList\",\"@id\":\"http:\/\/viatgespoblenou.com\/hotel-port-1730\/#breadcrumb\",\"itemListElement\":[{\"@type\":\"ListItem\",\"position\":1,\"name\":\"Home\",\"item\":\"http:\/\/viatgespoblenou.com\/\"},{\"@type\":\"ListItem\",\"position\":2,\"name\":\"Hotel Port 1730\"}]},{\"@type\":\"WebSite\",\"@id\":\"http:\/\/viatgespoblenou.com\/#website\",\"url\":\"http:\/\/viatgespoblenou.com\/\",\"name\":\"viatgespoblenou\",\"description\":\"\",\"potentialAction\":[{\"@type\":\"SearchAction\",\"target\":{\"@type\":\"EntryPoint\",\"urlTemplate\":\"http:\/\/viatgespoblenou.com\/?s={search_term_string}\"},\"query-input\":\"required name=search_term_string\"}],\"inLanguage\":\"es\"}]}<\/script>\n<!-- \/ Yoast SEO plugin. -->","yoast_head_json":{"title":"Hotel Port 1730 - viatgespoblenou","robots":{"index":"index","follow":"follow","max-snippet":"max-snippet:-1","max-image-preview":"max-image-preview:large","max-video-preview":"max-video-preview:-1"},"canonical":"http:\/\/viatgespoblenou.com\/hotel-port-1730\/","og_locale":"es_ES","og_type":"article","og_title":"Hotel Port 1730 - viatgespoblenou","og_description":"[vc_row][vc_column width=\u00bb1\/4&#8243;][vc_single_image image=\u00bb38681&#8243; img_size=\u00bbfull\u00bb onclick=\u00bbimg_link_large\u00bb][vc_empty_space height=\u00bb30px\u00bb][vc_single_image image=\u00bb38682&#8243; img_size=\u00bbfull\u00bb onclick=\u00bbimg_link_large\u00bb][vc_empty_space height=\u00bb30px\u00bb][vc_single_image image=\u00bb38683&#8243; img_size=\u00bbfull\u00bb onclick=\u00bbimg_link_large\u00bb][vc_empty_space height=\u00bb40px\u00bb][\/vc_column][vc_column width=\u00bb3\/4&#8243;][vc_column_text] Reapertura del \u00fanico hotel\u00a0a pie de pistas! \u00a0Nuevas instalaciones Mejora cualitativa de la cocina Trato familiar Amplias habitaciones y salas para realizar actividade Hotel\u00a0Port 1730 El \u00fanico hotel a pie de pistas en Port del Comte reabre las puertas. Fruto&hellip;","og_url":"http:\/\/viatgespoblenou.com\/hotel-port-1730\/","og_site_name":"viatgespoblenou","article_publisher":"https:\/\/es-la.facebook.com\/people\/Viatges-Poblenou\/100001670703933","article_modified_time":"2022-09-26T16:03:44+00:00","twitter_card":"summary","twitter_misc":{"Tiempo de lectura":"2 minutos"},"schema":{"@context":"https:\/\/schema.org","@graph":[{"@type":"WebPage","@id":"http:\/\/viatgespoblenou.com\/hotel-port-1730\/","url":"http:\/\/viatgespoblenou.com\/hotel-port-1730\/","name":"Hotel Port 1730 - viatgespoblenou","isPartOf":{"@id":"http:\/\/viatgespoblenou.com\/#website"},"datePublished":"2019-08-23T18:10:37+00:00","dateModified":"2022-09-26T16:03:44+00:00","breadcrumb":{"@id":"http:\/\/viatgespoblenou.com\/hotel-port-1730\/#breadcrumb"},"inLanguage":"es","potentialAction":[{"@type":"ReadAction","target":["http:\/\/viatgespoblenou.com\/hotel-port-1730\/"]}]},{"@type":"BreadcrumbList","@id":"http:\/\/viatgespoblenou.com\/hotel-port-1730\/#breadcrumb","itemListElement":[{"@type":"ListItem","position":1,"name":"Home","item":"http:\/\/viatgespoblenou.com\/"},{"@type":"ListItem","position":2,"name":"Hotel Port 1730"}]},{"@type":"WebSite","@id":"http:\/\/viatgespoblenou.com\/#website","url":"http:\/\/viatgespoblenou.com\/","name":"viatgespoblenou","description":"","potentialAction":[{"@type":"SearchAction","target":{"@type":"EntryPoint","urlTemplate":"http:\/\/viatgespoblenou.com\/?s={search_term_string}"},"query-input":"required name=search_term_string"}],"inLanguage":"es"}]}},"_links":{"self":[{"href":"http:\/\/viatgespoblenou.com\/es\/wp-json\/wp\/v2\/pages\/38676"}],"collection":[{"href":"http:\/\/viatgespoblenou.com\/es\/wp-json\/wp\/v2\/pages"}],"about":[{"href":"http:\/\/viatgespoblenou.com\/es\/wp-json\/wp\/v2\/types\/page"}],"author":[{"embeddable":true,"href":"http:\/\/viatgespoblenou.com\/es\/wp-json\/wp\/v2\/users\/2"}],"replies":[{"embeddable":true,"href":"http:\/\/viatgespoblenou.com\/es\/wp-json\/wp\/v2\/comments?post=38676"}],"version-history":[{"count":6,"href":"http:\/\/viatgespoblenou.com\/es\/wp-json\/wp\/v2\/pages\/38676\/revisions"}],"predecessor-version":[{"id":39659,"href":"http:\/\/viatgespoblenou.com\/es\/wp-json\/wp\/v2\/pages\/38676\/revisions\/39659"}],"wp:attachment":[{"href":"http:\/\/viatgespoblenou.com\/es\/wp-json\/wp\/v2\/media?parent=38676"}],"curies":[{"name":"wp","href":"https:\/\/api.w.org\/{rel}","templated":true}]}}