{"id":38178,"date":"2018-08-17T08:36:05","date_gmt":"2018-08-17T08:36:05","guid":{"rendered":"http:\/\/viatgespoblenou.com\/?page_id=38178"},"modified":"2019-08-25T09:59:01","modified_gmt":"2019-08-25T09:59:01","slug":"hotel-roc-blanc","status":"publish","type":"page","link":"http:\/\/viatgespoblenou.com\/es\/hotel-roc-blanc\/","title":{"rendered":"Hotel Roc Blanc"},"content":{"rendered":"<section class=\"wpb-content-wrapper\"><p>[vc_row][vc_column width=\u00bb1\/4&#8243;][vc_single_image image=\u00bb38693&#8243; img_size=\u00bbfull\u00bb onclick=\u00bbimg_link_large\u00bb][vc_empty_space height=\u00bb30px\u00bb][vc_single_image image=\u00bb38181&#8243; img_size=\u00bbfull\u00bb onclick=\u00bbimg_link_large\u00bb][vc_empty_space height=\u00bb30px\u00bb][vc_single_image image=\u00bb38182&#8243; img_size=\u00bbfull\u00bb onclick=\u00bbimg_link_large\u00bb][vc_empty_space height=\u00bb40px\u00bb][\/vc_column][vc_column width=\u00bb3\/4&#8243;][vc_column_text]<strong>El precio incluye:<\/strong><\/p>\n<p>Traslado Escuela &#8211; Hotel &#8211; Escuela \/ Traslados pistas<br \/>\nAlojamiento en hotel Roc Blanc en regimen de Media Pensi\u00f3n<br \/>\nComida: Men\u00fa del d\u00eda caliente<br \/>\nAsistencia en la salida por parte de personal de ViatgesPoblenou<br \/>\nForfait los d\u00edas escogidos<br \/>\nAsistencia en el alquiler de material<br \/>\nCasco todos los d\u00edas (obligatorio)<br \/>\nClases de esqu\u00ed todo el d\u00eda (1 monitor por cada 10\/12 alumnos)<br \/>\nAnimaci\u00f3n y actividades de tarde y noche cada d\u00eda con nuestros monitores de ocio<br \/>\nEntrega de diplomas<br \/>\nGratuidades para profesores (3 por cada 50 alumnos)<br \/>\nFIN DE SEMANA DE SUPERVISI\u00d3N POR PROFESORADO<br \/>\nSeguro de responsabilidad civil<br \/>\nTalonarios de autofinanciaci\u00f3n<\/p>\n<p>&nbsp;<\/p>\n<p><strong>El precio no incluye:<\/strong><\/p>\n<p>\u2022 Material de Esqu\u00ed<br \/>\n\u2022 Material de Snow<\/p>\n<p>Dado que algunos alumnos son esquiadores y tienen su propio material, es el \u00fanico que ponemos opcional El resto est\u00e1 todo incluido<\/p>\n<p>&nbsp;<\/p>\n<p>&nbsp;<\/p>\n<p><strong>POR QU\u00c9 LA MOLINA?<\/strong><\/p>\n<p>\u2022 La estaci\u00f3n m\u00e1s famosa de la Cerdanya<br \/>\n\u2022 Gran oferta complementaria (bowling, patinaje sobre hielo)<br \/>\n\u2022 A un paso de Puigcerd\u00e0 (cine, discotecas)<\/p>\n<p>&nbsp;<\/p>\n<p>&nbsp;<\/p>\n<h3>Hotel\u00a0Roc Blanc<\/h3>\n<p>Establecimiento acogedor y de trato familiar<br \/>\nCercano a pistas<br \/>\nAmplias salas comunes por los grupos<br \/>\nCocina tradicional con bufet libre<\/p>\n<p>&nbsp;<\/p>\n<h3 class=\"lletracoordinacio4\"><\/h3>\n<div>\n<div>\n<table border=\"0\" width=\"677\">\n<tbody>\n<tr class=\"lletracoordinacio2\">\n<td style=\"text-align: center;\"><strong>NOCHES<\/strong><\/td>\n<td style=\"text-align: center;\"><strong>TEMPORADA \u00a0PROMOCI\u00d3N<\/strong><\/td>\n<td style=\"text-align: center;\"><strong>TEMPORADA \u00a0BAJA<\/strong><\/td>\n<td style=\"text-align: center;\">\u00a0<strong>TEMPORADA \u00a0MEDIA<\/strong><\/td>\n<\/tr>\n<tr>\n<td class=\"lletracoordinacio3\">2 noches + 3 d\u00edas<\/td>\n<td class=\"lletracoordinacio3\" style=\"text-align: center;\">220\u20ac<\/td>\n<td class=\"lletracoordinacio3\" style=\"text-align: center;\">245\u20ac<\/td>\n<td class=\"lletracoordinacio3\" style=\"text-align: center;\">260\u20ac<\/td>\n<\/tr>\n<tr>\n<td class=\"lletracoordinacio3\">3 noches + 4 d\u00edas<\/td>\n<td class=\"lletracoordinacio3\" style=\"text-align: center;\">295\u20ac<\/td>\n<td class=\"lletracoordinacio3\" style=\"text-align: center;\">320\u20ac<\/td>\n<td class=\"lletracoordinacio3\" style=\"text-align: center;\">320\u20ac<\/td>\n<\/tr>\n<tr>\n<td class=\"lletracoordinacio3\">4 noches + 5 d\u00edas<\/td>\n<td class=\"lletracoordinacio3\" style=\"text-align: center;\">360\u20ac<\/td>\n<td class=\"lletracoordinacio3\" style=\"text-align: center;\">395\u20ac<\/td>\n<td class=\"lletracoordinacio3\" style=\"text-align: center;\">395\u20ac<\/td>\n<\/tr>\n<tr>\n<td class=\"lletracoordinacio3\">5 noches + 5 d\u00edas<\/td>\n<td class=\"lletracoordinacio3\" style=\"text-align: center;\">410\u20ac<\/td>\n<td class=\"lletracoordinacio3\" style=\"text-align: center;\">440\u20ac<\/td>\n<td class=\"lletracoordinacio3\" style=\"text-align: center;\">440\u20ac<\/td>\n<\/tr>\n<tr>\n<td><\/td>\n<\/tr>\n<\/tbody>\n<\/table>\n<\/div>\n<div><\/div>\n<div class=\"lletracoordinacio2\">\n<p>&nbsp;<\/p>\n<\/div>\n<\/div>\n<p>[\/vc_column_text][vc_empty_space height=\u00bb30px\u00bb][vc_single_image image=\u00bb37137&#8243; img_size=\u00bbfull\u00bb onclick=\u00bbcustom_link\u00bb link=\u00bbhttp:\/\/viatgespoblenou.com\/es\/pressupost\/\u00bb][\/vc_column][\/vc_row]<\/p>\n<\/section>","protected":false},"excerpt":{"rendered":"<p>[vc_row][vc_column width=\u00bb1\/4&#8243;][vc_single_image image=\u00bb38693&#8243; img_size=\u00bbfull\u00bb onclick=\u00bbimg_link_large\u00bb][vc_empty_space height=\u00bb30px\u00bb][vc_single_image image=\u00bb38181&#8243; img_size=\u00bbfull\u00bb onclick=\u00bbimg_link_large\u00bb][vc_empty_space height=\u00bb30px\u00bb][vc_single_image image=\u00bb38182&#8243; img_size=\u00bbfull\u00bb onclick=\u00bbimg_link_large\u00bb][vc_empty_space height=\u00bb40px\u00bb][\/vc_column][vc_column width=\u00bb3\/4&#8243;][vc_column_text]El precio incluye: Traslado Escuela &#8211; Hotel &#8211; Escuela \/ Traslados pistas Alojamiento en hotel Roc Blanc en regimen de Media Pensi\u00f3n Comida: Men\u00fa del d\u00eda caliente Asistencia en la salida por parte de personal de ViatgesPoblenou Forfait los d\u00edas escogidos&hellip;<\/p>\n","protected":false},"author":2,"featured_media":0,"parent":0,"menu_order":0,"comment_status":"closed","ping_status":"closed","template":"","meta":[],"yoast_head":"<!-- This site is optimized with the Yoast SEO plugin v19.7.1 - https:\/\/yoast.com\/wordpress\/plugins\/seo\/ -->\n<title>Hotel Roc Blanc - viatgespoblenou<\/title>\n<meta name=\"robots\" content=\"index, follow, max-snippet:-1, max-image-preview:large, max-video-preview:-1\" \/>\n<link rel=\"canonical\" href=\"http:\/\/viatgespoblenou.com\/es\/hotel-roc-blanc\/\" \/>\n<meta property=\"og:locale\" content=\"es_ES\" \/>\n<meta property=\"og:type\" content=\"article\" \/>\n<meta property=\"og:title\" content=\"Hotel Roc Blanc - viatgespoblenou\" \/>\n<meta property=\"og:description\" content=\"[vc_row][vc_column width=\u00bb1\/4&#8243;][vc_single_image image=\u00bb38693&#8243; img_size=\u00bbfull\u00bb onclick=\u00bbimg_link_large\u00bb][vc_empty_space height=\u00bb30px\u00bb][vc_single_image image=\u00bb38181&#8243; img_size=\u00bbfull\u00bb onclick=\u00bbimg_link_large\u00bb][vc_empty_space height=\u00bb30px\u00bb][vc_single_image image=\u00bb38182&#8243; img_size=\u00bbfull\u00bb onclick=\u00bbimg_link_large\u00bb][vc_empty_space height=\u00bb40px\u00bb][\/vc_column][vc_column width=\u00bb3\/4&#8243;][vc_column_text]El precio incluye: Traslado Escuela &#8211; Hotel &#8211; Escuela \/ Traslados pistas Alojamiento en hotel Roc Blanc en regimen de Media Pensi\u00f3n Comida: Men\u00fa del d\u00eda caliente Asistencia en la salida por parte de personal de ViatgesPoblenou Forfait los d\u00edas escogidos&hellip;\" \/>\n<meta property=\"og:url\" content=\"http:\/\/viatgespoblenou.com\/es\/hotel-roc-blanc\/\" \/>\n<meta property=\"og:site_name\" content=\"viatgespoblenou\" \/>\n<meta property=\"article:publisher\" content=\"https:\/\/es-la.facebook.com\/people\/Viatges-Poblenou\/100001670703933\" \/>\n<meta property=\"article:modified_time\" content=\"2019-08-25T09:59:01+00:00\" \/>\n<meta name=\"twitter:card\" content=\"summary\" \/>\n<meta name=\"twitter:label1\" content=\"Tiempo de lectura\" \/>\n\t<meta name=\"twitter:data1\" content=\"3 minutos\" \/>\n<script type=\"application\/ld+json\" class=\"yoast-schema-graph\">{\"@context\":\"https:\/\/schema.org\",\"@graph\":[{\"@type\":\"WebPage\",\"@id\":\"http:\/\/viatgespoblenou.com\/es\/hotel-roc-blanc\/\",\"url\":\"http:\/\/viatgespoblenou.com\/es\/hotel-roc-blanc\/\",\"name\":\"Hotel Roc Blanc - viatgespoblenou\",\"isPartOf\":{\"@id\":\"http:\/\/viatgespoblenou.com\/#website\"},\"datePublished\":\"2018-08-17T08:36:05+00:00\",\"dateModified\":\"2019-08-25T09:59:01+00:00\",\"breadcrumb\":{\"@id\":\"http:\/\/viatgespoblenou.com\/es\/hotel-roc-blanc\/#breadcrumb\"},\"inLanguage\":\"es\",\"potentialAction\":[{\"@type\":\"ReadAction\",\"target\":[\"http:\/\/viatgespoblenou.com\/es\/hotel-roc-blanc\/\"]}]},{\"@type\":\"BreadcrumbList\",\"@id\":\"http:\/\/viatgespoblenou.com\/es\/hotel-roc-blanc\/#breadcrumb\",\"itemListElement\":[{\"@type\":\"ListItem\",\"position\":1,\"name\":\"Home\",\"item\":\"http:\/\/viatgespoblenou.com\/\"},{\"@type\":\"ListItem\",\"position\":2,\"name\":\"Hotel Roc Blanc\"}]},{\"@type\":\"WebSite\",\"@id\":\"http:\/\/viatgespoblenou.com\/#website\",\"url\":\"http:\/\/viatgespoblenou.com\/\",\"name\":\"viatgespoblenou\",\"description\":\"\",\"potentialAction\":[{\"@type\":\"SearchAction\",\"target\":{\"@type\":\"EntryPoint\",\"urlTemplate\":\"http:\/\/viatgespoblenou.com\/?s={search_term_string}\"},\"query-input\":\"required name=search_term_string\"}],\"inLanguage\":\"es\"}]}<\/script>\n<!-- \/ Yoast SEO plugin. -->","yoast_head_json":{"title":"Hotel Roc Blanc - viatgespoblenou","robots":{"index":"index","follow":"follow","max-snippet":"max-snippet:-1","max-image-preview":"max-image-preview:large","max-video-preview":"max-video-preview:-1"},"canonical":"http:\/\/viatgespoblenou.com\/es\/hotel-roc-blanc\/","og_locale":"es_ES","og_type":"article","og_title":"Hotel Roc Blanc - viatgespoblenou","og_description":"[vc_row][vc_column width=\u00bb1\/4&#8243;][vc_single_image image=\u00bb38693&#8243; img_size=\u00bbfull\u00bb onclick=\u00bbimg_link_large\u00bb][vc_empty_space height=\u00bb30px\u00bb][vc_single_image image=\u00bb38181&#8243; img_size=\u00bbfull\u00bb onclick=\u00bbimg_link_large\u00bb][vc_empty_space height=\u00bb30px\u00bb][vc_single_image image=\u00bb38182&#8243; img_size=\u00bbfull\u00bb onclick=\u00bbimg_link_large\u00bb][vc_empty_space height=\u00bb40px\u00bb][\/vc_column][vc_column width=\u00bb3\/4&#8243;][vc_column_text]El precio incluye: Traslado Escuela &#8211; Hotel &#8211; Escuela \/ Traslados pistas Alojamiento en hotel Roc Blanc en regimen de Media Pensi\u00f3n Comida: Men\u00fa del d\u00eda caliente Asistencia en la salida por parte de personal de ViatgesPoblenou Forfait los d\u00edas escogidos&hellip;","og_url":"http:\/\/viatgespoblenou.com\/es\/hotel-roc-blanc\/","og_site_name":"viatgespoblenou","article_publisher":"https:\/\/es-la.facebook.com\/people\/Viatges-Poblenou\/100001670703933","article_modified_time":"2019-08-25T09:59:01+00:00","twitter_card":"summary","twitter_misc":{"Tiempo de lectura":"3 minutos"},"schema":{"@context":"https:\/\/schema.org","@graph":[{"@type":"WebPage","@id":"http:\/\/viatgespoblenou.com\/es\/hotel-roc-blanc\/","url":"http:\/\/viatgespoblenou.com\/es\/hotel-roc-blanc\/","name":"Hotel Roc Blanc - viatgespoblenou","isPartOf":{"@id":"http:\/\/viatgespoblenou.com\/#website"},"datePublished":"2018-08-17T08:36:05+00:00","dateModified":"2019-08-25T09:59:01+00:00","breadcrumb":{"@id":"http:\/\/viatgespoblenou.com\/es\/hotel-roc-blanc\/#breadcrumb"},"inLanguage":"es","potentialAction":[{"@type":"ReadAction","target":["http:\/\/viatgespoblenou.com\/es\/hotel-roc-blanc\/"]}]},{"@type":"BreadcrumbList","@id":"http:\/\/viatgespoblenou.com\/es\/hotel-roc-blanc\/#breadcrumb","itemListElement":[{"@type":"ListItem","position":1,"name":"Home","item":"http:\/\/viatgespoblenou.com\/"},{"@type":"ListItem","position":2,"name":"Hotel Roc Blanc"}]},{"@type":"WebSite","@id":"http:\/\/viatgespoblenou.com\/#website","url":"http:\/\/viatgespoblenou.com\/","name":"viatgespoblenou","description":"","potentialAction":[{"@type":"SearchAction","target":{"@type":"EntryPoint","urlTemplate":"http:\/\/viatgespoblenou.com\/?s={search_term_string}"},"query-input":"required name=search_term_string"}],"inLanguage":"es"}]}},"_links":{"self":[{"href":"http:\/\/viatgespoblenou.com\/es\/wp-json\/wp\/v2\/pages\/38178"}],"collection":[{"href":"http:\/\/viatgespoblenou.com\/es\/wp-json\/wp\/v2\/pages"}],"about":[{"href":"http:\/\/viatgespoblenou.com\/es\/wp-json\/wp\/v2\/types\/page"}],"author":[{"embeddable":true,"href":"http:\/\/viatgespoblenou.com\/es\/wp-json\/wp\/v2\/users\/2"}],"replies":[{"embeddable":true,"href":"http:\/\/viatgespoblenou.com\/es\/wp-json\/wp\/v2\/comments?post=38178"}],"version-history":[{"count":6,"href":"http:\/\/viatgespoblenou.com\/es\/wp-json\/wp\/v2\/pages\/38178\/revisions"}],"predecessor-version":[{"id":38695,"href":"http:\/\/viatgespoblenou.com\/es\/wp-json\/wp\/v2\/pages\/38178\/revisions\/38695"}],"wp:attachment":[{"href":"http:\/\/viatgespoblenou.com\/es\/wp-json\/wp\/v2\/media?parent=38178"}],"curies":[{"name":"wp","href":"https:\/\/api.w.org\/{rel}","templated":true}]}}