{"id":37845,"date":"2017-08-20T13:07:55","date_gmt":"2017-08-20T13:07:55","guid":{"rendered":"http:\/\/viatgespoblenou.com\/?page_id=37845"},"modified":"2017-08-25T13:17:24","modified_gmt":"2017-08-25T13:17:24","slug":"camping-roca-grossa-2","status":"publish","type":"page","link":"http:\/\/viatgespoblenou.com\/es\/camping-roca-grossa-2\/","title":{"rendered":"CA\u0300MPING ROCA GROSSA"},"content":{"rendered":"<section class=\"wpb-content-wrapper\"><p>[vc_row][vc_column width=\u00bb1\/2&#8243;][vc_column_text]<\/p>\n<h3 class=\"lletracoordinacio4\">CA\u0300MPING ROCA GROSSA<\/h3>\n<div class=\"page\" title=\"Page 12\">\n<div class=\"section\">\n<div class=\"layoutArea\">\n<div class=\"column\">\n<div class=\"page\" title=\"Page 16\">\n<div class=\"section\">\n<div class=\"layoutArea\">\n<div class=\"column\">\n<p>1er d\u00eda: Escuela &#8211; Camping Roca Grossa &#8211; Actividades<br \/>\n2\u00ba d\u00eda: Actividades<br \/>\n3er d\u00eda: Actividades &#8211; Escuela<br \/>\n<strong>El precio incluye:<\/strong><\/p>\n<p>Traslado en autocar Escuela &#8211; Camping Roca Grossa &#8211; Escuela<br \/>\nPensi\u00f3n Completa en el Camping Roca Grossa<br \/>\nActividades: Snorkel, Inmersi\u00f3n, Rutas de orientaci\u00f3n, Juegos de playa, Tenis &#8230;<br \/>\nActividades de animaci\u00f3n nocturna<br \/>\nMaterial + monitorizaci\u00f3n<br \/>\nTalonarios de autofinanciaci\u00f3n<br \/>\nSeguro de asistencia en viaje<br \/>\nP\u00f3liza de responsabilidad civil<br \/>\nGratuidades para profesores<br \/>\n<strong>Pistas de tenis, piscina, pista de p\u00e1del, campo de f\u00fatbol, campo de baloncesto y muchos m\u00e1s! Visita la web y compru\u00e9balo t\u00fa mismo: www.rocagrossa.com<\/strong><\/p>\n<p>&nbsp;<\/p>\n<p>A viajes poblenou organizamos tu viaje de fin de curso ideal. No lo pienses m\u00e1s y p\u00eddenos presupuesto!<\/p>\n<\/div>\n<\/div>\n<\/div>\n<\/div>\n<\/div>\n<\/div>\n<\/div>\n<\/div>\n<p>[\/vc_column_text][vc_empty_space height=\u00bb30px\u00bb][vc_single_image image=\u00bb37137&#8243; img_size=\u00bbfull\u00bb onclick=\u00bbcustom_link\u00bb link=\u00bbhttp:\/\/viatgespoblenou.com\/es\/pressupost\/\u00bb][\/vc_column][vc_column width=\u00bb1\/2&#8243;][rev_slider_vc alias=\u00bbalgustcast\u00bb][\/vc_column][\/vc_row][vc_row][vc_column][vc_empty_space height=\u00bb70px\u00bb][\/vc_column][\/vc_row]<\/p>\n<\/section>","protected":false},"excerpt":{"rendered":"<p>[vc_row][vc_column width=\u00bb1\/2&#8243;][vc_column_text] CA\u0300MPING ROCA GROSSA 1er d\u00eda: Escuela &#8211; Camping Roca Grossa &#8211; Actividades 2\u00ba d\u00eda: Actividades 3er d\u00eda: Actividades &#8211; Escuela El precio incluye: Traslado en autocar Escuela &#8211; Camping Roca Grossa &#8211; Escuela Pensi\u00f3n Completa en el Camping Roca Grossa Actividades: Snorkel, Inmersi\u00f3n, Rutas de orientaci\u00f3n, Juegos de playa, Tenis &#8230; Actividades de&hellip;<\/p>\n","protected":false},"author":1,"featured_media":0,"parent":0,"menu_order":0,"comment_status":"closed","ping_status":"closed","template":"","meta":[],"yoast_head":"<!-- This site is optimized with the Yoast SEO plugin v19.7.1 - https:\/\/yoast.com\/wordpress\/plugins\/seo\/ -->\n<title>CA\u0300MPING ROCA GROSSA - viatgespoblenou<\/title>\n<meta name=\"robots\" content=\"index, follow, max-snippet:-1, max-image-preview:large, max-video-preview:-1\" \/>\n<link rel=\"canonical\" href=\"http:\/\/viatgespoblenou.com\/camping-roca-grossa-2\/\" \/>\n<meta property=\"og:locale\" content=\"es_ES\" \/>\n<meta property=\"og:type\" content=\"article\" \/>\n<meta property=\"og:title\" content=\"CA\u0300MPING ROCA GROSSA - viatgespoblenou\" \/>\n<meta property=\"og:description\" content=\"[vc_row][vc_column width=\u00bb1\/2&#8243;][vc_column_text] CA\u0300MPING ROCA GROSSA 1er d\u00eda: Escuela &#8211; Camping Roca Grossa &#8211; Actividades 2\u00ba d\u00eda: Actividades 3er d\u00eda: Actividades &#8211; Escuela El precio incluye: Traslado en autocar Escuela &#8211; Camping Roca Grossa &#8211; Escuela Pensi\u00f3n Completa en el Camping Roca Grossa Actividades: Snorkel, Inmersi\u00f3n, Rutas de orientaci\u00f3n, Juegos de playa, Tenis &#8230; Actividades de&hellip;\" \/>\n<meta property=\"og:url\" content=\"http:\/\/viatgespoblenou.com\/camping-roca-grossa-2\/\" \/>\n<meta property=\"og:site_name\" content=\"viatgespoblenou\" \/>\n<meta property=\"article:publisher\" content=\"https:\/\/es-la.facebook.com\/people\/Viatges-Poblenou\/100001670703933\" \/>\n<meta property=\"article:modified_time\" content=\"2017-08-25T13:17:24+00:00\" \/>\n<meta name=\"twitter:card\" content=\"summary\" \/>\n<meta name=\"twitter:label1\" content=\"Tiempo de lectura\" \/>\n\t<meta name=\"twitter:data1\" content=\"2 minutos\" \/>\n<script type=\"application\/ld+json\" class=\"yoast-schema-graph\">{\"@context\":\"https:\/\/schema.org\",\"@graph\":[{\"@type\":\"WebPage\",\"@id\":\"http:\/\/viatgespoblenou.com\/camping-roca-grossa-2\/\",\"url\":\"http:\/\/viatgespoblenou.com\/camping-roca-grossa-2\/\",\"name\":\"CA\u0300MPING ROCA GROSSA - viatgespoblenou\",\"isPartOf\":{\"@id\":\"http:\/\/viatgespoblenou.com\/#website\"},\"datePublished\":\"2017-08-20T13:07:55+00:00\",\"dateModified\":\"2017-08-25T13:17:24+00:00\",\"breadcrumb\":{\"@id\":\"http:\/\/viatgespoblenou.com\/camping-roca-grossa-2\/#breadcrumb\"},\"inLanguage\":\"es\",\"potentialAction\":[{\"@type\":\"ReadAction\",\"target\":[\"http:\/\/viatgespoblenou.com\/camping-roca-grossa-2\/\"]}]},{\"@type\":\"BreadcrumbList\",\"@id\":\"http:\/\/viatgespoblenou.com\/camping-roca-grossa-2\/#breadcrumb\",\"itemListElement\":[{\"@type\":\"ListItem\",\"position\":1,\"name\":\"Home\",\"item\":\"http:\/\/viatgespoblenou.com\/\"},{\"@type\":\"ListItem\",\"position\":2,\"name\":\"CA\u0300MPING ROCA GROSSA\"}]},{\"@type\":\"WebSite\",\"@id\":\"http:\/\/viatgespoblenou.com\/#website\",\"url\":\"http:\/\/viatgespoblenou.com\/\",\"name\":\"viatgespoblenou\",\"description\":\"\",\"potentialAction\":[{\"@type\":\"SearchAction\",\"target\":{\"@type\":\"EntryPoint\",\"urlTemplate\":\"http:\/\/viatgespoblenou.com\/?s={search_term_string}\"},\"query-input\":\"required name=search_term_string\"}],\"inLanguage\":\"es\"}]}<\/script>\n<!-- \/ Yoast SEO plugin. -->","yoast_head_json":{"title":"CA\u0300MPING ROCA GROSSA - viatgespoblenou","robots":{"index":"index","follow":"follow","max-snippet":"max-snippet:-1","max-image-preview":"max-image-preview:large","max-video-preview":"max-video-preview:-1"},"canonical":"http:\/\/viatgespoblenou.com\/camping-roca-grossa-2\/","og_locale":"es_ES","og_type":"article","og_title":"CA\u0300MPING ROCA GROSSA - viatgespoblenou","og_description":"[vc_row][vc_column width=\u00bb1\/2&#8243;][vc_column_text] CA\u0300MPING ROCA GROSSA 1er d\u00eda: Escuela &#8211; Camping Roca Grossa &#8211; Actividades 2\u00ba d\u00eda: Actividades 3er d\u00eda: Actividades &#8211; Escuela El precio incluye: Traslado en autocar Escuela &#8211; Camping Roca Grossa &#8211; Escuela Pensi\u00f3n Completa en el Camping Roca Grossa Actividades: Snorkel, Inmersi\u00f3n, Rutas de orientaci\u00f3n, Juegos de playa, Tenis &#8230; Actividades de&hellip;","og_url":"http:\/\/viatgespoblenou.com\/camping-roca-grossa-2\/","og_site_name":"viatgespoblenou","article_publisher":"https:\/\/es-la.facebook.com\/people\/Viatges-Poblenou\/100001670703933","article_modified_time":"2017-08-25T13:17:24+00:00","twitter_card":"summary","twitter_misc":{"Tiempo de lectura":"2 minutos"},"schema":{"@context":"https:\/\/schema.org","@graph":[{"@type":"WebPage","@id":"http:\/\/viatgespoblenou.com\/camping-roca-grossa-2\/","url":"http:\/\/viatgespoblenou.com\/camping-roca-grossa-2\/","name":"CA\u0300MPING ROCA GROSSA - viatgespoblenou","isPartOf":{"@id":"http:\/\/viatgespoblenou.com\/#website"},"datePublished":"2017-08-20T13:07:55+00:00","dateModified":"2017-08-25T13:17:24+00:00","breadcrumb":{"@id":"http:\/\/viatgespoblenou.com\/camping-roca-grossa-2\/#breadcrumb"},"inLanguage":"es","potentialAction":[{"@type":"ReadAction","target":["http:\/\/viatgespoblenou.com\/camping-roca-grossa-2\/"]}]},{"@type":"BreadcrumbList","@id":"http:\/\/viatgespoblenou.com\/camping-roca-grossa-2\/#breadcrumb","itemListElement":[{"@type":"ListItem","position":1,"name":"Home","item":"http:\/\/viatgespoblenou.com\/"},{"@type":"ListItem","position":2,"name":"CA\u0300MPING ROCA GROSSA"}]},{"@type":"WebSite","@id":"http:\/\/viatgespoblenou.com\/#website","url":"http:\/\/viatgespoblenou.com\/","name":"viatgespoblenou","description":"","potentialAction":[{"@type":"SearchAction","target":{"@type":"EntryPoint","urlTemplate":"http:\/\/viatgespoblenou.com\/?s={search_term_string}"},"query-input":"required name=search_term_string"}],"inLanguage":"es"}]}},"_links":{"self":[{"href":"http:\/\/viatgespoblenou.com\/es\/wp-json\/wp\/v2\/pages\/37845"}],"collection":[{"href":"http:\/\/viatgespoblenou.com\/es\/wp-json\/wp\/v2\/pages"}],"about":[{"href":"http:\/\/viatgespoblenou.com\/es\/wp-json\/wp\/v2\/types\/page"}],"author":[{"embeddable":true,"href":"http:\/\/viatgespoblenou.com\/es\/wp-json\/wp\/v2\/users\/1"}],"replies":[{"embeddable":true,"href":"http:\/\/viatgespoblenou.com\/es\/wp-json\/wp\/v2\/comments?post=37845"}],"version-history":[{"count":2,"href":"http:\/\/viatgespoblenou.com\/es\/wp-json\/wp\/v2\/pages\/37845\/revisions"}],"predecessor-version":[{"id":37866,"href":"http:\/\/viatgespoblenou.com\/es\/wp-json\/wp\/v2\/pages\/37845\/revisions\/37866"}],"wp:attachment":[{"href":"http:\/\/viatgespoblenou.com\/es\/wp-json\/wp\/v2\/media?parent=37845"}],"curies":[{"name":"wp","href":"https:\/\/api.w.org\/{rel}","templated":true}]}}