{"id":37776,"date":"2017-08-19T13:19:10","date_gmt":"2017-08-19T13:19:10","guid":{"rendered":"http:\/\/viatgespoblenou.com\/?page_id=37776"},"modified":"2019-08-25T10:02:30","modified_gmt":"2019-08-25T10:02:30","slug":"esqui-al-pirineu-frances-les-angles","status":"publish","type":"page","link":"http:\/\/viatgespoblenou.com\/es\/esqui-al-pirineu-frances-les-angles\/","title":{"rendered":"Esqui\u0301 al Pirineo franc\u00e9s &#8211; LES ANGLES"},"content":{"rendered":"<section class=\"wpb-content-wrapper\"><p>[vc_row][vc_column width=\u00bb1\/4&#8243;][vc_single_image image=\u00bb38696&#8243; img_size=\u00bbfull\u00bb onclick=\u00bbimg_link_large\u00bb][vc_empty_space height=\u00bb30px\u00bb][vc_single_image image=\u00bb37778&#8243; img_size=\u00bbfull\u00bb onclick=\u00bbimg_link_large\u00bb][vc_empty_space height=\u00bb30px\u00bb][vc_single_image image=\u00bb37779&#8243; img_size=\u00bbfull\u00bb onclick=\u00bbimg_link_large\u00bb][vc_empty_space height=\u00bb40px\u00bb][\/vc_column][vc_column width=\u00bb3\/4&#8243;][vc_column_text]<\/p>\n<div class=\"page\" title=\"Page 7\">\n<div class=\"section\">\n<div class=\"layoutArea\">\n<div class=\"page\" title=\"Page 10\">\n<div class=\"section\">\n<div class=\"layoutArea\">\n<div class=\"column\">\n<p>PORQUE LAS ANGLES?<\/p>\n<p>\u2022 La estaci\u00f3n m\u00e1s famosa del Pirineo franc\u00e9s<br \/>\n\u2022 Garant\u00eda total de nieve<br \/>\n\u2022 Moderna estaci\u00f3n que conserva el aspecto tradicional<br \/>\n\u2022 Dominio esquiable de 55 km con un desnivel de 800 m \u2022 45 pistas de todos niveles<\/p>\n<\/div>\n<\/div>\n<div class=\"page\" title=\"Page 10\">\n<div class=\"section\">\n<div class=\"layoutArea\">\n<div class=\"column\">\n<p>&nbsp;<\/p>\n<p><strong>Hotel 2**\/3***<\/strong><\/p>\n<p><strong>Ubicado en los alrededores de la estaci\u00f3n<\/strong><\/p>\n<\/div>\n<\/div>\n<\/div>\n<\/div>\n<\/div>\n<\/div>\n<\/div>\n<\/div>\n<\/div>\n<div>\n<div>\n<table border=\"0\" width=\"677\">\n<tbody>\n<tr class=\"lletracoordinacio2\">\n<td style=\"text-align: center;\"><strong>NOCHES\u00a0 \u00a0 \u00a0 \u00a0 \u00a0 \u00a0 \u00a0 \u00a0 \u00a0<\/strong><\/td>\n<td style=\"text-align: center;\"><strong>TEMPORADA\u00a0\u00a0BAJA<\/strong><\/td>\n<td style=\"text-align: center;\"><strong>TEMPORADA\u00a0\u00a0MEDIA<\/strong><\/td>\n<\/tr>\n<tr>\n<td class=\"lletracoordinacio3\">2 noches + 3 d\u00edas<\/td>\n<td class=\"lletracoordinacio3\" style=\"text-align: center;\">275\u20ac<\/td>\n<td class=\"lletracoordinacio3\" style=\"text-align: center;\">290\u20ac<\/td>\n<\/tr>\n<tr>\n<td class=\"lletracoordinacio3\">3 noches + 4 d\u00edas<\/td>\n<td class=\"lletracoordinacio3\" style=\"text-align: center;\">356\u20ac<\/td>\n<td class=\"lletracoordinacio3\" style=\"text-align: center;\">371\u20ac<\/td>\n<\/tr>\n<tr>\n<td class=\"lletracoordinacio3\">4 noches + 5 d\u00edas<\/td>\n<td class=\"lletracoordinacio3\" style=\"text-align: center;\">440\u20ac<\/td>\n<td class=\"lletracoordinacio3\" style=\"text-align: center;\">455\u20ac<\/td>\n<\/tr>\n<tr>\n<td class=\"lletracoordinacio3\">5 noches + 5 d\u00edas<\/td>\n<td class=\"lletracoordinacio3\" style=\"text-align: center;\">504\u20ac<\/td>\n<td class=\"lletracoordinacio3\" style=\"text-align: center;\">518\u20ac<\/td>\n<\/tr>\n<\/tbody>\n<\/table>\n<\/div>\n<div><\/div>\n<div class=\"lletracoordinacio2\">\n<p>&nbsp;<\/p>\n<p><strong>El precio incluye:<\/strong><\/p>\n<p>Autocar a disposici\u00f3n, respetando la normativa Asistencia en la salida por parte del personal de Viajes Poblenou Alojamiento en hotel 2 ** \/ 3 *** en las inmediaciones de la estaci\u00f3n en r\u00e9gimen de Media Pensi\u00f3n Almuerzo: men\u00fa caliente en el bar de pistas Forfaits por d\u00edas escogidos Asistencia en el alquiler de material Alquiler del material de esqu\u00ed para los d\u00edas escogidos Casco todos los d\u00edas (obligatorio) Clases de esqu\u00ed durante todo el d\u00eda (1 monitor cada 10\/12 alumnos) Animaci\u00f3n y actividades de tarde y noche cada d\u00eda con nuestros monitores de ocio Entrega de diplomas Gratuidades para profesores (3 por cada 50 alumnos) Fin de semana de supervisi\u00f3n por el profesorado Seguro de responsabilidad civil Talonarios de autofinanciaci\u00f3n<\/p>\n<\/div>\n<\/div>\n<div class=\"page\" title=\"Page 10\">\n<div class=\"section\">\n<div class=\"layoutArea\">\n<div class=\"column\">\n<p><strong>El precio no incluye:<\/strong><\/p>\n<p>Material de Esqu\u00ed<br \/>\nMaterial de Snow<\/p>\n<p>(Dado que algunos alumnos son esquiadores y tienen su propio material,es el \u00fanico que ponemos opcional.)<\/p>\n<\/div>\n<\/div>\n<\/div>\n<\/div>\n<p>[\/vc_column_text][vc_empty_space height=\u00bb30px\u00bb][vc_single_image image=\u00bb36839&#8243; img_size=\u00bbfull\u00bb onclick=\u00bbcustom_link\u00bb link=\u00bbhttp:\/\/viatgespoblenou.com\/pressupost\/\u00bb][\/vc_column][\/vc_row]<\/p>\n<\/section>","protected":false},"excerpt":{"rendered":"<p>[vc_row][vc_column width=\u00bb1\/4&#8243;][vc_single_image image=\u00bb38696&#8243; img_size=\u00bbfull\u00bb onclick=\u00bbimg_link_large\u00bb][vc_empty_space height=\u00bb30px\u00bb][vc_single_image image=\u00bb37778&#8243; img_size=\u00bbfull\u00bb onclick=\u00bbimg_link_large\u00bb][vc_empty_space height=\u00bb30px\u00bb][vc_single_image image=\u00bb37779&#8243; img_size=\u00bbfull\u00bb onclick=\u00bbimg_link_large\u00bb][vc_empty_space height=\u00bb40px\u00bb][\/vc_column][vc_column width=\u00bb3\/4&#8243;][vc_column_text] PORQUE LAS ANGLES? \u2022 La estaci\u00f3n m\u00e1s famosa del Pirineo franc\u00e9s \u2022 Garant\u00eda total de nieve \u2022 Moderna estaci\u00f3n que conserva el aspecto tradicional \u2022 Dominio esquiable de 55 km con un desnivel de 800 m \u2022 45 pistas de&hellip;<\/p>\n","protected":false},"author":1,"featured_media":0,"parent":0,"menu_order":0,"comment_status":"closed","ping_status":"closed","template":"","meta":[],"yoast_head":"<!-- This site is optimized with the Yoast SEO plugin v19.7.1 - https:\/\/yoast.com\/wordpress\/plugins\/seo\/ -->\n<title>Esqui\u0301 al Pirineo franc\u00e9s - LES ANGLES - viatgespoblenou<\/title>\n<meta name=\"robots\" content=\"index, follow, max-snippet:-1, max-image-preview:large, max-video-preview:-1\" \/>\n<link rel=\"canonical\" href=\"http:\/\/viatgespoblenou.com\/esqui-al-pirineu-frances-les-angles\/\" \/>\n<meta property=\"og:locale\" content=\"es_ES\" \/>\n<meta property=\"og:type\" content=\"article\" \/>\n<meta property=\"og:title\" content=\"Esqui\u0301 al Pirineo franc\u00e9s - LES ANGLES - viatgespoblenou\" \/>\n<meta property=\"og:description\" content=\"[vc_row][vc_column width=\u00bb1\/4&#8243;][vc_single_image image=\u00bb38696&#8243; img_size=\u00bbfull\u00bb onclick=\u00bbimg_link_large\u00bb][vc_empty_space height=\u00bb30px\u00bb][vc_single_image image=\u00bb37778&#8243; img_size=\u00bbfull\u00bb onclick=\u00bbimg_link_large\u00bb][vc_empty_space height=\u00bb30px\u00bb][vc_single_image image=\u00bb37779&#8243; img_size=\u00bbfull\u00bb onclick=\u00bbimg_link_large\u00bb][vc_empty_space height=\u00bb40px\u00bb][\/vc_column][vc_column width=\u00bb3\/4&#8243;][vc_column_text] PORQUE LAS ANGLES? \u2022 La estaci\u00f3n m\u00e1s famosa del Pirineo franc\u00e9s \u2022 Garant\u00eda total de nieve \u2022 Moderna estaci\u00f3n que conserva el aspecto tradicional \u2022 Dominio esquiable de 55 km con un desnivel de 800 m \u2022 45 pistas de&hellip;\" \/>\n<meta property=\"og:url\" content=\"http:\/\/viatgespoblenou.com\/esqui-al-pirineu-frances-les-angles\/\" \/>\n<meta property=\"og:site_name\" content=\"viatgespoblenou\" \/>\n<meta property=\"article:publisher\" content=\"https:\/\/es-la.facebook.com\/people\/Viatges-Poblenou\/100001670703933\" \/>\n<meta property=\"article:modified_time\" content=\"2019-08-25T10:02:30+00:00\" \/>\n<meta name=\"twitter:card\" content=\"summary\" \/>\n<meta name=\"twitter:label1\" content=\"Tiempo de lectura\" \/>\n\t<meta name=\"twitter:data1\" content=\"3 minutos\" \/>\n<script type=\"application\/ld+json\" class=\"yoast-schema-graph\">{\"@context\":\"https:\/\/schema.org\",\"@graph\":[{\"@type\":\"WebPage\",\"@id\":\"http:\/\/viatgespoblenou.com\/esqui-al-pirineu-frances-les-angles\/\",\"url\":\"http:\/\/viatgespoblenou.com\/esqui-al-pirineu-frances-les-angles\/\",\"name\":\"Esqui\u0301 al Pirineo franc\u00e9s - LES ANGLES - viatgespoblenou\",\"isPartOf\":{\"@id\":\"http:\/\/viatgespoblenou.com\/#website\"},\"datePublished\":\"2017-08-19T13:19:10+00:00\",\"dateModified\":\"2019-08-25T10:02:30+00:00\",\"breadcrumb\":{\"@id\":\"http:\/\/viatgespoblenou.com\/esqui-al-pirineu-frances-les-angles\/#breadcrumb\"},\"inLanguage\":\"es\",\"potentialAction\":[{\"@type\":\"ReadAction\",\"target\":[\"http:\/\/viatgespoblenou.com\/esqui-al-pirineu-frances-les-angles\/\"]}]},{\"@type\":\"BreadcrumbList\",\"@id\":\"http:\/\/viatgespoblenou.com\/esqui-al-pirineu-frances-les-angles\/#breadcrumb\",\"itemListElement\":[{\"@type\":\"ListItem\",\"position\":1,\"name\":\"Home\",\"item\":\"http:\/\/viatgespoblenou.com\/\"},{\"@type\":\"ListItem\",\"position\":2,\"name\":\"Esqui\u0301 al Pirineu france\u0300s &#8211; LES ANGLES\"}]},{\"@type\":\"WebSite\",\"@id\":\"http:\/\/viatgespoblenou.com\/#website\",\"url\":\"http:\/\/viatgespoblenou.com\/\",\"name\":\"viatgespoblenou\",\"description\":\"\",\"potentialAction\":[{\"@type\":\"SearchAction\",\"target\":{\"@type\":\"EntryPoint\",\"urlTemplate\":\"http:\/\/viatgespoblenou.com\/?s={search_term_string}\"},\"query-input\":\"required name=search_term_string\"}],\"inLanguage\":\"es\"}]}<\/script>\n<!-- \/ Yoast SEO plugin. -->","yoast_head_json":{"title":"Esqui\u0301 al Pirineo franc\u00e9s - LES ANGLES - viatgespoblenou","robots":{"index":"index","follow":"follow","max-snippet":"max-snippet:-1","max-image-preview":"max-image-preview:large","max-video-preview":"max-video-preview:-1"},"canonical":"http:\/\/viatgespoblenou.com\/esqui-al-pirineu-frances-les-angles\/","og_locale":"es_ES","og_type":"article","og_title":"Esqui\u0301 al Pirineo franc\u00e9s - LES ANGLES - viatgespoblenou","og_description":"[vc_row][vc_column width=\u00bb1\/4&#8243;][vc_single_image image=\u00bb38696&#8243; img_size=\u00bbfull\u00bb onclick=\u00bbimg_link_large\u00bb][vc_empty_space height=\u00bb30px\u00bb][vc_single_image image=\u00bb37778&#8243; img_size=\u00bbfull\u00bb onclick=\u00bbimg_link_large\u00bb][vc_empty_space height=\u00bb30px\u00bb][vc_single_image image=\u00bb37779&#8243; img_size=\u00bbfull\u00bb onclick=\u00bbimg_link_large\u00bb][vc_empty_space height=\u00bb40px\u00bb][\/vc_column][vc_column width=\u00bb3\/4&#8243;][vc_column_text] PORQUE LAS ANGLES? \u2022 La estaci\u00f3n m\u00e1s famosa del Pirineo franc\u00e9s \u2022 Garant\u00eda total de nieve \u2022 Moderna estaci\u00f3n que conserva el aspecto tradicional \u2022 Dominio esquiable de 55 km con un desnivel de 800 m \u2022 45 pistas de&hellip;","og_url":"http:\/\/viatgespoblenou.com\/esqui-al-pirineu-frances-les-angles\/","og_site_name":"viatgespoblenou","article_publisher":"https:\/\/es-la.facebook.com\/people\/Viatges-Poblenou\/100001670703933","article_modified_time":"2019-08-25T10:02:30+00:00","twitter_card":"summary","twitter_misc":{"Tiempo de lectura":"3 minutos"},"schema":{"@context":"https:\/\/schema.org","@graph":[{"@type":"WebPage","@id":"http:\/\/viatgespoblenou.com\/esqui-al-pirineu-frances-les-angles\/","url":"http:\/\/viatgespoblenou.com\/esqui-al-pirineu-frances-les-angles\/","name":"Esqui\u0301 al Pirineo franc\u00e9s - LES ANGLES - viatgespoblenou","isPartOf":{"@id":"http:\/\/viatgespoblenou.com\/#website"},"datePublished":"2017-08-19T13:19:10+00:00","dateModified":"2019-08-25T10:02:30+00:00","breadcrumb":{"@id":"http:\/\/viatgespoblenou.com\/esqui-al-pirineu-frances-les-angles\/#breadcrumb"},"inLanguage":"es","potentialAction":[{"@type":"ReadAction","target":["http:\/\/viatgespoblenou.com\/esqui-al-pirineu-frances-les-angles\/"]}]},{"@type":"BreadcrumbList","@id":"http:\/\/viatgespoblenou.com\/esqui-al-pirineu-frances-les-angles\/#breadcrumb","itemListElement":[{"@type":"ListItem","position":1,"name":"Home","item":"http:\/\/viatgespoblenou.com\/"},{"@type":"ListItem","position":2,"name":"Esqui\u0301 al Pirineu france\u0300s &#8211; LES ANGLES"}]},{"@type":"WebSite","@id":"http:\/\/viatgespoblenou.com\/#website","url":"http:\/\/viatgespoblenou.com\/","name":"viatgespoblenou","description":"","potentialAction":[{"@type":"SearchAction","target":{"@type":"EntryPoint","urlTemplate":"http:\/\/viatgespoblenou.com\/?s={search_term_string}"},"query-input":"required name=search_term_string"}],"inLanguage":"es"}]}},"_links":{"self":[{"href":"http:\/\/viatgespoblenou.com\/es\/wp-json\/wp\/v2\/pages\/37776"}],"collection":[{"href":"http:\/\/viatgespoblenou.com\/es\/wp-json\/wp\/v2\/pages"}],"about":[{"href":"http:\/\/viatgespoblenou.com\/es\/wp-json\/wp\/v2\/types\/page"}],"author":[{"embeddable":true,"href":"http:\/\/viatgespoblenou.com\/es\/wp-json\/wp\/v2\/users\/1"}],"replies":[{"embeddable":true,"href":"http:\/\/viatgespoblenou.com\/es\/wp-json\/wp\/v2\/comments?post=37776"}],"version-history":[{"count":4,"href":"http:\/\/viatgespoblenou.com\/es\/wp-json\/wp\/v2\/pages\/37776\/revisions"}],"predecessor-version":[{"id":38697,"href":"http:\/\/viatgespoblenou.com\/es\/wp-json\/wp\/v2\/pages\/37776\/revisions\/38697"}],"wp:attachment":[{"href":"http:\/\/viatgespoblenou.com\/es\/wp-json\/wp\/v2\/media?parent=37776"}],"curies":[{"name":"wp","href":"https:\/\/api.w.org\/{rel}","templated":true}]}}