{"id":37767,"date":"2017-08-19T13:03:05","date_gmt":"2017-08-19T13:03:05","guid":{"rendered":"http:\/\/viatgespoblenou.com\/?page_id=37767"},"modified":"2017-08-25T13:03:04","modified_gmt":"2017-08-25T13:03:04","slug":"multicerdanya","status":"publish","type":"page","link":"http:\/\/viatgespoblenou.com\/es\/multicerdanya\/","title":{"rendered":"MULTICERDANYA"},"content":{"rendered":"<section class=\"wpb-content-wrapper\"><p>[vc_row][vc_column][vc_column_text]<\/p>\n<div class=\"page\" title=\"Page 8\">\n<div class=\"layoutArea\">\n<div class=\"column\">\n<div class=\"page\" title=\"Page 8\">\n<div class=\"layoutArea\">\n<div class=\"column\">\n<h1>MULTICERDANYA<\/h1>\n<div class=\"page\" title=\"Page 8\">\n<div class=\"layoutArea\">\n<div class=\"column\">\n<p>Si quieres pasar unos d\u00edas de esqu\u00ed combinando estaciones del Pirineo catal\u00e1n y franc\u00e9s, disponemos de varios hoteles ubicados en el valle (La Cerdanya)! Pide programa a medida!<\/p>\n<p>&nbsp;<\/p>\n<h2><img loading=\"lazy\" class=\"aligncenter wp-image-37858 size-large\" src=\"http:\/\/viatgespoblenou.com\/wp-content\/uploads\/2017\/08\/multicerdanya-1024x161.jpg\" alt=\"\" width=\"1024\" height=\"161\" srcset=\"http:\/\/viatgespoblenou.com\/wp-content\/uploads\/2017\/08\/multicerdanya-1024x161.jpg 1024w, http:\/\/viatgespoblenou.com\/wp-content\/uploads\/2017\/08\/multicerdanya-300x47.jpg 300w, http:\/\/viatgespoblenou.com\/wp-content\/uploads\/2017\/08\/multicerdanya-768x120.jpg 768w, http:\/\/viatgespoblenou.com\/wp-content\/uploads\/2017\/08\/multicerdanya.jpg 1276w\" sizes=\"(max-width: 1024px) 100vw, 1024px\" \/><\/h2>\n<h4><\/h4>\n<h4><\/h4>\n<h4>TRABAJO DE S\u00cdNTESIS<\/h4>\n<p><strong>Trabajos totalmente adaptable a las necesidades de la escuela<\/strong><\/p>\n<p>&nbsp;<\/p>\n<div class=\"layoutArea\">\n<div class=\"column\">\n<div class=\"column\">\n<p>Los principales puntos que se trabajar\u00e1n:<\/p>\n<p>&#8211; Situaci\u00f3n y entorno geogr\u00e1fico<br \/>\n&#8211; Recorrido por la historia de la comarca &#8211; La estaci\u00f3n de esqu\u00ed<br \/>\n&#8211; Climatolog\u00eda. Fen\u00f3menos de la nieve<br \/>\n&#8211; Seguridad en las pistas<\/p>\n<p>&nbsp;<\/p>\n<\/div>\n<\/div>\n<\/div>\n<\/div>\n<\/div>\n<\/div>\n<\/div>\n<\/div>\n<\/div>\n<\/div>\n<\/div>\n<\/div>\n<p>[\/vc_column_text][\/vc_column][\/vc_row]<\/p>\n<\/section>","protected":false},"excerpt":{"rendered":"<p>[vc_row][vc_column][vc_column_text] MULTICERDANYA Si quieres pasar unos d\u00edas de esqu\u00ed combinando estaciones del Pirineo catal\u00e1n y franc\u00e9s, disponemos de varios hoteles ubicados en el valle (La Cerdanya)! Pide programa a medida! &nbsp; TRABAJO DE S\u00cdNTESIS Trabajos totalmente adaptable a las necesidades de la escuela &nbsp; Los principales puntos que se trabajar\u00e1n: &#8211; Situaci\u00f3n y entorno geogr\u00e1fico&hellip;<\/p>\n","protected":false},"author":1,"featured_media":0,"parent":0,"menu_order":0,"comment_status":"closed","ping_status":"closed","template":"","meta":[],"yoast_head":"<!-- This site is optimized with the Yoast SEO plugin v19.7.1 - https:\/\/yoast.com\/wordpress\/plugins\/seo\/ -->\n<title>MULTICERDANYA - viatgespoblenou<\/title>\n<meta name=\"robots\" content=\"index, follow, max-snippet:-1, max-image-preview:large, max-video-preview:-1\" \/>\n<link rel=\"canonical\" href=\"http:\/\/viatgespoblenou.com\/es\/multicerdanya\/\" \/>\n<meta property=\"og:locale\" content=\"es_ES\" \/>\n<meta property=\"og:type\" content=\"article\" \/>\n<meta property=\"og:title\" content=\"MULTICERDANYA - viatgespoblenou\" \/>\n<meta property=\"og:description\" content=\"[vc_row][vc_column][vc_column_text] MULTICERDANYA Si quieres pasar unos d\u00edas de esqu\u00ed combinando estaciones del Pirineo catal\u00e1n y franc\u00e9s, disponemos de varios hoteles ubicados en el valle (La Cerdanya)! Pide programa a medida! &nbsp; TRABAJO DE S\u00cdNTESIS Trabajos totalmente adaptable a las necesidades de la escuela &nbsp; Los principales puntos que se trabajar\u00e1n: &#8211; Situaci\u00f3n y entorno geogr\u00e1fico&hellip;\" \/>\n<meta property=\"og:url\" content=\"http:\/\/viatgespoblenou.com\/es\/multicerdanya\/\" \/>\n<meta property=\"og:site_name\" content=\"viatgespoblenou\" \/>\n<meta property=\"article:publisher\" content=\"https:\/\/es-la.facebook.com\/people\/Viatges-Poblenou\/100001670703933\" \/>\n<meta property=\"article:modified_time\" content=\"2017-08-25T13:03:04+00:00\" \/>\n<meta property=\"og:image\" content=\"http:\/\/viatgespoblenou.com\/wp-content\/uploads\/2017\/08\/multicerdanya-1024x161.jpg\" \/>\n<meta name=\"twitter:card\" content=\"summary\" \/>\n<meta name=\"twitter:label1\" content=\"Tiempo de lectura\" \/>\n\t<meta name=\"twitter:data1\" content=\"1 minuto\" \/>\n<script type=\"application\/ld+json\" class=\"yoast-schema-graph\">{\"@context\":\"https:\/\/schema.org\",\"@graph\":[{\"@type\":\"WebPage\",\"@id\":\"http:\/\/viatgespoblenou.com\/es\/multicerdanya\/\",\"url\":\"http:\/\/viatgespoblenou.com\/es\/multicerdanya\/\",\"name\":\"MULTICERDANYA - viatgespoblenou\",\"isPartOf\":{\"@id\":\"http:\/\/viatgespoblenou.com\/#website\"},\"datePublished\":\"2017-08-19T13:03:05+00:00\",\"dateModified\":\"2017-08-25T13:03:04+00:00\",\"breadcrumb\":{\"@id\":\"http:\/\/viatgespoblenou.com\/es\/multicerdanya\/#breadcrumb\"},\"inLanguage\":\"es\",\"potentialAction\":[{\"@type\":\"ReadAction\",\"target\":[\"http:\/\/viatgespoblenou.com\/es\/multicerdanya\/\"]}]},{\"@type\":\"BreadcrumbList\",\"@id\":\"http:\/\/viatgespoblenou.com\/es\/multicerdanya\/#breadcrumb\",\"itemListElement\":[{\"@type\":\"ListItem\",\"position\":1,\"name\":\"Home\",\"item\":\"http:\/\/viatgespoblenou.com\/\"},{\"@type\":\"ListItem\",\"position\":2,\"name\":\"MULTICERDANYA\"}]},{\"@type\":\"WebSite\",\"@id\":\"http:\/\/viatgespoblenou.com\/#website\",\"url\":\"http:\/\/viatgespoblenou.com\/\",\"name\":\"viatgespoblenou\",\"description\":\"\",\"potentialAction\":[{\"@type\":\"SearchAction\",\"target\":{\"@type\":\"EntryPoint\",\"urlTemplate\":\"http:\/\/viatgespoblenou.com\/?s={search_term_string}\"},\"query-input\":\"required name=search_term_string\"}],\"inLanguage\":\"es\"}]}<\/script>\n<!-- \/ Yoast SEO plugin. -->","yoast_head_json":{"title":"MULTICERDANYA - viatgespoblenou","robots":{"index":"index","follow":"follow","max-snippet":"max-snippet:-1","max-image-preview":"max-image-preview:large","max-video-preview":"max-video-preview:-1"},"canonical":"http:\/\/viatgespoblenou.com\/es\/multicerdanya\/","og_locale":"es_ES","og_type":"article","og_title":"MULTICERDANYA - viatgespoblenou","og_description":"[vc_row][vc_column][vc_column_text] MULTICERDANYA Si quieres pasar unos d\u00edas de esqu\u00ed combinando estaciones del Pirineo catal\u00e1n y franc\u00e9s, disponemos de varios hoteles ubicados en el valle (La Cerdanya)! Pide programa a medida! &nbsp; TRABAJO DE S\u00cdNTESIS Trabajos totalmente adaptable a las necesidades de la escuela &nbsp; Los principales puntos que se trabajar\u00e1n: &#8211; Situaci\u00f3n y entorno geogr\u00e1fico&hellip;","og_url":"http:\/\/viatgespoblenou.com\/es\/multicerdanya\/","og_site_name":"viatgespoblenou","article_publisher":"https:\/\/es-la.facebook.com\/people\/Viatges-Poblenou\/100001670703933","article_modified_time":"2017-08-25T13:03:04+00:00","og_image":[{"url":"http:\/\/viatgespoblenou.com\/wp-content\/uploads\/2017\/08\/multicerdanya-1024x161.jpg"}],"twitter_card":"summary","twitter_misc":{"Tiempo de lectura":"1 minuto"},"schema":{"@context":"https:\/\/schema.org","@graph":[{"@type":"WebPage","@id":"http:\/\/viatgespoblenou.com\/es\/multicerdanya\/","url":"http:\/\/viatgespoblenou.com\/es\/multicerdanya\/","name":"MULTICERDANYA - viatgespoblenou","isPartOf":{"@id":"http:\/\/viatgespoblenou.com\/#website"},"datePublished":"2017-08-19T13:03:05+00:00","dateModified":"2017-08-25T13:03:04+00:00","breadcrumb":{"@id":"http:\/\/viatgespoblenou.com\/es\/multicerdanya\/#breadcrumb"},"inLanguage":"es","potentialAction":[{"@type":"ReadAction","target":["http:\/\/viatgespoblenou.com\/es\/multicerdanya\/"]}]},{"@type":"BreadcrumbList","@id":"http:\/\/viatgespoblenou.com\/es\/multicerdanya\/#breadcrumb","itemListElement":[{"@type":"ListItem","position":1,"name":"Home","item":"http:\/\/viatgespoblenou.com\/"},{"@type":"ListItem","position":2,"name":"MULTICERDANYA"}]},{"@type":"WebSite","@id":"http:\/\/viatgespoblenou.com\/#website","url":"http:\/\/viatgespoblenou.com\/","name":"viatgespoblenou","description":"","potentialAction":[{"@type":"SearchAction","target":{"@type":"EntryPoint","urlTemplate":"http:\/\/viatgespoblenou.com\/?s={search_term_string}"},"query-input":"required name=search_term_string"}],"inLanguage":"es"}]}},"_links":{"self":[{"href":"http:\/\/viatgespoblenou.com\/es\/wp-json\/wp\/v2\/pages\/37767"}],"collection":[{"href":"http:\/\/viatgespoblenou.com\/es\/wp-json\/wp\/v2\/pages"}],"about":[{"href":"http:\/\/viatgespoblenou.com\/es\/wp-json\/wp\/v2\/types\/page"}],"author":[{"embeddable":true,"href":"http:\/\/viatgespoblenou.com\/es\/wp-json\/wp\/v2\/users\/1"}],"replies":[{"embeddable":true,"href":"http:\/\/viatgespoblenou.com\/es\/wp-json\/wp\/v2\/comments?post=37767"}],"version-history":[{"count":3,"href":"http:\/\/viatgespoblenou.com\/es\/wp-json\/wp\/v2\/pages\/37767\/revisions"}],"predecessor-version":[{"id":37860,"href":"http:\/\/viatgespoblenou.com\/es\/wp-json\/wp\/v2\/pages\/37767\/revisions\/37860"}],"wp:attachment":[{"href":"http:\/\/viatgespoblenou.com\/es\/wp-json\/wp\/v2\/media?parent=37767"}],"curies":[{"name":"wp","href":"https:\/\/api.w.org\/{rel}","templated":true}]}}