{"id":37472,"date":"2016-09-02T15:48:48","date_gmt":"2016-09-02T15:48:48","guid":{"rendered":"http:\/\/viatgespoblenou.com\/?page_id=37472"},"modified":"2017-08-25T13:21:41","modified_gmt":"2017-08-25T13:21:41","slug":"viatge-de-fi-de-curs-vall-daran","status":"publish","type":"page","link":"http:\/\/viatgespoblenou.com\/es\/viatge-de-fi-de-curs-vall-daran\/","title":{"rendered":"Vall d\u2019Aran"},"content":{"rendered":"<section class=\"wpb-content-wrapper\"><p>[vc_row][vc_column width=\u00bb1\/2&#8243;][vc_column_text]<\/p>\n<div class=\"page\" title=\"Page 17\">\n<div class=\"section\">\n<div class=\"layoutArea\">\n<div class=\"column\">1er d\u00eda: Escuela &#8211; Vielha<br \/>\n2\u00ba d\u00eda: Rafting + Parque de Aventura Vertical<br \/>\n3er d\u00eda: Actividad de Senderismo \u00abAranPark\u00bb y Patinaje sobre hielo<br \/>\n4\u00ba d\u00eda: Vielha &#8211; Escuela<\/p>\n<p><strong>El precio incluye:<\/strong><\/p>\n<p>Autocar a disposici\u00f3n (respetando la normativa)<br \/>\n3 noches de hotel 2 ** en Vielha en r\u00e9gimen de Pensi\u00f3n Completa<br \/>\nActividad de Rafting (material + monitores)<br \/>\nActividad en el Parque de aventura Vertical (material + monitores)<br \/>\nActividad de Senderismo en el Parque Natural AranPark (con gu\u00eda)<br \/>\nPatinaje sobre hielo (material)<br \/>\nTalonarios de autofinanciaci\u00f3n<br \/>\nSeguro de asistencia en viaje<br \/>\nP\u00f3liza de responsabilidad civil<br \/>\nGratuidades para profesores<\/p><\/div>\n<div class=\"column\">\nA viajes poblenou organizamos tu viaje de fin de curso ideal. No lo pienses m\u00e1s y p\u00eddenos presupuesto!<\/div>\n<div class=\"column\"><\/div>\n<\/div>\n<\/div>\n<\/div>\n<p>Gratuidades para profesores[\/vc_column_text][vc_empty_space height=\u00bb30px\u00bb][vc_single_image image=\u00bb36839&#8243; img_size=\u00bbfull\u00bb onclick=\u00bbcustom_link\u00bb link=\u00bbhttp:\/\/viatgespoblenou.com\/pressupost\/\u00bb][\/vc_column][vc_column width=\u00bb1\/2&#8243;][rev_slider_vc alias=\u00bbalgust\u00bb][\/vc_column][\/vc_row][vc_row][vc_column][vc_empty_space height=\u00bb70px\u00bb][\/vc_column][\/vc_row]<\/p>\n<\/section>","protected":false},"excerpt":{"rendered":"<p>[vc_row][vc_column width=\u00bb1\/2&#8243;][vc_column_text] 1er d\u00eda: Escuela &#8211; Vielha 2\u00ba d\u00eda: Rafting + Parque de Aventura Vertical 3er d\u00eda: Actividad de Senderismo \u00abAranPark\u00bb y Patinaje sobre hielo 4\u00ba d\u00eda: Vielha &#8211; Escuela El precio incluye: Autocar a disposici\u00f3n (respetando la normativa) 3 noches de hotel 2 ** en Vielha en r\u00e9gimen de Pensi\u00f3n Completa Actividad de Rafting&hellip;<\/p>\n","protected":false},"author":1,"featured_media":0,"parent":0,"menu_order":0,"comment_status":"closed","ping_status":"closed","template":"","meta":[],"yoast_head":"<!-- This site is optimized with the Yoast SEO plugin v19.7.1 - https:\/\/yoast.com\/wordpress\/plugins\/seo\/ -->\n<title>Vall d\u2019Aran - viatgespoblenou<\/title>\n<meta name=\"robots\" content=\"index, follow, max-snippet:-1, max-image-preview:large, max-video-preview:-1\" \/>\n<link rel=\"canonical\" href=\"http:\/\/viatgespoblenou.com\/viatge-de-fi-de-curs-vall-daran\/\" \/>\n<meta property=\"og:locale\" content=\"es_ES\" \/>\n<meta property=\"og:type\" content=\"article\" \/>\n<meta property=\"og:title\" content=\"Vall d\u2019Aran - viatgespoblenou\" \/>\n<meta property=\"og:description\" content=\"[vc_row][vc_column width=\u00bb1\/2&#8243;][vc_column_text] 1er d\u00eda: Escuela &#8211; Vielha 2\u00ba d\u00eda: Rafting + Parque de Aventura Vertical 3er d\u00eda: Actividad de Senderismo \u00abAranPark\u00bb y Patinaje sobre hielo 4\u00ba d\u00eda: Vielha &#8211; Escuela El precio incluye: Autocar a disposici\u00f3n (respetando la normativa) 3 noches de hotel 2 ** en Vielha en r\u00e9gimen de Pensi\u00f3n Completa Actividad de Rafting&hellip;\" \/>\n<meta property=\"og:url\" content=\"http:\/\/viatgespoblenou.com\/viatge-de-fi-de-curs-vall-daran\/\" \/>\n<meta property=\"og:site_name\" content=\"viatgespoblenou\" \/>\n<meta property=\"article:publisher\" content=\"https:\/\/es-la.facebook.com\/people\/Viatges-Poblenou\/100001670703933\" \/>\n<meta property=\"article:modified_time\" content=\"2017-08-25T13:21:41+00:00\" \/>\n<meta name=\"twitter:card\" content=\"summary\" \/>\n<meta name=\"twitter:label1\" content=\"Tiempo de lectura\" \/>\n\t<meta name=\"twitter:data1\" content=\"2 minutos\" \/>\n<script type=\"application\/ld+json\" class=\"yoast-schema-graph\">{\"@context\":\"https:\/\/schema.org\",\"@graph\":[{\"@type\":\"WebPage\",\"@id\":\"http:\/\/viatgespoblenou.com\/viatge-de-fi-de-curs-vall-daran\/\",\"url\":\"http:\/\/viatgespoblenou.com\/viatge-de-fi-de-curs-vall-daran\/\",\"name\":\"Vall d\u2019Aran - viatgespoblenou\",\"isPartOf\":{\"@id\":\"http:\/\/viatgespoblenou.com\/#website\"},\"datePublished\":\"2016-09-02T15:48:48+00:00\",\"dateModified\":\"2017-08-25T13:21:41+00:00\",\"breadcrumb\":{\"@id\":\"http:\/\/viatgespoblenou.com\/viatge-de-fi-de-curs-vall-daran\/#breadcrumb\"},\"inLanguage\":\"es\",\"potentialAction\":[{\"@type\":\"ReadAction\",\"target\":[\"http:\/\/viatgespoblenou.com\/viatge-de-fi-de-curs-vall-daran\/\"]}]},{\"@type\":\"BreadcrumbList\",\"@id\":\"http:\/\/viatgespoblenou.com\/viatge-de-fi-de-curs-vall-daran\/#breadcrumb\",\"itemListElement\":[{\"@type\":\"ListItem\",\"position\":1,\"name\":\"Home\",\"item\":\"http:\/\/viatgespoblenou.com\/\"},{\"@type\":\"ListItem\",\"position\":2,\"name\":\"Viatge de fi de curs &#8211; Vall d\u2019Aran\"}]},{\"@type\":\"WebSite\",\"@id\":\"http:\/\/viatgespoblenou.com\/#website\",\"url\":\"http:\/\/viatgespoblenou.com\/\",\"name\":\"viatgespoblenou\",\"description\":\"\",\"potentialAction\":[{\"@type\":\"SearchAction\",\"target\":{\"@type\":\"EntryPoint\",\"urlTemplate\":\"http:\/\/viatgespoblenou.com\/?s={search_term_string}\"},\"query-input\":\"required name=search_term_string\"}],\"inLanguage\":\"es\"}]}<\/script>\n<!-- \/ Yoast SEO plugin. -->","yoast_head_json":{"title":"Vall d\u2019Aran - viatgespoblenou","robots":{"index":"index","follow":"follow","max-snippet":"max-snippet:-1","max-image-preview":"max-image-preview:large","max-video-preview":"max-video-preview:-1"},"canonical":"http:\/\/viatgespoblenou.com\/viatge-de-fi-de-curs-vall-daran\/","og_locale":"es_ES","og_type":"article","og_title":"Vall d\u2019Aran - viatgespoblenou","og_description":"[vc_row][vc_column width=\u00bb1\/2&#8243;][vc_column_text] 1er d\u00eda: Escuela &#8211; Vielha 2\u00ba d\u00eda: Rafting + Parque de Aventura Vertical 3er d\u00eda: Actividad de Senderismo \u00abAranPark\u00bb y Patinaje sobre hielo 4\u00ba d\u00eda: Vielha &#8211; Escuela El precio incluye: Autocar a disposici\u00f3n (respetando la normativa) 3 noches de hotel 2 ** en Vielha en r\u00e9gimen de Pensi\u00f3n Completa Actividad de Rafting&hellip;","og_url":"http:\/\/viatgespoblenou.com\/viatge-de-fi-de-curs-vall-daran\/","og_site_name":"viatgespoblenou","article_publisher":"https:\/\/es-la.facebook.com\/people\/Viatges-Poblenou\/100001670703933","article_modified_time":"2017-08-25T13:21:41+00:00","twitter_card":"summary","twitter_misc":{"Tiempo de lectura":"2 minutos"},"schema":{"@context":"https:\/\/schema.org","@graph":[{"@type":"WebPage","@id":"http:\/\/viatgespoblenou.com\/viatge-de-fi-de-curs-vall-daran\/","url":"http:\/\/viatgespoblenou.com\/viatge-de-fi-de-curs-vall-daran\/","name":"Vall d\u2019Aran - viatgespoblenou","isPartOf":{"@id":"http:\/\/viatgespoblenou.com\/#website"},"datePublished":"2016-09-02T15:48:48+00:00","dateModified":"2017-08-25T13:21:41+00:00","breadcrumb":{"@id":"http:\/\/viatgespoblenou.com\/viatge-de-fi-de-curs-vall-daran\/#breadcrumb"},"inLanguage":"es","potentialAction":[{"@type":"ReadAction","target":["http:\/\/viatgespoblenou.com\/viatge-de-fi-de-curs-vall-daran\/"]}]},{"@type":"BreadcrumbList","@id":"http:\/\/viatgespoblenou.com\/viatge-de-fi-de-curs-vall-daran\/#breadcrumb","itemListElement":[{"@type":"ListItem","position":1,"name":"Home","item":"http:\/\/viatgespoblenou.com\/"},{"@type":"ListItem","position":2,"name":"Viatge de fi de curs &#8211; Vall d\u2019Aran"}]},{"@type":"WebSite","@id":"http:\/\/viatgespoblenou.com\/#website","url":"http:\/\/viatgespoblenou.com\/","name":"viatgespoblenou","description":"","potentialAction":[{"@type":"SearchAction","target":{"@type":"EntryPoint","urlTemplate":"http:\/\/viatgespoblenou.com\/?s={search_term_string}"},"query-input":"required name=search_term_string"}],"inLanguage":"es"}]}},"_links":{"self":[{"href":"http:\/\/viatgespoblenou.com\/es\/wp-json\/wp\/v2\/pages\/37472"}],"collection":[{"href":"http:\/\/viatgespoblenou.com\/es\/wp-json\/wp\/v2\/pages"}],"about":[{"href":"http:\/\/viatgespoblenou.com\/es\/wp-json\/wp\/v2\/types\/page"}],"author":[{"embeddable":true,"href":"http:\/\/viatgespoblenou.com\/es\/wp-json\/wp\/v2\/users\/1"}],"replies":[{"embeddable":true,"href":"http:\/\/viatgespoblenou.com\/es\/wp-json\/wp\/v2\/comments?post=37472"}],"version-history":[{"count":4,"href":"http:\/\/viatgespoblenou.com\/es\/wp-json\/wp\/v2\/pages\/37472\/revisions"}],"predecessor-version":[{"id":37868,"href":"http:\/\/viatgespoblenou.com\/es\/wp-json\/wp\/v2\/pages\/37472\/revisions\/37868"}],"wp:attachment":[{"href":"http:\/\/viatgespoblenou.com\/es\/wp-json\/wp\/v2\/media?parent=37472"}],"curies":[{"name":"wp","href":"https:\/\/api.w.org\/{rel}","templated":true}]}}