{"id":37469,"date":"2016-09-02T15:44:35","date_gmt":"2016-09-02T15:44:35","guid":{"rendered":"http:\/\/viatgespoblenou.com\/?page_id=37469"},"modified":"2017-02-12T10:44:52","modified_gmt":"2017-02-12T10:44:52","slug":"viatge-de-fi-de-curs-tarragona-cultura-i-aventura","status":"publish","type":"page","link":"http:\/\/viatgespoblenou.com\/es\/viatge-de-fi-de-curs-tarragona-cultura-i-aventura\/","title":{"rendered":"Tarragona &#8211; Cultura y aventura"},"content":{"rendered":"<section class=\"wpb-content-wrapper\"><p>[vc_row full_width=\u00bb\u00bb margin_top=\u00bb0&#8243; margin_bottom=\u00bb0&#8243; padding_left=\u00bb0&#8243; padding_right=\u00bb0&#8243; bg_position=\u00bbtop\u00bb bg_repeat=\u00bbno-repeat\u00bb bg_cover=\u00bbfalse\u00bb bg_attachment=\u00bbfalse\u00bb padding_top=\u00bb0&#8243; padding_bottom=\u00bb0&#8243; enable_parallax=\u00bb\u00bb parallax_speed=\u00bb0.1&#8243; bg_type=\u00bbno_bg\u00bb bg_grad=\u00bbbackground: -webkit-gradient(linear, left top, left bottom, color-stop(0%, #E3E3E3));background: -moz-linear-gradient(top,#E3E3E3 0%);background: -webkit-linear-gradient(top,#E3E3E3 0%);background: -o-linear-gradient(top,#E3E3E3 0%);background: -ms-linear-gradient(top,#E3E3E3 0%);background: linear-gradient(top,#E3E3E3 0%);\u00bb parallax_style=\u00bbvcpb-default\u00bb bg_image_repeat=\u00bbrepeat\u00bb bg_image_size=\u00bbcover\u00bb bg_img_attach=\u00bbscroll\u00bb parallax_sense=\u00bb30&#8243; animation_direction=\u00bbleft-animation\u00bb animation_repeat=\u00bbrepeat\u00bb video_opts=\u00bb\u00bb viewport_vdo=\u00bboff\u00bb enable_controls=\u00bboff\u00bb bg_override=\u00bb0&#8243; parallax_content_sense=\u00bb30&#8243; fadeout_start_effect=\u00bb30&#8243; overlay_pattern_opacity=\u00bb80&#8243; overlay_pattern_attachment=\u00bbfixed\u00bb multi_color_overlay=\u00bb\u00bb multi_color_overlay_opacity=\u00bb60&#8243; seperator_type=\u00bbnone_seperator\u00bb seperator_position=\u00bbtop_seperator\u00bb seperator_shape_size=\u00bb40&#8243; seperator_svg_height=\u00bb60&#8243; seperator_shape_background=\u00bb#ffffff\u00bb seperator_shape_border=\u00bbnone\u00bb seperator_shape_border_width=\u00bb1&#8243; icon_type=\u00bbno_icon\u00bb icon_size=\u00bb32&#8243; icon_style=\u00bbnone\u00bb icon_color_border=\u00bb#333333&#8243; icon_border_size=\u00bb1&#8243; icon_border_radius=\u00bb500&#8243; icon_border_spacing=\u00bb50&#8243; img_width=\u00bb48&#8243; ult_hide_row_large_screen=\u00bboff\u00bb ult_hide_row_desktop=\u00bboff\u00bb ult_hide_row_tablet=\u00bboff\u00bb ult_hide_row_tablet_small=\u00bboff\u00bb ult_hide_row_mobile=\u00bboff\u00bb ult_hide_row_mobile_large=\u00bboff\u00bb][vc_column width=\u00bb1\/2&#8243;][vc_column_text]<\/p>\n<div class=\"page\" title=\"Page 16\">\n<div class=\"section\">\n<div class=\"layoutArea\">\n<div class=\"column\">\n<p>1er d\u00eda: Escuela &#8211; Tarragona &#8211; Hotel<br \/>\n2\u00ba d\u00eda: D\u00eda de actividades acu\u00e1ticas + Juegos de orientaci\u00f3n y descubierta<br \/>\n3er d\u00eda: Visita al Monasterio de Poblet + Conocimiento del entorno<br \/>\n4\u00ba d\u00eda: Port Aventura &#8211; Escuela<\/p>\n<\/div>\n<\/div>\n<\/div>\n<\/div>\n<p><strong><span class=\"lletracoordinacio2\">El precio incluye:<\/span><\/strong><\/p>\n<div class=\"page\" title=\"Page 16\">\n<div class=\"section\">\n<div class=\"layoutArea\">\n<div class=\"column\">Autocar a disposici\u00f3n, respetando la normativa<br \/>\n3 noches en hotel en La Selva del Camp o alrededores, en r\u00e9gimen de pensi\u00f3n completa<\/div>\n<div class=\"column\">ActivitatdeCaiac (monitores + material)<\/div>\n<div class=\"column\">ActivitatdeP\u00e0delSurf (monitores + material)<\/div>\n<div class=\"column\">ActivitatdeHidropedal (monitores + material)<\/div>\n<div class=\"column\">Entrada al Monasterio de Poblet<br \/>\nEntrada en Port Aventura<br \/>\nTalonarios de autofinanciaci\u00f3n<br \/>\nSeguro de accidentes<br \/>\nSeguro de responsabilidad civil<br \/>\nGratuidades para profesores<\/div>\n<\/div>\n<\/div>\n<\/div>\n<div class=\"page\" title=\"Page 14\"><\/div>\n<p>[\/vc_column_text][vc_empty_space height=\u00bb30px\u00bb][vc_single_image image=\u00bb36839&#8243; border_color=\u00bbgrey\u00bb img_link_large=\u00bb\u00bb img_link_target=\u00bb_self\u00bb link=\u00bbhttp:\/\/viatgespoblenou.com\/pressupost\/\u00bb img_size=\u00bbfull\u00bb][\/vc_column][vc_column width=\u00bb1\/2&#8243;][rev_slider_vc alias=\u00bbalgust\u00bb][\/vc_column][\/vc_row][vc_row][vc_column width=\u00bb1\/1&#8243;][vc_empty_space height=\u00bb70px\u00bb][\/vc_column][\/vc_row]<\/p>\n<\/section>","protected":false},"excerpt":{"rendered":"<p>[vc_row full_width=\u00bb\u00bb margin_top=\u00bb0&#8243; margin_bottom=\u00bb0&#8243; padding_left=\u00bb0&#8243; padding_right=\u00bb0&#8243; bg_position=\u00bbtop\u00bb bg_repeat=\u00bbno-repeat\u00bb bg_cover=\u00bbfalse\u00bb bg_attachment=\u00bbfalse\u00bb padding_top=\u00bb0&#8243; padding_bottom=\u00bb0&#8243; enable_parallax=\u00bb\u00bb parallax_speed=\u00bb0.1&#8243; bg_type=\u00bbno_bg\u00bb bg_grad=\u00bbbackground: -webkit-gradient(linear, left top, left bottom, color-stop(0%, #E3E3E3));background: -moz-linear-gradient(top,#E3E3E3 0%);background: -webkit-linear-gradient(top,#E3E3E3 0%);background: -o-linear-gradient(top,#E3E3E3 0%);background: -ms-linear-gradient(top,#E3E3E3 0%);background: linear-gradient(top,#E3E3E3 0%);\u00bb parallax_style=\u00bbvcpb-default\u00bb bg_image_repeat=\u00bbrepeat\u00bb bg_image_size=\u00bbcover\u00bb bg_img_attach=\u00bbscroll\u00bb parallax_sense=\u00bb30&#8243; animation_direction=\u00bbleft-animation\u00bb animation_repeat=\u00bbrepeat\u00bb video_opts=\u00bb\u00bb viewport_vdo=\u00bboff\u00bb enable_controls=\u00bboff\u00bb bg_override=\u00bb0&#8243; parallax_content_sense=\u00bb30&#8243; fadeout_start_effect=\u00bb30&#8243; overlay_pattern_opacity=\u00bb80&#8243; overlay_pattern_attachment=\u00bbfixed\u00bb multi_color_overlay=\u00bb\u00bb multi_color_overlay_opacity=\u00bb60&#8243; seperator_type=\u00bbnone_seperator\u00bb seperator_position=\u00bbtop_seperator\u00bb seperator_shape_size=\u00bb40&#8243; seperator_svg_height=\u00bb60&#8243; seperator_shape_background=\u00bb#ffffff\u00bb&hellip;<\/p>\n","protected":false},"author":1,"featured_media":0,"parent":0,"menu_order":0,"comment_status":"closed","ping_status":"closed","template":"","meta":[],"yoast_head":"<!-- This site is optimized with the Yoast SEO plugin v19.7.1 - https:\/\/yoast.com\/wordpress\/plugins\/seo\/ -->\n<title>Tarragona - Cultura y aventura - viatgespoblenou<\/title>\n<meta name=\"robots\" content=\"index, follow, max-snippet:-1, max-image-preview:large, max-video-preview:-1\" \/>\n<link rel=\"canonical\" href=\"http:\/\/viatgespoblenou.com\/viatge-de-fi-de-curs-tarragona-cultura-i-aventura\/\" \/>\n<meta property=\"og:locale\" content=\"es_ES\" \/>\n<meta property=\"og:type\" content=\"article\" \/>\n<meta property=\"og:title\" content=\"Tarragona - Cultura y aventura - viatgespoblenou\" \/>\n<meta property=\"og:description\" content=\"[vc_row full_width=\u00bb\u00bb margin_top=\u00bb0&#8243; margin_bottom=\u00bb0&#8243; padding_left=\u00bb0&#8243; padding_right=\u00bb0&#8243; bg_position=\u00bbtop\u00bb bg_repeat=\u00bbno-repeat\u00bb bg_cover=\u00bbfalse\u00bb bg_attachment=\u00bbfalse\u00bb padding_top=\u00bb0&#8243; padding_bottom=\u00bb0&#8243; enable_parallax=\u00bb\u00bb parallax_speed=\u00bb0.1&#8243; bg_type=\u00bbno_bg\u00bb bg_grad=\u00bbbackground: -webkit-gradient(linear, left top, left bottom, color-stop(0%, #E3E3E3));background: -moz-linear-gradient(top,#E3E3E3 0%);background: -webkit-linear-gradient(top,#E3E3E3 0%);background: -o-linear-gradient(top,#E3E3E3 0%);background: -ms-linear-gradient(top,#E3E3E3 0%);background: linear-gradient(top,#E3E3E3 0%);\u00bb parallax_style=\u00bbvcpb-default\u00bb bg_image_repeat=\u00bbrepeat\u00bb bg_image_size=\u00bbcover\u00bb bg_img_attach=\u00bbscroll\u00bb parallax_sense=\u00bb30&#8243; animation_direction=\u00bbleft-animation\u00bb animation_repeat=\u00bbrepeat\u00bb video_opts=\u00bb\u00bb viewport_vdo=\u00bboff\u00bb enable_controls=\u00bboff\u00bb bg_override=\u00bb0&#8243; parallax_content_sense=\u00bb30&#8243; fadeout_start_effect=\u00bb30&#8243; overlay_pattern_opacity=\u00bb80&#8243; overlay_pattern_attachment=\u00bbfixed\u00bb multi_color_overlay=\u00bb\u00bb multi_color_overlay_opacity=\u00bb60&#8243; seperator_type=\u00bbnone_seperator\u00bb seperator_position=\u00bbtop_seperator\u00bb seperator_shape_size=\u00bb40&#8243; seperator_svg_height=\u00bb60&#8243; seperator_shape_background=\u00bb#ffffff\u00bb&hellip;\" \/>\n<meta property=\"og:url\" content=\"http:\/\/viatgespoblenou.com\/viatge-de-fi-de-curs-tarragona-cultura-i-aventura\/\" \/>\n<meta property=\"og:site_name\" content=\"viatgespoblenou\" \/>\n<meta property=\"article:publisher\" content=\"https:\/\/es-la.facebook.com\/people\/Viatges-Poblenou\/100001670703933\" \/>\n<meta property=\"article:modified_time\" content=\"2017-02-12T10:44:52+00:00\" \/>\n<meta name=\"twitter:card\" content=\"summary\" \/>\n<meta name=\"twitter:label1\" content=\"Tiempo de lectura\" \/>\n\t<meta name=\"twitter:data1\" content=\"4 minutos\" \/>\n<script type=\"application\/ld+json\" class=\"yoast-schema-graph\">{\"@context\":\"https:\/\/schema.org\",\"@graph\":[{\"@type\":\"WebPage\",\"@id\":\"http:\/\/viatgespoblenou.com\/viatge-de-fi-de-curs-tarragona-cultura-i-aventura\/\",\"url\":\"http:\/\/viatgespoblenou.com\/viatge-de-fi-de-curs-tarragona-cultura-i-aventura\/\",\"name\":\"Tarragona - Cultura y aventura - viatgespoblenou\",\"isPartOf\":{\"@id\":\"http:\/\/viatgespoblenou.com\/#website\"},\"datePublished\":\"2016-09-02T15:44:35+00:00\",\"dateModified\":\"2017-02-12T10:44:52+00:00\",\"breadcrumb\":{\"@id\":\"http:\/\/viatgespoblenou.com\/viatge-de-fi-de-curs-tarragona-cultura-i-aventura\/#breadcrumb\"},\"inLanguage\":\"es\",\"potentialAction\":[{\"@type\":\"ReadAction\",\"target\":[\"http:\/\/viatgespoblenou.com\/viatge-de-fi-de-curs-tarragona-cultura-i-aventura\/\"]}]},{\"@type\":\"BreadcrumbList\",\"@id\":\"http:\/\/viatgespoblenou.com\/viatge-de-fi-de-curs-tarragona-cultura-i-aventura\/#breadcrumb\",\"itemListElement\":[{\"@type\":\"ListItem\",\"position\":1,\"name\":\"Home\",\"item\":\"http:\/\/viatgespoblenou.com\/\"},{\"@type\":\"ListItem\",\"position\":2,\"name\":\"Viatge de fi de curs &#8211; Tarragona &#8211; Cultura i aventura\"}]},{\"@type\":\"WebSite\",\"@id\":\"http:\/\/viatgespoblenou.com\/#website\",\"url\":\"http:\/\/viatgespoblenou.com\/\",\"name\":\"viatgespoblenou\",\"description\":\"\",\"potentialAction\":[{\"@type\":\"SearchAction\",\"target\":{\"@type\":\"EntryPoint\",\"urlTemplate\":\"http:\/\/viatgespoblenou.com\/?s={search_term_string}\"},\"query-input\":\"required name=search_term_string\"}],\"inLanguage\":\"es\"}]}<\/script>\n<!-- \/ Yoast SEO plugin. -->","yoast_head_json":{"title":"Tarragona - Cultura y aventura - viatgespoblenou","robots":{"index":"index","follow":"follow","max-snippet":"max-snippet:-1","max-image-preview":"max-image-preview:large","max-video-preview":"max-video-preview:-1"},"canonical":"http:\/\/viatgespoblenou.com\/viatge-de-fi-de-curs-tarragona-cultura-i-aventura\/","og_locale":"es_ES","og_type":"article","og_title":"Tarragona - Cultura y aventura - viatgespoblenou","og_description":"[vc_row full_width=\u00bb\u00bb margin_top=\u00bb0&#8243; margin_bottom=\u00bb0&#8243; padding_left=\u00bb0&#8243; padding_right=\u00bb0&#8243; bg_position=\u00bbtop\u00bb bg_repeat=\u00bbno-repeat\u00bb bg_cover=\u00bbfalse\u00bb bg_attachment=\u00bbfalse\u00bb padding_top=\u00bb0&#8243; padding_bottom=\u00bb0&#8243; enable_parallax=\u00bb\u00bb parallax_speed=\u00bb0.1&#8243; bg_type=\u00bbno_bg\u00bb bg_grad=\u00bbbackground: -webkit-gradient(linear, left top, left bottom, color-stop(0%, #E3E3E3));background: -moz-linear-gradient(top,#E3E3E3 0%);background: -webkit-linear-gradient(top,#E3E3E3 0%);background: -o-linear-gradient(top,#E3E3E3 0%);background: -ms-linear-gradient(top,#E3E3E3 0%);background: linear-gradient(top,#E3E3E3 0%);\u00bb parallax_style=\u00bbvcpb-default\u00bb bg_image_repeat=\u00bbrepeat\u00bb bg_image_size=\u00bbcover\u00bb bg_img_attach=\u00bbscroll\u00bb parallax_sense=\u00bb30&#8243; animation_direction=\u00bbleft-animation\u00bb animation_repeat=\u00bbrepeat\u00bb video_opts=\u00bb\u00bb viewport_vdo=\u00bboff\u00bb enable_controls=\u00bboff\u00bb bg_override=\u00bb0&#8243; parallax_content_sense=\u00bb30&#8243; fadeout_start_effect=\u00bb30&#8243; overlay_pattern_opacity=\u00bb80&#8243; overlay_pattern_attachment=\u00bbfixed\u00bb multi_color_overlay=\u00bb\u00bb multi_color_overlay_opacity=\u00bb60&#8243; seperator_type=\u00bbnone_seperator\u00bb seperator_position=\u00bbtop_seperator\u00bb seperator_shape_size=\u00bb40&#8243; seperator_svg_height=\u00bb60&#8243; seperator_shape_background=\u00bb#ffffff\u00bb&hellip;","og_url":"http:\/\/viatgespoblenou.com\/viatge-de-fi-de-curs-tarragona-cultura-i-aventura\/","og_site_name":"viatgespoblenou","article_publisher":"https:\/\/es-la.facebook.com\/people\/Viatges-Poblenou\/100001670703933","article_modified_time":"2017-02-12T10:44:52+00:00","twitter_card":"summary","twitter_misc":{"Tiempo de lectura":"4 minutos"},"schema":{"@context":"https:\/\/schema.org","@graph":[{"@type":"WebPage","@id":"http:\/\/viatgespoblenou.com\/viatge-de-fi-de-curs-tarragona-cultura-i-aventura\/","url":"http:\/\/viatgespoblenou.com\/viatge-de-fi-de-curs-tarragona-cultura-i-aventura\/","name":"Tarragona - Cultura y aventura - viatgespoblenou","isPartOf":{"@id":"http:\/\/viatgespoblenou.com\/#website"},"datePublished":"2016-09-02T15:44:35+00:00","dateModified":"2017-02-12T10:44:52+00:00","breadcrumb":{"@id":"http:\/\/viatgespoblenou.com\/viatge-de-fi-de-curs-tarragona-cultura-i-aventura\/#breadcrumb"},"inLanguage":"es","potentialAction":[{"@type":"ReadAction","target":["http:\/\/viatgespoblenou.com\/viatge-de-fi-de-curs-tarragona-cultura-i-aventura\/"]}]},{"@type":"BreadcrumbList","@id":"http:\/\/viatgespoblenou.com\/viatge-de-fi-de-curs-tarragona-cultura-i-aventura\/#breadcrumb","itemListElement":[{"@type":"ListItem","position":1,"name":"Home","item":"http:\/\/viatgespoblenou.com\/"},{"@type":"ListItem","position":2,"name":"Viatge de fi de curs &#8211; Tarragona &#8211; Cultura i aventura"}]},{"@type":"WebSite","@id":"http:\/\/viatgespoblenou.com\/#website","url":"http:\/\/viatgespoblenou.com\/","name":"viatgespoblenou","description":"","potentialAction":[{"@type":"SearchAction","target":{"@type":"EntryPoint","urlTemplate":"http:\/\/viatgespoblenou.com\/?s={search_term_string}"},"query-input":"required name=search_term_string"}],"inLanguage":"es"}]}},"_links":{"self":[{"href":"http:\/\/viatgespoblenou.com\/es\/wp-json\/wp\/v2\/pages\/37469"}],"collection":[{"href":"http:\/\/viatgespoblenou.com\/es\/wp-json\/wp\/v2\/pages"}],"about":[{"href":"http:\/\/viatgespoblenou.com\/es\/wp-json\/wp\/v2\/types\/page"}],"author":[{"embeddable":true,"href":"http:\/\/viatgespoblenou.com\/es\/wp-json\/wp\/v2\/users\/1"}],"replies":[{"embeddable":true,"href":"http:\/\/viatgespoblenou.com\/es\/wp-json\/wp\/v2\/comments?post=37469"}],"version-history":[{"count":2,"href":"http:\/\/viatgespoblenou.com\/es\/wp-json\/wp\/v2\/pages\/37469\/revisions"}],"predecessor-version":[{"id":37527,"href":"http:\/\/viatgespoblenou.com\/es\/wp-json\/wp\/v2\/pages\/37469\/revisions\/37527"}],"wp:attachment":[{"href":"http:\/\/viatgespoblenou.com\/es\/wp-json\/wp\/v2\/media?parent=37469"}],"curies":[{"name":"wp","href":"https:\/\/api.w.org\/{rel}","templated":true}]}}