{"id":37466,"date":"2016-09-02T15:39:50","date_gmt":"2016-09-02T15:39:50","guid":{"rendered":"http:\/\/viatgespoblenou.com\/?page_id=37466"},"modified":"2019-08-28T09:05:48","modified_gmt":"2019-08-28T09:05:48","slug":"viatge-de-fi-de-curs-delta-de-lebre-actiu","status":"publish","type":"page","link":"http:\/\/viatgespoblenou.com\/es\/viatge-de-fi-de-curs-delta-de-lebre-actiu\/","title":{"rendered":"Delta de l\u2019Ebre opci\u00f3n 1"},"content":{"rendered":"<section class=\"wpb-content-wrapper\"><p>[vc_row][vc_column width=\u00bb1\/2&#8243;][vc_column_text]<\/p>\n<div class=\"page\" title=\"Page 16\">\n<div class=\"section\">\n<div class=\"layoutArea\">\n<div class=\"column\">\n<p>1er d\u00eda: Escuela &#8211; Hotel &#8211; Recorrido en bicicleta por la Laguna del Delta<\/p>\n<p>2\u00ba d\u00eda: Kayak &#8211; Actividad Multiaventura<\/p>\n<p>3er d\u00eda: Port Aventura &#8211; Escuela<\/p>\n<p><strong>El precio incluye:<\/strong><\/p>\n<p>Autocar a disposici\u00f3n (respetando la normativa)<br \/>\n2 noches de hotel 2 ** en Ampolla o alrededores en r\u00e9gimen de Pensi\u00f3n Completa<br \/>\nRecorrido en bicicleta (material + gu\u00eda)<br \/>\nActividad de Multiaventura: Quads, Tiro con arco, Escalada, Puentes tibetanos, Tirolinas, Pista tipo \u00abAmericana\u00bb (material + monitores)<br \/>\nActividad de Kayak (material + monitores)<br \/>\nEntrada en Port Aventura<br \/>\nTalonarios de autofinanciaci\u00f3n<br \/>\nSeguro de asistencia en viaje y P\u00f3liza de responsabilidad civil<br \/>\nGratuidades para profesores<br \/>\nA viajes poblenou organizamos tu viaje de fin de curso ideal. No lo pienses m\u00e1s y p\u00eddenos presupuesto!<\/p>\n<\/div>\n<\/div>\n<\/div>\n<\/div>\n<p>[\/vc_column_text][vc_empty_space height=\u00bb30px\u00bb][vc_single_image image=\u00bb36839&#8243; img_size=\u00bbfull\u00bb onclick=\u00bbcustom_link\u00bb link=\u00bbhttp:\/\/viatgespoblenou.com\/pressupost\/\u00bb][\/vc_column][vc_column width=\u00bb1\/2&#8243;][rev_slider_vc alias=\u00bbalgust\u00bb][\/vc_column][\/vc_row][vc_row][vc_column][vc_empty_space height=\u00bb70px\u00bb][\/vc_column][\/vc_row]<\/p>\n<\/section>","protected":false},"excerpt":{"rendered":"<p>[vc_row][vc_column width=\u00bb1\/2&#8243;][vc_column_text] 1er d\u00eda: Escuela &#8211; Hotel &#8211; Recorrido en bicicleta por la Laguna del Delta 2\u00ba d\u00eda: Kayak &#8211; Actividad Multiaventura 3er d\u00eda: Port Aventura &#8211; Escuela El precio incluye: Autocar a disposici\u00f3n (respetando la normativa) 2 noches de hotel 2 ** en Ampolla o alrededores en r\u00e9gimen de Pensi\u00f3n Completa Recorrido en bicicleta&hellip;<\/p>\n","protected":false},"author":1,"featured_media":0,"parent":0,"menu_order":0,"comment_status":"closed","ping_status":"closed","template":"","meta":[],"yoast_head":"<!-- This site is optimized with the Yoast SEO plugin v19.7.1 - https:\/\/yoast.com\/wordpress\/plugins\/seo\/ -->\n<title>Delta de l\u2019Ebre opci\u00f3n 1 - viatgespoblenou<\/title>\n<meta name=\"robots\" content=\"index, follow, max-snippet:-1, max-image-preview:large, max-video-preview:-1\" \/>\n<link rel=\"canonical\" href=\"http:\/\/viatgespoblenou.com\/viatge-de-fi-de-curs-delta-de-lebre-actiu\/\" \/>\n<meta property=\"og:locale\" content=\"es_ES\" \/>\n<meta property=\"og:type\" content=\"article\" \/>\n<meta property=\"og:title\" content=\"Delta de l\u2019Ebre opci\u00f3n 1 - viatgespoblenou\" \/>\n<meta property=\"og:description\" content=\"[vc_row][vc_column width=\u00bb1\/2&#8243;][vc_column_text] 1er d\u00eda: Escuela &#8211; Hotel &#8211; Recorrido en bicicleta por la Laguna del Delta 2\u00ba d\u00eda: Kayak &#8211; Actividad Multiaventura 3er d\u00eda: Port Aventura &#8211; Escuela El precio incluye: Autocar a disposici\u00f3n (respetando la normativa) 2 noches de hotel 2 ** en Ampolla o alrededores en r\u00e9gimen de Pensi\u00f3n Completa Recorrido en bicicleta&hellip;\" \/>\n<meta property=\"og:url\" content=\"http:\/\/viatgespoblenou.com\/viatge-de-fi-de-curs-delta-de-lebre-actiu\/\" \/>\n<meta property=\"og:site_name\" content=\"viatgespoblenou\" \/>\n<meta property=\"article:publisher\" content=\"https:\/\/es-la.facebook.com\/people\/Viatges-Poblenou\/100001670703933\" \/>\n<meta property=\"article:modified_time\" content=\"2019-08-28T09:05:48+00:00\" \/>\n<meta name=\"twitter:card\" content=\"summary\" \/>\n<meta name=\"twitter:label1\" content=\"Tiempo de lectura\" \/>\n\t<meta name=\"twitter:data1\" content=\"2 minutos\" \/>\n<script type=\"application\/ld+json\" class=\"yoast-schema-graph\">{\"@context\":\"https:\/\/schema.org\",\"@graph\":[{\"@type\":\"WebPage\",\"@id\":\"http:\/\/viatgespoblenou.com\/viatge-de-fi-de-curs-delta-de-lebre-actiu\/\",\"url\":\"http:\/\/viatgespoblenou.com\/viatge-de-fi-de-curs-delta-de-lebre-actiu\/\",\"name\":\"Delta de l\u2019Ebre opci\u00f3n 1 - viatgespoblenou\",\"isPartOf\":{\"@id\":\"http:\/\/viatgespoblenou.com\/#website\"},\"datePublished\":\"2016-09-02T15:39:50+00:00\",\"dateModified\":\"2019-08-28T09:05:48+00:00\",\"breadcrumb\":{\"@id\":\"http:\/\/viatgespoblenou.com\/viatge-de-fi-de-curs-delta-de-lebre-actiu\/#breadcrumb\"},\"inLanguage\":\"es\",\"potentialAction\":[{\"@type\":\"ReadAction\",\"target\":[\"http:\/\/viatgespoblenou.com\/viatge-de-fi-de-curs-delta-de-lebre-actiu\/\"]}]},{\"@type\":\"BreadcrumbList\",\"@id\":\"http:\/\/viatgespoblenou.com\/viatge-de-fi-de-curs-delta-de-lebre-actiu\/#breadcrumb\",\"itemListElement\":[{\"@type\":\"ListItem\",\"position\":1,\"name\":\"Home\",\"item\":\"http:\/\/viatgespoblenou.com\/\"},{\"@type\":\"ListItem\",\"position\":2,\"name\":\"Delta de l\u2019Ebre opci\u00f3 1\"}]},{\"@type\":\"WebSite\",\"@id\":\"http:\/\/viatgespoblenou.com\/#website\",\"url\":\"http:\/\/viatgespoblenou.com\/\",\"name\":\"viatgespoblenou\",\"description\":\"\",\"potentialAction\":[{\"@type\":\"SearchAction\",\"target\":{\"@type\":\"EntryPoint\",\"urlTemplate\":\"http:\/\/viatgespoblenou.com\/?s={search_term_string}\"},\"query-input\":\"required name=search_term_string\"}],\"inLanguage\":\"es\"}]}<\/script>\n<!-- \/ Yoast SEO plugin. -->","yoast_head_json":{"title":"Delta de l\u2019Ebre opci\u00f3n 1 - viatgespoblenou","robots":{"index":"index","follow":"follow","max-snippet":"max-snippet:-1","max-image-preview":"max-image-preview:large","max-video-preview":"max-video-preview:-1"},"canonical":"http:\/\/viatgespoblenou.com\/viatge-de-fi-de-curs-delta-de-lebre-actiu\/","og_locale":"es_ES","og_type":"article","og_title":"Delta de l\u2019Ebre opci\u00f3n 1 - viatgespoblenou","og_description":"[vc_row][vc_column width=\u00bb1\/2&#8243;][vc_column_text] 1er d\u00eda: Escuela &#8211; Hotel &#8211; Recorrido en bicicleta por la Laguna del Delta 2\u00ba d\u00eda: Kayak &#8211; Actividad Multiaventura 3er d\u00eda: Port Aventura &#8211; Escuela El precio incluye: Autocar a disposici\u00f3n (respetando la normativa) 2 noches de hotel 2 ** en Ampolla o alrededores en r\u00e9gimen de Pensi\u00f3n Completa Recorrido en bicicleta&hellip;","og_url":"http:\/\/viatgespoblenou.com\/viatge-de-fi-de-curs-delta-de-lebre-actiu\/","og_site_name":"viatgespoblenou","article_publisher":"https:\/\/es-la.facebook.com\/people\/Viatges-Poblenou\/100001670703933","article_modified_time":"2019-08-28T09:05:48+00:00","twitter_card":"summary","twitter_misc":{"Tiempo de lectura":"2 minutos"},"schema":{"@context":"https:\/\/schema.org","@graph":[{"@type":"WebPage","@id":"http:\/\/viatgespoblenou.com\/viatge-de-fi-de-curs-delta-de-lebre-actiu\/","url":"http:\/\/viatgespoblenou.com\/viatge-de-fi-de-curs-delta-de-lebre-actiu\/","name":"Delta de l\u2019Ebre opci\u00f3n 1 - viatgespoblenou","isPartOf":{"@id":"http:\/\/viatgespoblenou.com\/#website"},"datePublished":"2016-09-02T15:39:50+00:00","dateModified":"2019-08-28T09:05:48+00:00","breadcrumb":{"@id":"http:\/\/viatgespoblenou.com\/viatge-de-fi-de-curs-delta-de-lebre-actiu\/#breadcrumb"},"inLanguage":"es","potentialAction":[{"@type":"ReadAction","target":["http:\/\/viatgespoblenou.com\/viatge-de-fi-de-curs-delta-de-lebre-actiu\/"]}]},{"@type":"BreadcrumbList","@id":"http:\/\/viatgespoblenou.com\/viatge-de-fi-de-curs-delta-de-lebre-actiu\/#breadcrumb","itemListElement":[{"@type":"ListItem","position":1,"name":"Home","item":"http:\/\/viatgespoblenou.com\/"},{"@type":"ListItem","position":2,"name":"Delta de l\u2019Ebre opci\u00f3 1"}]},{"@type":"WebSite","@id":"http:\/\/viatgespoblenou.com\/#website","url":"http:\/\/viatgespoblenou.com\/","name":"viatgespoblenou","description":"","potentialAction":[{"@type":"SearchAction","target":{"@type":"EntryPoint","urlTemplate":"http:\/\/viatgespoblenou.com\/?s={search_term_string}"},"query-input":"required name=search_term_string"}],"inLanguage":"es"}]}},"_links":{"self":[{"href":"http:\/\/viatgespoblenou.com\/es\/wp-json\/wp\/v2\/pages\/37466"}],"collection":[{"href":"http:\/\/viatgespoblenou.com\/es\/wp-json\/wp\/v2\/pages"}],"about":[{"href":"http:\/\/viatgespoblenou.com\/es\/wp-json\/wp\/v2\/types\/page"}],"author":[{"embeddable":true,"href":"http:\/\/viatgespoblenou.com\/es\/wp-json\/wp\/v2\/users\/1"}],"replies":[{"embeddable":true,"href":"http:\/\/viatgespoblenou.com\/es\/wp-json\/wp\/v2\/comments?post=37466"}],"version-history":[{"count":6,"href":"http:\/\/viatgespoblenou.com\/es\/wp-json\/wp\/v2\/pages\/37466\/revisions"}],"predecessor-version":[{"id":38651,"href":"http:\/\/viatgespoblenou.com\/es\/wp-json\/wp\/v2\/pages\/37466\/revisions\/38651"}],"wp:attachment":[{"href":"http:\/\/viatgespoblenou.com\/es\/wp-json\/wp\/v2\/media?parent=37466"}],"curies":[{"name":"wp","href":"https:\/\/api.w.org\/{rel}","templated":true}]}}