{"id":37422,"date":"2016-09-01T18:20:32","date_gmt":"2016-09-01T18:20:32","guid":{"rendered":"http:\/\/viatgespoblenou.com\/?page_id=37422"},"modified":"2017-02-12T11:01:20","modified_gmt":"2017-02-12T11:01:20","slug":"setmana-blanca-candanchu-hotel-tobazo","status":"publish","type":"page","link":"http:\/\/viatgespoblenou.com\/es\/setmana-blanca-candanchu-hotel-tobazo\/","title":{"rendered":"CANDANCH\u00da HOTEL TOBAZO"},"content":{"rendered":"<section class=\"wpb-content-wrapper\"><p>[vc_row full_width=\u00bb\u00bb margin_top=\u00bb0&#8243; margin_bottom=\u00bb0&#8243; padding_left=\u00bb0&#8243; padding_right=\u00bb0&#8243; bg_position=\u00bbtop\u00bb bg_repeat=\u00bbno-repeat\u00bb bg_cover=\u00bbfalse\u00bb bg_attachment=\u00bbfalse\u00bb padding_top=\u00bb0&#8243; padding_bottom=\u00bb0&#8243; enable_parallax=\u00bb\u00bb parallax_speed=\u00bb0.1&#8243; bg_type=\u00bbno_bg\u00bb bg_grad=\u00bbbackground: -webkit-gradient(linear, left top, left bottom, color-stop(0%, #E3E3E3));background: -moz-linear-gradient(top,#E3E3E3 0%);background: -webkit-linear-gradient(top,#E3E3E3 0%);background: -o-linear-gradient(top,#E3E3E3 0%);background: -ms-linear-gradient(top,#E3E3E3 0%);background: linear-gradient(top,#E3E3E3 0%);\u00bb parallax_style=\u00bbvcpb-default\u00bb bg_image_repeat=\u00bbrepeat\u00bb bg_image_size=\u00bbcover\u00bb bg_img_attach=\u00bbscroll\u00bb parallax_sense=\u00bb30&#8243; animation_direction=\u00bbleft-animation\u00bb animation_repeat=\u00bbrepeat\u00bb video_opts=\u00bb\u00bb viewport_vdo=\u00bboff\u00bb enable_controls=\u00bboff\u00bb bg_override=\u00bb0&#8243; parallax_content_sense=\u00bb30&#8243; fadeout_start_effect=\u00bb30&#8243; overlay_pattern_opacity=\u00bb80&#8243; overlay_pattern_attachment=\u00bbfixed\u00bb multi_color_overlay=\u00bb\u00bb multi_color_overlay_opacity=\u00bb60&#8243; seperator_type=\u00bbnone_seperator\u00bb seperator_position=\u00bbtop_seperator\u00bb seperator_shape_size=\u00bb40&#8243; seperator_svg_height=\u00bb60&#8243; seperator_shape_background=\u00bb#ffffff\u00bb seperator_shape_border=\u00bbnone\u00bb seperator_shape_border_width=\u00bb1&#8243; icon_type=\u00bbno_icon\u00bb icon_size=\u00bb32&#8243; icon_style=\u00bbnone\u00bb icon_color_border=\u00bb#333333&#8243; icon_border_size=\u00bb1&#8243; icon_border_radius=\u00bb500&#8243; icon_border_spacing=\u00bb50&#8243; img_width=\u00bb48&#8243; ult_hide_row_large_screen=\u00bboff\u00bb ult_hide_row_desktop=\u00bboff\u00bb ult_hide_row_tablet=\u00bboff\u00bb ult_hide_row_tablet_small=\u00bboff\u00bb ult_hide_row_mobile=\u00bboff\u00bb ult_hide_row_mobile_large=\u00bboff\u00bb][vc_column width=\u00bb1\/4&#8243;][vc_single_image image=\u00bb37423&#8243; border_color=\u00bbgrey\u00bb img_link_large=\u00bbyes\u00bb img_link_target=\u00bb_self\u00bb img_size=\u00bbfull\u00bb][vc_empty_space height=\u00bb30px\u00bb][vc_single_image image=\u00bb37424&#8243; border_color=\u00bbgrey\u00bb img_link_large=\u00bbyes\u00bb img_link_target=\u00bb_self\u00bb img_size=\u00bbfull\u00bb][vc_empty_space height=\u00bb30px\u00bb][vc_single_image image=\u00bb37425&#8243; border_color=\u00bbgrey\u00bb img_link_large=\u00bbyes\u00bb img_link_target=\u00bb_self\u00bb img_size=\u00bbfull\u00bb][vc_empty_space height=\u00bb30px\u00bb][vc_single_image image=\u00bb37426&#8243; border_color=\u00bbgrey\u00bb img_link_large=\u00bbyes\u00bb img_link_target=\u00bb_self\u00bb img_size=\u00bbfull\u00bb][vc_empty_space height=\u00bb40px\u00bb][\/vc_column][vc_column width=\u00bb3\/4&#8243;][vc_column_text]<\/p>\n<h3 class=\"lletracoordinacio2\" style=\"text-align: center;\">Temporada de esqu\u00ed<\/h3>\n<p class=\"lletracoordinacio3\"><span style=\"color: #3366ff;\">Temporada Baja<\/span>: De domingo a mi\u00e9rcoles, del 8 al 18 de diciembre y segunda semana de enero (despu\u00e9s de reyes).<br \/>\n<span style=\"color: #ff6600;\">Temporada Media<\/span>: De mi\u00e9rcoles a viernes<br \/>\n<span style=\"color: #ff0000;\">Temporada Alta<\/span>: Navidad, festivos, puentes y fines de semana<\/p>\n<div class=\"page\" title=\"Page 10\">\n<div class=\"section\">\n<div class=\"layoutArea\">\n<div class=\"column\">\n<h3><\/h3>\n<p>\u2022 La estaci\u00f3n m\u00e1s famosa del Pirineo Aragon\u00e9s<br \/>\n\u2022 Garant\u00eda total de nieve<br \/>\n\u2022 Hotel Tobazo 3 *** ubicado en el centro de Candanch\u00fa<br \/>\n\u2022 Habitaciones acogedoras, amplias, exteriores, TV y Wifi<br \/>\n\u2022 Salones, cocina casera, bar-cocktail y restaurante<br \/>\n\u2022 Gran oferta complementaria<\/p>\n<p>&nbsp;<\/p>\n<\/div>\n<\/div>\n<\/div>\n<\/div>\n<h3 class=\"lletracoordinacio4\">Hotel Tobazo*** A pie\u00a0de pistas!<\/h3>\n<div>\n<div>\n<table border=\"0\" width=\"677\">\n<tbody>\n<tr class=\"lletracoordinacio2\">\n<td style=\"text-align: center;\"><strong>NOCHES\u00a0 \u00a0 \u00a0 \u00a0 \u00a0 \u00a0 \u00a0 \u00a0 \u00a0<\/strong><\/td>\n<td style=\"text-align: center;\"><strong>TEMPORADA\u00a0\u00a0PROMOCI\u00d3N<\/strong><\/td>\n<td style=\"text-align: center;\">\u00a0<strong>TEMPORADA \u00a0BAJA<\/strong><\/td>\n<td style=\"text-align: center;\">\u00a0<strong>TEMPORADA \u00a0MEDIA<\/strong><\/td>\n<\/tr>\n<tr>\n<td class=\"lletracoordinacio3\">2 noches\u00a0+ 3\u00a0d\u00edas<\/td>\n<td class=\"lletracoordinacio3\" style=\"text-align: center;\">\u00a0 \u00a0 250\u20ac<\/td>\n<td class=\"lletracoordinacio3\" style=\"text-align: center;\">\u00a0 \u00a0 257\u20ac<\/td>\n<td class=\"lletracoordinacio3\" style=\"text-align: center;\">\u00a0 \u00a0 275\u20ac<\/td>\n<\/tr>\n<tr>\n<td class=\"lletracoordinacio3\">3 noches + 3 d\u00edas<\/td>\n<td class=\"lletracoordinacio3\" style=\"text-align: center;\">\u00a0 \u00a0 \u00a0292\u20ac<\/td>\n<td class=\"lletracoordinacio3\" style=\"text-align: center;\">\u00a0 \u00a0 302\u20ac<\/td>\n<td class=\"lletracoordinacio3\" style=\"text-align: center;\">\u00a0 \u00a0 326\u20ac<\/td>\n<\/tr>\n<tr>\n<td class=\"lletracoordinacio3\">3 noches + 4 d\u00edas<\/td>\n<td class=\"lletracoordinacio3\" style=\"text-align: center;\">\u00a0 \u00a0 \u00a0319\u20ac<\/td>\n<td class=\"lletracoordinacio3\" style=\"text-align: center;\">\u00a0 \u00a0 329\u20ac<\/td>\n<td class=\"lletracoordinacio3\" style=\"text-align: center;\">\u00a0 \u00a0 345\u20ac<\/td>\n<\/tr>\n<tr>\n<td class=\"lletracoordinacio3\">4 noches + 4 d\u00edas<\/td>\n<td class=\"lletracoordinacio3\" style=\"text-align: center;\">\u00a0 \u00a0 \u00a0355\u20ac<\/td>\n<td class=\"lletracoordinacio3\" style=\"text-align: center;\">\u00a0 \u00a0 368\u20ac<\/td>\n<td class=\"lletracoordinacio3\" style=\"text-align: center;\">\u00a0 \u00a0 389\u20ac<\/td>\n<\/tr>\n<tr>\n<td class=\"lletracoordinacio3\">4 noches + 5 d\u00edas<\/td>\n<td class=\"lletracoordinacio3\" style=\"text-align: center;\">\u00a0 \u00a0 \u00a0376\u20ac<\/td>\n<td class=\"lletracoordinacio3\" style=\"text-align: center;\">\u00a0 \u00a0 388\u20ac<\/td>\n<td class=\"lletracoordinacio3\" style=\"text-align: center;\">\u00a0 \u00a0\u00a0410\u20ac<\/td>\n<\/tr>\n<tr>\n<td class=\"lletracoordinacio3\">5 noches + 5 d\u00edas<\/td>\n<td class=\"lletracoordinacio3\" style=\"text-align: center;\">\u00a0 \u00a0 \u00a0440\u20ac<\/td>\n<td class=\"lletracoordinacio3\" style=\"text-align: center;\">\u00a0 \u00a0 456\u20ac<\/td>\n<td class=\"lletracoordinacio3\" style=\"text-align: center;\">\u00a0 \u00a0 483\u20ac<\/td>\n<\/tr>\n<\/tbody>\n<\/table>\n<\/div>\n<div><\/div>\n<div class=\"lletracoordinacio2\">\n<p>* Precios basados en 50 personas de ocupaci\u00f3n de autocar y con un 21% de IVA incluido<\/p>\n<\/div>\n<\/div>\n<p>&nbsp;<\/p>\n<p><strong><span class=\"lletracoordinacio2\">El precio\u00a0incluye:<\/span><\/strong><\/p>\n<div class=\"page\" title=\"Page 10\">\n<div class=\"section\">\n<div class=\"layoutArea\">\n<div class=\"column\">\n<p>Traslado Escuela &#8211; Candanch\u00fa &#8211; Escuela.<br \/>\nAsistencia en la salida por parte del personal de Viatges Poblenou.<br \/>\nAlojamiento en hotel c\u00e9ntrico 3 *** en Candanch\u00fa en r\u00e9gimen de Media Pensi\u00f3n.<br \/>\nComida: men\u00fa caliente en el bar de pistas.<br \/>\nForfaits para los d\u00edas escogidos.<br \/>\nAsistencia en el alquiler de material.<br \/>\nCasco todos los d\u00edas (obligatorio).<br \/>\nClases de esqu\u00ed durante todo el d\u00eda (1 monitor cada 10\/12 alumnos).<br \/>\nAnimaci\u00f3n y actividades de tarde y noche cada d\u00eda con los nuestros.<br \/>\nmonitores de tiempo libre.<br \/>\nEntrega de diplomas.<br \/>\nGratuidades para profesores (3 por cada 50 alumnos).<br \/>\nFin de semana de supervisi\u00f3n por el profesorado.<br \/>\nSeguro de responsabilidad civil.<br \/>\nTalonarios de autofinanciaci\u00f3n.<\/p>\n<\/div>\n<\/div>\n<\/div>\n<\/div>\n<p><span class=\"lletracoordinacio3\">\u00a0<\/span><\/p>\n<p class=\"lletracoordinacio3\"><strong><span class=\"lletracoordinacio2\">El precio\u00a0no incluye:<\/span><\/strong><\/p>\n<div class=\"page\" title=\"Page 10\">\n<div class=\"section\">\n<div class=\"layoutArea\">\n<div class=\"column\">\n<p>\u2022 Material de Esqui\u0301: 4 \u20ac (por persona y\u00a0d\u00eda)<br \/>\n\u2022 Suplemento de Snow (a consultar)<\/p>\n<\/div>\n<\/div>\n<\/div>\n<\/div>\n<p><span class=\"lletracoordinacio3\"><br \/>\n<\/span>[\/vc_column_text][vc_empty_space height=\u00bb30px\u00bb][vc_single_image image=\u00bb36839&#8243; border_color=\u00bbgrey\u00bb img_link_large=\u00bb\u00bb img_link_target=\u00bb_self\u00bb img_size=\u00bbfull\u00bb link=\u00bbhttp:\/\/viatgespoblenou.com\/pressupost\/\u00bb][\/vc_column][\/vc_row]<\/p>\n<\/section>","protected":false},"excerpt":{"rendered":"<p>[vc_row full_width=\u00bb\u00bb margin_top=\u00bb0&#8243; margin_bottom=\u00bb0&#8243; padding_left=\u00bb0&#8243; padding_right=\u00bb0&#8243; bg_position=\u00bbtop\u00bb bg_repeat=\u00bbno-repeat\u00bb bg_cover=\u00bbfalse\u00bb bg_attachment=\u00bbfalse\u00bb padding_top=\u00bb0&#8243; padding_bottom=\u00bb0&#8243; enable_parallax=\u00bb\u00bb parallax_speed=\u00bb0.1&#8243; bg_type=\u00bbno_bg\u00bb bg_grad=\u00bbbackground: -webkit-gradient(linear, left top, left bottom, color-stop(0%, #E3E3E3));background: -moz-linear-gradient(top,#E3E3E3 0%);background: -webkit-linear-gradient(top,#E3E3E3 0%);background: -o-linear-gradient(top,#E3E3E3 0%);background: -ms-linear-gradient(top,#E3E3E3 0%);background: linear-gradient(top,#E3E3E3 0%);\u00bb parallax_style=\u00bbvcpb-default\u00bb bg_image_repeat=\u00bbrepeat\u00bb bg_image_size=\u00bbcover\u00bb bg_img_attach=\u00bbscroll\u00bb parallax_sense=\u00bb30&#8243; animation_direction=\u00bbleft-animation\u00bb animation_repeat=\u00bbrepeat\u00bb video_opts=\u00bb\u00bb viewport_vdo=\u00bboff\u00bb enable_controls=\u00bboff\u00bb bg_override=\u00bb0&#8243; parallax_content_sense=\u00bb30&#8243; fadeout_start_effect=\u00bb30&#8243; overlay_pattern_opacity=\u00bb80&#8243; overlay_pattern_attachment=\u00bbfixed\u00bb multi_color_overlay=\u00bb\u00bb multi_color_overlay_opacity=\u00bb60&#8243; seperator_type=\u00bbnone_seperator\u00bb seperator_position=\u00bbtop_seperator\u00bb seperator_shape_size=\u00bb40&#8243; seperator_svg_height=\u00bb60&#8243; seperator_shape_background=\u00bb#ffffff\u00bb&hellip;<\/p>\n","protected":false},"author":1,"featured_media":0,"parent":0,"menu_order":0,"comment_status":"closed","ping_status":"closed","template":"","meta":[],"yoast_head":"<!-- This site is optimized with the Yoast SEO plugin v19.7.1 - https:\/\/yoast.com\/wordpress\/plugins\/seo\/ -->\n<title>CANDANCH\u00da HOTEL TOBAZO - viatgespoblenou<\/title>\n<meta name=\"robots\" content=\"index, follow, max-snippet:-1, max-image-preview:large, max-video-preview:-1\" \/>\n<link rel=\"canonical\" href=\"http:\/\/viatgespoblenou.com\/es\/setmana-blanca-candanchu-hotel-tobazo\/\" \/>\n<meta property=\"og:locale\" content=\"es_ES\" \/>\n<meta property=\"og:type\" content=\"article\" \/>\n<meta property=\"og:title\" content=\"CANDANCH\u00da HOTEL TOBAZO - viatgespoblenou\" \/>\n<meta property=\"og:description\" content=\"[vc_row full_width=\u00bb\u00bb margin_top=\u00bb0&#8243; margin_bottom=\u00bb0&#8243; padding_left=\u00bb0&#8243; padding_right=\u00bb0&#8243; bg_position=\u00bbtop\u00bb bg_repeat=\u00bbno-repeat\u00bb bg_cover=\u00bbfalse\u00bb bg_attachment=\u00bbfalse\u00bb padding_top=\u00bb0&#8243; padding_bottom=\u00bb0&#8243; enable_parallax=\u00bb\u00bb parallax_speed=\u00bb0.1&#8243; bg_type=\u00bbno_bg\u00bb bg_grad=\u00bbbackground: -webkit-gradient(linear, left top, left bottom, color-stop(0%, #E3E3E3));background: -moz-linear-gradient(top,#E3E3E3 0%);background: -webkit-linear-gradient(top,#E3E3E3 0%);background: -o-linear-gradient(top,#E3E3E3 0%);background: -ms-linear-gradient(top,#E3E3E3 0%);background: linear-gradient(top,#E3E3E3 0%);\u00bb parallax_style=\u00bbvcpb-default\u00bb bg_image_repeat=\u00bbrepeat\u00bb bg_image_size=\u00bbcover\u00bb bg_img_attach=\u00bbscroll\u00bb parallax_sense=\u00bb30&#8243; animation_direction=\u00bbleft-animation\u00bb animation_repeat=\u00bbrepeat\u00bb video_opts=\u00bb\u00bb viewport_vdo=\u00bboff\u00bb enable_controls=\u00bboff\u00bb bg_override=\u00bb0&#8243; parallax_content_sense=\u00bb30&#8243; fadeout_start_effect=\u00bb30&#8243; overlay_pattern_opacity=\u00bb80&#8243; overlay_pattern_attachment=\u00bbfixed\u00bb multi_color_overlay=\u00bb\u00bb multi_color_overlay_opacity=\u00bb60&#8243; seperator_type=\u00bbnone_seperator\u00bb seperator_position=\u00bbtop_seperator\u00bb seperator_shape_size=\u00bb40&#8243; seperator_svg_height=\u00bb60&#8243; seperator_shape_background=\u00bb#ffffff\u00bb&hellip;\" \/>\n<meta property=\"og:url\" content=\"http:\/\/viatgespoblenou.com\/es\/setmana-blanca-candanchu-hotel-tobazo\/\" \/>\n<meta property=\"og:site_name\" content=\"viatgespoblenou\" \/>\n<meta property=\"article:publisher\" content=\"https:\/\/es-la.facebook.com\/people\/Viatges-Poblenou\/100001670703933\" \/>\n<meta property=\"article:modified_time\" content=\"2017-02-12T11:01:20+00:00\" \/>\n<meta name=\"twitter:card\" content=\"summary\" \/>\n<meta name=\"twitter:label1\" content=\"Tiempo de lectura\" \/>\n\t<meta name=\"twitter:data1\" content=\"6 minutos\" \/>\n<script type=\"application\/ld+json\" class=\"yoast-schema-graph\">{\"@context\":\"https:\/\/schema.org\",\"@graph\":[{\"@type\":\"WebPage\",\"@id\":\"http:\/\/viatgespoblenou.com\/es\/setmana-blanca-candanchu-hotel-tobazo\/\",\"url\":\"http:\/\/viatgespoblenou.com\/es\/setmana-blanca-candanchu-hotel-tobazo\/\",\"name\":\"CANDANCH\u00da HOTEL TOBAZO - viatgespoblenou\",\"isPartOf\":{\"@id\":\"http:\/\/viatgespoblenou.com\/#website\"},\"datePublished\":\"2016-09-01T18:20:32+00:00\",\"dateModified\":\"2017-02-12T11:01:20+00:00\",\"breadcrumb\":{\"@id\":\"http:\/\/viatgespoblenou.com\/es\/setmana-blanca-candanchu-hotel-tobazo\/#breadcrumb\"},\"inLanguage\":\"es\",\"potentialAction\":[{\"@type\":\"ReadAction\",\"target\":[\"http:\/\/viatgespoblenou.com\/es\/setmana-blanca-candanchu-hotel-tobazo\/\"]}]},{\"@type\":\"BreadcrumbList\",\"@id\":\"http:\/\/viatgespoblenou.com\/es\/setmana-blanca-candanchu-hotel-tobazo\/#breadcrumb\",\"itemListElement\":[{\"@type\":\"ListItem\",\"position\":1,\"name\":\"Home\",\"item\":\"http:\/\/viatgespoblenou.com\/\"},{\"@type\":\"ListItem\",\"position\":2,\"name\":\"CANDANCH\u00da HOTEL TOBAZO\"}]},{\"@type\":\"WebSite\",\"@id\":\"http:\/\/viatgespoblenou.com\/#website\",\"url\":\"http:\/\/viatgespoblenou.com\/\",\"name\":\"viatgespoblenou\",\"description\":\"\",\"potentialAction\":[{\"@type\":\"SearchAction\",\"target\":{\"@type\":\"EntryPoint\",\"urlTemplate\":\"http:\/\/viatgespoblenou.com\/?s={search_term_string}\"},\"query-input\":\"required name=search_term_string\"}],\"inLanguage\":\"es\"}]}<\/script>\n<!-- \/ Yoast SEO plugin. -->","yoast_head_json":{"title":"CANDANCH\u00da HOTEL TOBAZO - viatgespoblenou","robots":{"index":"index","follow":"follow","max-snippet":"max-snippet:-1","max-image-preview":"max-image-preview:large","max-video-preview":"max-video-preview:-1"},"canonical":"http:\/\/viatgespoblenou.com\/es\/setmana-blanca-candanchu-hotel-tobazo\/","og_locale":"es_ES","og_type":"article","og_title":"CANDANCH\u00da HOTEL TOBAZO - viatgespoblenou","og_description":"[vc_row full_width=\u00bb\u00bb margin_top=\u00bb0&#8243; margin_bottom=\u00bb0&#8243; padding_left=\u00bb0&#8243; padding_right=\u00bb0&#8243; bg_position=\u00bbtop\u00bb bg_repeat=\u00bbno-repeat\u00bb bg_cover=\u00bbfalse\u00bb bg_attachment=\u00bbfalse\u00bb padding_top=\u00bb0&#8243; padding_bottom=\u00bb0&#8243; enable_parallax=\u00bb\u00bb parallax_speed=\u00bb0.1&#8243; bg_type=\u00bbno_bg\u00bb bg_grad=\u00bbbackground: -webkit-gradient(linear, left top, left bottom, color-stop(0%, #E3E3E3));background: -moz-linear-gradient(top,#E3E3E3 0%);background: -webkit-linear-gradient(top,#E3E3E3 0%);background: -o-linear-gradient(top,#E3E3E3 0%);background: -ms-linear-gradient(top,#E3E3E3 0%);background: linear-gradient(top,#E3E3E3 0%);\u00bb parallax_style=\u00bbvcpb-default\u00bb bg_image_repeat=\u00bbrepeat\u00bb bg_image_size=\u00bbcover\u00bb bg_img_attach=\u00bbscroll\u00bb parallax_sense=\u00bb30&#8243; animation_direction=\u00bbleft-animation\u00bb animation_repeat=\u00bbrepeat\u00bb video_opts=\u00bb\u00bb viewport_vdo=\u00bboff\u00bb enable_controls=\u00bboff\u00bb bg_override=\u00bb0&#8243; parallax_content_sense=\u00bb30&#8243; fadeout_start_effect=\u00bb30&#8243; overlay_pattern_opacity=\u00bb80&#8243; overlay_pattern_attachment=\u00bbfixed\u00bb multi_color_overlay=\u00bb\u00bb multi_color_overlay_opacity=\u00bb60&#8243; seperator_type=\u00bbnone_seperator\u00bb seperator_position=\u00bbtop_seperator\u00bb seperator_shape_size=\u00bb40&#8243; seperator_svg_height=\u00bb60&#8243; seperator_shape_background=\u00bb#ffffff\u00bb&hellip;","og_url":"http:\/\/viatgespoblenou.com\/es\/setmana-blanca-candanchu-hotel-tobazo\/","og_site_name":"viatgespoblenou","article_publisher":"https:\/\/es-la.facebook.com\/people\/Viatges-Poblenou\/100001670703933","article_modified_time":"2017-02-12T11:01:20+00:00","twitter_card":"summary","twitter_misc":{"Tiempo de lectura":"6 minutos"},"schema":{"@context":"https:\/\/schema.org","@graph":[{"@type":"WebPage","@id":"http:\/\/viatgespoblenou.com\/es\/setmana-blanca-candanchu-hotel-tobazo\/","url":"http:\/\/viatgespoblenou.com\/es\/setmana-blanca-candanchu-hotel-tobazo\/","name":"CANDANCH\u00da HOTEL TOBAZO - viatgespoblenou","isPartOf":{"@id":"http:\/\/viatgespoblenou.com\/#website"},"datePublished":"2016-09-01T18:20:32+00:00","dateModified":"2017-02-12T11:01:20+00:00","breadcrumb":{"@id":"http:\/\/viatgespoblenou.com\/es\/setmana-blanca-candanchu-hotel-tobazo\/#breadcrumb"},"inLanguage":"es","potentialAction":[{"@type":"ReadAction","target":["http:\/\/viatgespoblenou.com\/es\/setmana-blanca-candanchu-hotel-tobazo\/"]}]},{"@type":"BreadcrumbList","@id":"http:\/\/viatgespoblenou.com\/es\/setmana-blanca-candanchu-hotel-tobazo\/#breadcrumb","itemListElement":[{"@type":"ListItem","position":1,"name":"Home","item":"http:\/\/viatgespoblenou.com\/"},{"@type":"ListItem","position":2,"name":"CANDANCH\u00da HOTEL TOBAZO"}]},{"@type":"WebSite","@id":"http:\/\/viatgespoblenou.com\/#website","url":"http:\/\/viatgespoblenou.com\/","name":"viatgespoblenou","description":"","potentialAction":[{"@type":"SearchAction","target":{"@type":"EntryPoint","urlTemplate":"http:\/\/viatgespoblenou.com\/?s={search_term_string}"},"query-input":"required name=search_term_string"}],"inLanguage":"es"}]}},"_links":{"self":[{"href":"http:\/\/viatgespoblenou.com\/es\/wp-json\/wp\/v2\/pages\/37422"}],"collection":[{"href":"http:\/\/viatgespoblenou.com\/es\/wp-json\/wp\/v2\/pages"}],"about":[{"href":"http:\/\/viatgespoblenou.com\/es\/wp-json\/wp\/v2\/types\/page"}],"author":[{"embeddable":true,"href":"http:\/\/viatgespoblenou.com\/es\/wp-json\/wp\/v2\/users\/1"}],"replies":[{"embeddable":true,"href":"http:\/\/viatgespoblenou.com\/es\/wp-json\/wp\/v2\/comments?post=37422"}],"version-history":[{"count":3,"href":"http:\/\/viatgespoblenou.com\/es\/wp-json\/wp\/v2\/pages\/37422\/revisions"}],"predecessor-version":[{"id":37540,"href":"http:\/\/viatgespoblenou.com\/es\/wp-json\/wp\/v2\/pages\/37422\/revisions\/37540"}],"wp:attachment":[{"href":"http:\/\/viatgespoblenou.com\/es\/wp-json\/wp\/v2\/media?parent=37422"}],"curies":[{"name":"wp","href":"https:\/\/api.w.org\/{rel}","templated":true}]}}