{"id":37019,"date":"2015-09-24T08:33:37","date_gmt":"2015-09-24T08:33:37","guid":{"rendered":"http:\/\/viatgespoblenou.com\/?page_id=37019"},"modified":"2020-10-20T17:47:40","modified_gmt":"2020-10-20T17:47:40","slug":"esqui-escolar-la-nostra-escola-desqui-i-sistema-de-treball","status":"publish","type":"page","link":"http:\/\/viatgespoblenou.com\/es\/esqui-escolar-la-nostra-escola-desqui-i-sistema-de-treball\/","title":{"rendered":"Nuestra escuela de esqu\u00ed y sistema de trabajo"},"content":{"rendered":"<section class=\"wpb-content-wrapper\"><p>[vc_row][vc_column][vc_column_text]<\/p>\n<h2>Nuestra escuela de esqu\u00ed SKB Catalu\u00f1a<a href=\"http:\/\/skbcatalunya.com\/\" target=\"_blank\" rel=\"noopener\"><img loading=\"lazy\" class=\"alignright wp-image-37113 size-full\" src=\"http:\/\/viatgespoblenou.com\/wp-content\/uploads\/2015\/09\/skb.png\" alt=\"skb\" width=\"252\" height=\"180\" \/><\/a><\/h2>\n<p>M\u00e1s de 25 a\u00f1os de experiencia con un departamento \u00fanico y exclusivamente dedicado al esqu\u00ed escolar. Disponemos de una escuela de esqu\u00ed propia, Skb Catalu\u00f1a, registrada en el Consejo Catal\u00e1n del Deporte, formada por un equipo de profesionales especializados en grupos de esqu\u00ed escolar. Tambi\u00e9n ampliamos la oferta con la dinamizaci\u00f3n de las horas en las que no se esqu\u00eda con la ayuda de nuestro equipo de monitores de ocio, Skiboom.<\/p>\n<p>En este apartado os presentamos la oferta de semanas blancas, la posibilidad de hacer esquiadas de d\u00eda y, si se prefiere, esqu\u00ed combinado con otras actividades (raquetas de nieve, h\u00edpica, ba\u00f1os termales\u2026) en la estaci\u00f3n de esqu\u00ed que dese\u00e9is.<\/p>\n<p><a href=\"https:\/\/www.facebook.com\/Skb-Catalunya-339142626111972\/\" target=\"_blank\" rel=\"noopener\"><img src=\"http:\/\/viatgespoblenou.com\/wp-content\/uploads\/2017\/01\/facebook.png\" \/> S\u00edguenos en Facebook!<\/a> \u00a0 <a href=\"https:\/\/www.instagram.com\/skbcatalunya\/\" target=\"_blank\" rel=\"noopener\"><img src=\"http:\/\/viatgespoblenou.com\/wp-content\/uploads\/2020\/10\/Instagram_icon.png\" \/> S\u00edguenos en Instagram!<\/a><\/p>\n<h2>Sistema de trabajo <strong>SKIBOOM SKB Catalu\u00f1a<\/strong><\/h2>\n<p>\u00bfEn qu\u00e9 destacamos?<\/p>\n<ol>\n<li>Asistencia por parte del personal de Viajes Poblenou a la salida desde la escuela<\/li>\n<li>Justo bajar del autocar, nuestros monitores recoger\u00e1n al grupo para que no teng\u00e1is que preocuparos por nada.<\/li>\n<li><img loading=\"lazy\" class=\"alignright size-medium wp-image-37070\" src=\"http:\/\/viatgespoblenou.com\/wp-content\/uploads\/2015\/09\/SkiBoom-300x183.jpg\" alt=\"SkiBoom\" width=\"300\" height=\"183\" \/>Mientras el grupo est\u00e1 alquilando el material con nuestros monitores SKB, nuestro campo de monitores ya tendr\u00e1 los forfaits preparados para poder empezar inmediatamente.<\/li>\n<li>Dedicaci\u00f3n absoluta a los alumnos, ofreciendo un aprendizaje de esqu\u00ed de calidad con la posibilidad de practicar el snowboard, dirigido por los mejores profesionales en nieve. Estamos con ellos durante toda la jornada.<\/li>\n<li>Durante las comidas, el grupo quedar\u00e1 a cargo de nuestros monitores de ocio.<\/li>\n<li>Un grupo de monitores de ocio especializados estar\u00e1n durante toda la estancia haciendo actividades antes y despu\u00e9s de cenar, una vez finalizadas las clases de esqu\u00ed (trineo, tiro con arco, karaoke, chocolatada, discoteca\u2026)<\/li>\n<li>Actividad de discoteca la \u00faltima noche.<\/li>\n<li>Al final de la estancia, la entrega de diplomas.<\/li>\n<li>Asistencia de nuestros monitores a la hora programada, el d\u00eda de la salida hacia casa.<\/li>\n<\/ol>\n<p>[\/vc_column_text][\/vc_column][\/vc_row][vc_row][vc_column][vc_empty_space][vc_row_inner][vc_column_inner width=\u00bb1\/2&#8243;][vc_single_image image=\u00bb37395&#8243; img_size=\u00bbfull\u00bb img_link_large=\u00bbyes\u00bb][\/vc_column_inner][vc_column_inner width=\u00bb1\/2&#8243;][vc_single_image image=\u00bb37394&#8243; img_size=\u00bbfull\u00bb img_link_large=\u00bbyes\u00bb][\/vc_column_inner][\/vc_row_inner][\/vc_column][\/vc_row]<\/p>\n<\/section>","protected":false},"excerpt":{"rendered":"<p>[vc_row][vc_column][vc_column_text] Nuestra escuela de esqu\u00ed SKB Catalu\u00f1a M\u00e1s de 25 a\u00f1os de experiencia con un departamento \u00fanico y exclusivamente dedicado al esqu\u00ed escolar. Disponemos de una escuela de esqu\u00ed propia, Skb Catalu\u00f1a, registrada en el Consejo Catal\u00e1n del Deporte, formada por un equipo de profesionales especializados en grupos de esqu\u00ed escolar. Tambi\u00e9n ampliamos la oferta&hellip;<\/p>\n","protected":false},"author":1,"featured_media":0,"parent":0,"menu_order":0,"comment_status":"open","ping_status":"open","template":"","meta":[],"yoast_head":"<!-- This site is optimized with the Yoast SEO plugin v19.7.1 - https:\/\/yoast.com\/wordpress\/plugins\/seo\/ -->\n<title>Nuestra escuela de esqu\u00ed y sistema de trabajo - viatgespoblenou<\/title>\n<meta name=\"robots\" content=\"index, follow, max-snippet:-1, max-image-preview:large, max-video-preview:-1\" \/>\n<link rel=\"canonical\" href=\"http:\/\/viatgespoblenou.com\/esqui-escolar-la-nostra-escola-desqui-i-sistema-de-treball\/\" \/>\n<meta property=\"og:locale\" content=\"es_ES\" \/>\n<meta property=\"og:type\" content=\"article\" \/>\n<meta property=\"og:title\" content=\"Nuestra escuela de esqu\u00ed y sistema de trabajo - viatgespoblenou\" \/>\n<meta property=\"og:description\" content=\"[vc_row][vc_column][vc_column_text] Nuestra escuela de esqu\u00ed SKB Catalu\u00f1a M\u00e1s de 25 a\u00f1os de experiencia con un departamento \u00fanico y exclusivamente dedicado al esqu\u00ed escolar. Disponemos de una escuela de esqu\u00ed propia, Skb Catalu\u00f1a, registrada en el Consejo Catal\u00e1n del Deporte, formada por un equipo de profesionales especializados en grupos de esqu\u00ed escolar. Tambi\u00e9n ampliamos la oferta&hellip;\" \/>\n<meta property=\"og:url\" content=\"http:\/\/viatgespoblenou.com\/esqui-escolar-la-nostra-escola-desqui-i-sistema-de-treball\/\" \/>\n<meta property=\"og:site_name\" content=\"viatgespoblenou\" \/>\n<meta property=\"article:publisher\" content=\"https:\/\/es-la.facebook.com\/people\/Viatges-Poblenou\/100001670703933\" \/>\n<meta property=\"article:modified_time\" content=\"2020-10-20T17:47:40+00:00\" \/>\n<meta property=\"og:image\" content=\"http:\/\/viatgespoblenou.com\/wp-content\/uploads\/2015\/09\/skb.png\" \/>\n<meta name=\"twitter:card\" content=\"summary\" \/>\n<meta name=\"twitter:label1\" content=\"Tiempo de lectura\" \/>\n\t<meta name=\"twitter:data1\" content=\"4 minutos\" \/>\n<script type=\"application\/ld+json\" class=\"yoast-schema-graph\">{\"@context\":\"https:\/\/schema.org\",\"@graph\":[{\"@type\":\"WebPage\",\"@id\":\"http:\/\/viatgespoblenou.com\/esqui-escolar-la-nostra-escola-desqui-i-sistema-de-treball\/\",\"url\":\"http:\/\/viatgespoblenou.com\/esqui-escolar-la-nostra-escola-desqui-i-sistema-de-treball\/\",\"name\":\"Nuestra escuela de esqu\u00ed y sistema de trabajo - viatgespoblenou\",\"isPartOf\":{\"@id\":\"http:\/\/viatgespoblenou.com\/#website\"},\"datePublished\":\"2015-09-24T08:33:37+00:00\",\"dateModified\":\"2020-10-20T17:47:40+00:00\",\"breadcrumb\":{\"@id\":\"http:\/\/viatgespoblenou.com\/esqui-escolar-la-nostra-escola-desqui-i-sistema-de-treball\/#breadcrumb\"},\"inLanguage\":\"es\",\"potentialAction\":[{\"@type\":\"ReadAction\",\"target\":[\"http:\/\/viatgespoblenou.com\/esqui-escolar-la-nostra-escola-desqui-i-sistema-de-treball\/\"]}]},{\"@type\":\"BreadcrumbList\",\"@id\":\"http:\/\/viatgespoblenou.com\/esqui-escolar-la-nostra-escola-desqui-i-sistema-de-treball\/#breadcrumb\",\"itemListElement\":[{\"@type\":\"ListItem\",\"position\":1,\"name\":\"Home\",\"item\":\"http:\/\/viatgespoblenou.com\/\"},{\"@type\":\"ListItem\",\"position\":2,\"name\":\"esqu\u00ed escolar &#8211; La nostra escola d&#8217;esqu\u00ed i sistema de treball\"}]},{\"@type\":\"WebSite\",\"@id\":\"http:\/\/viatgespoblenou.com\/#website\",\"url\":\"http:\/\/viatgespoblenou.com\/\",\"name\":\"viatgespoblenou\",\"description\":\"\",\"potentialAction\":[{\"@type\":\"SearchAction\",\"target\":{\"@type\":\"EntryPoint\",\"urlTemplate\":\"http:\/\/viatgespoblenou.com\/?s={search_term_string}\"},\"query-input\":\"required name=search_term_string\"}],\"inLanguage\":\"es\"}]}<\/script>\n<!-- \/ Yoast SEO plugin. -->","yoast_head_json":{"title":"Nuestra escuela de esqu\u00ed y sistema de trabajo - viatgespoblenou","robots":{"index":"index","follow":"follow","max-snippet":"max-snippet:-1","max-image-preview":"max-image-preview:large","max-video-preview":"max-video-preview:-1"},"canonical":"http:\/\/viatgespoblenou.com\/esqui-escolar-la-nostra-escola-desqui-i-sistema-de-treball\/","og_locale":"es_ES","og_type":"article","og_title":"Nuestra escuela de esqu\u00ed y sistema de trabajo - viatgespoblenou","og_description":"[vc_row][vc_column][vc_column_text] Nuestra escuela de esqu\u00ed SKB Catalu\u00f1a M\u00e1s de 25 a\u00f1os de experiencia con un departamento \u00fanico y exclusivamente dedicado al esqu\u00ed escolar. Disponemos de una escuela de esqu\u00ed propia, Skb Catalu\u00f1a, registrada en el Consejo Catal\u00e1n del Deporte, formada por un equipo de profesionales especializados en grupos de esqu\u00ed escolar. Tambi\u00e9n ampliamos la oferta&hellip;","og_url":"http:\/\/viatgespoblenou.com\/esqui-escolar-la-nostra-escola-desqui-i-sistema-de-treball\/","og_site_name":"viatgespoblenou","article_publisher":"https:\/\/es-la.facebook.com\/people\/Viatges-Poblenou\/100001670703933","article_modified_time":"2020-10-20T17:47:40+00:00","og_image":[{"url":"http:\/\/viatgespoblenou.com\/wp-content\/uploads\/2015\/09\/skb.png"}],"twitter_card":"summary","twitter_misc":{"Tiempo de lectura":"4 minutos"},"schema":{"@context":"https:\/\/schema.org","@graph":[{"@type":"WebPage","@id":"http:\/\/viatgespoblenou.com\/esqui-escolar-la-nostra-escola-desqui-i-sistema-de-treball\/","url":"http:\/\/viatgespoblenou.com\/esqui-escolar-la-nostra-escola-desqui-i-sistema-de-treball\/","name":"Nuestra escuela de esqu\u00ed y sistema de trabajo - viatgespoblenou","isPartOf":{"@id":"http:\/\/viatgespoblenou.com\/#website"},"datePublished":"2015-09-24T08:33:37+00:00","dateModified":"2020-10-20T17:47:40+00:00","breadcrumb":{"@id":"http:\/\/viatgespoblenou.com\/esqui-escolar-la-nostra-escola-desqui-i-sistema-de-treball\/#breadcrumb"},"inLanguage":"es","potentialAction":[{"@type":"ReadAction","target":["http:\/\/viatgespoblenou.com\/esqui-escolar-la-nostra-escola-desqui-i-sistema-de-treball\/"]}]},{"@type":"BreadcrumbList","@id":"http:\/\/viatgespoblenou.com\/esqui-escolar-la-nostra-escola-desqui-i-sistema-de-treball\/#breadcrumb","itemListElement":[{"@type":"ListItem","position":1,"name":"Home","item":"http:\/\/viatgespoblenou.com\/"},{"@type":"ListItem","position":2,"name":"esqu\u00ed escolar &#8211; La nostra escola d&#8217;esqu\u00ed i sistema de treball"}]},{"@type":"WebSite","@id":"http:\/\/viatgespoblenou.com\/#website","url":"http:\/\/viatgespoblenou.com\/","name":"viatgespoblenou","description":"","potentialAction":[{"@type":"SearchAction","target":{"@type":"EntryPoint","urlTemplate":"http:\/\/viatgespoblenou.com\/?s={search_term_string}"},"query-input":"required name=search_term_string"}],"inLanguage":"es"}]}},"_links":{"self":[{"href":"http:\/\/viatgespoblenou.com\/es\/wp-json\/wp\/v2\/pages\/37019"}],"collection":[{"href":"http:\/\/viatgespoblenou.com\/es\/wp-json\/wp\/v2\/pages"}],"about":[{"href":"http:\/\/viatgespoblenou.com\/es\/wp-json\/wp\/v2\/types\/page"}],"author":[{"embeddable":true,"href":"http:\/\/viatgespoblenou.com\/es\/wp-json\/wp\/v2\/users\/1"}],"replies":[{"embeddable":true,"href":"http:\/\/viatgespoblenou.com\/es\/wp-json\/wp\/v2\/comments?post=37019"}],"version-history":[{"count":21,"href":"http:\/\/viatgespoblenou.com\/es\/wp-json\/wp\/v2\/pages\/37019\/revisions"}],"predecessor-version":[{"id":39174,"href":"http:\/\/viatgespoblenou.com\/es\/wp-json\/wp\/v2\/pages\/37019\/revisions\/39174"}],"wp:attachment":[{"href":"http:\/\/viatgespoblenou.com\/es\/wp-json\/wp\/v2\/media?parent=37019"}],"curies":[{"name":"wp","href":"https:\/\/api.w.org\/{rel}","templated":true}]}}