{"id":36956,"date":"2015-09-22T11:05:48","date_gmt":"2015-09-22T11:05:48","guid":{"rendered":"http:\/\/viatgespoblenou.com\/?page_id=36956"},"modified":"2017-08-18T16:48:28","modified_gmt":"2017-08-18T16:48:28","slug":"esqui-escolar-esqui-1-dia-la-molina","status":"publish","type":"page","link":"http:\/\/viatgespoblenou.com\/es\/esqui-escolar-esqui-1-dia-la-molina\/","title":{"rendered":"Esqu\u00ed 1 d\u00eda &#8211; La Molina"},"content":{"rendered":"<section class=\"wpb-content-wrapper\"><p>[vc_row][vc_column width=\u00bb1\/4&#8243;][vc_single_image image=\u00bb35787&#8243; img_size=\u00bbfull\u00bb][vc_empty_space height=\u00bb40px\u00bb][vc_empty_space height=\u00bb40px\u00bb][\/vc_column][vc_column width=\u00bb3\/4&#8243;][vc_column_text]<\/p>\n<h3 style=\"text-align: center;\"><strong><span class=\"lletracoordinacio2\">Esqu\u00ed 1 D\u00eda<\/span><\/strong><\/h3>\n<p><span class=\"lletracoordinacio2\">Temporada Baja\u00a054<\/span><span class=\"lletracoordinacio3\">\u20ac<\/span><\/p>\n<p><span class=\"lletracoordinacio2\">Temporada Media 64<\/span><span class=\"lletracoordinacio3\">\u20ac<\/span><\/p>\n<p><strong><span class=\"lletracoordinacio2\">El precio incluye:<\/span><\/strong><\/p>\n<ul>\n<li>Autocar de ida y vuelta<\/li>\n<li>Clases de esqu\u00ed todo el d\u00eda. \u00a1\u00a1Ning\u00fan ni\u00f1o esqu\u00eda solo!!<\/li>\n<li>Seguro<\/li>\n<li>Material (esqu\u00ed, botas, palos y casco)<\/li>\n<\/ul>\n<p><span class=\"lletracoordinacio3\">\u00a0<\/span>[\/vc_column_text][vc_empty_space height=\u00bb40px\u00bb][vc_single_image image=\u00bb37137&#8243; img_size=\u00bbfull\u00bb onclick=\u00bbcustom_link\u00bb link=\u00bbhttp:\/\/viatgespoblenou.com\/es\/pressupost\/\u00bb][\/vc_column][\/vc_row][vc_row][vc_column][vc_empty_space height=\u00bb70px\u00bb][\/vc_column][\/vc_row]<\/p>\n<\/section>","protected":false},"excerpt":{"rendered":"<p>[vc_row][vc_column width=\u00bb1\/4&#8243;][vc_single_image image=\u00bb35787&#8243; img_size=\u00bbfull\u00bb][vc_empty_space height=\u00bb40px\u00bb][vc_empty_space height=\u00bb40px\u00bb][\/vc_column][vc_column width=\u00bb3\/4&#8243;][vc_column_text] Esqu\u00ed 1 D\u00eda Temporada Baja\u00a054\u20ac Temporada Media 64\u20ac El precio incluye: Autocar de ida y vuelta Clases de esqu\u00ed todo el d\u00eda. \u00a1\u00a1Ning\u00fan ni\u00f1o esqu\u00eda solo!! Seguro Material (esqu\u00ed, botas, palos y casco) \u00a0[\/vc_column_text][vc_empty_space height=\u00bb40px\u00bb][vc_single_image image=\u00bb37137&#8243; img_size=\u00bbfull\u00bb onclick=\u00bbcustom_link\u00bb link=\u00bbhttp:\/\/viatgespoblenou.com\/es\/pressupost\/\u00bb][\/vc_column][\/vc_row][vc_row][vc_column][vc_empty_space height=\u00bb70px\u00bb][\/vc_column][\/vc_row]<\/p>\n","protected":false},"author":1,"featured_media":0,"parent":0,"menu_order":0,"comment_status":"open","ping_status":"open","template":"","meta":[],"yoast_head":"<!-- This site is optimized with the Yoast SEO plugin v19.7.1 - https:\/\/yoast.com\/wordpress\/plugins\/seo\/ -->\n<title>Esqu\u00ed 1 d\u00eda - La Molina - viatgespoblenou<\/title>\n<meta name=\"robots\" content=\"index, follow, max-snippet:-1, max-image-preview:large, max-video-preview:-1\" \/>\n<link rel=\"canonical\" href=\"http:\/\/viatgespoblenou.com\/esqui-escolar-esqui-1-dia-la-molina\/\" \/>\n<meta property=\"og:locale\" content=\"es_ES\" \/>\n<meta property=\"og:type\" content=\"article\" \/>\n<meta property=\"og:title\" content=\"Esqu\u00ed 1 d\u00eda - La Molina - viatgespoblenou\" \/>\n<meta property=\"og:description\" content=\"[vc_row][vc_column width=\u00bb1\/4&#8243;][vc_single_image image=\u00bb35787&#8243; img_size=\u00bbfull\u00bb][vc_empty_space height=\u00bb40px\u00bb][vc_empty_space height=\u00bb40px\u00bb][\/vc_column][vc_column width=\u00bb3\/4&#8243;][vc_column_text] Esqu\u00ed 1 D\u00eda Temporada Baja\u00a054\u20ac Temporada Media 64\u20ac El precio incluye: Autocar de ida y vuelta Clases de esqu\u00ed todo el d\u00eda. \u00a1\u00a1Ning\u00fan ni\u00f1o esqu\u00eda solo!! Seguro Material (esqu\u00ed, botas, palos y casco) \u00a0[\/vc_column_text][vc_empty_space height=\u00bb40px\u00bb][vc_single_image image=\u00bb37137&#8243; img_size=\u00bbfull\u00bb onclick=\u00bbcustom_link\u00bb link=\u00bbhttp:\/\/viatgespoblenou.com\/es\/pressupost\/\u00bb][\/vc_column][\/vc_row][vc_row][vc_column][vc_empty_space height=\u00bb70px\u00bb][\/vc_column][\/vc_row]\" \/>\n<meta property=\"og:url\" content=\"http:\/\/viatgespoblenou.com\/esqui-escolar-esqui-1-dia-la-molina\/\" \/>\n<meta property=\"og:site_name\" content=\"viatgespoblenou\" \/>\n<meta property=\"article:publisher\" content=\"https:\/\/es-la.facebook.com\/people\/Viatges-Poblenou\/100001670703933\" \/>\n<meta property=\"article:modified_time\" content=\"2017-08-18T16:48:28+00:00\" \/>\n<meta name=\"twitter:card\" content=\"summary\" \/>\n<meta name=\"twitter:label1\" content=\"Tiempo de lectura\" \/>\n\t<meta name=\"twitter:data1\" content=\"1 minuto\" \/>\n<script type=\"application\/ld+json\" class=\"yoast-schema-graph\">{\"@context\":\"https:\/\/schema.org\",\"@graph\":[{\"@type\":\"WebPage\",\"@id\":\"http:\/\/viatgespoblenou.com\/esqui-escolar-esqui-1-dia-la-molina\/\",\"url\":\"http:\/\/viatgespoblenou.com\/esqui-escolar-esqui-1-dia-la-molina\/\",\"name\":\"Esqu\u00ed 1 d\u00eda - La Molina - viatgespoblenou\",\"isPartOf\":{\"@id\":\"http:\/\/viatgespoblenou.com\/#website\"},\"datePublished\":\"2015-09-22T11:05:48+00:00\",\"dateModified\":\"2017-08-18T16:48:28+00:00\",\"breadcrumb\":{\"@id\":\"http:\/\/viatgespoblenou.com\/esqui-escolar-esqui-1-dia-la-molina\/#breadcrumb\"},\"inLanguage\":\"es\",\"potentialAction\":[{\"@type\":\"ReadAction\",\"target\":[\"http:\/\/viatgespoblenou.com\/esqui-escolar-esqui-1-dia-la-molina\/\"]}]},{\"@type\":\"BreadcrumbList\",\"@id\":\"http:\/\/viatgespoblenou.com\/esqui-escolar-esqui-1-dia-la-molina\/#breadcrumb\",\"itemListElement\":[{\"@type\":\"ListItem\",\"position\":1,\"name\":\"Home\",\"item\":\"http:\/\/viatgespoblenou.com\/\"},{\"@type\":\"ListItem\",\"position\":2,\"name\":\"esqu\u00ed escolar &#8211; Esqu\u00ed 1 dia &#8211; La Molina\"}]},{\"@type\":\"WebSite\",\"@id\":\"http:\/\/viatgespoblenou.com\/#website\",\"url\":\"http:\/\/viatgespoblenou.com\/\",\"name\":\"viatgespoblenou\",\"description\":\"\",\"potentialAction\":[{\"@type\":\"SearchAction\",\"target\":{\"@type\":\"EntryPoint\",\"urlTemplate\":\"http:\/\/viatgespoblenou.com\/?s={search_term_string}\"},\"query-input\":\"required name=search_term_string\"}],\"inLanguage\":\"es\"}]}<\/script>\n<!-- \/ Yoast SEO plugin. -->","yoast_head_json":{"title":"Esqu\u00ed 1 d\u00eda - La Molina - viatgespoblenou","robots":{"index":"index","follow":"follow","max-snippet":"max-snippet:-1","max-image-preview":"max-image-preview:large","max-video-preview":"max-video-preview:-1"},"canonical":"http:\/\/viatgespoblenou.com\/esqui-escolar-esqui-1-dia-la-molina\/","og_locale":"es_ES","og_type":"article","og_title":"Esqu\u00ed 1 d\u00eda - La Molina - viatgespoblenou","og_description":"[vc_row][vc_column width=\u00bb1\/4&#8243;][vc_single_image image=\u00bb35787&#8243; img_size=\u00bbfull\u00bb][vc_empty_space height=\u00bb40px\u00bb][vc_empty_space height=\u00bb40px\u00bb][\/vc_column][vc_column width=\u00bb3\/4&#8243;][vc_column_text] Esqu\u00ed 1 D\u00eda Temporada Baja\u00a054\u20ac Temporada Media 64\u20ac El precio incluye: Autocar de ida y vuelta Clases de esqu\u00ed todo el d\u00eda. \u00a1\u00a1Ning\u00fan ni\u00f1o esqu\u00eda solo!! Seguro Material (esqu\u00ed, botas, palos y casco) \u00a0[\/vc_column_text][vc_empty_space height=\u00bb40px\u00bb][vc_single_image image=\u00bb37137&#8243; img_size=\u00bbfull\u00bb onclick=\u00bbcustom_link\u00bb link=\u00bbhttp:\/\/viatgespoblenou.com\/es\/pressupost\/\u00bb][\/vc_column][\/vc_row][vc_row][vc_column][vc_empty_space height=\u00bb70px\u00bb][\/vc_column][\/vc_row]","og_url":"http:\/\/viatgespoblenou.com\/esqui-escolar-esqui-1-dia-la-molina\/","og_site_name":"viatgespoblenou","article_publisher":"https:\/\/es-la.facebook.com\/people\/Viatges-Poblenou\/100001670703933","article_modified_time":"2017-08-18T16:48:28+00:00","twitter_card":"summary","twitter_misc":{"Tiempo de lectura":"1 minuto"},"schema":{"@context":"https:\/\/schema.org","@graph":[{"@type":"WebPage","@id":"http:\/\/viatgespoblenou.com\/esqui-escolar-esqui-1-dia-la-molina\/","url":"http:\/\/viatgespoblenou.com\/esqui-escolar-esqui-1-dia-la-molina\/","name":"Esqu\u00ed 1 d\u00eda - La Molina - viatgespoblenou","isPartOf":{"@id":"http:\/\/viatgespoblenou.com\/#website"},"datePublished":"2015-09-22T11:05:48+00:00","dateModified":"2017-08-18T16:48:28+00:00","breadcrumb":{"@id":"http:\/\/viatgespoblenou.com\/esqui-escolar-esqui-1-dia-la-molina\/#breadcrumb"},"inLanguage":"es","potentialAction":[{"@type":"ReadAction","target":["http:\/\/viatgespoblenou.com\/esqui-escolar-esqui-1-dia-la-molina\/"]}]},{"@type":"BreadcrumbList","@id":"http:\/\/viatgespoblenou.com\/esqui-escolar-esqui-1-dia-la-molina\/#breadcrumb","itemListElement":[{"@type":"ListItem","position":1,"name":"Home","item":"http:\/\/viatgespoblenou.com\/"},{"@type":"ListItem","position":2,"name":"esqu\u00ed escolar &#8211; Esqu\u00ed 1 dia &#8211; La Molina"}]},{"@type":"WebSite","@id":"http:\/\/viatgespoblenou.com\/#website","url":"http:\/\/viatgespoblenou.com\/","name":"viatgespoblenou","description":"","potentialAction":[{"@type":"SearchAction","target":{"@type":"EntryPoint","urlTemplate":"http:\/\/viatgespoblenou.com\/?s={search_term_string}"},"query-input":"required name=search_term_string"}],"inLanguage":"es"}]}},"_links":{"self":[{"href":"http:\/\/viatgespoblenou.com\/es\/wp-json\/wp\/v2\/pages\/36956"}],"collection":[{"href":"http:\/\/viatgespoblenou.com\/es\/wp-json\/wp\/v2\/pages"}],"about":[{"href":"http:\/\/viatgespoblenou.com\/es\/wp-json\/wp\/v2\/types\/page"}],"author":[{"embeddable":true,"href":"http:\/\/viatgespoblenou.com\/es\/wp-json\/wp\/v2\/users\/1"}],"replies":[{"embeddable":true,"href":"http:\/\/viatgespoblenou.com\/es\/wp-json\/wp\/v2\/comments?post=36956"}],"version-history":[{"count":5,"href":"http:\/\/viatgespoblenou.com\/es\/wp-json\/wp\/v2\/pages\/36956\/revisions"}],"predecessor-version":[{"id":37756,"href":"http:\/\/viatgespoblenou.com\/es\/wp-json\/wp\/v2\/pages\/36956\/revisions\/37756"}],"wp:attachment":[{"href":"http:\/\/viatgespoblenou.com\/es\/wp-json\/wp\/v2\/media?parent=36956"}],"curies":[{"name":"wp","href":"https:\/\/api.w.org\/{rel}","templated":true}]}}