{"id":36940,"date":"2015-09-22T10:41:14","date_gmt":"2015-09-22T10:41:14","guid":{"rendered":"http:\/\/viatgespoblenou.com\/?page_id=36940"},"modified":"2019-08-23T18:04:19","modified_gmt":"2019-08-23T18:04:19","slug":"setmana-blanca-centre-de-vacances-el-mirador","status":"publish","type":"page","link":"http:\/\/viatgespoblenou.com\/es\/setmana-blanca-centre-de-vacances-el-mirador\/","title":{"rendered":"Centro de vacaciones El Mirador"},"content":{"rendered":"<section class=\"wpb-content-wrapper\"><p>[vc_row][vc_column width=\u00bb1\/3&#8243;][vc_single_image image=\u00bb37078&#8243; img_size=\u00bbfull\u00bb alignment=\u00bbcenter\u00bb img_link_large=\u00bbyes\u00bb][vc_empty_space height=\u00bb40px\u00bb][vc_single_image image=\u00bb37079&#8243; img_size=\u00bbfull\u00bb alignment=\u00bbcenter\u00bb img_link_large=\u00bbyes\u00bb][vc_empty_space height=\u00bb40px\u00bb][vc_single_image image=\u00bb37082&#8243; img_size=\u00bbfull\u00bb alignment=\u00bbcenter\u00bb img_link_large=\u00bbyes\u00bb][vc_empty_space height=\u00bb40px\u00bb][\/vc_column][vc_column width=\u00bb7\/12&#8243;][vc_column_text]<\/p>\n<h3 class=\"lletracoordinacio4\">Centro de vacaciones El Mirador<\/h3>\n<p><strong>El precio incluye:<\/strong><\/p>\n<div><span class=\"\">\u2022\u00a0<\/span><span class=\"\">Autocar de ida y vuelta<\/span><\/div>\n<div>\u2022\u00a0Asistencia a la salida por parte de personal<\/div>\n<div>de Viajes Poblenou<\/div>\n<div>\u2022\u00a0Alojamiento en albergue o hotel 2 ** en Pensi\u00f3n Completa<\/div>\n<div>a pie de pistas<\/div>\n<div>\u2022\u00a0Forfait los d\u00edas escogidos<\/div>\n<div>\u2022\u00a0Seguro m\u00e9dico<\/div>\n<div>\u2022\u00a0Asistencia en el alquiler de material<\/div>\n<div>\u2022\u00a0Casco todos los d\u00edas (obligatorio)<\/div>\n<div>\u2022\u00a0Clases de esqu\u00ed todo el d\u00eda<\/div>\n<div>(1 monitor por cada 10\/12 alumnos)<\/div>\n<div>\u2022\u00a0Animaci\u00f3n y actividades tarde y noche cada d\u00eda con nuestros<\/div>\n<div>monitores de ocio (karaoke, chocolatada, gincana, trineos)<\/div>\n<div>\u2022\u00a0Fiesta discoteca y entrega de diplomas<\/div>\n<div>\u2022\u00a0Gratuidades para profesores (3 por cada 50 alumnos)<\/div>\n<div>\u2022<span style=\"color: #000000;\">\u00a0<\/span><span style=\"color: #000000;\">FIN DE SEMANA DE SUPERVISI\u00d3N POR PROFESORADO<\/span><\/div>\n<div>\u2022\u00a0Seguro de responsabilidad civil<\/div>\n<div><span class=\"goog-text-highlight\">\u2022\u00a0<\/span><span class=\"goog-text-highlight\">Talonarios de autofinanciaci\u00f3n<\/span><\/div>\n<div><\/div>\n<div>\n<p><strong>El precio no incluye:<\/strong><\/p>\n<div>\n<p><span class=\"\"><span class=\"\">\u2022\u00a0<\/span><\/span>Material de esqu\u00ed<\/p>\n<div>\u2022\u00a0Material de snow<\/div>\n<div><\/div>\n<\/div>\n<\/div>\n<p>Dado que algunos alumnos son esquiadores y tienen su propio material, es el \u00fanico que ponemos opcional El resto est\u00e1 todo incluido.<\/p>\n<p><strong>POR QU\u00c9 PORT\u00a0DEL COMTE?<\/strong><\/p>\n<p>\u2022 La estaci\u00f3n de esqu\u00ed m\u00e1s cercana<br \/>\n\u2022 Totalmente remodelada y modernizada<br \/>\n\u2022 Garant\u00eda total de nieve M\u00e1s de 20 km!<br \/>\n\u2022 Poca masificaci\u00f3n de gente<br \/>\n\u2022 M\u00e1xima agilidad en el uso de las instalaciones \u2022 Total comodidad para alumnos y profesores \u2022 Ideal para escuelas e institutos<\/p>\n<p>A pie de pistas!<\/p>\n<p>piscina climatizada<br \/>\n2 salas de juegos<br \/>\nSala para profesores<br \/>\nExcelente cocina casera<br \/>\nTV en las habitaciones<br \/>\nHabitaciones especiales para profesores<br \/>\nWifi e hilo musical<br \/>\nAlbergue con prestaciones de hotel. Construido nuevo hace pocos a\u00f1os, ideal para grupos escolares.<\/p>\n<p>&nbsp;<\/p>\n<div>\n<table border=\"0\" width=\"677\">\n<tbody>\n<tr class=\"lletracoordinacio2\">\n<td style=\"text-align: center;\"><strong>NOCHES\u00a0 \u00a0<\/strong><\/td>\n<td style=\"text-align: center;\"><strong>TEMPORADA \u00a0BAJA<\/strong><\/td>\n<td style=\"text-align: center;\"><strong>\u00a0TEMPORADA \u00a0MEDIA<\/strong><\/td>\n<\/tr>\n<tr>\n<td class=\"lletracoordinacio3\">1 noche\u00a0+ 2 d\u00edas<\/td>\n<td class=\"lletracoordinacio3\" style=\"text-align: center;\">\u00a0\u00a0\u00a0\u00a0 155\u20ac<\/td>\n<td class=\"lletracoordinacio3\" style=\"text-align: center;\">\u00a0\u00a0\u00a0 172\u20ac<\/td>\n<\/tr>\n<tr>\n<td class=\"lletracoordinacio3\">2 noches\u00a0+ 3 d\u00edas<\/td>\n<td class=\"lletracoordinacio3\" style=\"text-align: center;\">\u00a0\u00a0\u00a0\u00a0 235\u20ac<\/td>\n<td class=\"lletracoordinacio3\" style=\"text-align: center;\">\u00a0\u00a0\u00a0 250\u20ac<\/td>\n<\/tr>\n<tr>\n<td class=\"lletracoordinacio3\">3 noches + 4 d\u00edas<\/td>\n<td class=\"lletracoordinacio3\" style=\"text-align: center;\" colspan=\"2\">\u00a0\u00a0\u00a0\u00a0 285\u20ac<\/td>\n<\/tr>\n<tr>\n<td class=\"lletracoordinacio3\">4 noches + 5\u00a0d\u00edas<\/td>\n<td class=\"lletracoordinacio3\" style=\"text-align: center;\" colspan=\"2\">\u00a0\u00a0\u00a0\u00a0 347\u20ac<\/td>\n<\/tr>\n<tr>\n<td class=\"lletracoordinacio3\">5 noches + 5 d\u00edas<\/td>\n<td class=\"lletracoordinacio3\" style=\"text-align: center;\" colspan=\"2\">\u00a0\u00a0\u00a0\u00a0 382\u20ac<\/td>\n<\/tr>\n<tr>\n<td><\/td>\n<\/tr>\n<\/tbody>\n<\/table>\n<div><\/div>\n<\/div>\n<p>&nbsp;<\/p>\n<p>Viajes Poblenou: M\u00e1s de 20 a\u00f1os de experiencia con un departamento \u00fanico y exclusivamente dedicado al esqu\u00ed escolar. Goza de una semana blanca hecha a medida.<\/p>\n<div class=\"page\" title=\"Page 4\"><\/div>\n<p>[\/vc_column_text][vc_empty_space height=\u00bb40px\u00bb][vc_single_image image=\u00bb37137&#8243; img_size=\u00bbfull\u00bb onclick=\u00bbcustom_link\u00bb link=\u00bbhttp:\/\/viatgespoblenou.com\/es\/pressupost\/\u00bb][\/vc_column][\/vc_row][vc_row][vc_column][vc_empty_space height=\u00bb70px\u00bb][\/vc_column][\/vc_row]<\/p>\n<\/section>","protected":false},"excerpt":{"rendered":"<p>[vc_row][vc_column width=\u00bb1\/3&#8243;][vc_single_image image=\u00bb37078&#8243; img_size=\u00bbfull\u00bb alignment=\u00bbcenter\u00bb img_link_large=\u00bbyes\u00bb][vc_empty_space height=\u00bb40px\u00bb][vc_single_image image=\u00bb37079&#8243; img_size=\u00bbfull\u00bb alignment=\u00bbcenter\u00bb img_link_large=\u00bbyes\u00bb][vc_empty_space height=\u00bb40px\u00bb][vc_single_image image=\u00bb37082&#8243; img_size=\u00bbfull\u00bb alignment=\u00bbcenter\u00bb img_link_large=\u00bbyes\u00bb][vc_empty_space height=\u00bb40px\u00bb][\/vc_column][vc_column width=\u00bb7\/12&#8243;][vc_column_text] Centro de vacaciones El Mirador El precio incluye: \u2022\u00a0Autocar de ida y vuelta \u2022\u00a0Asistencia a la salida por parte de personal de Viajes Poblenou \u2022\u00a0Alojamiento en albergue o hotel 2 ** en Pensi\u00f3n Completa a pie de&hellip;<\/p>\n","protected":false},"author":1,"featured_media":0,"parent":0,"menu_order":0,"comment_status":"open","ping_status":"open","template":"","meta":[],"yoast_head":"<!-- This site is optimized with the Yoast SEO plugin v19.7.1 - https:\/\/yoast.com\/wordpress\/plugins\/seo\/ -->\n<title>Centro de vacaciones El Mirador - viatgespoblenou<\/title>\n<meta name=\"robots\" content=\"index, follow, max-snippet:-1, max-image-preview:large, max-video-preview:-1\" \/>\n<link rel=\"canonical\" href=\"http:\/\/viatgespoblenou.com\/es\/setmana-blanca-centre-de-vacances-el-mirador\/\" \/>\n<meta property=\"og:locale\" content=\"es_ES\" \/>\n<meta property=\"og:type\" content=\"article\" \/>\n<meta property=\"og:title\" content=\"Centro de vacaciones El Mirador - viatgespoblenou\" \/>\n<meta property=\"og:description\" content=\"[vc_row][vc_column width=\u00bb1\/3&#8243;][vc_single_image image=\u00bb37078&#8243; img_size=\u00bbfull\u00bb alignment=\u00bbcenter\u00bb img_link_large=\u00bbyes\u00bb][vc_empty_space height=\u00bb40px\u00bb][vc_single_image image=\u00bb37079&#8243; img_size=\u00bbfull\u00bb alignment=\u00bbcenter\u00bb img_link_large=\u00bbyes\u00bb][vc_empty_space height=\u00bb40px\u00bb][vc_single_image image=\u00bb37082&#8243; img_size=\u00bbfull\u00bb alignment=\u00bbcenter\u00bb img_link_large=\u00bbyes\u00bb][vc_empty_space height=\u00bb40px\u00bb][\/vc_column][vc_column width=\u00bb7\/12&#8243;][vc_column_text] Centro de vacaciones El Mirador El precio incluye: \u2022\u00a0Autocar de ida y vuelta \u2022\u00a0Asistencia a la salida por parte de personal de Viajes Poblenou \u2022\u00a0Alojamiento en albergue o hotel 2 ** en Pensi\u00f3n Completa a pie de&hellip;\" \/>\n<meta property=\"og:url\" content=\"http:\/\/viatgespoblenou.com\/es\/setmana-blanca-centre-de-vacances-el-mirador\/\" \/>\n<meta property=\"og:site_name\" content=\"viatgespoblenou\" \/>\n<meta property=\"article:publisher\" content=\"https:\/\/es-la.facebook.com\/people\/Viatges-Poblenou\/100001670703933\" \/>\n<meta property=\"article:modified_time\" content=\"2019-08-23T18:04:19+00:00\" \/>\n<meta name=\"twitter:card\" content=\"summary\" \/>\n<meta name=\"twitter:label1\" content=\"Tiempo de lectura\" \/>\n\t<meta name=\"twitter:data1\" content=\"4 minutos\" \/>\n<script type=\"application\/ld+json\" class=\"yoast-schema-graph\">{\"@context\":\"https:\/\/schema.org\",\"@graph\":[{\"@type\":\"WebPage\",\"@id\":\"http:\/\/viatgespoblenou.com\/es\/setmana-blanca-centre-de-vacances-el-mirador\/\",\"url\":\"http:\/\/viatgespoblenou.com\/es\/setmana-blanca-centre-de-vacances-el-mirador\/\",\"name\":\"Centro de vacaciones El Mirador - viatgespoblenou\",\"isPartOf\":{\"@id\":\"http:\/\/viatgespoblenou.com\/#website\"},\"datePublished\":\"2015-09-22T10:41:14+00:00\",\"dateModified\":\"2019-08-23T18:04:19+00:00\",\"breadcrumb\":{\"@id\":\"http:\/\/viatgespoblenou.com\/es\/setmana-blanca-centre-de-vacances-el-mirador\/#breadcrumb\"},\"inLanguage\":\"es\",\"potentialAction\":[{\"@type\":\"ReadAction\",\"target\":[\"http:\/\/viatgespoblenou.com\/es\/setmana-blanca-centre-de-vacances-el-mirador\/\"]}]},{\"@type\":\"BreadcrumbList\",\"@id\":\"http:\/\/viatgespoblenou.com\/es\/setmana-blanca-centre-de-vacances-el-mirador\/#breadcrumb\",\"itemListElement\":[{\"@type\":\"ListItem\",\"position\":1,\"name\":\"Home\",\"item\":\"http:\/\/viatgespoblenou.com\/\"},{\"@type\":\"ListItem\",\"position\":2,\"name\":\"Centro de vacaciones El Mirador\"}]},{\"@type\":\"WebSite\",\"@id\":\"http:\/\/viatgespoblenou.com\/#website\",\"url\":\"http:\/\/viatgespoblenou.com\/\",\"name\":\"viatgespoblenou\",\"description\":\"\",\"potentialAction\":[{\"@type\":\"SearchAction\",\"target\":{\"@type\":\"EntryPoint\",\"urlTemplate\":\"http:\/\/viatgespoblenou.com\/?s={search_term_string}\"},\"query-input\":\"required name=search_term_string\"}],\"inLanguage\":\"es\"}]}<\/script>\n<!-- \/ Yoast SEO plugin. -->","yoast_head_json":{"title":"Centro de vacaciones El Mirador - viatgespoblenou","robots":{"index":"index","follow":"follow","max-snippet":"max-snippet:-1","max-image-preview":"max-image-preview:large","max-video-preview":"max-video-preview:-1"},"canonical":"http:\/\/viatgespoblenou.com\/es\/setmana-blanca-centre-de-vacances-el-mirador\/","og_locale":"es_ES","og_type":"article","og_title":"Centro de vacaciones El Mirador - viatgespoblenou","og_description":"[vc_row][vc_column width=\u00bb1\/3&#8243;][vc_single_image image=\u00bb37078&#8243; img_size=\u00bbfull\u00bb alignment=\u00bbcenter\u00bb img_link_large=\u00bbyes\u00bb][vc_empty_space height=\u00bb40px\u00bb][vc_single_image image=\u00bb37079&#8243; img_size=\u00bbfull\u00bb alignment=\u00bbcenter\u00bb img_link_large=\u00bbyes\u00bb][vc_empty_space height=\u00bb40px\u00bb][vc_single_image image=\u00bb37082&#8243; img_size=\u00bbfull\u00bb alignment=\u00bbcenter\u00bb img_link_large=\u00bbyes\u00bb][vc_empty_space height=\u00bb40px\u00bb][\/vc_column][vc_column width=\u00bb7\/12&#8243;][vc_column_text] Centro de vacaciones El Mirador El precio incluye: \u2022\u00a0Autocar de ida y vuelta \u2022\u00a0Asistencia a la salida por parte de personal de Viajes Poblenou \u2022\u00a0Alojamiento en albergue o hotel 2 ** en Pensi\u00f3n Completa a pie de&hellip;","og_url":"http:\/\/viatgespoblenou.com\/es\/setmana-blanca-centre-de-vacances-el-mirador\/","og_site_name":"viatgespoblenou","article_publisher":"https:\/\/es-la.facebook.com\/people\/Viatges-Poblenou\/100001670703933","article_modified_time":"2019-08-23T18:04:19+00:00","twitter_card":"summary","twitter_misc":{"Tiempo de lectura":"4 minutos"},"schema":{"@context":"https:\/\/schema.org","@graph":[{"@type":"WebPage","@id":"http:\/\/viatgespoblenou.com\/es\/setmana-blanca-centre-de-vacances-el-mirador\/","url":"http:\/\/viatgespoblenou.com\/es\/setmana-blanca-centre-de-vacances-el-mirador\/","name":"Centro de vacaciones El Mirador - viatgespoblenou","isPartOf":{"@id":"http:\/\/viatgespoblenou.com\/#website"},"datePublished":"2015-09-22T10:41:14+00:00","dateModified":"2019-08-23T18:04:19+00:00","breadcrumb":{"@id":"http:\/\/viatgespoblenou.com\/es\/setmana-blanca-centre-de-vacances-el-mirador\/#breadcrumb"},"inLanguage":"es","potentialAction":[{"@type":"ReadAction","target":["http:\/\/viatgespoblenou.com\/es\/setmana-blanca-centre-de-vacances-el-mirador\/"]}]},{"@type":"BreadcrumbList","@id":"http:\/\/viatgespoblenou.com\/es\/setmana-blanca-centre-de-vacances-el-mirador\/#breadcrumb","itemListElement":[{"@type":"ListItem","position":1,"name":"Home","item":"http:\/\/viatgespoblenou.com\/"},{"@type":"ListItem","position":2,"name":"Centro de vacaciones El Mirador"}]},{"@type":"WebSite","@id":"http:\/\/viatgespoblenou.com\/#website","url":"http:\/\/viatgespoblenou.com\/","name":"viatgespoblenou","description":"","potentialAction":[{"@type":"SearchAction","target":{"@type":"EntryPoint","urlTemplate":"http:\/\/viatgespoblenou.com\/?s={search_term_string}"},"query-input":"required name=search_term_string"}],"inLanguage":"es"}]}},"_links":{"self":[{"href":"http:\/\/viatgespoblenou.com\/es\/wp-json\/wp\/v2\/pages\/36940"}],"collection":[{"href":"http:\/\/viatgespoblenou.com\/es\/wp-json\/wp\/v2\/pages"}],"about":[{"href":"http:\/\/viatgespoblenou.com\/es\/wp-json\/wp\/v2\/types\/page"}],"author":[{"embeddable":true,"href":"http:\/\/viatgespoblenou.com\/es\/wp-json\/wp\/v2\/users\/1"}],"replies":[{"embeddable":true,"href":"http:\/\/viatgespoblenou.com\/es\/wp-json\/wp\/v2\/comments?post=36940"}],"version-history":[{"count":17,"href":"http:\/\/viatgespoblenou.com\/es\/wp-json\/wp\/v2\/pages\/36940\/revisions"}],"predecessor-version":[{"id":38675,"href":"http:\/\/viatgespoblenou.com\/es\/wp-json\/wp\/v2\/pages\/36940\/revisions\/38675"}],"wp:attachment":[{"href":"http:\/\/viatgespoblenou.com\/es\/wp-json\/wp\/v2\/media?parent=36940"}],"curies":[{"name":"wp","href":"https:\/\/api.w.org\/{rel}","templated":true}]}}