{"id":36937,"date":"2015-09-22T10:35:47","date_gmt":"2015-09-22T10:35:47","guid":{"rendered":"http:\/\/viatgespoblenou.com\/?page_id=36937"},"modified":"2022-09-26T16:04:56","modified_gmt":"2022-09-26T16:04:56","slug":"esqui-escolar-esqui-1-dia","status":"publish","type":"page","link":"http:\/\/viatgespoblenou.com\/es\/esqui-escolar-esqui-1-dia\/","title":{"rendered":"Esqu\u00ed 1 d\u00eda"},"content":{"rendered":"<section class=\"wpb-content-wrapper\"><p>[vc_row][vc_column width=\u00bb1\/3&#8243;][vc_single_image image=\u00bb35690&#8243; img_size=\u00bbfull\u00bb][vc_empty_space height=\u00bb40px\u00bb][vc_empty_space height=\u00bb40px\u00bb][\/vc_column][vc_column width=\u00bb7\/12&#8243;][vc_column_text]<\/p>\n<h3 class=\"lletracoordinacio2\" style=\"text-align: center;\">Temporada de esqu\u00ed<\/h3>\n<p class=\"lletracoordinacio3\"><span style=\"color: #3366ff;\">Temporada Baja<\/span>: De lunes a mi\u00e9rcoles<br \/>\n<span style=\"color: #ff6600;\">Temporada Media<\/span>: De mi\u00e9rcoles a viernes<br \/>\n<span style=\"color: #ff0000;\">Temporada Alta<\/span>: Navidad, festivos, puentes y fines de semana<\/p>\n<h3 class=\"lletracoordinacio2\" style=\"text-align: center;\">Esqu\u00ed 1 d\u00eda<\/h3>\n<p><span class=\"lletracoordinacio2\">Temporada baja<\/span> <span class=\"lletracoordinacio3\">64\u20ac<\/span><\/p>\n<p><span class=\"lletracoordinacio2\">Temporada media<\/span> <span class=\"lletracoordinacio3\">69\u20ac<\/span><\/p>\n<p><span class=\"lletracoordinacio3\">*Precios calculados con el 21% de IVA<br \/>\n<\/span>*Temporadas de esqu\u00ed d\u00eda, a consultar<\/p>\n<p><strong>El\u00a0precio incluye:<\/strong><\/p>\n<p>Autocar ida y vuelta<br \/>\nForfait<br \/>\nClases de esqu\u00ed todo el d\u00eda: \u00a1Ning\u00fan ni\u00f1o esqu\u00eda solo!<br \/>\nSeguro<br \/>\nMaterial (esqu\u00eds, botas, palos y casco)[\/vc_column_text][vc_empty_space height=\u00bb40px\u00bb][vc_single_image image=\u00bb37137&#8243; img_size=\u00bbfull\u00bb onclick=\u00bbcustom_link\u00bb link=\u00bbhttp:\/\/viatgespoblenou.com\/es\/pressupost\/\u00bb][\/vc_column][\/vc_row]<\/p>\n<\/section>","protected":false},"excerpt":{"rendered":"<p>[vc_row][vc_column width=\u00bb1\/3&#8243;][vc_single_image image=\u00bb35690&#8243; img_size=\u00bbfull\u00bb][vc_empty_space height=\u00bb40px\u00bb][vc_empty_space height=\u00bb40px\u00bb][\/vc_column][vc_column width=\u00bb7\/12&#8243;][vc_column_text] Temporada de esqu\u00ed Temporada Baja: De lunes a mi\u00e9rcoles Temporada Media: De mi\u00e9rcoles a viernes Temporada Alta: Navidad, festivos, puentes y fines de semana Esqu\u00ed 1 d\u00eda Temporada baja 64\u20ac Temporada media 69\u20ac *Precios calculados con el 21% de IVA *Temporadas de esqu\u00ed d\u00eda, a consultar El\u00a0precio incluye:&hellip;<\/p>\n","protected":false},"author":1,"featured_media":0,"parent":0,"menu_order":0,"comment_status":"open","ping_status":"open","template":"","meta":[],"yoast_head":"<!-- This site is optimized with the Yoast SEO plugin v19.7.1 - https:\/\/yoast.com\/wordpress\/plugins\/seo\/ -->\n<title>Esqu\u00ed 1 d\u00eda - viatgespoblenou<\/title>\n<meta name=\"robots\" content=\"index, follow, max-snippet:-1, max-image-preview:large, max-video-preview:-1\" \/>\n<link rel=\"canonical\" href=\"http:\/\/viatgespoblenou.com\/es\/esqui-escolar-esqui-1-dia\/\" \/>\n<meta property=\"og:locale\" content=\"es_ES\" \/>\n<meta property=\"og:type\" content=\"article\" \/>\n<meta property=\"og:title\" content=\"Esqu\u00ed 1 d\u00eda - viatgespoblenou\" \/>\n<meta property=\"og:description\" content=\"[vc_row][vc_column width=\u00bb1\/3&#8243;][vc_single_image image=\u00bb35690&#8243; img_size=\u00bbfull\u00bb][vc_empty_space height=\u00bb40px\u00bb][vc_empty_space height=\u00bb40px\u00bb][\/vc_column][vc_column width=\u00bb7\/12&#8243;][vc_column_text] Temporada de esqu\u00ed Temporada Baja: De lunes a mi\u00e9rcoles Temporada Media: De mi\u00e9rcoles a viernes Temporada Alta: Navidad, festivos, puentes y fines de semana Esqu\u00ed 1 d\u00eda Temporada baja 64\u20ac Temporada media 69\u20ac *Precios calculados con el 21% de IVA *Temporadas de esqu\u00ed d\u00eda, a consultar El\u00a0precio incluye:&hellip;\" \/>\n<meta property=\"og:url\" content=\"http:\/\/viatgespoblenou.com\/es\/esqui-escolar-esqui-1-dia\/\" \/>\n<meta property=\"og:site_name\" content=\"viatgespoblenou\" \/>\n<meta property=\"article:publisher\" content=\"https:\/\/es-la.facebook.com\/people\/Viatges-Poblenou\/100001670703933\" \/>\n<meta property=\"article:modified_time\" content=\"2022-09-26T16:04:56+00:00\" \/>\n<meta name=\"twitter:card\" content=\"summary\" \/>\n<meta name=\"twitter:label1\" content=\"Tiempo de lectura\" \/>\n\t<meta name=\"twitter:data1\" content=\"1 minuto\" \/>\n<script type=\"application\/ld+json\" class=\"yoast-schema-graph\">{\"@context\":\"https:\/\/schema.org\",\"@graph\":[{\"@type\":\"WebPage\",\"@id\":\"http:\/\/viatgespoblenou.com\/es\/esqui-escolar-esqui-1-dia\/\",\"url\":\"http:\/\/viatgespoblenou.com\/es\/esqui-escolar-esqui-1-dia\/\",\"name\":\"Esqu\u00ed 1 d\u00eda - viatgespoblenou\",\"isPartOf\":{\"@id\":\"http:\/\/viatgespoblenou.com\/#website\"},\"datePublished\":\"2015-09-22T10:35:47+00:00\",\"dateModified\":\"2022-09-26T16:04:56+00:00\",\"breadcrumb\":{\"@id\":\"http:\/\/viatgespoblenou.com\/es\/esqui-escolar-esqui-1-dia\/#breadcrumb\"},\"inLanguage\":\"es\",\"potentialAction\":[{\"@type\":\"ReadAction\",\"target\":[\"http:\/\/viatgespoblenou.com\/es\/esqui-escolar-esqui-1-dia\/\"]}]},{\"@type\":\"BreadcrumbList\",\"@id\":\"http:\/\/viatgespoblenou.com\/es\/esqui-escolar-esqui-1-dia\/#breadcrumb\",\"itemListElement\":[{\"@type\":\"ListItem\",\"position\":1,\"name\":\"Home\",\"item\":\"http:\/\/viatgespoblenou.com\/\"},{\"@type\":\"ListItem\",\"position\":2,\"name\":\"Esqu\u00ed 1 d\u00eda\"}]},{\"@type\":\"WebSite\",\"@id\":\"http:\/\/viatgespoblenou.com\/#website\",\"url\":\"http:\/\/viatgespoblenou.com\/\",\"name\":\"viatgespoblenou\",\"description\":\"\",\"potentialAction\":[{\"@type\":\"SearchAction\",\"target\":{\"@type\":\"EntryPoint\",\"urlTemplate\":\"http:\/\/viatgespoblenou.com\/?s={search_term_string}\"},\"query-input\":\"required name=search_term_string\"}],\"inLanguage\":\"es\"}]}<\/script>\n<!-- \/ Yoast SEO plugin. -->","yoast_head_json":{"title":"Esqu\u00ed 1 d\u00eda - viatgespoblenou","robots":{"index":"index","follow":"follow","max-snippet":"max-snippet:-1","max-image-preview":"max-image-preview:large","max-video-preview":"max-video-preview:-1"},"canonical":"http:\/\/viatgespoblenou.com\/es\/esqui-escolar-esqui-1-dia\/","og_locale":"es_ES","og_type":"article","og_title":"Esqu\u00ed 1 d\u00eda - viatgespoblenou","og_description":"[vc_row][vc_column width=\u00bb1\/3&#8243;][vc_single_image image=\u00bb35690&#8243; img_size=\u00bbfull\u00bb][vc_empty_space height=\u00bb40px\u00bb][vc_empty_space height=\u00bb40px\u00bb][\/vc_column][vc_column width=\u00bb7\/12&#8243;][vc_column_text] Temporada de esqu\u00ed Temporada Baja: De lunes a mi\u00e9rcoles Temporada Media: De mi\u00e9rcoles a viernes Temporada Alta: Navidad, festivos, puentes y fines de semana Esqu\u00ed 1 d\u00eda Temporada baja 64\u20ac Temporada media 69\u20ac *Precios calculados con el 21% de IVA *Temporadas de esqu\u00ed d\u00eda, a consultar El\u00a0precio incluye:&hellip;","og_url":"http:\/\/viatgespoblenou.com\/es\/esqui-escolar-esqui-1-dia\/","og_site_name":"viatgespoblenou","article_publisher":"https:\/\/es-la.facebook.com\/people\/Viatges-Poblenou\/100001670703933","article_modified_time":"2022-09-26T16:04:56+00:00","twitter_card":"summary","twitter_misc":{"Tiempo de lectura":"1 minuto"},"schema":{"@context":"https:\/\/schema.org","@graph":[{"@type":"WebPage","@id":"http:\/\/viatgespoblenou.com\/es\/esqui-escolar-esqui-1-dia\/","url":"http:\/\/viatgespoblenou.com\/es\/esqui-escolar-esqui-1-dia\/","name":"Esqu\u00ed 1 d\u00eda - viatgespoblenou","isPartOf":{"@id":"http:\/\/viatgespoblenou.com\/#website"},"datePublished":"2015-09-22T10:35:47+00:00","dateModified":"2022-09-26T16:04:56+00:00","breadcrumb":{"@id":"http:\/\/viatgespoblenou.com\/es\/esqui-escolar-esqui-1-dia\/#breadcrumb"},"inLanguage":"es","potentialAction":[{"@type":"ReadAction","target":["http:\/\/viatgespoblenou.com\/es\/esqui-escolar-esqui-1-dia\/"]}]},{"@type":"BreadcrumbList","@id":"http:\/\/viatgespoblenou.com\/es\/esqui-escolar-esqui-1-dia\/#breadcrumb","itemListElement":[{"@type":"ListItem","position":1,"name":"Home","item":"http:\/\/viatgespoblenou.com\/"},{"@type":"ListItem","position":2,"name":"Esqu\u00ed 1 d\u00eda"}]},{"@type":"WebSite","@id":"http:\/\/viatgespoblenou.com\/#website","url":"http:\/\/viatgespoblenou.com\/","name":"viatgespoblenou","description":"","potentialAction":[{"@type":"SearchAction","target":{"@type":"EntryPoint","urlTemplate":"http:\/\/viatgespoblenou.com\/?s={search_term_string}"},"query-input":"required name=search_term_string"}],"inLanguage":"es"}]}},"_links":{"self":[{"href":"http:\/\/viatgespoblenou.com\/es\/wp-json\/wp\/v2\/pages\/36937"}],"collection":[{"href":"http:\/\/viatgespoblenou.com\/es\/wp-json\/wp\/v2\/pages"}],"about":[{"href":"http:\/\/viatgespoblenou.com\/es\/wp-json\/wp\/v2\/types\/page"}],"author":[{"embeddable":true,"href":"http:\/\/viatgespoblenou.com\/es\/wp-json\/wp\/v2\/users\/1"}],"replies":[{"embeddable":true,"href":"http:\/\/viatgespoblenou.com\/es\/wp-json\/wp\/v2\/comments?post=36937"}],"version-history":[{"count":11,"href":"http:\/\/viatgespoblenou.com\/es\/wp-json\/wp\/v2\/pages\/36937\/revisions"}],"predecessor-version":[{"id":39660,"href":"http:\/\/viatgespoblenou.com\/es\/wp-json\/wp\/v2\/pages\/36937\/revisions\/39660"}],"wp:attachment":[{"href":"http:\/\/viatgespoblenou.com\/es\/wp-json\/wp\/v2\/media?parent=36937"}],"curies":[{"name":"wp","href":"https:\/\/api.w.org\/{rel}","templated":true}]}}