{"id":36905,"date":"2015-09-18T09:38:27","date_gmt":"2015-09-18T09:38:27","guid":{"rendered":"http:\/\/viatgespoblenou.com\/?page_id=36905"},"modified":"2018-09-10T13:59:36","modified_gmt":"2018-09-10T13:59:36","slug":"documentacio-per-viatjar","status":"publish","type":"page","link":"http:\/\/viatgespoblenou.com\/es\/documentacio-per-viatjar\/","title":{"rendered":"Documentaci\u00f3n para viajar"},"content":{"rendered":"<section class=\"wpb-content-wrapper\"><p>[vc_row][vc_column][vc_column_text]<\/p>\n<p style=\"text-align: justify;\"><strong>\u00bfSab\u00e9is qu\u00e9 documentaci\u00f3n es necesaria para viajar?<\/strong><\/p>\n<p style=\"text-align: justify;\"><strong><br \/>\nVIAJES NACIONALES<\/strong><\/p>\n<p>-DNI, original y vigente.<\/p>\n<p>&#8211; En caso de viajar en avi\u00f3n, hay algunas compa\u00f1\u00edas a\u00e9reas que requieren el pasaporte. Consultar a la agencia.<\/p>\n<p style=\"text-align: justify;\"><strong><br \/>\nVIAJES A LOS PAISES DE LA CEE. ALUMNOS COMUNITARIOS.<\/strong><\/p>\n<p>Los alumnos que sean menores de edad deber\u00e1n viajar con:<\/p>\n<p>-DNI, original y vigente.<\/p>\n<p>-El permiso de la polic\u00eda, que puede sacar el padre o madre en la comisar\u00eda de polic\u00eda con su DNI, el DNI del hijo y el libro de familia.<\/p>\n<p>-O con el PASAPORTE, original, vigente y personal (no sirve pasaporte familiar)<\/p>\n<p>-Tarjeta sanitaria europea (TSE) \u2013 Recomendable.<\/p>\n<p>En <a href=\"https:\/\/sede.seg-social.gob.es\/wps\/portal\/sede\/sede\/Inicio\/!ut\/p\/z1\/hY-9DoJAEISfxYISdglKxI7CGBULCyJeY05YEXLckeOA1_f8KVG3m8k3O7vAIAMm-VCV3FRKcmH1mYWXwA_nfoR-ssHtGuP0sE-j4Bhg5MPpBeCXiRHYvzz7jeAH-FGxA1YKdX2fG8trsCyBabqRJu312tp3Y9qVgw6O4-gNFa-py_tG8L4gjzoHuTCaOreSN6UbntvfrVkoy5A0T-22pF0bNDXXDk713FVnIJvcD22TYb0QQxLPZg98uJiL\/dz\/d5\/L2dBISEvZ0FBIS9nQSEh\/\" target=\"_blank\" rel=\"noopener\">este link<\/a> de la seguridad social encontrar\u00e9is la informaci\u00f3n para poder pedir la TARJETA online.<\/p>\n<p>SEGURIDAD SOCIAL \u2013 Recomendable<\/p>\n<p style=\"text-align: justify;\">En este link tambi\u00e9n se explica cu\u00e1les son los casos en los que ten\u00e9is que dirigiros a un CAISS (Centro de Atenci\u00f3n e Informaci\u00f3n de la Seguridad Social)<\/p>\n<p style=\"text-align: justify;\"><strong><br \/>\nALUMNOS EXTRACOMUNITARIOS<\/strong><\/p>\n<p>Los alumnos que <strong>no sean comunitarios<\/strong> deber\u00e1n dirigirse a la Embajada o Consolado del pa\u00eds a visitar para consultar su situaci\u00f3n.[\/vc_column_text][\/vc_column][\/vc_row]<\/p>\n<\/section>","protected":false},"excerpt":{"rendered":"<p>[vc_row][vc_column][vc_column_text] \u00bfSab\u00e9is qu\u00e9 documentaci\u00f3n es necesaria para viajar? VIAJES NACIONALES -DNI, original y vigente. &#8211; En caso de viajar en avi\u00f3n, hay algunas compa\u00f1\u00edas a\u00e9reas que requieren el pasaporte. Consultar a la agencia. VIAJES A LOS PAISES DE LA CEE. ALUMNOS COMUNITARIOS. Los alumnos que sean menores de edad deber\u00e1n viajar con: -DNI, original y&hellip;<\/p>\n","protected":false},"author":1,"featured_media":0,"parent":0,"menu_order":0,"comment_status":"open","ping_status":"open","template":"","meta":[],"yoast_head":"<!-- This site is optimized with the Yoast SEO plugin v19.7.1 - https:\/\/yoast.com\/wordpress\/plugins\/seo\/ -->\n<title>Documentaci\u00f3n para viajar - viatgespoblenou<\/title>\n<meta name=\"robots\" content=\"index, follow, max-snippet:-1, max-image-preview:large, max-video-preview:-1\" \/>\n<link rel=\"canonical\" href=\"http:\/\/viatgespoblenou.com\/es\/documentacio-per-viatjar\/\" \/>\n<meta property=\"og:locale\" content=\"es_ES\" \/>\n<meta property=\"og:type\" content=\"article\" \/>\n<meta property=\"og:title\" content=\"Documentaci\u00f3n para viajar - viatgespoblenou\" \/>\n<meta property=\"og:description\" content=\"[vc_row][vc_column][vc_column_text] \u00bfSab\u00e9is qu\u00e9 documentaci\u00f3n es necesaria para viajar? VIAJES NACIONALES -DNI, original y vigente. &#8211; En caso de viajar en avi\u00f3n, hay algunas compa\u00f1\u00edas a\u00e9reas que requieren el pasaporte. Consultar a la agencia. VIAJES A LOS PAISES DE LA CEE. ALUMNOS COMUNITARIOS. Los alumnos que sean menores de edad deber\u00e1n viajar con: -DNI, original y&hellip;\" \/>\n<meta property=\"og:url\" content=\"http:\/\/viatgespoblenou.com\/es\/documentacio-per-viatjar\/\" \/>\n<meta property=\"og:site_name\" content=\"viatgespoblenou\" \/>\n<meta property=\"article:publisher\" content=\"https:\/\/es-la.facebook.com\/people\/Viatges-Poblenou\/100001670703933\" \/>\n<meta property=\"article:modified_time\" content=\"2018-09-10T13:59:36+00:00\" \/>\n<meta name=\"twitter:card\" content=\"summary\" \/>\n<meta name=\"twitter:label1\" content=\"Tiempo de lectura\" \/>\n\t<meta name=\"twitter:data1\" content=\"2 minutos\" \/>\n<script type=\"application\/ld+json\" class=\"yoast-schema-graph\">{\"@context\":\"https:\/\/schema.org\",\"@graph\":[{\"@type\":\"WebPage\",\"@id\":\"http:\/\/viatgespoblenou.com\/es\/documentacio-per-viatjar\/\",\"url\":\"http:\/\/viatgespoblenou.com\/es\/documentacio-per-viatjar\/\",\"name\":\"Documentaci\u00f3n para viajar - viatgespoblenou\",\"isPartOf\":{\"@id\":\"http:\/\/viatgespoblenou.com\/#website\"},\"datePublished\":\"2015-09-18T09:38:27+00:00\",\"dateModified\":\"2018-09-10T13:59:36+00:00\",\"breadcrumb\":{\"@id\":\"http:\/\/viatgespoblenou.com\/es\/documentacio-per-viatjar\/#breadcrumb\"},\"inLanguage\":\"es\",\"potentialAction\":[{\"@type\":\"ReadAction\",\"target\":[\"http:\/\/viatgespoblenou.com\/es\/documentacio-per-viatjar\/\"]}]},{\"@type\":\"BreadcrumbList\",\"@id\":\"http:\/\/viatgespoblenou.com\/es\/documentacio-per-viatjar\/#breadcrumb\",\"itemListElement\":[{\"@type\":\"ListItem\",\"position\":1,\"name\":\"Home\",\"item\":\"http:\/\/viatgespoblenou.com\/\"},{\"@type\":\"ListItem\",\"position\":2,\"name\":\"Documentaci\u00f3n para viajar\"}]},{\"@type\":\"WebSite\",\"@id\":\"http:\/\/viatgespoblenou.com\/#website\",\"url\":\"http:\/\/viatgespoblenou.com\/\",\"name\":\"viatgespoblenou\",\"description\":\"\",\"potentialAction\":[{\"@type\":\"SearchAction\",\"target\":{\"@type\":\"EntryPoint\",\"urlTemplate\":\"http:\/\/viatgespoblenou.com\/?s={search_term_string}\"},\"query-input\":\"required name=search_term_string\"}],\"inLanguage\":\"es\"}]}<\/script>\n<!-- \/ Yoast SEO plugin. -->","yoast_head_json":{"title":"Documentaci\u00f3n para viajar - viatgespoblenou","robots":{"index":"index","follow":"follow","max-snippet":"max-snippet:-1","max-image-preview":"max-image-preview:large","max-video-preview":"max-video-preview:-1"},"canonical":"http:\/\/viatgespoblenou.com\/es\/documentacio-per-viatjar\/","og_locale":"es_ES","og_type":"article","og_title":"Documentaci\u00f3n para viajar - viatgespoblenou","og_description":"[vc_row][vc_column][vc_column_text] \u00bfSab\u00e9is qu\u00e9 documentaci\u00f3n es necesaria para viajar? VIAJES NACIONALES -DNI, original y vigente. &#8211; En caso de viajar en avi\u00f3n, hay algunas compa\u00f1\u00edas a\u00e9reas que requieren el pasaporte. Consultar a la agencia. VIAJES A LOS PAISES DE LA CEE. ALUMNOS COMUNITARIOS. Los alumnos que sean menores de edad deber\u00e1n viajar con: -DNI, original y&hellip;","og_url":"http:\/\/viatgespoblenou.com\/es\/documentacio-per-viatjar\/","og_site_name":"viatgespoblenou","article_publisher":"https:\/\/es-la.facebook.com\/people\/Viatges-Poblenou\/100001670703933","article_modified_time":"2018-09-10T13:59:36+00:00","twitter_card":"summary","twitter_misc":{"Tiempo de lectura":"2 minutos"},"schema":{"@context":"https:\/\/schema.org","@graph":[{"@type":"WebPage","@id":"http:\/\/viatgespoblenou.com\/es\/documentacio-per-viatjar\/","url":"http:\/\/viatgespoblenou.com\/es\/documentacio-per-viatjar\/","name":"Documentaci\u00f3n para viajar - viatgespoblenou","isPartOf":{"@id":"http:\/\/viatgespoblenou.com\/#website"},"datePublished":"2015-09-18T09:38:27+00:00","dateModified":"2018-09-10T13:59:36+00:00","breadcrumb":{"@id":"http:\/\/viatgespoblenou.com\/es\/documentacio-per-viatjar\/#breadcrumb"},"inLanguage":"es","potentialAction":[{"@type":"ReadAction","target":["http:\/\/viatgespoblenou.com\/es\/documentacio-per-viatjar\/"]}]},{"@type":"BreadcrumbList","@id":"http:\/\/viatgespoblenou.com\/es\/documentacio-per-viatjar\/#breadcrumb","itemListElement":[{"@type":"ListItem","position":1,"name":"Home","item":"http:\/\/viatgespoblenou.com\/"},{"@type":"ListItem","position":2,"name":"Documentaci\u00f3n para viajar"}]},{"@type":"WebSite","@id":"http:\/\/viatgespoblenou.com\/#website","url":"http:\/\/viatgespoblenou.com\/","name":"viatgespoblenou","description":"","potentialAction":[{"@type":"SearchAction","target":{"@type":"EntryPoint","urlTemplate":"http:\/\/viatgespoblenou.com\/?s={search_term_string}"},"query-input":"required name=search_term_string"}],"inLanguage":"es"}]}},"_links":{"self":[{"href":"http:\/\/viatgespoblenou.com\/es\/wp-json\/wp\/v2\/pages\/36905"}],"collection":[{"href":"http:\/\/viatgespoblenou.com\/es\/wp-json\/wp\/v2\/pages"}],"about":[{"href":"http:\/\/viatgespoblenou.com\/es\/wp-json\/wp\/v2\/types\/page"}],"author":[{"embeddable":true,"href":"http:\/\/viatgespoblenou.com\/es\/wp-json\/wp\/v2\/users\/1"}],"replies":[{"embeddable":true,"href":"http:\/\/viatgespoblenou.com\/es\/wp-json\/wp\/v2\/comments?post=36905"}],"version-history":[{"count":11,"href":"http:\/\/viatgespoblenou.com\/es\/wp-json\/wp\/v2\/pages\/36905\/revisions"}],"predecessor-version":[{"id":38296,"href":"http:\/\/viatgespoblenou.com\/es\/wp-json\/wp\/v2\/pages\/36905\/revisions\/38296"}],"wp:attachment":[{"href":"http:\/\/viatgespoblenou.com\/es\/wp-json\/wp\/v2\/media?parent=36905"}],"curies":[{"name":"wp","href":"https:\/\/api.w.org\/{rel}","templated":true}]}}