{"id":36829,"date":"2015-09-09T15:50:58","date_gmt":"2015-09-09T15:50:58","guid":{"rendered":"http:\/\/viatgespoblenou.com\/?page_id=36829"},"modified":"2018-09-10T14:14:20","modified_gmt":"2018-09-10T14:14:20","slug":"andorra","status":"publish","type":"page","link":"http:\/\/viatgespoblenou.com\/es\/andorra\/","title":{"rendered":"Andorra"},"content":{"rendered":"<section class=\"wpb-content-wrapper\"><p>[vc_row][vc_column width=\u00bb1\/2&#8243;][vc_column_text]<\/p>\n<h3 class=\"lletracoordinacio4\"><\/h3>\n<div class=\"page\" title=\"Page 12\">\n<div class=\"section\">\n<div class=\"layoutArea\">\n<div class=\"column\">\n<p>1er d\u00eda: Escuela &#8211; Parque Ol\u00edmpico del Segre (Rafting + Canoa) &#8211; Andorra<br \/>\n2\u00ba d\u00eda: Andorra La Vella y Escaldes &#8211; Caldea<br \/>\n3er d\u00eda: Naturlandia &#8211; Escuela<\/p>\n<p><strong>El precio incluye:<\/strong><\/p>\n<p>Autocar a disposici\u00f3n (respetando la normativa)<br \/>\n2 noches de hotel 3 *** en Andorra La Vella &#8211; Escaldes o alrededores en r\u00e9gimen de Pensi\u00f3n Completa<br \/>\nActividad de Rafting y Pirag\u00fcismo en el Parque Ol\u00edmpico del Segre (material + monitores)<br \/>\nEntrada de mediod\u00eda en Caldea<br \/>\nEntrada en Naturlandia<br \/>\nTalonarios de autofinanciaci\u00f3n<br \/>\nSeguro de Asistencia en viajes<br \/>\nP\u00f3liza de responsabilidad civil<br \/>\nGratuidades para profesores<\/p>\n<\/div>\n<\/div>\n<\/div>\n<\/div>\n<p>[\/vc_column_text][vc_empty_space height=\u00bb30px\u00bb][vc_single_image image=\u00bb37137&#8243; img_size=\u00bbfull\u00bb onclick=\u00bbcustom_link\u00bb link=\u00bbhttp:\/\/viatgespoblenou.com\/es\/pressupost\/\u00bb][\/vc_column][vc_column width=\u00bb1\/2&#8243;][rev_slider_vc alias=\u00bbalgustcast\u00bb][\/vc_column][\/vc_row][vc_row][vc_column][vc_empty_space height=\u00bb70px\u00bb][\/vc_column][\/vc_row]<\/p>\n<\/section>","protected":false},"excerpt":{"rendered":"<p>[vc_row][vc_column width=\u00bb1\/2&#8243;][vc_column_text] 1er d\u00eda: Escuela &#8211; Parque Ol\u00edmpico del Segre (Rafting + Canoa) &#8211; Andorra 2\u00ba d\u00eda: Andorra La Vella y Escaldes &#8211; Caldea 3er d\u00eda: Naturlandia &#8211; Escuela El precio incluye: Autocar a disposici\u00f3n (respetando la normativa) 2 noches de hotel 3 *** en Andorra La Vella &#8211; Escaldes o alrededores en r\u00e9gimen de&hellip;<\/p>\n","protected":false},"author":1,"featured_media":0,"parent":0,"menu_order":0,"comment_status":"open","ping_status":"open","template":"","meta":[],"yoast_head":"<!-- This site is optimized with the Yoast SEO plugin v19.7.1 - https:\/\/yoast.com\/wordpress\/plugins\/seo\/ -->\n<title>Andorra - viatgespoblenou<\/title>\n<meta name=\"robots\" content=\"index, follow, max-snippet:-1, max-image-preview:large, max-video-preview:-1\" \/>\n<link rel=\"canonical\" href=\"http:\/\/viatgespoblenou.com\/es\/andorra\/\" \/>\n<meta property=\"og:locale\" content=\"es_ES\" \/>\n<meta property=\"og:type\" content=\"article\" \/>\n<meta property=\"og:title\" content=\"Andorra - viatgespoblenou\" \/>\n<meta property=\"og:description\" content=\"[vc_row][vc_column width=\u00bb1\/2&#8243;][vc_column_text] 1er d\u00eda: Escuela &#8211; Parque Ol\u00edmpico del Segre (Rafting + Canoa) &#8211; Andorra 2\u00ba d\u00eda: Andorra La Vella y Escaldes &#8211; Caldea 3er d\u00eda: Naturlandia &#8211; Escuela El precio incluye: Autocar a disposici\u00f3n (respetando la normativa) 2 noches de hotel 3 *** en Andorra La Vella &#8211; Escaldes o alrededores en r\u00e9gimen de&hellip;\" \/>\n<meta property=\"og:url\" content=\"http:\/\/viatgespoblenou.com\/es\/andorra\/\" \/>\n<meta property=\"og:site_name\" content=\"viatgespoblenou\" \/>\n<meta property=\"article:publisher\" content=\"https:\/\/es-la.facebook.com\/people\/Viatges-Poblenou\/100001670703933\" \/>\n<meta property=\"article:modified_time\" content=\"2018-09-10T14:14:20+00:00\" \/>\n<meta name=\"twitter:card\" content=\"summary\" \/>\n<meta name=\"twitter:label1\" content=\"Tiempo de lectura\" \/>\n\t<meta name=\"twitter:data1\" content=\"2 minutos\" \/>\n<script type=\"application\/ld+json\" class=\"yoast-schema-graph\">{\"@context\":\"https:\/\/schema.org\",\"@graph\":[{\"@type\":\"WebPage\",\"@id\":\"http:\/\/viatgespoblenou.com\/es\/andorra\/\",\"url\":\"http:\/\/viatgespoblenou.com\/es\/andorra\/\",\"name\":\"Andorra - viatgespoblenou\",\"isPartOf\":{\"@id\":\"http:\/\/viatgespoblenou.com\/#website\"},\"datePublished\":\"2015-09-09T15:50:58+00:00\",\"dateModified\":\"2018-09-10T14:14:20+00:00\",\"breadcrumb\":{\"@id\":\"http:\/\/viatgespoblenou.com\/es\/andorra\/#breadcrumb\"},\"inLanguage\":\"es\",\"potentialAction\":[{\"@type\":\"ReadAction\",\"target\":[\"http:\/\/viatgespoblenou.com\/es\/andorra\/\"]}]},{\"@type\":\"BreadcrumbList\",\"@id\":\"http:\/\/viatgespoblenou.com\/es\/andorra\/#breadcrumb\",\"itemListElement\":[{\"@type\":\"ListItem\",\"position\":1,\"name\":\"Home\",\"item\":\"http:\/\/viatgespoblenou.com\/\"},{\"@type\":\"ListItem\",\"position\":2,\"name\":\"Andorra\"}]},{\"@type\":\"WebSite\",\"@id\":\"http:\/\/viatgespoblenou.com\/#website\",\"url\":\"http:\/\/viatgespoblenou.com\/\",\"name\":\"viatgespoblenou\",\"description\":\"\",\"potentialAction\":[{\"@type\":\"SearchAction\",\"target\":{\"@type\":\"EntryPoint\",\"urlTemplate\":\"http:\/\/viatgespoblenou.com\/?s={search_term_string}\"},\"query-input\":\"required name=search_term_string\"}],\"inLanguage\":\"es\"}]}<\/script>\n<!-- \/ Yoast SEO plugin. -->","yoast_head_json":{"title":"Andorra - viatgespoblenou","robots":{"index":"index","follow":"follow","max-snippet":"max-snippet:-1","max-image-preview":"max-image-preview:large","max-video-preview":"max-video-preview:-1"},"canonical":"http:\/\/viatgespoblenou.com\/es\/andorra\/","og_locale":"es_ES","og_type":"article","og_title":"Andorra - viatgespoblenou","og_description":"[vc_row][vc_column width=\u00bb1\/2&#8243;][vc_column_text] 1er d\u00eda: Escuela &#8211; Parque Ol\u00edmpico del Segre (Rafting + Canoa) &#8211; Andorra 2\u00ba d\u00eda: Andorra La Vella y Escaldes &#8211; Caldea 3er d\u00eda: Naturlandia &#8211; Escuela El precio incluye: Autocar a disposici\u00f3n (respetando la normativa) 2 noches de hotel 3 *** en Andorra La Vella &#8211; Escaldes o alrededores en r\u00e9gimen de&hellip;","og_url":"http:\/\/viatgespoblenou.com\/es\/andorra\/","og_site_name":"viatgespoblenou","article_publisher":"https:\/\/es-la.facebook.com\/people\/Viatges-Poblenou\/100001670703933","article_modified_time":"2018-09-10T14:14:20+00:00","twitter_card":"summary","twitter_misc":{"Tiempo de lectura":"2 minutos"},"schema":{"@context":"https:\/\/schema.org","@graph":[{"@type":"WebPage","@id":"http:\/\/viatgespoblenou.com\/es\/andorra\/","url":"http:\/\/viatgespoblenou.com\/es\/andorra\/","name":"Andorra - viatgespoblenou","isPartOf":{"@id":"http:\/\/viatgespoblenou.com\/#website"},"datePublished":"2015-09-09T15:50:58+00:00","dateModified":"2018-09-10T14:14:20+00:00","breadcrumb":{"@id":"http:\/\/viatgespoblenou.com\/es\/andorra\/#breadcrumb"},"inLanguage":"es","potentialAction":[{"@type":"ReadAction","target":["http:\/\/viatgespoblenou.com\/es\/andorra\/"]}]},{"@type":"BreadcrumbList","@id":"http:\/\/viatgespoblenou.com\/es\/andorra\/#breadcrumb","itemListElement":[{"@type":"ListItem","position":1,"name":"Home","item":"http:\/\/viatgespoblenou.com\/"},{"@type":"ListItem","position":2,"name":"Andorra"}]},{"@type":"WebSite","@id":"http:\/\/viatgespoblenou.com\/#website","url":"http:\/\/viatgespoblenou.com\/","name":"viatgespoblenou","description":"","potentialAction":[{"@type":"SearchAction","target":{"@type":"EntryPoint","urlTemplate":"http:\/\/viatgespoblenou.com\/?s={search_term_string}"},"query-input":"required name=search_term_string"}],"inLanguage":"es"}]}},"_links":{"self":[{"href":"http:\/\/viatgespoblenou.com\/es\/wp-json\/wp\/v2\/pages\/36829"}],"collection":[{"href":"http:\/\/viatgespoblenou.com\/es\/wp-json\/wp\/v2\/pages"}],"about":[{"href":"http:\/\/viatgespoblenou.com\/es\/wp-json\/wp\/v2\/types\/page"}],"author":[{"embeddable":true,"href":"http:\/\/viatgespoblenou.com\/es\/wp-json\/wp\/v2\/users\/1"}],"replies":[{"embeddable":true,"href":"http:\/\/viatgespoblenou.com\/es\/wp-json\/wp\/v2\/comments?post=36829"}],"version-history":[{"count":11,"href":"http:\/\/viatgespoblenou.com\/es\/wp-json\/wp\/v2\/pages\/36829\/revisions"}],"predecessor-version":[{"id":38306,"href":"http:\/\/viatgespoblenou.com\/es\/wp-json\/wp\/v2\/pages\/36829\/revisions\/38306"}],"wp:attachment":[{"href":"http:\/\/viatgespoblenou.com\/es\/wp-json\/wp\/v2\/media?parent=36829"}],"curies":[{"name":"wp","href":"https:\/\/api.w.org\/{rel}","templated":true}]}}