{"id":36785,"date":"2015-09-09T11:04:25","date_gmt":"2015-09-09T11:04:25","guid":{"rendered":"http:\/\/viatgespoblenou.com\/?page_id=36785"},"modified":"2018-08-18T10:58:39","modified_gmt":"2018-08-18T10:58:39","slug":"budapest","status":"publish","type":"page","link":"http:\/\/viatgespoblenou.com\/es\/budapest\/","title":{"rendered":"Budapest"},"content":{"rendered":"<section class=\"wpb-content-wrapper\"><p>[vc_row][vc_column width=\u00bb1\/2&#8243;][vc_column_text]<\/p>\n<h3 class=\"lletracoordinacio4\"><\/h3>\n<div class=\"page\" title=\"Page 12\">\n<div class=\"section\">\n<div class=\"layoutArea\">\n<div class=\"column\">\n<p>1er d\u00eda: Aeropuerto de Barcelona &#8211; Budapest<br \/>\n2\u00ba d\u00eda: Budapest<br \/>\n3er d\u00eda: Budapest<br \/>\n4\u00ba d\u00eda: Budapest- Aeropuerto de Barcelona<\/p>\n<p><strong>El precio incluye:<\/strong><\/p>\n<p>Vuelo Barcelona &#8211; Budapest &#8211; Barcelona<br \/>\nTraslados Aeropuerto &#8211; Hotel &#8211; Aeropuerto<br \/>\n3 noches en hotel ciudad en r\u00e9gimen de Media Pensi\u00f3n<br \/>\nTalonarios de autofinanciaci\u00f3n<br \/>\nSeguro de asistencia en viaje<br \/>\nP\u00f3liza de responsabilidad civil<br \/>\nGratuidades para profesores<\/p>\n<\/div>\n<\/div>\n<\/div>\n<\/div>\n<p>[\/vc_column_text][vc_empty_space height=\u00bb30px\u00bb][vc_single_image image=\u00bb37137&#8243; img_size=\u00bbfull\u00bb onclick=\u00bbcustom_link\u00bb link=\u00bbhttp:\/\/viatgespoblenou.com\/es\/pressupost\/\u00bb][\/vc_column][vc_column width=\u00bb1\/2&#8243;][rev_slider_vc alias=\u00bbalgustcast\u00bb][\/vc_column][\/vc_row][vc_row][vc_column][vc_empty_space height=\u00bb70px\u00bb][\/vc_column][\/vc_row]<\/p>\n<\/section>","protected":false},"excerpt":{"rendered":"<p>[vc_row][vc_column width=\u00bb1\/2&#8243;][vc_column_text] 1er d\u00eda: Aeropuerto de Barcelona &#8211; Budapest 2\u00ba d\u00eda: Budapest 3er d\u00eda: Budapest 4\u00ba d\u00eda: Budapest- Aeropuerto de Barcelona El precio incluye: Vuelo Barcelona &#8211; Budapest &#8211; Barcelona Traslados Aeropuerto &#8211; Hotel &#8211; Aeropuerto 3 noches en hotel ciudad en r\u00e9gimen de Media Pensi\u00f3n Talonarios de autofinanciaci\u00f3n Seguro de asistencia en viaje P\u00f3liza&hellip;<\/p>\n","protected":false},"author":1,"featured_media":0,"parent":0,"menu_order":0,"comment_status":"open","ping_status":"open","template":"","meta":[],"yoast_head":"<!-- This site is optimized with the Yoast SEO plugin v19.7.1 - https:\/\/yoast.com\/wordpress\/plugins\/seo\/ -->\n<title>Budapest - viatgespoblenou<\/title>\n<meta name=\"robots\" content=\"index, follow, max-snippet:-1, max-image-preview:large, max-video-preview:-1\" \/>\n<link rel=\"canonical\" href=\"http:\/\/viatgespoblenou.com\/es\/budapest\/\" \/>\n<meta property=\"og:locale\" content=\"es_ES\" \/>\n<meta property=\"og:type\" content=\"article\" \/>\n<meta property=\"og:title\" content=\"Budapest - viatgespoblenou\" \/>\n<meta property=\"og:description\" content=\"[vc_row][vc_column width=\u00bb1\/2&#8243;][vc_column_text] 1er d\u00eda: Aeropuerto de Barcelona &#8211; Budapest 2\u00ba d\u00eda: Budapest 3er d\u00eda: Budapest 4\u00ba d\u00eda: Budapest- Aeropuerto de Barcelona El precio incluye: Vuelo Barcelona &#8211; Budapest &#8211; Barcelona Traslados Aeropuerto &#8211; Hotel &#8211; Aeropuerto 3 noches en hotel ciudad en r\u00e9gimen de Media Pensi\u00f3n Talonarios de autofinanciaci\u00f3n Seguro de asistencia en viaje P\u00f3liza&hellip;\" \/>\n<meta property=\"og:url\" content=\"http:\/\/viatgespoblenou.com\/es\/budapest\/\" \/>\n<meta property=\"og:site_name\" content=\"viatgespoblenou\" \/>\n<meta property=\"article:publisher\" content=\"https:\/\/es-la.facebook.com\/people\/Viatges-Poblenou\/100001670703933\" \/>\n<meta property=\"article:modified_time\" content=\"2018-08-18T10:58:39+00:00\" \/>\n<meta name=\"twitter:card\" content=\"summary\" \/>\n<meta name=\"twitter:label1\" content=\"Tiempo de lectura\" \/>\n\t<meta name=\"twitter:data1\" content=\"1 minuto\" \/>\n<script type=\"application\/ld+json\" class=\"yoast-schema-graph\">{\"@context\":\"https:\/\/schema.org\",\"@graph\":[{\"@type\":\"WebPage\",\"@id\":\"http:\/\/viatgespoblenou.com\/es\/budapest\/\",\"url\":\"http:\/\/viatgespoblenou.com\/es\/budapest\/\",\"name\":\"Budapest - viatgespoblenou\",\"isPartOf\":{\"@id\":\"http:\/\/viatgespoblenou.com\/#website\"},\"datePublished\":\"2015-09-09T11:04:25+00:00\",\"dateModified\":\"2018-08-18T10:58:39+00:00\",\"breadcrumb\":{\"@id\":\"http:\/\/viatgespoblenou.com\/es\/budapest\/#breadcrumb\"},\"inLanguage\":\"es\",\"potentialAction\":[{\"@type\":\"ReadAction\",\"target\":[\"http:\/\/viatgespoblenou.com\/es\/budapest\/\"]}]},{\"@type\":\"BreadcrumbList\",\"@id\":\"http:\/\/viatgespoblenou.com\/es\/budapest\/#breadcrumb\",\"itemListElement\":[{\"@type\":\"ListItem\",\"position\":1,\"name\":\"Home\",\"item\":\"http:\/\/viatgespoblenou.com\/\"},{\"@type\":\"ListItem\",\"position\":2,\"name\":\"Budapest\"}]},{\"@type\":\"WebSite\",\"@id\":\"http:\/\/viatgespoblenou.com\/#website\",\"url\":\"http:\/\/viatgespoblenou.com\/\",\"name\":\"viatgespoblenou\",\"description\":\"\",\"potentialAction\":[{\"@type\":\"SearchAction\",\"target\":{\"@type\":\"EntryPoint\",\"urlTemplate\":\"http:\/\/viatgespoblenou.com\/?s={search_term_string}\"},\"query-input\":\"required name=search_term_string\"}],\"inLanguage\":\"es\"}]}<\/script>\n<!-- \/ Yoast SEO plugin. -->","yoast_head_json":{"title":"Budapest - viatgespoblenou","robots":{"index":"index","follow":"follow","max-snippet":"max-snippet:-1","max-image-preview":"max-image-preview:large","max-video-preview":"max-video-preview:-1"},"canonical":"http:\/\/viatgespoblenou.com\/es\/budapest\/","og_locale":"es_ES","og_type":"article","og_title":"Budapest - viatgespoblenou","og_description":"[vc_row][vc_column width=\u00bb1\/2&#8243;][vc_column_text] 1er d\u00eda: Aeropuerto de Barcelona &#8211; Budapest 2\u00ba d\u00eda: Budapest 3er d\u00eda: Budapest 4\u00ba d\u00eda: Budapest- Aeropuerto de Barcelona El precio incluye: Vuelo Barcelona &#8211; Budapest &#8211; Barcelona Traslados Aeropuerto &#8211; Hotel &#8211; Aeropuerto 3 noches en hotel ciudad en r\u00e9gimen de Media Pensi\u00f3n Talonarios de autofinanciaci\u00f3n Seguro de asistencia en viaje P\u00f3liza&hellip;","og_url":"http:\/\/viatgespoblenou.com\/es\/budapest\/","og_site_name":"viatgespoblenou","article_publisher":"https:\/\/es-la.facebook.com\/people\/Viatges-Poblenou\/100001670703933","article_modified_time":"2018-08-18T10:58:39+00:00","twitter_card":"summary","twitter_misc":{"Tiempo de lectura":"1 minuto"},"schema":{"@context":"https:\/\/schema.org","@graph":[{"@type":"WebPage","@id":"http:\/\/viatgespoblenou.com\/es\/budapest\/","url":"http:\/\/viatgespoblenou.com\/es\/budapest\/","name":"Budapest - viatgespoblenou","isPartOf":{"@id":"http:\/\/viatgespoblenou.com\/#website"},"datePublished":"2015-09-09T11:04:25+00:00","dateModified":"2018-08-18T10:58:39+00:00","breadcrumb":{"@id":"http:\/\/viatgespoblenou.com\/es\/budapest\/#breadcrumb"},"inLanguage":"es","potentialAction":[{"@type":"ReadAction","target":["http:\/\/viatgespoblenou.com\/es\/budapest\/"]}]},{"@type":"BreadcrumbList","@id":"http:\/\/viatgespoblenou.com\/es\/budapest\/#breadcrumb","itemListElement":[{"@type":"ListItem","position":1,"name":"Home","item":"http:\/\/viatgespoblenou.com\/"},{"@type":"ListItem","position":2,"name":"Budapest"}]},{"@type":"WebSite","@id":"http:\/\/viatgespoblenou.com\/#website","url":"http:\/\/viatgespoblenou.com\/","name":"viatgespoblenou","description":"","potentialAction":[{"@type":"SearchAction","target":{"@type":"EntryPoint","urlTemplate":"http:\/\/viatgespoblenou.com\/?s={search_term_string}"},"query-input":"required name=search_term_string"}],"inLanguage":"es"}]}},"_links":{"self":[{"href":"http:\/\/viatgespoblenou.com\/es\/wp-json\/wp\/v2\/pages\/36785"}],"collection":[{"href":"http:\/\/viatgespoblenou.com\/es\/wp-json\/wp\/v2\/pages"}],"about":[{"href":"http:\/\/viatgespoblenou.com\/es\/wp-json\/wp\/v2\/types\/page"}],"author":[{"embeddable":true,"href":"http:\/\/viatgespoblenou.com\/es\/wp-json\/wp\/v2\/users\/1"}],"replies":[{"embeddable":true,"href":"http:\/\/viatgespoblenou.com\/es\/wp-json\/wp\/v2\/comments?post=36785"}],"version-history":[{"count":9,"href":"http:\/\/viatgespoblenou.com\/es\/wp-json\/wp\/v2\/pages\/36785\/revisions"}],"predecessor-version":[{"id":38227,"href":"http:\/\/viatgespoblenou.com\/es\/wp-json\/wp\/v2\/pages\/36785\/revisions\/38227"}],"wp:attachment":[{"href":"http:\/\/viatgespoblenou.com\/es\/wp-json\/wp\/v2\/media?parent=36785"}],"curies":[{"name":"wp","href":"https:\/\/api.w.org\/{rel}","templated":true}]}}