{"id":36095,"date":"2015-05-18T07:57:37","date_gmt":"2015-05-18T07:57:37","guid":{"rendered":"http:\/\/viatgespoblenou.com\/?page_id=36095"},"modified":"2019-08-23T16:57:40","modified_gmt":"2019-08-23T16:57:40","slug":"colonies-d-estiu-cala-pola","status":"publish","type":"page","link":"http:\/\/viatgespoblenou.com\/es\/colonies\/colonies-d-estiu-cala-pola\/","title":{"rendered":"Cala Pola"},"content":{"rendered":"<section class=\"wpb-content-wrapper\"><p>[vc_row][vc_column width=\u00bb1\/3&#8243;][vc_single_image image=\u00bb36096&#8243; img_size=\u00bbfull\u00bb][vc_empty_space height=\u00bb40px\u00bb][vc_single_image image=\u00bb36889&#8243; img_size=\u00bbfull\u00bb][vc_empty_space height=\u00bb40px\u00bb][\/vc_column][vc_column width=\u00bb7\/12&#8243;][vc_column_text]Camping con su propia cala<\/p>\n<p>Hay pocos lugares en el mundo m\u00e1s apropiados para un camping que la id\u00edlica Cala Pola, con la arena c\u00e1lida y las vistas espectaculares.<\/p>\n<p>El paisaje se armoniza con los pinares protegidos y los bosques de encinas en el sector m\u00e1s bonito de la Costa Brava.<\/p>\n<p>El gran complejo, muy bien cuidado, tiene m\u00e1s de 340 parcelas para tiendas, caravanas, autocaravanas, 80 bungalows de lona Bengali y 6 bungalows nuevos. Disfruta de unas vacaciones de relax en un camping soleado y al borde del mar.<\/p>\n<h3 class=\"lletracoordinacio2\"><strong>Servicios adicionales:<\/strong><\/h3>\n<div class=\"page\" title=\"Page 10\">\n<div class=\"section\">\n<div class=\"layoutArea\">\n<div class=\"column\">\n<p>&#8211; Zona Wi-Fii en el centro del complejo<\/p>\n<p>&#8211; Supermercado<\/p>\n<p>&#8211; Dos restaurantes<\/p>\n<p>&#8211; Dos bares<\/p>\n<p>&#8211; Autoservicio de lavander\u00eda<\/p>\n<p>&#8211; Cajero autom\u00e1tico<\/p>\n<p>&nbsp;<\/p>\n<p><strong><span class=\"lletracoordinacio2\">El precio incluye:<\/span><\/strong><\/p>\n<\/div>\n<\/div>\n<\/div>\n<\/div>\n<ul>\n<li>Pensi\u00f3n completa en el Camping Cala Pola<\/li>\n<li>Actividades seg\u00fan programa<\/li>\n<li>Seguro de accidentes y responsabilidad civil<\/li>\n<li>Una plaza de profesor gratuita por cada 25 alumnos<\/li>\n<li>2\/3 monitores por grupo de 20 ni\u00f1os<\/li>\n<li>Asistencia y tr\u00e1mites en todas las actividades<\/li>\n<li>Boletos de autofinanciaci\u00f3n<\/li>\n<\/ul>\n<p><strong><span class=\"lletracoordinacio2\">El precio no\u00a0<strong><span class=\"lletracoordinacio2\">incluye<\/span><\/strong>:<\/span><\/strong><\/p>\n<ul>\n<li>Comida del primer d\u00eda<\/li>\n<li>Autocar<\/li>\n<\/ul>\n<p>[\/vc_column_text][\/vc_column][\/vc_row][vc_row][vc_column][vc_empty_space height=\u00bb70px\u00bb][\/vc_column][\/vc_row]<\/p>\n<\/section>","protected":false},"excerpt":{"rendered":"<p>[vc_row][vc_column width=\u00bb1\/3&#8243;][vc_single_image image=\u00bb36096&#8243; img_size=\u00bbfull\u00bb][vc_empty_space height=\u00bb40px\u00bb][vc_single_image image=\u00bb36889&#8243; img_size=\u00bbfull\u00bb][vc_empty_space height=\u00bb40px\u00bb][\/vc_column][vc_column width=\u00bb7\/12&#8243;][vc_column_text]Camping con su propia cala Hay pocos lugares en el mundo m\u00e1s apropiados para un camping que la id\u00edlica Cala Pola, con la arena c\u00e1lida y las vistas espectaculares. El paisaje se armoniza con los pinares protegidos y los bosques de encinas en el sector m\u00e1s bonito&hellip;<\/p>\n","protected":false},"author":1,"featured_media":0,"parent":36063,"menu_order":0,"comment_status":"closed","ping_status":"closed","template":"","meta":[],"yoast_head":"<!-- This site is optimized with the Yoast SEO plugin v19.7.1 - https:\/\/yoast.com\/wordpress\/plugins\/seo\/ -->\n<title>Cala Pola - viatgespoblenou<\/title>\n<meta name=\"robots\" content=\"index, follow, max-snippet:-1, max-image-preview:large, max-video-preview:-1\" \/>\n<link rel=\"canonical\" href=\"http:\/\/viatgespoblenou.com\/colonies\/colonies-d-estiu-cala-pola\/\" \/>\n<meta property=\"og:locale\" content=\"es_ES\" \/>\n<meta property=\"og:type\" content=\"article\" \/>\n<meta property=\"og:title\" content=\"Cala Pola - viatgespoblenou\" \/>\n<meta property=\"og:description\" content=\"[vc_row][vc_column width=\u00bb1\/3&#8243;][vc_single_image image=\u00bb36096&#8243; img_size=\u00bbfull\u00bb][vc_empty_space height=\u00bb40px\u00bb][vc_single_image image=\u00bb36889&#8243; img_size=\u00bbfull\u00bb][vc_empty_space height=\u00bb40px\u00bb][\/vc_column][vc_column width=\u00bb7\/12&#8243;][vc_column_text]Camping con su propia cala Hay pocos lugares en el mundo m\u00e1s apropiados para un camping que la id\u00edlica Cala Pola, con la arena c\u00e1lida y las vistas espectaculares. El paisaje se armoniza con los pinares protegidos y los bosques de encinas en el sector m\u00e1s bonito&hellip;\" \/>\n<meta property=\"og:url\" content=\"http:\/\/viatgespoblenou.com\/colonies\/colonies-d-estiu-cala-pola\/\" \/>\n<meta property=\"og:site_name\" content=\"viatgespoblenou\" \/>\n<meta property=\"article:publisher\" content=\"https:\/\/es-la.facebook.com\/people\/Viatges-Poblenou\/100001670703933\" \/>\n<meta property=\"article:modified_time\" content=\"2019-08-23T16:57:40+00:00\" \/>\n<meta name=\"twitter:card\" content=\"summary\" \/>\n<meta name=\"twitter:label1\" content=\"Tiempo de lectura\" \/>\n\t<meta name=\"twitter:data1\" content=\"2 minutos\" \/>\n<script type=\"application\/ld+json\" class=\"yoast-schema-graph\">{\"@context\":\"https:\/\/schema.org\",\"@graph\":[{\"@type\":\"WebPage\",\"@id\":\"http:\/\/viatgespoblenou.com\/colonies\/colonies-d-estiu-cala-pola\/\",\"url\":\"http:\/\/viatgespoblenou.com\/colonies\/colonies-d-estiu-cala-pola\/\",\"name\":\"Cala Pola - viatgespoblenou\",\"isPartOf\":{\"@id\":\"http:\/\/viatgespoblenou.com\/#website\"},\"datePublished\":\"2015-05-18T07:57:37+00:00\",\"dateModified\":\"2019-08-23T16:57:40+00:00\",\"breadcrumb\":{\"@id\":\"http:\/\/viatgespoblenou.com\/colonies\/colonies-d-estiu-cala-pola\/#breadcrumb\"},\"inLanguage\":\"es\",\"potentialAction\":[{\"@type\":\"ReadAction\",\"target\":[\"http:\/\/viatgespoblenou.com\/colonies\/colonies-d-estiu-cala-pola\/\"]}]},{\"@type\":\"BreadcrumbList\",\"@id\":\"http:\/\/viatgespoblenou.com\/colonies\/colonies-d-estiu-cala-pola\/#breadcrumb\",\"itemListElement\":[{\"@type\":\"ListItem\",\"position\":1,\"name\":\"Home\",\"item\":\"http:\/\/viatgespoblenou.com\/\"},{\"@type\":\"ListItem\",\"position\":2,\"name\":\"Col\u00f2nies\",\"item\":\"http:\/\/viatgespoblenou.com\/colonies\/\"},{\"@type\":\"ListItem\",\"position\":3,\"name\":\"[:ca]colonies d&#8217;estiu &#8211; Cala Pola[:es]Cala Pola[:]\"}]},{\"@type\":\"WebSite\",\"@id\":\"http:\/\/viatgespoblenou.com\/#website\",\"url\":\"http:\/\/viatgespoblenou.com\/\",\"name\":\"viatgespoblenou\",\"description\":\"\",\"potentialAction\":[{\"@type\":\"SearchAction\",\"target\":{\"@type\":\"EntryPoint\",\"urlTemplate\":\"http:\/\/viatgespoblenou.com\/?s={search_term_string}\"},\"query-input\":\"required name=search_term_string\"}],\"inLanguage\":\"es\"}]}<\/script>\n<!-- \/ Yoast SEO plugin. -->","yoast_head_json":{"title":"Cala Pola - viatgespoblenou","robots":{"index":"index","follow":"follow","max-snippet":"max-snippet:-1","max-image-preview":"max-image-preview:large","max-video-preview":"max-video-preview:-1"},"canonical":"http:\/\/viatgespoblenou.com\/colonies\/colonies-d-estiu-cala-pola\/","og_locale":"es_ES","og_type":"article","og_title":"Cala Pola - viatgespoblenou","og_description":"[vc_row][vc_column width=\u00bb1\/3&#8243;][vc_single_image image=\u00bb36096&#8243; img_size=\u00bbfull\u00bb][vc_empty_space height=\u00bb40px\u00bb][vc_single_image image=\u00bb36889&#8243; img_size=\u00bbfull\u00bb][vc_empty_space height=\u00bb40px\u00bb][\/vc_column][vc_column width=\u00bb7\/12&#8243;][vc_column_text]Camping con su propia cala Hay pocos lugares en el mundo m\u00e1s apropiados para un camping que la id\u00edlica Cala Pola, con la arena c\u00e1lida y las vistas espectaculares. El paisaje se armoniza con los pinares protegidos y los bosques de encinas en el sector m\u00e1s bonito&hellip;","og_url":"http:\/\/viatgespoblenou.com\/colonies\/colonies-d-estiu-cala-pola\/","og_site_name":"viatgespoblenou","article_publisher":"https:\/\/es-la.facebook.com\/people\/Viatges-Poblenou\/100001670703933","article_modified_time":"2019-08-23T16:57:40+00:00","twitter_card":"summary","twitter_misc":{"Tiempo de lectura":"2 minutos"},"schema":{"@context":"https:\/\/schema.org","@graph":[{"@type":"WebPage","@id":"http:\/\/viatgespoblenou.com\/colonies\/colonies-d-estiu-cala-pola\/","url":"http:\/\/viatgespoblenou.com\/colonies\/colonies-d-estiu-cala-pola\/","name":"Cala Pola - viatgespoblenou","isPartOf":{"@id":"http:\/\/viatgespoblenou.com\/#website"},"datePublished":"2015-05-18T07:57:37+00:00","dateModified":"2019-08-23T16:57:40+00:00","breadcrumb":{"@id":"http:\/\/viatgespoblenou.com\/colonies\/colonies-d-estiu-cala-pola\/#breadcrumb"},"inLanguage":"es","potentialAction":[{"@type":"ReadAction","target":["http:\/\/viatgespoblenou.com\/colonies\/colonies-d-estiu-cala-pola\/"]}]},{"@type":"BreadcrumbList","@id":"http:\/\/viatgespoblenou.com\/colonies\/colonies-d-estiu-cala-pola\/#breadcrumb","itemListElement":[{"@type":"ListItem","position":1,"name":"Home","item":"http:\/\/viatgespoblenou.com\/"},{"@type":"ListItem","position":2,"name":"Col\u00f2nies","item":"http:\/\/viatgespoblenou.com\/colonies\/"},{"@type":"ListItem","position":3,"name":"[:ca]colonies d&#8217;estiu &#8211; Cala Pola[:es]Cala Pola[:]"}]},{"@type":"WebSite","@id":"http:\/\/viatgespoblenou.com\/#website","url":"http:\/\/viatgespoblenou.com\/","name":"viatgespoblenou","description":"","potentialAction":[{"@type":"SearchAction","target":{"@type":"EntryPoint","urlTemplate":"http:\/\/viatgespoblenou.com\/?s={search_term_string}"},"query-input":"required name=search_term_string"}],"inLanguage":"es"}]}},"_links":{"self":[{"href":"http:\/\/viatgespoblenou.com\/es\/wp-json\/wp\/v2\/pages\/36095"}],"collection":[{"href":"http:\/\/viatgespoblenou.com\/es\/wp-json\/wp\/v2\/pages"}],"about":[{"href":"http:\/\/viatgespoblenou.com\/es\/wp-json\/wp\/v2\/types\/page"}],"author":[{"embeddable":true,"href":"http:\/\/viatgespoblenou.com\/es\/wp-json\/wp\/v2\/users\/1"}],"replies":[{"embeddable":true,"href":"http:\/\/viatgespoblenou.com\/es\/wp-json\/wp\/v2\/comments?post=36095"}],"version-history":[{"count":13,"href":"http:\/\/viatgespoblenou.com\/es\/wp-json\/wp\/v2\/pages\/36095\/revisions"}],"predecessor-version":[{"id":38672,"href":"http:\/\/viatgespoblenou.com\/es\/wp-json\/wp\/v2\/pages\/36095\/revisions\/38672"}],"up":[{"embeddable":true,"href":"http:\/\/viatgespoblenou.com\/es\/wp-json\/wp\/v2\/pages\/36063"}],"wp:attachment":[{"href":"http:\/\/viatgespoblenou.com\/es\/wp-json\/wp\/v2\/media?parent=36095"}],"curies":[{"name":"wp","href":"https:\/\/api.w.org\/{rel}","templated":true}]}}