{"id":36091,"date":"2015-05-18T07:53:14","date_gmt":"2015-05-18T07:53:14","guid":{"rendered":"http:\/\/viatgespoblenou.com\/?page_id=36091"},"modified":"2020-10-20T17:33:36","modified_gmt":"2020-10-20T17:33:36","slug":"colonies-d-estiu-cala-giverola","status":"publish","type":"page","link":"http:\/\/viatgespoblenou.com\/es\/colonies\/colonies-d-estiu-cala-giverola\/","title":{"rendered":"Cala Giverola"},"content":{"rendered":"<section class=\"wpb-content-wrapper\"><p>[vc_row][vc_column width=\u00bb1\/3&#8243;][vc_single_image image=\u00bb36093&#8243; img_size=\u00bbfull\u00bb][vc_empty_space height=\u00bb40px\u00bb][vc_single_image image=\u00bb37786&#8243; img_size=\u00bbfull\u00bb alignment=\u00bbcenter\u00bb onclick=\u00bbimg_link_large\u00bb][vc_empty_space height=\u00bb40px\u00bb][\/vc_column][vc_column width=\u00bb7\/12&#8243;][vc_column_text]El club-hotel Giverola est\u00e1 situado en medio de un paisaje lleno de peque\u00f1os valles y colinas, justo al lado de la cala de arena Cala Giverola, con unas vistas extraordinarias al mar. Situado a unos cinco kil\u00f3metros de Tossa de Mar. Os proponemos numerosas actividades de ocio y deportivas, sin\u00f3nimo de vacaciones alegres y divertidas.<\/p>\n<p class=\"lletracoordinacio3\">El edificio principal acoge las siguientes instalaciones:<\/p>\n<ul>\n<li>Recepci\u00f3n<\/li>\n<li>Cibercaf\u00e9 &amp; Wlan<\/li>\n<li>Cajero autom\u00e1tico<\/li>\n<li>Supermercado<\/li>\n<li>Sala de lavadoras<\/li>\n<li>Restaurante<\/li>\n<li>Discoteca-bar<\/li>\n<li>Piscina cubierta con jacuzzi<\/li>\n<li>Sala de fitness<\/li>\n<li>Piscina al aire libre<\/li>\n<li>Tobog\u00e1n acu\u00e1tico<\/li>\n<li>Pistas de tenis<\/li>\n<li>Mini golf<\/li>\n<li>Estudios y apartamentos<\/li>\n<\/ul>\n<h3 class=\"lletracoordinacio2\"><strong>Actividades<\/strong><\/h3>\n<ul>\n<li>Piscina<\/li>\n<li>Mini-Golf<\/li>\n<li>Tobog\u00e1n acu\u00e1tico<\/li>\n<li>Snorkeling (excursi\u00f3n acu\u00e1tica)<\/li>\n<li>Pedal-boats<\/li>\n<li>Tenis<\/li>\n<li>Tiro con arco<\/li>\n<li>Juegos en la Playa<\/li>\n<li>Inmersi\u00f3n con botellas<\/li>\n<li>Crucero fondo de cristal<\/li>\n<li>Kayak<\/li>\n<\/ul>\n<ul>\n<li>Sky-bus<\/li>\n<\/ul>\n<p>Nos deslizamos por encima del agua sobre un churro hinchable, arrastrados por una lancha.<\/p>\n<ul>\n<li>Kayaks<\/li>\n<\/ul>\n<p>Aprenderemos a remar haciendo una excursi\u00f3n por la cala con piraguas.<\/p>\n<ul>\n<li>Juegos en la piscina<\/li>\n<\/ul>\n<p>Actividad realizada en la piscina. Jugaremos a waterpolo y a otros juegos.<\/p>\n<ul>\n<li>Inmersi\u00f3n con botellas<\/li>\n<\/ul>\n<p>Actividad guiada exclusivamente por un divemaster acompa\u00f1ado de otro monitor. La actividad estar\u00e1 dividida en dos clases, una te\u00f3rica y otra pr\u00e1ctica en la piscina, en un primer contacto con el equipo aut\u00f3nomo. La clase es de\u00a0un gran atractivo y no tiene ning\u00fan tipo de riesgo, ya que se hace de dos en dos junto al instructor y un monitor de ayuda fuera del agua. Tanto en la piscina para ni\u00f1os como en la piscina grande.<\/p>\n<ul>\n<li>Juegos en la playa<\/li>\n<\/ul>\n<p>Aprenderemos a jugar a voley playa, raquetas de b\u00e1dminton, a palas de playa y al\u00a0Frisby, y con colchones de poliuretano para jugar en el mar.<\/p>\n<ul>\n<li>Tiro con arco<\/li>\n<\/ul>\n<p>Probaremos nuestra punter\u00eda al tirar con un arco aut\u00e9ntico sobre unas dianas en un campo de tiro.<\/p>\n<ul>\n<li>Snorkel<\/li>\n<\/ul>\n<p>Consta de una clase te\u00f3rica seguida de una ruta guiada por dos monitores. Esta actividad tiene la finalidad de descubrir el mundo subacu\u00e1tico y algunas de las especies del Mediterr\u00e1neo. Se realiza alrededor de la costa, lo cual permite ofrecer una divertid\u00edsima y atractiva actividad por la belleza de su entorno.<\/p>\n<table style=\"height: 252px;\" border=\"0\" width=\"533\">\n<tbody>\n<tr>\n<td class=\"lletracoordinacio2\" width=\"25%\">\n<div align=\"left\"><span class=\"lletracoordinacio2\">Cala Giverola<\/span><\/div>\n<\/td>\n<td width=\"25%\">\n<div align=\"center\"><span class=\"lletracoordinacio2\" style=\"text-align: center;\">Hasta el 19 de Mayo<\/span><\/div>\n<\/td>\n<td width=\"25%\">\n<div align=\"center\"><span class=\"lletracoordinacio2\" style=\"text-align: center;\">A partir del 19 de Mayo<\/span><\/div>\n<\/td>\n<\/tr>\n<tr>\n<td class=\"lletracoordinacio3\">1 noche + 2 d\u00edas<\/td>\n<td class=\"lletracoordinacio3\">\n<div align=\"center\">115\u20ac<\/div>\n<\/td>\n<td class=\"lletracoordinacio3\">\n<div align=\"center\">124\u20ac<\/div>\n<\/td>\n<\/tr>\n<tr>\n<td class=\"lletracoordinacio3\">\n<div align=\"left\">\n<div align=\"left\">2 noches\u00a0+ 3\u00a0d\u00edas<\/div>\n<\/div>\n<\/td>\n<td class=\"lletracoordinacio3\">\n<div align=\"center\">165\u20ac<\/div>\n<\/td>\n<td class=\"lletracoordinacio3\">\n<div align=\"center\">185\u20ac<\/div>\n<\/td>\n<\/tr>\n<tr>\n<td class=\"lletracoordinacio3\">\n<div align=\"left\">\n<div align=\"left\">\n<div align=\"left\">3\u00a0noches + 4\u00a0d\u00edas<\/div>\n<\/div>\n<\/div>\n<\/td>\n<td class=\"lletracoordinacio3\">\n<div align=\"center\">216\u20ac<\/div>\n<\/td>\n<td class=\"lletracoordinacio3\">\n<div align=\"center\">243\u20ac<\/div>\n<\/td>\n<\/tr>\n<tr>\n<td class=\"lletracoordinacio3\">\n<div align=\"left\">\n<div align=\"left\">\n<div align=\"left\">4\u00a0noches + 5\u00a0d\u00edas<\/div>\n<\/div>\n<\/div>\n<\/td>\n<td class=\"lletracoordinacio3\">\n<div align=\"center\">260\u20ac<\/div>\n<\/td>\n<td class=\"lletracoordinacio3\">\n<div align=\"center\">289\u20ac<\/div>\n<\/td>\n<\/tr>\n<\/tbody>\n<\/table>\n<p><strong><span class=\"lletracoordinacio2\">El precio incluye:<\/span><\/strong><\/p>\n<ul>\n<li>Pensi\u00f3n completa en el Club Hotel Cala Giverola<\/li>\n<li>Actividades seg\u00fan programa<\/li>\n<li>Seguro de accidentes y responsabilidad civil<\/li>\n<li>Una plaza de profesor gratuita por cada 25 alumnos<\/li>\n<li>2\/3 monitores por grupo de 20 ni\u00f1os<\/li>\n<li>Asistencia y tr\u00e1mites en todas las actividades<\/li>\n<li>Boletos de autofinanciaci\u00f3n<\/li>\n<\/ul>\n<p><strong> <span class=\"lletracoordinacio2\">El precio no incluye:<\/span><\/strong><\/p>\n<ul>\n<li>Comida del primer d\u00eda<\/li>\n<li>Autocar<\/li>\n<\/ul>\n<p>[\/vc_column_text][\/vc_column][\/vc_row][vc_row][vc_column][vc_empty_space height=\u00bb70px\u00bb][\/vc_column][\/vc_row]<\/p>\n<\/section>","protected":false},"excerpt":{"rendered":"<p>[vc_row][vc_column width=\u00bb1\/3&#8243;][vc_single_image image=\u00bb36093&#8243; img_size=\u00bbfull\u00bb][vc_empty_space height=\u00bb40px\u00bb][vc_single_image image=\u00bb37786&#8243; img_size=\u00bbfull\u00bb alignment=\u00bbcenter\u00bb onclick=\u00bbimg_link_large\u00bb][vc_empty_space height=\u00bb40px\u00bb][\/vc_column][vc_column width=\u00bb7\/12&#8243;][vc_column_text]El club-hotel Giverola est\u00e1 situado en medio de un paisaje lleno de peque\u00f1os valles y colinas, justo al lado de la cala de arena Cala Giverola, con unas vistas extraordinarias al mar. Situado a unos cinco kil\u00f3metros de Tossa de Mar. Os proponemos numerosas actividades&hellip;<\/p>\n","protected":false},"author":1,"featured_media":0,"parent":36063,"menu_order":0,"comment_status":"closed","ping_status":"closed","template":"","meta":[],"yoast_head":"<!-- This site is optimized with the Yoast SEO plugin v19.7.1 - https:\/\/yoast.com\/wordpress\/plugins\/seo\/ -->\n<title>Cala Giverola - viatgespoblenou<\/title>\n<meta name=\"robots\" content=\"index, follow, max-snippet:-1, max-image-preview:large, max-video-preview:-1\" \/>\n<link rel=\"canonical\" href=\"http:\/\/viatgespoblenou.com\/colonies\/colonies-d-estiu-cala-giverola\/\" \/>\n<meta property=\"og:locale\" content=\"es_ES\" \/>\n<meta property=\"og:type\" content=\"article\" \/>\n<meta property=\"og:title\" content=\"Cala Giverola - viatgespoblenou\" \/>\n<meta property=\"og:description\" content=\"[vc_row][vc_column width=\u00bb1\/3&#8243;][vc_single_image image=\u00bb36093&#8243; img_size=\u00bbfull\u00bb][vc_empty_space height=\u00bb40px\u00bb][vc_single_image image=\u00bb37786&#8243; img_size=\u00bbfull\u00bb alignment=\u00bbcenter\u00bb onclick=\u00bbimg_link_large\u00bb][vc_empty_space height=\u00bb40px\u00bb][\/vc_column][vc_column width=\u00bb7\/12&#8243;][vc_column_text]El club-hotel Giverola est\u00e1 situado en medio de un paisaje lleno de peque\u00f1os valles y colinas, justo al lado de la cala de arena Cala Giverola, con unas vistas extraordinarias al mar. Situado a unos cinco kil\u00f3metros de Tossa de Mar. Os proponemos numerosas actividades&hellip;\" \/>\n<meta property=\"og:url\" content=\"http:\/\/viatgespoblenou.com\/colonies\/colonies-d-estiu-cala-giverola\/\" \/>\n<meta property=\"og:site_name\" content=\"viatgespoblenou\" \/>\n<meta property=\"article:publisher\" content=\"https:\/\/es-la.facebook.com\/people\/Viatges-Poblenou\/100001670703933\" \/>\n<meta property=\"article:modified_time\" content=\"2020-10-20T17:33:36+00:00\" \/>\n<meta name=\"twitter:card\" content=\"summary\" \/>\n<meta name=\"twitter:label1\" content=\"Tiempo de lectura\" \/>\n\t<meta name=\"twitter:data1\" content=\"5 minutos\" \/>\n<script type=\"application\/ld+json\" class=\"yoast-schema-graph\">{\"@context\":\"https:\/\/schema.org\",\"@graph\":[{\"@type\":\"WebPage\",\"@id\":\"http:\/\/viatgespoblenou.com\/colonies\/colonies-d-estiu-cala-giverola\/\",\"url\":\"http:\/\/viatgespoblenou.com\/colonies\/colonies-d-estiu-cala-giverola\/\",\"name\":\"Cala Giverola - viatgespoblenou\",\"isPartOf\":{\"@id\":\"http:\/\/viatgespoblenou.com\/#website\"},\"datePublished\":\"2015-05-18T07:53:14+00:00\",\"dateModified\":\"2020-10-20T17:33:36+00:00\",\"breadcrumb\":{\"@id\":\"http:\/\/viatgespoblenou.com\/colonies\/colonies-d-estiu-cala-giverola\/#breadcrumb\"},\"inLanguage\":\"es\",\"potentialAction\":[{\"@type\":\"ReadAction\",\"target\":[\"http:\/\/viatgespoblenou.com\/colonies\/colonies-d-estiu-cala-giverola\/\"]}]},{\"@type\":\"BreadcrumbList\",\"@id\":\"http:\/\/viatgespoblenou.com\/colonies\/colonies-d-estiu-cala-giverola\/#breadcrumb\",\"itemListElement\":[{\"@type\":\"ListItem\",\"position\":1,\"name\":\"Home\",\"item\":\"http:\/\/viatgespoblenou.com\/\"},{\"@type\":\"ListItem\",\"position\":2,\"name\":\"Col\u00f2nies\",\"item\":\"http:\/\/viatgespoblenou.com\/colonies\/\"},{\"@type\":\"ListItem\",\"position\":3,\"name\":\"Col\u00f2nies d&#8217;estiu &#8211; Cala Giverola\"}]},{\"@type\":\"WebSite\",\"@id\":\"http:\/\/viatgespoblenou.com\/#website\",\"url\":\"http:\/\/viatgespoblenou.com\/\",\"name\":\"viatgespoblenou\",\"description\":\"\",\"potentialAction\":[{\"@type\":\"SearchAction\",\"target\":{\"@type\":\"EntryPoint\",\"urlTemplate\":\"http:\/\/viatgespoblenou.com\/?s={search_term_string}\"},\"query-input\":\"required name=search_term_string\"}],\"inLanguage\":\"es\"}]}<\/script>\n<!-- \/ Yoast SEO plugin. -->","yoast_head_json":{"title":"Cala Giverola - viatgespoblenou","robots":{"index":"index","follow":"follow","max-snippet":"max-snippet:-1","max-image-preview":"max-image-preview:large","max-video-preview":"max-video-preview:-1"},"canonical":"http:\/\/viatgespoblenou.com\/colonies\/colonies-d-estiu-cala-giverola\/","og_locale":"es_ES","og_type":"article","og_title":"Cala Giverola - viatgespoblenou","og_description":"[vc_row][vc_column width=\u00bb1\/3&#8243;][vc_single_image image=\u00bb36093&#8243; img_size=\u00bbfull\u00bb][vc_empty_space height=\u00bb40px\u00bb][vc_single_image image=\u00bb37786&#8243; img_size=\u00bbfull\u00bb alignment=\u00bbcenter\u00bb onclick=\u00bbimg_link_large\u00bb][vc_empty_space height=\u00bb40px\u00bb][\/vc_column][vc_column width=\u00bb7\/12&#8243;][vc_column_text]El club-hotel Giverola est\u00e1 situado en medio de un paisaje lleno de peque\u00f1os valles y colinas, justo al lado de la cala de arena Cala Giverola, con unas vistas extraordinarias al mar. Situado a unos cinco kil\u00f3metros de Tossa de Mar. Os proponemos numerosas actividades&hellip;","og_url":"http:\/\/viatgespoblenou.com\/colonies\/colonies-d-estiu-cala-giverola\/","og_site_name":"viatgespoblenou","article_publisher":"https:\/\/es-la.facebook.com\/people\/Viatges-Poblenou\/100001670703933","article_modified_time":"2020-10-20T17:33:36+00:00","twitter_card":"summary","twitter_misc":{"Tiempo de lectura":"5 minutos"},"schema":{"@context":"https:\/\/schema.org","@graph":[{"@type":"WebPage","@id":"http:\/\/viatgespoblenou.com\/colonies\/colonies-d-estiu-cala-giverola\/","url":"http:\/\/viatgespoblenou.com\/colonies\/colonies-d-estiu-cala-giverola\/","name":"Cala Giverola - viatgespoblenou","isPartOf":{"@id":"http:\/\/viatgespoblenou.com\/#website"},"datePublished":"2015-05-18T07:53:14+00:00","dateModified":"2020-10-20T17:33:36+00:00","breadcrumb":{"@id":"http:\/\/viatgespoblenou.com\/colonies\/colonies-d-estiu-cala-giverola\/#breadcrumb"},"inLanguage":"es","potentialAction":[{"@type":"ReadAction","target":["http:\/\/viatgespoblenou.com\/colonies\/colonies-d-estiu-cala-giverola\/"]}]},{"@type":"BreadcrumbList","@id":"http:\/\/viatgespoblenou.com\/colonies\/colonies-d-estiu-cala-giverola\/#breadcrumb","itemListElement":[{"@type":"ListItem","position":1,"name":"Home","item":"http:\/\/viatgespoblenou.com\/"},{"@type":"ListItem","position":2,"name":"Col\u00f2nies","item":"http:\/\/viatgespoblenou.com\/colonies\/"},{"@type":"ListItem","position":3,"name":"Col\u00f2nies d&#8217;estiu &#8211; Cala Giverola"}]},{"@type":"WebSite","@id":"http:\/\/viatgespoblenou.com\/#website","url":"http:\/\/viatgespoblenou.com\/","name":"viatgespoblenou","description":"","potentialAction":[{"@type":"SearchAction","target":{"@type":"EntryPoint","urlTemplate":"http:\/\/viatgespoblenou.com\/?s={search_term_string}"},"query-input":"required name=search_term_string"}],"inLanguage":"es"}]}},"_links":{"self":[{"href":"http:\/\/viatgespoblenou.com\/es\/wp-json\/wp\/v2\/pages\/36091"}],"collection":[{"href":"http:\/\/viatgespoblenou.com\/es\/wp-json\/wp\/v2\/pages"}],"about":[{"href":"http:\/\/viatgespoblenou.com\/es\/wp-json\/wp\/v2\/types\/page"}],"author":[{"embeddable":true,"href":"http:\/\/viatgespoblenou.com\/es\/wp-json\/wp\/v2\/users\/1"}],"replies":[{"embeddable":true,"href":"http:\/\/viatgespoblenou.com\/es\/wp-json\/wp\/v2\/comments?post=36091"}],"version-history":[{"count":13,"href":"http:\/\/viatgespoblenou.com\/es\/wp-json\/wp\/v2\/pages\/36091\/revisions"}],"predecessor-version":[{"id":39170,"href":"http:\/\/viatgespoblenou.com\/es\/wp-json\/wp\/v2\/pages\/36091\/revisions\/39170"}],"up":[{"embeddable":true,"href":"http:\/\/viatgespoblenou.com\/es\/wp-json\/wp\/v2\/pages\/36063"}],"wp:attachment":[{"href":"http:\/\/viatgespoblenou.com\/es\/wp-json\/wp\/v2\/media?parent=36091"}],"curies":[{"name":"wp","href":"https:\/\/api.w.org\/{rel}","templated":true}]}}