{"id":36087,"date":"2015-05-18T07:50:23","date_gmt":"2015-05-18T07:50:23","guid":{"rendered":"http:\/\/viatgespoblenou.com\/?page_id=36087"},"modified":"2021-09-15T16:55:11","modified_gmt":"2021-09-15T16:55:11","slug":"colonies-d-estiu-club-maritim-fenals","status":"publish","type":"page","link":"http:\/\/viatgespoblenou.com\/es\/colonies\/colonies-d-estiu-club-maritim-fenals\/","title":{"rendered":"Club mar\u00edtimo Fenals"},"content":{"rendered":"<section class=\"wpb-content-wrapper\"><p>[vc_row][vc_column width=\u00bb1\/3&#8243;][vc_single_image image=\u00bb37788&#8243; img_size=\u00bbfull\u00bb][vc_empty_space height=\u00bb40px\u00bb][vc_single_image image=\u00bb37789&#8243; img_size=\u00bbfull\u00bb onclick=\u00bbimg_link_large\u00bb][vc_empty_space height=\u00bb40px\u00bb][\/vc_column][vc_column width=\u00bb7\/12&#8243;][vc_column_text]<\/p>\n<p class=\"lletracoordinacio4\"><strong>\u00a1A dos pasos de la playa!<\/strong><\/p>\n<p>Nuestros programas constan de 4 actividades diferentes al d\u00eda, dise\u00f1adas para entretener a los chicos y chicas de la estancia durante toda la jornada, con la ayuda y dedicaci\u00f3n de nuestros monitores. Siempre con la m\u00e1xima seguridad y con buen equipamiento.<\/p>\n<p>\u00a1Los programas se podr\u00e1n cambiar a gusto del cliente!<\/p>\n<p>Y por la noche, tambi\u00e9n os esperan diferentes entretenimientos, discotecas, juegos y gincanas.<\/p>\n<p>-Recepci\u00f3n 24 h<br \/>\n-Restaurante, todos los servicios, buffet libre<br \/>\n-Aire acondicionado<br \/>\n-Calefacci\u00f3n<br \/>\n-Bar<br \/>\n-Rinc\u00f3n de Internet<br \/>\n-Piscina exterior de temporada para adultos<br \/>\n-Piscina exterior para ni\u00f1os<br \/>\n-Animaci\u00f3n diaria y nocturna<br \/>\n-Parking<br \/>\n-Garaje<br \/>\n-2 pistas de tenis<br \/>\n-Minigolf<br \/>\n-Servicio m\u00e9dico<\/p>\n<h3 class=\"lletracoordinacio2\"><strong>Actividades<\/strong><\/h3>\n<p>-Churro<br \/>\n-Parasailing<br \/>\n-Tiro con arco<br \/>\n-BTT<br \/>\n-Inmersi\u00f3n con botellas<br \/>\n-Juegos de playa<br \/>\n-Snorkel<br \/>\n-Esqu\u00ed n\u00e1utico<br \/>\n-Kayak<br \/>\n-Speed boat (vuelta en barca)[\/vc_column_text][\/vc_column][\/vc_row][vc_row][vc_column][vc_empty_space height=\u00bb70px\u00bb][\/vc_column][\/vc_row]<\/p>\n<\/section>","protected":false},"excerpt":{"rendered":"<p>[vc_row][vc_column width=\u00bb1\/3&#8243;][vc_single_image image=\u00bb37788&#8243; img_size=\u00bbfull\u00bb][vc_empty_space height=\u00bb40px\u00bb][vc_single_image image=\u00bb37789&#8243; img_size=\u00bbfull\u00bb onclick=\u00bbimg_link_large\u00bb][vc_empty_space height=\u00bb40px\u00bb][\/vc_column][vc_column width=\u00bb7\/12&#8243;][vc_column_text] \u00a1A dos pasos de la playa! Nuestros programas constan de 4 actividades diferentes al d\u00eda, dise\u00f1adas para entretener a los chicos y chicas de la estancia durante toda la jornada, con la ayuda y dedicaci\u00f3n de nuestros monitores. Siempre con la m\u00e1xima seguridad y con&hellip;<\/p>\n","protected":false},"author":1,"featured_media":0,"parent":36063,"menu_order":0,"comment_status":"closed","ping_status":"closed","template":"","meta":[],"yoast_head":"<!-- This site is optimized with the Yoast SEO plugin v19.7.1 - https:\/\/yoast.com\/wordpress\/plugins\/seo\/ -->\n<title>Club mar\u00edtimo Fenals - viatgespoblenou<\/title>\n<meta name=\"robots\" content=\"index, follow, max-snippet:-1, max-image-preview:large, max-video-preview:-1\" \/>\n<link rel=\"canonical\" href=\"http:\/\/viatgespoblenou.com\/colonies\/colonies-d-estiu-club-maritim-fenals\/\" \/>\n<meta property=\"og:locale\" content=\"es_ES\" \/>\n<meta property=\"og:type\" content=\"article\" \/>\n<meta property=\"og:title\" content=\"Club mar\u00edtimo Fenals - viatgespoblenou\" \/>\n<meta property=\"og:description\" content=\"[vc_row][vc_column width=\u00bb1\/3&#8243;][vc_single_image image=\u00bb37788&#8243; img_size=\u00bbfull\u00bb][vc_empty_space height=\u00bb40px\u00bb][vc_single_image image=\u00bb37789&#8243; img_size=\u00bbfull\u00bb onclick=\u00bbimg_link_large\u00bb][vc_empty_space height=\u00bb40px\u00bb][\/vc_column][vc_column width=\u00bb7\/12&#8243;][vc_column_text] \u00a1A dos pasos de la playa! Nuestros programas constan de 4 actividades diferentes al d\u00eda, dise\u00f1adas para entretener a los chicos y chicas de la estancia durante toda la jornada, con la ayuda y dedicaci\u00f3n de nuestros monitores. Siempre con la m\u00e1xima seguridad y con&hellip;\" \/>\n<meta property=\"og:url\" content=\"http:\/\/viatgespoblenou.com\/colonies\/colonies-d-estiu-club-maritim-fenals\/\" \/>\n<meta property=\"og:site_name\" content=\"viatgespoblenou\" \/>\n<meta property=\"article:publisher\" content=\"https:\/\/es-la.facebook.com\/people\/Viatges-Poblenou\/100001670703933\" \/>\n<meta property=\"article:modified_time\" content=\"2021-09-15T16:55:11+00:00\" \/>\n<meta name=\"twitter:card\" content=\"summary\" \/>\n<meta name=\"twitter:label1\" content=\"Tiempo de lectura\" \/>\n\t<meta name=\"twitter:data1\" content=\"2 minutos\" \/>\n<script type=\"application\/ld+json\" class=\"yoast-schema-graph\">{\"@context\":\"https:\/\/schema.org\",\"@graph\":[{\"@type\":\"WebPage\",\"@id\":\"http:\/\/viatgespoblenou.com\/colonies\/colonies-d-estiu-club-maritim-fenals\/\",\"url\":\"http:\/\/viatgespoblenou.com\/colonies\/colonies-d-estiu-club-maritim-fenals\/\",\"name\":\"Club mar\u00edtimo Fenals - viatgespoblenou\",\"isPartOf\":{\"@id\":\"http:\/\/viatgespoblenou.com\/#website\"},\"datePublished\":\"2015-05-18T07:50:23+00:00\",\"dateModified\":\"2021-09-15T16:55:11+00:00\",\"breadcrumb\":{\"@id\":\"http:\/\/viatgespoblenou.com\/colonies\/colonies-d-estiu-club-maritim-fenals\/#breadcrumb\"},\"inLanguage\":\"es\",\"potentialAction\":[{\"@type\":\"ReadAction\",\"target\":[\"http:\/\/viatgespoblenou.com\/colonies\/colonies-d-estiu-club-maritim-fenals\/\"]}]},{\"@type\":\"BreadcrumbList\",\"@id\":\"http:\/\/viatgespoblenou.com\/colonies\/colonies-d-estiu-club-maritim-fenals\/#breadcrumb\",\"itemListElement\":[{\"@type\":\"ListItem\",\"position\":1,\"name\":\"Home\",\"item\":\"http:\/\/viatgespoblenou.com\/\"},{\"@type\":\"ListItem\",\"position\":2,\"name\":\"Col\u00f2nies\",\"item\":\"http:\/\/viatgespoblenou.com\/colonies\/\"},{\"@type\":\"ListItem\",\"position\":3,\"name\":\"Col\u00f2nies d&#8217;estiu &#8211; Club mar\u00edtim Fenals\"}]},{\"@type\":\"WebSite\",\"@id\":\"http:\/\/viatgespoblenou.com\/#website\",\"url\":\"http:\/\/viatgespoblenou.com\/\",\"name\":\"viatgespoblenou\",\"description\":\"\",\"potentialAction\":[{\"@type\":\"SearchAction\",\"target\":{\"@type\":\"EntryPoint\",\"urlTemplate\":\"http:\/\/viatgespoblenou.com\/?s={search_term_string}\"},\"query-input\":\"required name=search_term_string\"}],\"inLanguage\":\"es\"}]}<\/script>\n<!-- \/ Yoast SEO plugin. -->","yoast_head_json":{"title":"Club mar\u00edtimo Fenals - viatgespoblenou","robots":{"index":"index","follow":"follow","max-snippet":"max-snippet:-1","max-image-preview":"max-image-preview:large","max-video-preview":"max-video-preview:-1"},"canonical":"http:\/\/viatgespoblenou.com\/colonies\/colonies-d-estiu-club-maritim-fenals\/","og_locale":"es_ES","og_type":"article","og_title":"Club mar\u00edtimo Fenals - viatgespoblenou","og_description":"[vc_row][vc_column width=\u00bb1\/3&#8243;][vc_single_image image=\u00bb37788&#8243; img_size=\u00bbfull\u00bb][vc_empty_space height=\u00bb40px\u00bb][vc_single_image image=\u00bb37789&#8243; img_size=\u00bbfull\u00bb onclick=\u00bbimg_link_large\u00bb][vc_empty_space height=\u00bb40px\u00bb][\/vc_column][vc_column width=\u00bb7\/12&#8243;][vc_column_text] \u00a1A dos pasos de la playa! Nuestros programas constan de 4 actividades diferentes al d\u00eda, dise\u00f1adas para entretener a los chicos y chicas de la estancia durante toda la jornada, con la ayuda y dedicaci\u00f3n de nuestros monitores. Siempre con la m\u00e1xima seguridad y con&hellip;","og_url":"http:\/\/viatgespoblenou.com\/colonies\/colonies-d-estiu-club-maritim-fenals\/","og_site_name":"viatgespoblenou","article_publisher":"https:\/\/es-la.facebook.com\/people\/Viatges-Poblenou\/100001670703933","article_modified_time":"2021-09-15T16:55:11+00:00","twitter_card":"summary","twitter_misc":{"Tiempo de lectura":"2 minutos"},"schema":{"@context":"https:\/\/schema.org","@graph":[{"@type":"WebPage","@id":"http:\/\/viatgespoblenou.com\/colonies\/colonies-d-estiu-club-maritim-fenals\/","url":"http:\/\/viatgespoblenou.com\/colonies\/colonies-d-estiu-club-maritim-fenals\/","name":"Club mar\u00edtimo Fenals - viatgespoblenou","isPartOf":{"@id":"http:\/\/viatgespoblenou.com\/#website"},"datePublished":"2015-05-18T07:50:23+00:00","dateModified":"2021-09-15T16:55:11+00:00","breadcrumb":{"@id":"http:\/\/viatgespoblenou.com\/colonies\/colonies-d-estiu-club-maritim-fenals\/#breadcrumb"},"inLanguage":"es","potentialAction":[{"@type":"ReadAction","target":["http:\/\/viatgespoblenou.com\/colonies\/colonies-d-estiu-club-maritim-fenals\/"]}]},{"@type":"BreadcrumbList","@id":"http:\/\/viatgespoblenou.com\/colonies\/colonies-d-estiu-club-maritim-fenals\/#breadcrumb","itemListElement":[{"@type":"ListItem","position":1,"name":"Home","item":"http:\/\/viatgespoblenou.com\/"},{"@type":"ListItem","position":2,"name":"Col\u00f2nies","item":"http:\/\/viatgespoblenou.com\/colonies\/"},{"@type":"ListItem","position":3,"name":"Col\u00f2nies d&#8217;estiu &#8211; Club mar\u00edtim Fenals"}]},{"@type":"WebSite","@id":"http:\/\/viatgespoblenou.com\/#website","url":"http:\/\/viatgespoblenou.com\/","name":"viatgespoblenou","description":"","potentialAction":[{"@type":"SearchAction","target":{"@type":"EntryPoint","urlTemplate":"http:\/\/viatgespoblenou.com\/?s={search_term_string}"},"query-input":"required name=search_term_string"}],"inLanguage":"es"}]}},"_links":{"self":[{"href":"http:\/\/viatgespoblenou.com\/es\/wp-json\/wp\/v2\/pages\/36087"}],"collection":[{"href":"http:\/\/viatgespoblenou.com\/es\/wp-json\/wp\/v2\/pages"}],"about":[{"href":"http:\/\/viatgespoblenou.com\/es\/wp-json\/wp\/v2\/types\/page"}],"author":[{"embeddable":true,"href":"http:\/\/viatgespoblenou.com\/es\/wp-json\/wp\/v2\/users\/1"}],"replies":[{"embeddable":true,"href":"http:\/\/viatgespoblenou.com\/es\/wp-json\/wp\/v2\/comments?post=36087"}],"version-history":[{"count":16,"href":"http:\/\/viatgespoblenou.com\/es\/wp-json\/wp\/v2\/pages\/36087\/revisions"}],"predecessor-version":[{"id":39206,"href":"http:\/\/viatgespoblenou.com\/es\/wp-json\/wp\/v2\/pages\/36087\/revisions\/39206"}],"up":[{"embeddable":true,"href":"http:\/\/viatgespoblenou.com\/es\/wp-json\/wp\/v2\/pages\/36063"}],"wp:attachment":[{"href":"http:\/\/viatgespoblenou.com\/es\/wp-json\/wp\/v2\/media?parent=36087"}],"curies":[{"name":"wp","href":"https:\/\/api.w.org\/{rel}","templated":true}]}}