{"id":36063,"date":"2015-05-18T07:35:01","date_gmt":"2015-05-18T07:35:01","guid":{"rendered":"http:\/\/viatgespoblenou.com\/?page_id=36063"},"modified":"2015-10-07T08:19:02","modified_gmt":"2015-10-07T08:19:02","slug":"colonies","status":"publish","type":"page","link":"http:\/\/viatgespoblenou.com\/es\/colonies\/","title":{"rendered":"Colonias"},"content":{"rendered":"<section class=\"wpb-content-wrapper\"><p>[vc_row margin_top=\u00bb5&#8243; margin_bottom=\u00bb10&#8243; padding_left=\u00bb40&#8243; padding_right=\u00bb40&#8243; bg_position=\u00bbtop\u00bb bg_repeat=\u00bbno-repeat\u00bb bg_cover=\u00bbfalse\u00bb bg_attachment=\u00bbfalse\u00bb padding_top=\u00bb40&#8243; padding_bottom=\u00bb40&#8243; parallax_speed=\u00bb0.1&#8243;][vc_column width=\u00bb1\/1&#8243; offset=\u00bbvc_col-lg-6 vc_col-md-12 vc_col-xs-12&#8243;][vc_single_image image=\u00bb36893&#8243; border_color=\u00bbgrey\u00bb img_link_large=\u00bb\u00bb img_link_target=\u00bb_self\u00bb img_size=\u00bbfull\u00bb][vc_empty_space height=\u00bb40px\u00bb][\/vc_column][vc_column width=\u00bb1\/1&#8243; offset=\u00bbvc_col-lg-6 vc_col-md-12 vc_col-xs-12&#8243;][vc_column_text]<\/p>\n<h4>Colonias \/ Trabajo de s\u00edntesis<\/h4>\n<p>[\/vc_column_text][vc_empty_space height=\u00bb16px\u00bb][vc_column_text]<\/p>\n<div class=\"page\" title=\"Page 2\">\n<div class=\"section\">\n<div class=\"layoutArea\">\n<div class=\"column\">\n<p>\u00a1Tenemos un \u00edndice de repetici\u00f3n y satisfacci\u00f3n de m\u00e1s del 95%! \u00a1Venimos a la escuela a visitaros!<\/p>\n<p>Organizamos colonias para\u00a0el AMPA, \u00a1sin necesidad de que vengan los profesores!<\/p>\n<p>\u00a1Ofrecemos a los estudiantes la posibilidad de conseguir hasta 100 \u20ac gracias a los boletos de autofinanciaci\u00f3n!<\/p>\n<p>A los profesores, \u00a1os invitamos a pasar un fin de semana de supervisi\u00f3n en nuestros centros de Cala Giverola y Playa de Fenals!<\/p>\n<p>\u00a1Nuestros monitores est\u00e1n con los alumnos durante todo el d\u00eda!<\/p>\n<p>Y lo m\u00e1s importante&#8230;<\/p>\n<p>Nos encanta nuestro trabajo, \u00a1y nos gustar\u00eda poder organizar vuestro\u00a0viaje!<\/p>\n<\/div>\n<\/div>\n<\/div>\n<\/div>\n<p>[\/vc_column_text][vc_empty_space height=\u00bb34px\u00bb][vc_column_text]<\/p>\n<h4>Cat\u00e1logo<\/h4>\n<p>[\/vc_column_text][vc_empty_space height=\u00bb24px\u00bb][vc_row_inner][vc_column_inner width=\u00bb1\/6&#8243;][vc_single_image image=\u00bb36549&#8243; border_color=\u00bbgrey\u00bb img_link_large=\u00bb\u00bb img_link_target=\u00bb_blank\u00bb link=\u00bbhttp:\/\/viatgespoblenou.com\/wp-content\/uploads\/2014\/10\/revista-COLONIES.pdf\u00bb css_animation=\u00bbbounceIn\u00bb][\/vc_column_inner][vc_column_inner width=\u00bb5\/6&#8243;][vc_column_text]<a href=\"http:\/\/viatgespoblenou.com\/wp-content\/uploads\/2014\/10\/revista-COLONIES.pdf\">Cat\u00e1logo Colonias<\/a>[\/vc_column_text][\/vc_column_inner][\/vc_row_inner][\/vc_column][\/vc_row][vc_row][vc_column width=\u00bb1\/2&#8243;][vc_single_image border_color=\u00bbgrey\u00bb img_link_large=\u00bb\u00bb img_link_target=\u00bb_self\u00bb title=\u00bbClub Mar\u00edtimo Fenals\u00bb image=\u00bb36896&#8243; img_size=\u00bb563&#215;198&#8243;][vc_empty_space height=\u00bb40px\u00bb][vc_column_text]<\/p>\n<h3 style=\"text-align: center;\">Colonias en\u00a0la playa de Fenals<\/h3>\n<p>Nuestros programas constan de 4 actividades diferentes al d\u00eda, dise\u00f1adas para entretener a los chicos y chicas de la estancia durante toda la jornada, con la ayuda y dedicaci\u00f3n de nuestros monitores. Siempre con la m\u00e1xima seguridad y con buen equipamiento.<br \/>\n\u00a1Los programas se podr\u00e1n cambiar a gusto del cliente!<br \/>\nY por la noche, tambi\u00e9n os esperan diferentes entretenimientos, discotecas, juegos y gincanas.<\/p>\n<p><a href=\"http:\/\/viatgespoblenou.com\/es\/colonies\/club-maritim-fenals\/\">Ver m\u00e1s<\/a>[\/vc_column_text][\/vc_column][vc_column width=\u00bb1\/2&#8243;][vc_single_image border_color=\u00bbgrey\u00bb img_link_large=\u00bb\u00bb img_link_target=\u00bb_self\u00bb title=\u00bbCala Giverola\u00bb image=\u00bb36884&#8243; img_size=\u00bb910&#215;320&#8243;][vc_empty_space height=\u00bb50px\u00bb][vc_column_text]<\/p>\n<h3 style=\"text-align: center;\">Colonias en\u00a0la Cala Giverola<\/h3>\n<p>El club-hotel Giverola est\u00e1 situado en medio de un paisaje lleno de peque\u00f1os valles y colinas, justo al lado de la cala de arena Cala Giverola, con unas vistas extraordinarias al mar. Situado a unos cinco kil\u00f3metros de Tossa de Mar. Os proponemos numerosas actividades de ocio y deportivas, sin\u00f3nimo de vacaciones alegres y divertidas.<\/p>\n<p><a href=\"http:\/\/viatgespoblenou.com\/es\/colonies\/cala-giverola\/\">Ver m\u00e1s<\/a>[\/vc_column_text][\/vc_column][\/vc_row][vc_row][vc_column width=\u00bb1\/1&#8243;][vc_empty_space height=\u00bb80px\u00bb][\/vc_column][\/vc_row][vc_row][vc_column width=\u00bb1\/2&#8243;][vc_single_image image=\u00bb36885&#8243; border_color=\u00bbgrey\u00bb img_link_large=\u00bb\u00bb img_link_target=\u00bb_self\u00bb title=\u00bbCala Pola\u00bb img_size=\u00bb560&#215;240&#8243;][vc_empty_space height=\u00bb50px\u00bb][vc_column_text]<\/p>\n<h3 style=\"text-align: center;\">Colonias en\u00a0la Cala Pola<\/h3>\n<p>Hay pocos lugares en el mundo m\u00e1s apropiados para un camping que la id\u00edlica Cala Pola, con la arena c\u00e1lida y las vistas espectaculares.<\/p>\n<p>El paisaje se armoniza con los pinares protegidos y los bosques de encinas en el sector m\u00e1s bonito de la Costa Brava.<\/p>\n<p>El gran complejo, muy bien cuidado, tiene m\u00e1s de 340 parcelas para tiendas, caravanas, autocaravanas, 80 bungalows de lona Bengali y 6 bungalows nuevos. Disfrute de unas vacaciones de relax en un camping soleado y al borde del mar.<\/p>\n<p><a href=\"http:\/\/viatgespoblenou.com\/es\/colonies\/cala-pola\/\">Ver m\u00e9s<\/a>[\/vc_column_text][\/vc_column][vc_column width=\u00bb1\/2&#8243;][vc_single_image border_color=\u00bbgrey\u00bb img_link_large=\u00bb\u00bb img_link_target=\u00bb_self\u00bb title=\u00bbTrabajo de s\u00edntesis\u00bb image=\u00bb36878&#8243; img_size=\u00bb900&#215;300&#8243;][vc_empty_space height=\u00bb55px\u00bb][vc_column_text]<\/p>\n<h3 style=\"text-align: center;\"><span class=\"lletracoordinacio4\">Trabajo de S\u00edntesis &#8211; Nuestro mar<br \/>\n<\/span><span class=\"lletracoordinacio4\">(trabajo totalmente adaptable a las necesidades de la escuela)<\/span><\/h3>\n<p class=\"lletracoordinacio3\">Trabajo formado por seis bloques relacionados con el entorno geogr\u00e1fico: el Mediterr\u00e1neo, su flora y fauna, la climatolog\u00eda y los recursos de la zona. Descubriremos los secretos del mar, las costas catalanas, su fauna aut\u00f3ctona, las diferentes artes de pesca, etc. (A los 2 centros)<\/p>\n<p><a href=\"http:\/\/viatgespoblenou.com\/es\/colonies\/treball-de-sintesi\/\">Ver m\u00e1s<\/a>[\/vc_column_text][\/vc_column][\/vc_row][vc_row][vc_column width=\u00bb1\/1&#8243;][vc_empty_space height=\u00bb80px\u00bb][\/vc_column][\/vc_row][vc_column width=\u00bb1\/3&#8243;][\/vc_column]<\/p>\n<\/section>","protected":false},"excerpt":{"rendered":"<p>[vc_row margin_top=\u00bb5&#8243; margin_bottom=\u00bb10&#8243; padding_left=\u00bb40&#8243; padding_right=\u00bb40&#8243; bg_position=\u00bbtop\u00bb bg_repeat=\u00bbno-repeat\u00bb bg_cover=\u00bbfalse\u00bb bg_attachment=\u00bbfalse\u00bb padding_top=\u00bb40&#8243; padding_bottom=\u00bb40&#8243; parallax_speed=\u00bb0.1&#8243;][vc_column width=\u00bb1\/1&#8243; offset=\u00bbvc_col-lg-6 vc_col-md-12 vc_col-xs-12&#8243;][vc_single_image image=\u00bb36893&#8243; border_color=\u00bbgrey\u00bb img_link_large=\u00bb\u00bb img_link_target=\u00bb_self\u00bb img_size=\u00bbfull\u00bb][vc_empty_space height=\u00bb40px\u00bb][\/vc_column][vc_column width=\u00bb1\/1&#8243; offset=\u00bbvc_col-lg-6 vc_col-md-12 vc_col-xs-12&#8243;][vc_column_text] Colonias \/ Trabajo de s\u00edntesis [\/vc_column_text][vc_empty_space height=\u00bb16px\u00bb][vc_column_text] \u00a1Tenemos un \u00edndice de repetici\u00f3n y satisfacci\u00f3n de m\u00e1s del 95%! \u00a1Venimos a la escuela a visitaros! Organizamos colonias para\u00a0el AMPA, \u00a1sin&hellip;<\/p>\n","protected":false},"author":1,"featured_media":0,"parent":0,"menu_order":0,"comment_status":"closed","ping_status":"closed","template":"","meta":[],"yoast_head":"<!-- This site is optimized with the Yoast SEO plugin v19.7.1 - https:\/\/yoast.com\/wordpress\/plugins\/seo\/ -->\n<title>Colonias - viatgespoblenou<\/title>\n<meta name=\"robots\" content=\"index, follow, max-snippet:-1, max-image-preview:large, max-video-preview:-1\" \/>\n<link rel=\"canonical\" href=\"http:\/\/viatgespoblenou.com\/colonies\/\" \/>\n<meta property=\"og:locale\" content=\"es_ES\" \/>\n<meta property=\"og:type\" content=\"article\" \/>\n<meta property=\"og:title\" content=\"Colonias - viatgespoblenou\" \/>\n<meta property=\"og:description\" content=\"[vc_row margin_top=\u00bb5&#8243; margin_bottom=\u00bb10&#8243; padding_left=\u00bb40&#8243; padding_right=\u00bb40&#8243; bg_position=\u00bbtop\u00bb bg_repeat=\u00bbno-repeat\u00bb bg_cover=\u00bbfalse\u00bb bg_attachment=\u00bbfalse\u00bb padding_top=\u00bb40&#8243; padding_bottom=\u00bb40&#8243; parallax_speed=\u00bb0.1&#8243;][vc_column width=\u00bb1\/1&#8243; offset=\u00bbvc_col-lg-6 vc_col-md-12 vc_col-xs-12&#8243;][vc_single_image image=\u00bb36893&#8243; border_color=\u00bbgrey\u00bb img_link_large=\u00bb\u00bb img_link_target=\u00bb_self\u00bb img_size=\u00bbfull\u00bb][vc_empty_space height=\u00bb40px\u00bb][\/vc_column][vc_column width=\u00bb1\/1&#8243; offset=\u00bbvc_col-lg-6 vc_col-md-12 vc_col-xs-12&#8243;][vc_column_text] Colonias \/ Trabajo de s\u00edntesis [\/vc_column_text][vc_empty_space height=\u00bb16px\u00bb][vc_column_text] \u00a1Tenemos un \u00edndice de repetici\u00f3n y satisfacci\u00f3n de m\u00e1s del 95%! \u00a1Venimos a la escuela a visitaros! Organizamos colonias para\u00a0el AMPA, \u00a1sin&hellip;\" \/>\n<meta property=\"og:url\" content=\"http:\/\/viatgespoblenou.com\/colonies\/\" \/>\n<meta property=\"og:site_name\" content=\"viatgespoblenou\" \/>\n<meta property=\"article:publisher\" content=\"https:\/\/es-la.facebook.com\/people\/Viatges-Poblenou\/100001670703933\" \/>\n<meta property=\"article:modified_time\" content=\"2015-10-07T08:19:02+00:00\" \/>\n<meta name=\"twitter:card\" content=\"summary\" \/>\n<meta name=\"twitter:label1\" content=\"Tiempo de lectura\" \/>\n\t<meta name=\"twitter:data1\" content=\"8 minutos\" \/>\n<script type=\"application\/ld+json\" class=\"yoast-schema-graph\">{\"@context\":\"https:\/\/schema.org\",\"@graph\":[{\"@type\":\"WebPage\",\"@id\":\"http:\/\/viatgespoblenou.com\/colonies\/\",\"url\":\"http:\/\/viatgespoblenou.com\/colonies\/\",\"name\":\"Colonias - viatgespoblenou\",\"isPartOf\":{\"@id\":\"http:\/\/viatgespoblenou.com\/#website\"},\"datePublished\":\"2015-05-18T07:35:01+00:00\",\"dateModified\":\"2015-10-07T08:19:02+00:00\",\"breadcrumb\":{\"@id\":\"http:\/\/viatgespoblenou.com\/colonies\/#breadcrumb\"},\"inLanguage\":\"es\",\"potentialAction\":[{\"@type\":\"ReadAction\",\"target\":[\"http:\/\/viatgespoblenou.com\/colonies\/\"]}]},{\"@type\":\"BreadcrumbList\",\"@id\":\"http:\/\/viatgespoblenou.com\/colonies\/#breadcrumb\",\"itemListElement\":[{\"@type\":\"ListItem\",\"position\":1,\"name\":\"Home\",\"item\":\"http:\/\/viatgespoblenou.com\/\"},{\"@type\":\"ListItem\",\"position\":2,\"name\":\"Col\u00f2nies\"}]},{\"@type\":\"WebSite\",\"@id\":\"http:\/\/viatgespoblenou.com\/#website\",\"url\":\"http:\/\/viatgespoblenou.com\/\",\"name\":\"viatgespoblenou\",\"description\":\"\",\"potentialAction\":[{\"@type\":\"SearchAction\",\"target\":{\"@type\":\"EntryPoint\",\"urlTemplate\":\"http:\/\/viatgespoblenou.com\/?s={search_term_string}\"},\"query-input\":\"required name=search_term_string\"}],\"inLanguage\":\"es\"}]}<\/script>\n<!-- \/ Yoast SEO plugin. -->","yoast_head_json":{"title":"Colonias - viatgespoblenou","robots":{"index":"index","follow":"follow","max-snippet":"max-snippet:-1","max-image-preview":"max-image-preview:large","max-video-preview":"max-video-preview:-1"},"canonical":"http:\/\/viatgespoblenou.com\/colonies\/","og_locale":"es_ES","og_type":"article","og_title":"Colonias - viatgespoblenou","og_description":"[vc_row margin_top=\u00bb5&#8243; margin_bottom=\u00bb10&#8243; padding_left=\u00bb40&#8243; padding_right=\u00bb40&#8243; bg_position=\u00bbtop\u00bb bg_repeat=\u00bbno-repeat\u00bb bg_cover=\u00bbfalse\u00bb bg_attachment=\u00bbfalse\u00bb padding_top=\u00bb40&#8243; padding_bottom=\u00bb40&#8243; parallax_speed=\u00bb0.1&#8243;][vc_column width=\u00bb1\/1&#8243; offset=\u00bbvc_col-lg-6 vc_col-md-12 vc_col-xs-12&#8243;][vc_single_image image=\u00bb36893&#8243; border_color=\u00bbgrey\u00bb img_link_large=\u00bb\u00bb img_link_target=\u00bb_self\u00bb img_size=\u00bbfull\u00bb][vc_empty_space height=\u00bb40px\u00bb][\/vc_column][vc_column width=\u00bb1\/1&#8243; offset=\u00bbvc_col-lg-6 vc_col-md-12 vc_col-xs-12&#8243;][vc_column_text] Colonias \/ Trabajo de s\u00edntesis [\/vc_column_text][vc_empty_space height=\u00bb16px\u00bb][vc_column_text] \u00a1Tenemos un \u00edndice de repetici\u00f3n y satisfacci\u00f3n de m\u00e1s del 95%! \u00a1Venimos a la escuela a visitaros! Organizamos colonias para\u00a0el AMPA, \u00a1sin&hellip;","og_url":"http:\/\/viatgespoblenou.com\/colonies\/","og_site_name":"viatgespoblenou","article_publisher":"https:\/\/es-la.facebook.com\/people\/Viatges-Poblenou\/100001670703933","article_modified_time":"2015-10-07T08:19:02+00:00","twitter_card":"summary","twitter_misc":{"Tiempo de lectura":"8 minutos"},"schema":{"@context":"https:\/\/schema.org","@graph":[{"@type":"WebPage","@id":"http:\/\/viatgespoblenou.com\/colonies\/","url":"http:\/\/viatgespoblenou.com\/colonies\/","name":"Colonias - viatgespoblenou","isPartOf":{"@id":"http:\/\/viatgespoblenou.com\/#website"},"datePublished":"2015-05-18T07:35:01+00:00","dateModified":"2015-10-07T08:19:02+00:00","breadcrumb":{"@id":"http:\/\/viatgespoblenou.com\/colonies\/#breadcrumb"},"inLanguage":"es","potentialAction":[{"@type":"ReadAction","target":["http:\/\/viatgespoblenou.com\/colonies\/"]}]},{"@type":"BreadcrumbList","@id":"http:\/\/viatgespoblenou.com\/colonies\/#breadcrumb","itemListElement":[{"@type":"ListItem","position":1,"name":"Home","item":"http:\/\/viatgespoblenou.com\/"},{"@type":"ListItem","position":2,"name":"Col\u00f2nies"}]},{"@type":"WebSite","@id":"http:\/\/viatgespoblenou.com\/#website","url":"http:\/\/viatgespoblenou.com\/","name":"viatgespoblenou","description":"","potentialAction":[{"@type":"SearchAction","target":{"@type":"EntryPoint","urlTemplate":"http:\/\/viatgespoblenou.com\/?s={search_term_string}"},"query-input":"required name=search_term_string"}],"inLanguage":"es"}]}},"_links":{"self":[{"href":"http:\/\/viatgespoblenou.com\/es\/wp-json\/wp\/v2\/pages\/36063"}],"collection":[{"href":"http:\/\/viatgespoblenou.com\/es\/wp-json\/wp\/v2\/pages"}],"about":[{"href":"http:\/\/viatgespoblenou.com\/es\/wp-json\/wp\/v2\/types\/page"}],"author":[{"embeddable":true,"href":"http:\/\/viatgespoblenou.com\/es\/wp-json\/wp\/v2\/users\/1"}],"replies":[{"embeddable":true,"href":"http:\/\/viatgespoblenou.com\/es\/wp-json\/wp\/v2\/comments?post=36063"}],"version-history":[{"count":62,"href":"http:\/\/viatgespoblenou.com\/es\/wp-json\/wp\/v2\/pages\/36063\/revisions"}],"predecessor-version":[{"id":37201,"href":"http:\/\/viatgespoblenou.com\/es\/wp-json\/wp\/v2\/pages\/36063\/revisions\/37201"}],"wp:attachment":[{"href":"http:\/\/viatgespoblenou.com\/es\/wp-json\/wp\/v2\/media?parent=36063"}],"curies":[{"name":"wp","href":"https:\/\/api.w.org\/{rel}","templated":true}]}}