{"id":36028,"date":"2015-05-15T16:05:36","date_gmt":"2015-05-15T16:05:36","guid":{"rendered":"http:\/\/viatgespoblenou.com\/?page_id=36028"},"modified":"2019-08-28T09:00:33","modified_gmt":"2019-08-28T09:00:33","slug":"viatge-de-fi-de-curs-mallorca","status":"publish","type":"page","link":"http:\/\/viatgespoblenou.com\/es\/viatge-de-fi-de-curs-mallorca\/","title":{"rendered":"Mallorca"},"content":{"rendered":"<section class=\"wpb-content-wrapper\"><p>[vc_row][vc_column width=\u00bb1\/2&#8243;][vc_column_text]<\/p>\n<h3 class=\"lletracoordinacio4\"><\/h3>\n<div class=\"page\" title=\"Page 12\">\n<div class=\"section\">\n<div class=\"layoutArea\">\n<div class=\"column\">\n<p>1er d\u00eda: Puerto de Barcelona &#8211; Noche de navegaci\u00f3n<br \/>\n2\u00ba d\u00eda: Puerto de Mallorca &#8211; Alcudia o alrededores<br \/>\n3er d\u00eda: La Victoria (Actividades: Canoas y Paddle Surf)<br \/>\n4\u00ba d\u00eda: Palma de Mallorca<br \/>\n5\u00ba d\u00eda: S\u00f3ller y Valldemossa<br \/>\n6\u00ba d\u00eda: Puerto de Mallorca &#8211; Puerto de Barcelona<\/p>\n<p><strong>El precio incluye:<\/strong><\/p>\n<p>Ferry Barcelona &#8211; Mallorca &#8211; Barcelona. Acomodaci\u00f3n butaca (profesores ida con cabina)<br \/>\nComida caliente en el ferry (d\u00eda de vuelta)<br \/>\nTraslado en autocar Puerto &#8211; Albergue &#8211; Puerto<br \/>\n4 noches de hotel 3 *** en Alc\u00fadia o alrededores en r\u00e9gimen de Pensi\u00f3n Completa<br \/>\nExcursi\u00f3n en autocar en La Victoria<br \/>\nActividades acu\u00e1ticas en La Victoria (material + monitores)<br \/>\nExcursi\u00f3n en autocar en Palma de Mallorca<br \/>\nAlmuerzo en restaurante en Palma de Mallorca<br \/>\nExcursi\u00f3n en autocar a S\u00f3ller y Valldemossa<br \/>\nGu\u00eda local en S\u00f3ller y Valldemossa<br \/>\nAlmuerzo en restaurante en S\u00f3ller<br \/>\nTalonarios de autofinanciaci\u00f3n<br \/>\nSeguro de asistencia en viaje<br \/>\nP\u00f3liza de responsabilidad civil<br \/>\nGratuidades para profesores<br \/>\n<strong>A viajes poblenou organizamos tu viaje de fin de curso ideal. No lo pienses m\u00e1s y p\u00eddenos presupuesto!<\/strong><\/p>\n<\/div>\n<\/div>\n<\/div>\n<\/div>\n<p>[\/vc_column_text][vc_empty_space height=\u00bb30px\u00bb][vc_single_image image=\u00bb37137&#8243; img_size=\u00bbfull\u00bb onclick=\u00bbcustom_link\u00bb link=\u00bbhttp:\/\/viatgespoblenou.com\/es\/pressupost\/\u00bb][\/vc_column][vc_column width=\u00bb1\/2&#8243;][rev_slider_vc alias=\u00bbalgustcast\u00bb][\/vc_column][\/vc_row][vc_row][vc_column][vc_empty_space height=\u00bb70px\u00bb][\/vc_column][\/vc_row]<\/p>\n<\/section>","protected":false},"excerpt":{"rendered":"<p>[vc_row][vc_column width=\u00bb1\/2&#8243;][vc_column_text] 1er d\u00eda: Puerto de Barcelona &#8211; Noche de navegaci\u00f3n 2\u00ba d\u00eda: Puerto de Mallorca &#8211; Alcudia o alrededores 3er d\u00eda: La Victoria (Actividades: Canoas y Paddle Surf) 4\u00ba d\u00eda: Palma de Mallorca 5\u00ba d\u00eda: S\u00f3ller y Valldemossa 6\u00ba d\u00eda: Puerto de Mallorca &#8211; Puerto de Barcelona El precio incluye: Ferry Barcelona &#8211; Mallorca&hellip;<\/p>\n","protected":false},"author":1,"featured_media":0,"parent":0,"menu_order":0,"comment_status":"closed","ping_status":"closed","template":"","meta":[],"yoast_head":"<!-- This site is optimized with the Yoast SEO plugin v19.7.1 - https:\/\/yoast.com\/wordpress\/plugins\/seo\/ -->\n<title>Mallorca - viatgespoblenou<\/title>\n<meta name=\"robots\" content=\"index, follow, max-snippet:-1, max-image-preview:large, max-video-preview:-1\" \/>\n<link rel=\"canonical\" href=\"http:\/\/viatgespoblenou.com\/es\/viatge-de-fi-de-curs-mallorca\/\" \/>\n<meta property=\"og:locale\" content=\"es_ES\" \/>\n<meta property=\"og:type\" content=\"article\" \/>\n<meta property=\"og:title\" content=\"Mallorca - viatgespoblenou\" \/>\n<meta property=\"og:description\" content=\"[vc_row][vc_column width=\u00bb1\/2&#8243;][vc_column_text] 1er d\u00eda: Puerto de Barcelona &#8211; Noche de navegaci\u00f3n 2\u00ba d\u00eda: Puerto de Mallorca &#8211; Alcudia o alrededores 3er d\u00eda: La Victoria (Actividades: Canoas y Paddle Surf) 4\u00ba d\u00eda: Palma de Mallorca 5\u00ba d\u00eda: S\u00f3ller y Valldemossa 6\u00ba d\u00eda: Puerto de Mallorca &#8211; Puerto de Barcelona El precio incluye: Ferry Barcelona &#8211; Mallorca&hellip;\" \/>\n<meta property=\"og:url\" content=\"http:\/\/viatgespoblenou.com\/es\/viatge-de-fi-de-curs-mallorca\/\" \/>\n<meta property=\"og:site_name\" content=\"viatgespoblenou\" \/>\n<meta property=\"article:publisher\" content=\"https:\/\/es-la.facebook.com\/people\/Viatges-Poblenou\/100001670703933\" \/>\n<meta property=\"article:modified_time\" content=\"2019-08-28T09:00:33+00:00\" \/>\n<meta name=\"twitter:card\" content=\"summary\" \/>\n<meta name=\"twitter:label1\" content=\"Tiempo de lectura\" \/>\n\t<meta name=\"twitter:data1\" content=\"2 minutos\" \/>\n<script type=\"application\/ld+json\" class=\"yoast-schema-graph\">{\"@context\":\"https:\/\/schema.org\",\"@graph\":[{\"@type\":\"WebPage\",\"@id\":\"http:\/\/viatgespoblenou.com\/es\/viatge-de-fi-de-curs-mallorca\/\",\"url\":\"http:\/\/viatgespoblenou.com\/es\/viatge-de-fi-de-curs-mallorca\/\",\"name\":\"Mallorca - viatgespoblenou\",\"isPartOf\":{\"@id\":\"http:\/\/viatgespoblenou.com\/#website\"},\"datePublished\":\"2015-05-15T16:05:36+00:00\",\"dateModified\":\"2019-08-28T09:00:33+00:00\",\"breadcrumb\":{\"@id\":\"http:\/\/viatgespoblenou.com\/es\/viatge-de-fi-de-curs-mallorca\/#breadcrumb\"},\"inLanguage\":\"es\",\"potentialAction\":[{\"@type\":\"ReadAction\",\"target\":[\"http:\/\/viatgespoblenou.com\/es\/viatge-de-fi-de-curs-mallorca\/\"]}]},{\"@type\":\"BreadcrumbList\",\"@id\":\"http:\/\/viatgespoblenou.com\/es\/viatge-de-fi-de-curs-mallorca\/#breadcrumb\",\"itemListElement\":[{\"@type\":\"ListItem\",\"position\":1,\"name\":\"Home\",\"item\":\"http:\/\/viatgespoblenou.com\/\"},{\"@type\":\"ListItem\",\"position\":2,\"name\":\"Mallorca\"}]},{\"@type\":\"WebSite\",\"@id\":\"http:\/\/viatgespoblenou.com\/#website\",\"url\":\"http:\/\/viatgespoblenou.com\/\",\"name\":\"viatgespoblenou\",\"description\":\"\",\"potentialAction\":[{\"@type\":\"SearchAction\",\"target\":{\"@type\":\"EntryPoint\",\"urlTemplate\":\"http:\/\/viatgespoblenou.com\/?s={search_term_string}\"},\"query-input\":\"required name=search_term_string\"}],\"inLanguage\":\"es\"}]}<\/script>\n<!-- \/ Yoast SEO plugin. -->","yoast_head_json":{"title":"Mallorca - viatgespoblenou","robots":{"index":"index","follow":"follow","max-snippet":"max-snippet:-1","max-image-preview":"max-image-preview:large","max-video-preview":"max-video-preview:-1"},"canonical":"http:\/\/viatgespoblenou.com\/es\/viatge-de-fi-de-curs-mallorca\/","og_locale":"es_ES","og_type":"article","og_title":"Mallorca - viatgespoblenou","og_description":"[vc_row][vc_column width=\u00bb1\/2&#8243;][vc_column_text] 1er d\u00eda: Puerto de Barcelona &#8211; Noche de navegaci\u00f3n 2\u00ba d\u00eda: Puerto de Mallorca &#8211; Alcudia o alrededores 3er d\u00eda: La Victoria (Actividades: Canoas y Paddle Surf) 4\u00ba d\u00eda: Palma de Mallorca 5\u00ba d\u00eda: S\u00f3ller y Valldemossa 6\u00ba d\u00eda: Puerto de Mallorca &#8211; Puerto de Barcelona El precio incluye: Ferry Barcelona &#8211; Mallorca&hellip;","og_url":"http:\/\/viatgespoblenou.com\/es\/viatge-de-fi-de-curs-mallorca\/","og_site_name":"viatgespoblenou","article_publisher":"https:\/\/es-la.facebook.com\/people\/Viatges-Poblenou\/100001670703933","article_modified_time":"2019-08-28T09:00:33+00:00","twitter_card":"summary","twitter_misc":{"Tiempo de lectura":"2 minutos"},"schema":{"@context":"https:\/\/schema.org","@graph":[{"@type":"WebPage","@id":"http:\/\/viatgespoblenou.com\/es\/viatge-de-fi-de-curs-mallorca\/","url":"http:\/\/viatgespoblenou.com\/es\/viatge-de-fi-de-curs-mallorca\/","name":"Mallorca - viatgespoblenou","isPartOf":{"@id":"http:\/\/viatgespoblenou.com\/#website"},"datePublished":"2015-05-15T16:05:36+00:00","dateModified":"2019-08-28T09:00:33+00:00","breadcrumb":{"@id":"http:\/\/viatgespoblenou.com\/es\/viatge-de-fi-de-curs-mallorca\/#breadcrumb"},"inLanguage":"es","potentialAction":[{"@type":"ReadAction","target":["http:\/\/viatgespoblenou.com\/es\/viatge-de-fi-de-curs-mallorca\/"]}]},{"@type":"BreadcrumbList","@id":"http:\/\/viatgespoblenou.com\/es\/viatge-de-fi-de-curs-mallorca\/#breadcrumb","itemListElement":[{"@type":"ListItem","position":1,"name":"Home","item":"http:\/\/viatgespoblenou.com\/"},{"@type":"ListItem","position":2,"name":"Mallorca"}]},{"@type":"WebSite","@id":"http:\/\/viatgespoblenou.com\/#website","url":"http:\/\/viatgespoblenou.com\/","name":"viatgespoblenou","description":"","potentialAction":[{"@type":"SearchAction","target":{"@type":"EntryPoint","urlTemplate":"http:\/\/viatgespoblenou.com\/?s={search_term_string}"},"query-input":"required name=search_term_string"}],"inLanguage":"es"}]}},"_links":{"self":[{"href":"http:\/\/viatgespoblenou.com\/es\/wp-json\/wp\/v2\/pages\/36028"}],"collection":[{"href":"http:\/\/viatgespoblenou.com\/es\/wp-json\/wp\/v2\/pages"}],"about":[{"href":"http:\/\/viatgespoblenou.com\/es\/wp-json\/wp\/v2\/types\/page"}],"author":[{"embeddable":true,"href":"http:\/\/viatgespoblenou.com\/es\/wp-json\/wp\/v2\/users\/1"}],"replies":[{"embeddable":true,"href":"http:\/\/viatgespoblenou.com\/es\/wp-json\/wp\/v2\/comments?post=36028"}],"version-history":[{"count":14,"href":"http:\/\/viatgespoblenou.com\/es\/wp-json\/wp\/v2\/pages\/36028\/revisions"}],"predecessor-version":[{"id":38299,"href":"http:\/\/viatgespoblenou.com\/es\/wp-json\/wp\/v2\/pages\/36028\/revisions\/38299"}],"wp:attachment":[{"href":"http:\/\/viatgespoblenou.com\/es\/wp-json\/wp\/v2\/media?parent=36028"}],"curies":[{"name":"wp","href":"https:\/\/api.w.org\/{rel}","templated":true}]}}