{"id":36007,"date":"2015-05-15T15:41:24","date_gmt":"2015-05-15T15:41:24","guid":{"rendered":"http:\/\/viatgespoblenou.com\/?page_id=36007"},"modified":"2019-08-23T16:08:09","modified_gmt":"2019-08-23T16:08:09","slug":"londres-3","status":"publish","type":"page","link":"http:\/\/viatgespoblenou.com\/es\/londres-3\/","title":{"rendered":"Londres"},"content":{"rendered":"<section class=\"wpb-content-wrapper\"><p>[vc_row][vc_column width=\u00bb1\/2&#8243;][vc_column_text]<\/p>\n<h3 class=\"lletracoordinacio4\"><\/h3>\n<p>1\u00ba D\u00eda: Aeropuerto de Barcelona &#8211; Londres<br \/>\n2\u00ba D\u00eda: Londres<br \/>\n3\u00ba D\u00eda: Londres<br \/>\n4\u00ba D\u00eda: Londres \/ Aeropuerto de Barcelona<\/p>\n<p><strong>El precio incluye:<\/strong><\/p>\n<div>\u2022\u00a0<span style=\"color: #1d1d1b;\">Vuelo Barcelona &#8211; Londres &#8211; Barcelona<\/span><\/div>\n<div>\u2022\u00a0<span style=\"color: #1d1d1b;\">Traslados Aeropuerto &#8211; Hostel &#8211; Aeropuerto<\/span><\/div>\n<div>\u2022\u00a0<span style=\"color: #1d1d1b;\">3 noches en hostel C\u00e9ntrico en r\u00e9gimen de Media Pensi\u00f3n<\/span><\/div>\n<div>\u2022\u00a0<span style=\"color: #1d1d1b;\">Gesti\u00f3n de entradas en el British Museum y el Tate Modern<\/span><\/div>\n<div>\u2022\u00a0<span style=\"color: #1d1d1b;\">Talonarios de autofinanciaci\u00f3n<\/span><\/div>\n<div>\u2022\u00a0<span style=\"color: #1d1d1b;\">Seguro de asistencia en viaje<\/span><\/div>\n<div>\u2022\u00a0<span style=\"color: #1d1d1b;\">P\u00f3liza de responsabilidad civil<\/span><\/div>\n<div>\u2022\u00a0<span style=\"color: #1d1d1b;\">Gratuidades para profesores<\/span><\/div>\n<div class=\"page\" title=\"Page 9\"><\/div>\n<p>[\/vc_column_text][vc_empty_space height=\u00bb30px\u00bb][vc_single_image image=\u00bb37137&#8243; img_size=\u00bbfull\u00bb onclick=\u00bbcustom_link\u00bb link=\u00bbhttp:\/\/viatgespoblenou.com\/es\/pressupost\/\u00bb][\/vc_column][vc_column width=\u00bb1\/2&#8243;][rev_slider_vc alias=\u00bbalgustcast\u00bb][\/vc_column][\/vc_row][vc_row][vc_column][vc_empty_space height=\u00bb70px\u00bb][\/vc_column][\/vc_row]<\/p>\n<\/section>","protected":false},"excerpt":{"rendered":"<p>[vc_row][vc_column width=\u00bb1\/2&#8243;][vc_column_text] 1\u00ba D\u00eda: Aeropuerto de Barcelona &#8211; Londres 2\u00ba D\u00eda: Londres 3\u00ba D\u00eda: Londres 4\u00ba D\u00eda: Londres \/ Aeropuerto de Barcelona El precio incluye: \u2022\u00a0Vuelo Barcelona &#8211; Londres &#8211; Barcelona \u2022\u00a0Traslados Aeropuerto &#8211; Hostel &#8211; Aeropuerto \u2022\u00a03 noches en hostel C\u00e9ntrico en r\u00e9gimen de Media Pensi\u00f3n \u2022\u00a0Gesti\u00f3n de entradas en el British Museum y&hellip;<\/p>\n","protected":false},"author":1,"featured_media":0,"parent":0,"menu_order":0,"comment_status":"closed","ping_status":"closed","template":"","meta":[],"yoast_head":"<!-- This site is optimized with the Yoast SEO plugin v19.7.1 - https:\/\/yoast.com\/wordpress\/plugins\/seo\/ -->\n<title>Londres - viatgespoblenou<\/title>\n<meta name=\"robots\" content=\"index, follow, max-snippet:-1, max-image-preview:large, max-video-preview:-1\" \/>\n<link rel=\"canonical\" href=\"http:\/\/viatgespoblenou.com\/es\/londres-3\/\" \/>\n<meta property=\"og:locale\" content=\"es_ES\" \/>\n<meta property=\"og:type\" content=\"article\" \/>\n<meta property=\"og:title\" content=\"Londres - viatgespoblenou\" \/>\n<meta property=\"og:description\" content=\"[vc_row][vc_column width=\u00bb1\/2&#8243;][vc_column_text] 1\u00ba D\u00eda: Aeropuerto de Barcelona &#8211; Londres 2\u00ba D\u00eda: Londres 3\u00ba D\u00eda: Londres 4\u00ba D\u00eda: Londres \/ Aeropuerto de Barcelona El precio incluye: \u2022\u00a0Vuelo Barcelona &#8211; Londres &#8211; Barcelona \u2022\u00a0Traslados Aeropuerto &#8211; Hostel &#8211; Aeropuerto \u2022\u00a03 noches en hostel C\u00e9ntrico en r\u00e9gimen de Media Pensi\u00f3n \u2022\u00a0Gesti\u00f3n de entradas en el British Museum y&hellip;\" \/>\n<meta property=\"og:url\" content=\"http:\/\/viatgespoblenou.com\/es\/londres-3\/\" \/>\n<meta property=\"og:site_name\" content=\"viatgespoblenou\" \/>\n<meta property=\"article:publisher\" content=\"https:\/\/es-la.facebook.com\/people\/Viatges-Poblenou\/100001670703933\" \/>\n<meta property=\"article:modified_time\" content=\"2019-08-23T16:08:09+00:00\" \/>\n<meta name=\"twitter:card\" content=\"summary\" \/>\n<meta name=\"twitter:label1\" content=\"Tiempo de lectura\" \/>\n\t<meta name=\"twitter:data1\" content=\"1 minuto\" \/>\n<script type=\"application\/ld+json\" class=\"yoast-schema-graph\">{\"@context\":\"https:\/\/schema.org\",\"@graph\":[{\"@type\":\"WebPage\",\"@id\":\"http:\/\/viatgespoblenou.com\/es\/londres-3\/\",\"url\":\"http:\/\/viatgespoblenou.com\/es\/londres-3\/\",\"name\":\"Londres - viatgespoblenou\",\"isPartOf\":{\"@id\":\"http:\/\/viatgespoblenou.com\/#website\"},\"datePublished\":\"2015-05-15T15:41:24+00:00\",\"dateModified\":\"2019-08-23T16:08:09+00:00\",\"breadcrumb\":{\"@id\":\"http:\/\/viatgespoblenou.com\/es\/londres-3\/#breadcrumb\"},\"inLanguage\":\"es\",\"potentialAction\":[{\"@type\":\"ReadAction\",\"target\":[\"http:\/\/viatgespoblenou.com\/es\/londres-3\/\"]}]},{\"@type\":\"BreadcrumbList\",\"@id\":\"http:\/\/viatgespoblenou.com\/es\/londres-3\/#breadcrumb\",\"itemListElement\":[{\"@type\":\"ListItem\",\"position\":1,\"name\":\"Home\",\"item\":\"http:\/\/viatgespoblenou.com\/\"},{\"@type\":\"ListItem\",\"position\":2,\"name\":\"Londres\"}]},{\"@type\":\"WebSite\",\"@id\":\"http:\/\/viatgespoblenou.com\/#website\",\"url\":\"http:\/\/viatgespoblenou.com\/\",\"name\":\"viatgespoblenou\",\"description\":\"\",\"potentialAction\":[{\"@type\":\"SearchAction\",\"target\":{\"@type\":\"EntryPoint\",\"urlTemplate\":\"http:\/\/viatgespoblenou.com\/?s={search_term_string}\"},\"query-input\":\"required name=search_term_string\"}],\"inLanguage\":\"es\"}]}<\/script>\n<!-- \/ Yoast SEO plugin. -->","yoast_head_json":{"title":"Londres - viatgespoblenou","robots":{"index":"index","follow":"follow","max-snippet":"max-snippet:-1","max-image-preview":"max-image-preview:large","max-video-preview":"max-video-preview:-1"},"canonical":"http:\/\/viatgespoblenou.com\/es\/londres-3\/","og_locale":"es_ES","og_type":"article","og_title":"Londres - viatgespoblenou","og_description":"[vc_row][vc_column width=\u00bb1\/2&#8243;][vc_column_text] 1\u00ba D\u00eda: Aeropuerto de Barcelona &#8211; Londres 2\u00ba D\u00eda: Londres 3\u00ba D\u00eda: Londres 4\u00ba D\u00eda: Londres \/ Aeropuerto de Barcelona El precio incluye: \u2022\u00a0Vuelo Barcelona &#8211; Londres &#8211; Barcelona \u2022\u00a0Traslados Aeropuerto &#8211; Hostel &#8211; Aeropuerto \u2022\u00a03 noches en hostel C\u00e9ntrico en r\u00e9gimen de Media Pensi\u00f3n \u2022\u00a0Gesti\u00f3n de entradas en el British Museum y&hellip;","og_url":"http:\/\/viatgespoblenou.com\/es\/londres-3\/","og_site_name":"viatgespoblenou","article_publisher":"https:\/\/es-la.facebook.com\/people\/Viatges-Poblenou\/100001670703933","article_modified_time":"2019-08-23T16:08:09+00:00","twitter_card":"summary","twitter_misc":{"Tiempo de lectura":"1 minuto"},"schema":{"@context":"https:\/\/schema.org","@graph":[{"@type":"WebPage","@id":"http:\/\/viatgespoblenou.com\/es\/londres-3\/","url":"http:\/\/viatgespoblenou.com\/es\/londres-3\/","name":"Londres - viatgespoblenou","isPartOf":{"@id":"http:\/\/viatgespoblenou.com\/#website"},"datePublished":"2015-05-15T15:41:24+00:00","dateModified":"2019-08-23T16:08:09+00:00","breadcrumb":{"@id":"http:\/\/viatgespoblenou.com\/es\/londres-3\/#breadcrumb"},"inLanguage":"es","potentialAction":[{"@type":"ReadAction","target":["http:\/\/viatgespoblenou.com\/es\/londres-3\/"]}]},{"@type":"BreadcrumbList","@id":"http:\/\/viatgespoblenou.com\/es\/londres-3\/#breadcrumb","itemListElement":[{"@type":"ListItem","position":1,"name":"Home","item":"http:\/\/viatgespoblenou.com\/"},{"@type":"ListItem","position":2,"name":"Londres"}]},{"@type":"WebSite","@id":"http:\/\/viatgespoblenou.com\/#website","url":"http:\/\/viatgespoblenou.com\/","name":"viatgespoblenou","description":"","potentialAction":[{"@type":"SearchAction","target":{"@type":"EntryPoint","urlTemplate":"http:\/\/viatgespoblenou.com\/?s={search_term_string}"},"query-input":"required name=search_term_string"}],"inLanguage":"es"}]}},"_links":{"self":[{"href":"http:\/\/viatgespoblenou.com\/es\/wp-json\/wp\/v2\/pages\/36007"}],"collection":[{"href":"http:\/\/viatgespoblenou.com\/es\/wp-json\/wp\/v2\/pages"}],"about":[{"href":"http:\/\/viatgespoblenou.com\/es\/wp-json\/wp\/v2\/types\/page"}],"author":[{"embeddable":true,"href":"http:\/\/viatgespoblenou.com\/es\/wp-json\/wp\/v2\/users\/1"}],"replies":[{"embeddable":true,"href":"http:\/\/viatgespoblenou.com\/es\/wp-json\/wp\/v2\/comments?post=36007"}],"version-history":[{"count":11,"href":"http:\/\/viatgespoblenou.com\/es\/wp-json\/wp\/v2\/pages\/36007\/revisions"}],"predecessor-version":[{"id":38647,"href":"http:\/\/viatgespoblenou.com\/es\/wp-json\/wp\/v2\/pages\/36007\/revisions\/38647"}],"wp:attachment":[{"href":"http:\/\/viatgespoblenou.com\/es\/wp-json\/wp\/v2\/media?parent=36007"}],"curies":[{"name":"wp","href":"https:\/\/api.w.org\/{rel}","templated":true}]}}