{"id":36002,"date":"2015-05-15T15:37:28","date_gmt":"2015-05-15T15:37:28","guid":{"rendered":"http:\/\/viatgespoblenou.com\/?page_id=36002"},"modified":"2018-09-10T13:55:28","modified_gmt":"2018-09-10T13:55:28","slug":"florencia-venecia","status":"publish","type":"page","link":"http:\/\/viatgespoblenou.com\/es\/florencia-venecia\/","title":{"rendered":"Florencia &#8211; Venecia"},"content":{"rendered":"<section class=\"wpb-content-wrapper\"><p>[vc_row][vc_column width=\u00bb1\/2&#8243;][vc_column_text]<\/p>\n<h3 class=\"lletracoordinacio4\"><\/h3>\n<p>1er d\u00eda: Escuela &#8211; Noche en ruta<br \/>\n2\u00ba d\u00eda: Venecia &#8211; Lido di Jesolo<br \/>\n3er d\u00eda: Verona &#8211; Montecatini<br \/>\n4\u00ba d\u00eda: Pisa &#8211; Lucca<br \/>\n5\u00ba d\u00eda: Florencia<br \/>\n6\u00ba d\u00eda: Siena &#8211; Puerto de Civitavecchia &#8211; Noche de navegaci\u00f3n<br \/>\n7\u00ba d\u00eda: D\u00eda de navegaci\u00f3n &#8211; Puerto de Barcelona &#8211; Escuela<\/p>\n<p><strong>El precio incluye:<\/strong><\/p>\n<p>Autocar a disposici\u00f3n (respetando la normativa)<br \/>\nTraslados en ferry Civitavecchia &#8211; BCN en acomodaci\u00f3n cabina<br \/>\n1 noche de hotel 3 *** en Lido de Jesolo en r\u00e9gimen de Media Pensi\u00f3n<br \/>\n3 noches de hotel 3 *** en Montecatini en r\u00e9gimen de Media Pensi\u00f3n<br \/>\nGu\u00eda acompa\u00f1ante de la agencia<br \/>\nTrasllatenVaporettoPuntaSabbioni-Venecia-PuntaSabbioni<br \/>\nGesti\u00f3n entradas gratuitas a la Accademia y los Uffizi<br \/>\nTalonarios de autofinanciaci\u00f3n<br \/>\nSeguro de asistencia en viaje<br \/>\nP\u00f3liza de responsabilidad civil<br \/>\nGratuidades para profesores<\/p>\n<p>[\/vc_column_text][vc_empty_space height=\u00bb30px\u00bb][vc_single_image image=\u00bb37137&#8243; img_size=\u00bbfull\u00bb onclick=\u00bbcustom_link\u00bb link=\u00bbhttp:\/\/viatgespoblenou.com\/es\/pressupost\/\u00bb][\/vc_column][vc_column width=\u00bb1\/2&#8243;][rev_slider_vc alias=\u00bbalgustcast\u00bb][\/vc_column][\/vc_row][vc_row][vc_column][vc_empty_space height=\u00bb70px\u00bb][\/vc_column][\/vc_row]<\/p>\n<\/section>","protected":false},"excerpt":{"rendered":"<p>[vc_row][vc_column width=\u00bb1\/2&#8243;][vc_column_text] 1er d\u00eda: Escuela &#8211; Noche en ruta 2\u00ba d\u00eda: Venecia &#8211; Lido di Jesolo 3er d\u00eda: Verona &#8211; Montecatini 4\u00ba d\u00eda: Pisa &#8211; Lucca 5\u00ba d\u00eda: Florencia 6\u00ba d\u00eda: Siena &#8211; Puerto de Civitavecchia &#8211; Noche de navegaci\u00f3n 7\u00ba d\u00eda: D\u00eda de navegaci\u00f3n &#8211; Puerto de Barcelona &#8211; Escuela El precio incluye: Autocar&hellip;<\/p>\n","protected":false},"author":1,"featured_media":0,"parent":0,"menu_order":0,"comment_status":"closed","ping_status":"closed","template":"","meta":[],"yoast_head":"<!-- This site is optimized with the Yoast SEO plugin v19.7.1 - https:\/\/yoast.com\/wordpress\/plugins\/seo\/ -->\n<title>Florencia - Venecia - viatgespoblenou<\/title>\n<meta name=\"robots\" content=\"index, follow, max-snippet:-1, max-image-preview:large, max-video-preview:-1\" \/>\n<link rel=\"canonical\" href=\"http:\/\/viatgespoblenou.com\/es\/florencia-venecia\/\" \/>\n<meta property=\"og:locale\" content=\"es_ES\" \/>\n<meta property=\"og:type\" content=\"article\" \/>\n<meta property=\"og:title\" content=\"Florencia - Venecia - viatgespoblenou\" \/>\n<meta property=\"og:description\" content=\"[vc_row][vc_column width=\u00bb1\/2&#8243;][vc_column_text] 1er d\u00eda: Escuela &#8211; Noche en ruta 2\u00ba d\u00eda: Venecia &#8211; Lido di Jesolo 3er d\u00eda: Verona &#8211; Montecatini 4\u00ba d\u00eda: Pisa &#8211; Lucca 5\u00ba d\u00eda: Florencia 6\u00ba d\u00eda: Siena &#8211; Puerto de Civitavecchia &#8211; Noche de navegaci\u00f3n 7\u00ba d\u00eda: D\u00eda de navegaci\u00f3n &#8211; Puerto de Barcelona &#8211; Escuela El precio incluye: Autocar&hellip;\" \/>\n<meta property=\"og:url\" content=\"http:\/\/viatgespoblenou.com\/es\/florencia-venecia\/\" \/>\n<meta property=\"og:site_name\" content=\"viatgespoblenou\" \/>\n<meta property=\"article:publisher\" content=\"https:\/\/es-la.facebook.com\/people\/Viatges-Poblenou\/100001670703933\" \/>\n<meta property=\"article:modified_time\" content=\"2018-09-10T13:55:28+00:00\" \/>\n<meta name=\"twitter:card\" content=\"summary\" \/>\n<meta name=\"twitter:label1\" content=\"Tiempo de lectura\" \/>\n\t<meta name=\"twitter:data1\" content=\"2 minutos\" \/>\n<script type=\"application\/ld+json\" class=\"yoast-schema-graph\">{\"@context\":\"https:\/\/schema.org\",\"@graph\":[{\"@type\":\"WebPage\",\"@id\":\"http:\/\/viatgespoblenou.com\/es\/florencia-venecia\/\",\"url\":\"http:\/\/viatgespoblenou.com\/es\/florencia-venecia\/\",\"name\":\"Florencia - Venecia - viatgespoblenou\",\"isPartOf\":{\"@id\":\"http:\/\/viatgespoblenou.com\/#website\"},\"datePublished\":\"2015-05-15T15:37:28+00:00\",\"dateModified\":\"2018-09-10T13:55:28+00:00\",\"breadcrumb\":{\"@id\":\"http:\/\/viatgespoblenou.com\/es\/florencia-venecia\/#breadcrumb\"},\"inLanguage\":\"es\",\"potentialAction\":[{\"@type\":\"ReadAction\",\"target\":[\"http:\/\/viatgespoblenou.com\/es\/florencia-venecia\/\"]}]},{\"@type\":\"BreadcrumbList\",\"@id\":\"http:\/\/viatgespoblenou.com\/es\/florencia-venecia\/#breadcrumb\",\"itemListElement\":[{\"@type\":\"ListItem\",\"position\":1,\"name\":\"Home\",\"item\":\"http:\/\/viatgespoblenou.com\/\"},{\"@type\":\"ListItem\",\"position\":2,\"name\":\"Florencia &#8211; Venecia\"}]},{\"@type\":\"WebSite\",\"@id\":\"http:\/\/viatgespoblenou.com\/#website\",\"url\":\"http:\/\/viatgespoblenou.com\/\",\"name\":\"viatgespoblenou\",\"description\":\"\",\"potentialAction\":[{\"@type\":\"SearchAction\",\"target\":{\"@type\":\"EntryPoint\",\"urlTemplate\":\"http:\/\/viatgespoblenou.com\/?s={search_term_string}\"},\"query-input\":\"required name=search_term_string\"}],\"inLanguage\":\"es\"}]}<\/script>\n<!-- \/ Yoast SEO plugin. -->","yoast_head_json":{"title":"Florencia - Venecia - viatgespoblenou","robots":{"index":"index","follow":"follow","max-snippet":"max-snippet:-1","max-image-preview":"max-image-preview:large","max-video-preview":"max-video-preview:-1"},"canonical":"http:\/\/viatgespoblenou.com\/es\/florencia-venecia\/","og_locale":"es_ES","og_type":"article","og_title":"Florencia - Venecia - viatgespoblenou","og_description":"[vc_row][vc_column width=\u00bb1\/2&#8243;][vc_column_text] 1er d\u00eda: Escuela &#8211; Noche en ruta 2\u00ba d\u00eda: Venecia &#8211; Lido di Jesolo 3er d\u00eda: Verona &#8211; Montecatini 4\u00ba d\u00eda: Pisa &#8211; Lucca 5\u00ba d\u00eda: Florencia 6\u00ba d\u00eda: Siena &#8211; Puerto de Civitavecchia &#8211; Noche de navegaci\u00f3n 7\u00ba d\u00eda: D\u00eda de navegaci\u00f3n &#8211; Puerto de Barcelona &#8211; Escuela El precio incluye: Autocar&hellip;","og_url":"http:\/\/viatgespoblenou.com\/es\/florencia-venecia\/","og_site_name":"viatgespoblenou","article_publisher":"https:\/\/es-la.facebook.com\/people\/Viatges-Poblenou\/100001670703933","article_modified_time":"2018-09-10T13:55:28+00:00","twitter_card":"summary","twitter_misc":{"Tiempo de lectura":"2 minutos"},"schema":{"@context":"https:\/\/schema.org","@graph":[{"@type":"WebPage","@id":"http:\/\/viatgespoblenou.com\/es\/florencia-venecia\/","url":"http:\/\/viatgespoblenou.com\/es\/florencia-venecia\/","name":"Florencia - Venecia - viatgespoblenou","isPartOf":{"@id":"http:\/\/viatgespoblenou.com\/#website"},"datePublished":"2015-05-15T15:37:28+00:00","dateModified":"2018-09-10T13:55:28+00:00","breadcrumb":{"@id":"http:\/\/viatgespoblenou.com\/es\/florencia-venecia\/#breadcrumb"},"inLanguage":"es","potentialAction":[{"@type":"ReadAction","target":["http:\/\/viatgespoblenou.com\/es\/florencia-venecia\/"]}]},{"@type":"BreadcrumbList","@id":"http:\/\/viatgespoblenou.com\/es\/florencia-venecia\/#breadcrumb","itemListElement":[{"@type":"ListItem","position":1,"name":"Home","item":"http:\/\/viatgespoblenou.com\/"},{"@type":"ListItem","position":2,"name":"Florencia &#8211; Venecia"}]},{"@type":"WebSite","@id":"http:\/\/viatgespoblenou.com\/#website","url":"http:\/\/viatgespoblenou.com\/","name":"viatgespoblenou","description":"","potentialAction":[{"@type":"SearchAction","target":{"@type":"EntryPoint","urlTemplate":"http:\/\/viatgespoblenou.com\/?s={search_term_string}"},"query-input":"required name=search_term_string"}],"inLanguage":"es"}]}},"_links":{"self":[{"href":"http:\/\/viatgespoblenou.com\/es\/wp-json\/wp\/v2\/pages\/36002"}],"collection":[{"href":"http:\/\/viatgespoblenou.com\/es\/wp-json\/wp\/v2\/pages"}],"about":[{"href":"http:\/\/viatgespoblenou.com\/es\/wp-json\/wp\/v2\/types\/page"}],"author":[{"embeddable":true,"href":"http:\/\/viatgespoblenou.com\/es\/wp-json\/wp\/v2\/users\/1"}],"replies":[{"embeddable":true,"href":"http:\/\/viatgespoblenou.com\/es\/wp-json\/wp\/v2\/comments?post=36002"}],"version-history":[{"count":12,"href":"http:\/\/viatgespoblenou.com\/es\/wp-json\/wp\/v2\/pages\/36002\/revisions"}],"predecessor-version":[{"id":38293,"href":"http:\/\/viatgespoblenou.com\/es\/wp-json\/wp\/v2\/pages\/36002\/revisions\/38293"}],"wp:attachment":[{"href":"http:\/\/viatgespoblenou.com\/es\/wp-json\/wp\/v2\/media?parent=36002"}],"curies":[{"name":"wp","href":"https:\/\/api.w.org\/{rel}","templated":true}]}}