{"id":35979,"date":"2015-05-15T14:44:47","date_gmt":"2015-05-15T14:44:47","guid":{"rendered":"http:\/\/viatgespoblenou.com\/?page_id=35979"},"modified":"2018-09-10T13:53:12","modified_gmt":"2018-09-10T13:53:12","slug":"roma","status":"publish","type":"page","link":"http:\/\/viatgespoblenou.com\/es\/roma\/","title":{"rendered":"Roma"},"content":{"rendered":"<section class=\"wpb-content-wrapper\"><p>[vc_row][vc_column width=\u00bb1\/2&#8243;][vc_column_text]<\/p>\n<p>1er d\u00eda: Puerto de Barcelona &#8211; Noche de navegaci\u00f3n<br \/>\n2\u00ba d\u00eda: Puerto de Civitavecchia &#8211; Roma<br \/>\n3er d\u00eda: Roma antigua: Coliseo + foros &#8211; Roma Barroca<br \/>\n4\u00ba d\u00eda: Ciudad de Vaticano &#8211; Trastevere<br \/>\n5\u00ba d\u00eda: Roma &#8211; Puerto de Civitavecchia &#8211; Noche de navegaci\u00f3n<br \/>\n6\u00ba d\u00eda: D\u00eda de navegaci\u00f3n &#8211; Puerto de Barcelona<\/p>\n<p><strong>El precio incluye:<\/strong><\/p>\n<p>Traslados en ferry BCN &#8211; Civitavecchia &#8211; BCN en acomodaci\u00f3n cabina<br \/>\nTraslados en autocar privado Puerto &#8211; Hotel &#8211; Puerto<br \/>\n3 noches en hotel 3 *** Roma ciudad en r\u00e9gimen de Media Pensi\u00f3n<br \/>\nGu\u00eda acompa\u00f1ante de la agencia<br \/>\nEntrada al Coliseo + foros<br \/>\nEntrada a los Museos Vaticanos (Incluye la Capilla Sixtina)<br \/>\nTalonarios de autofinanciaci\u00f3n<br \/>\nSeguro de asistencia en viaje<br \/>\nP\u00f3liza de responsabilidad civil<br \/>\nGratuidades para profesores<\/p>\n<p>[\/vc_column_text][vc_empty_space height=\u00bb30px\u00bb][vc_single_image image=\u00bb37137&#8243; img_size=\u00bbfull\u00bb onclick=\u00bbcustom_link\u00bb link=\u00bbhttp:\/\/viatgespoblenou.com\/es\/pressupost\/\u00bb][\/vc_column][vc_column width=\u00bb1\/2&#8243;][rev_slider_vc alias=\u00bbalgustcast\u00bb][\/vc_column][\/vc_row][vc_row][vc_column][vc_empty_space height=\u00bb70px\u00bb][\/vc_column][\/vc_row]<\/p>\n<\/section>","protected":false},"excerpt":{"rendered":"<p>[vc_row][vc_column width=\u00bb1\/2&#8243;][vc_column_text] 1er d\u00eda: Puerto de Barcelona &#8211; Noche de navegaci\u00f3n 2\u00ba d\u00eda: Puerto de Civitavecchia &#8211; Roma 3er d\u00eda: Roma antigua: Coliseo + foros &#8211; Roma Barroca 4\u00ba d\u00eda: Ciudad de Vaticano &#8211; Trastevere 5\u00ba d\u00eda: Roma &#8211; Puerto de Civitavecchia &#8211; Noche de navegaci\u00f3n 6\u00ba d\u00eda: D\u00eda de navegaci\u00f3n &#8211; Puerto de Barcelona&hellip;<\/p>\n","protected":false},"author":1,"featured_media":0,"parent":0,"menu_order":0,"comment_status":"closed","ping_status":"closed","template":"","meta":[],"yoast_head":"<!-- This site is optimized with the Yoast SEO plugin v19.7.1 - https:\/\/yoast.com\/wordpress\/plugins\/seo\/ -->\n<title>Roma - viatgespoblenou<\/title>\n<meta name=\"robots\" content=\"index, follow, max-snippet:-1, max-image-preview:large, max-video-preview:-1\" \/>\n<link rel=\"canonical\" href=\"http:\/\/viatgespoblenou.com\/roma\/\" \/>\n<meta property=\"og:locale\" content=\"es_ES\" \/>\n<meta property=\"og:type\" content=\"article\" \/>\n<meta property=\"og:title\" content=\"Roma - viatgespoblenou\" \/>\n<meta property=\"og:description\" content=\"[vc_row][vc_column width=\u00bb1\/2&#8243;][vc_column_text] 1er d\u00eda: Puerto de Barcelona &#8211; Noche de navegaci\u00f3n 2\u00ba d\u00eda: Puerto de Civitavecchia &#8211; Roma 3er d\u00eda: Roma antigua: Coliseo + foros &#8211; Roma Barroca 4\u00ba d\u00eda: Ciudad de Vaticano &#8211; Trastevere 5\u00ba d\u00eda: Roma &#8211; Puerto de Civitavecchia &#8211; Noche de navegaci\u00f3n 6\u00ba d\u00eda: D\u00eda de navegaci\u00f3n &#8211; Puerto de Barcelona&hellip;\" \/>\n<meta property=\"og:url\" content=\"http:\/\/viatgespoblenou.com\/roma\/\" \/>\n<meta property=\"og:site_name\" content=\"viatgespoblenou\" \/>\n<meta property=\"article:publisher\" content=\"https:\/\/es-la.facebook.com\/people\/Viatges-Poblenou\/100001670703933\" \/>\n<meta property=\"article:modified_time\" content=\"2018-09-10T13:53:12+00:00\" \/>\n<meta name=\"twitter:card\" content=\"summary\" \/>\n<meta name=\"twitter:label1\" content=\"Tiempo de lectura\" \/>\n\t<meta name=\"twitter:data1\" content=\"2 minutos\" \/>\n<script type=\"application\/ld+json\" class=\"yoast-schema-graph\">{\"@context\":\"https:\/\/schema.org\",\"@graph\":[{\"@type\":\"WebPage\",\"@id\":\"http:\/\/viatgespoblenou.com\/roma\/\",\"url\":\"http:\/\/viatgespoblenou.com\/roma\/\",\"name\":\"Roma - viatgespoblenou\",\"isPartOf\":{\"@id\":\"http:\/\/viatgespoblenou.com\/#website\"},\"datePublished\":\"2015-05-15T14:44:47+00:00\",\"dateModified\":\"2018-09-10T13:53:12+00:00\",\"breadcrumb\":{\"@id\":\"http:\/\/viatgespoblenou.com\/roma\/#breadcrumb\"},\"inLanguage\":\"es\",\"potentialAction\":[{\"@type\":\"ReadAction\",\"target\":[\"http:\/\/viatgespoblenou.com\/roma\/\"]}]},{\"@type\":\"BreadcrumbList\",\"@id\":\"http:\/\/viatgespoblenou.com\/roma\/#breadcrumb\",\"itemListElement\":[{\"@type\":\"ListItem\",\"position\":1,\"name\":\"Home\",\"item\":\"http:\/\/viatgespoblenou.com\/\"},{\"@type\":\"ListItem\",\"position\":2,\"name\":\"Roma\"}]},{\"@type\":\"WebSite\",\"@id\":\"http:\/\/viatgespoblenou.com\/#website\",\"url\":\"http:\/\/viatgespoblenou.com\/\",\"name\":\"viatgespoblenou\",\"description\":\"\",\"potentialAction\":[{\"@type\":\"SearchAction\",\"target\":{\"@type\":\"EntryPoint\",\"urlTemplate\":\"http:\/\/viatgespoblenou.com\/?s={search_term_string}\"},\"query-input\":\"required name=search_term_string\"}],\"inLanguage\":\"es\"}]}<\/script>\n<!-- \/ Yoast SEO plugin. -->","yoast_head_json":{"title":"Roma - viatgespoblenou","robots":{"index":"index","follow":"follow","max-snippet":"max-snippet:-1","max-image-preview":"max-image-preview:large","max-video-preview":"max-video-preview:-1"},"canonical":"http:\/\/viatgespoblenou.com\/roma\/","og_locale":"es_ES","og_type":"article","og_title":"Roma - viatgespoblenou","og_description":"[vc_row][vc_column width=\u00bb1\/2&#8243;][vc_column_text] 1er d\u00eda: Puerto de Barcelona &#8211; Noche de navegaci\u00f3n 2\u00ba d\u00eda: Puerto de Civitavecchia &#8211; Roma 3er d\u00eda: Roma antigua: Coliseo + foros &#8211; Roma Barroca 4\u00ba d\u00eda: Ciudad de Vaticano &#8211; Trastevere 5\u00ba d\u00eda: Roma &#8211; Puerto de Civitavecchia &#8211; Noche de navegaci\u00f3n 6\u00ba d\u00eda: D\u00eda de navegaci\u00f3n &#8211; Puerto de Barcelona&hellip;","og_url":"http:\/\/viatgespoblenou.com\/roma\/","og_site_name":"viatgespoblenou","article_publisher":"https:\/\/es-la.facebook.com\/people\/Viatges-Poblenou\/100001670703933","article_modified_time":"2018-09-10T13:53:12+00:00","twitter_card":"summary","twitter_misc":{"Tiempo de lectura":"2 minutos"},"schema":{"@context":"https:\/\/schema.org","@graph":[{"@type":"WebPage","@id":"http:\/\/viatgespoblenou.com\/roma\/","url":"http:\/\/viatgespoblenou.com\/roma\/","name":"Roma - viatgespoblenou","isPartOf":{"@id":"http:\/\/viatgespoblenou.com\/#website"},"datePublished":"2015-05-15T14:44:47+00:00","dateModified":"2018-09-10T13:53:12+00:00","breadcrumb":{"@id":"http:\/\/viatgespoblenou.com\/roma\/#breadcrumb"},"inLanguage":"es","potentialAction":[{"@type":"ReadAction","target":["http:\/\/viatgespoblenou.com\/roma\/"]}]},{"@type":"BreadcrumbList","@id":"http:\/\/viatgespoblenou.com\/roma\/#breadcrumb","itemListElement":[{"@type":"ListItem","position":1,"name":"Home","item":"http:\/\/viatgespoblenou.com\/"},{"@type":"ListItem","position":2,"name":"Roma"}]},{"@type":"WebSite","@id":"http:\/\/viatgespoblenou.com\/#website","url":"http:\/\/viatgespoblenou.com\/","name":"viatgespoblenou","description":"","potentialAction":[{"@type":"SearchAction","target":{"@type":"EntryPoint","urlTemplate":"http:\/\/viatgespoblenou.com\/?s={search_term_string}"},"query-input":"required name=search_term_string"}],"inLanguage":"es"}]}},"_links":{"self":[{"href":"http:\/\/viatgespoblenou.com\/es\/wp-json\/wp\/v2\/pages\/35979"}],"collection":[{"href":"http:\/\/viatgespoblenou.com\/es\/wp-json\/wp\/v2\/pages"}],"about":[{"href":"http:\/\/viatgespoblenou.com\/es\/wp-json\/wp\/v2\/types\/page"}],"author":[{"embeddable":true,"href":"http:\/\/viatgespoblenou.com\/es\/wp-json\/wp\/v2\/users\/1"}],"replies":[{"embeddable":true,"href":"http:\/\/viatgespoblenou.com\/es\/wp-json\/wp\/v2\/comments?post=35979"}],"version-history":[{"count":9,"href":"http:\/\/viatgespoblenou.com\/es\/wp-json\/wp\/v2\/pages\/35979\/revisions"}],"predecessor-version":[{"id":38291,"href":"http:\/\/viatgespoblenou.com\/es\/wp-json\/wp\/v2\/pages\/35979\/revisions\/38291"}],"wp:attachment":[{"href":"http:\/\/viatgespoblenou.com\/es\/wp-json\/wp\/v2\/media?parent=35979"}],"curies":[{"name":"wp","href":"https:\/\/api.w.org\/{rel}","templated":true}]}}