{"id":35976,"date":"2015-05-15T14:39:19","date_gmt":"2015-05-15T14:39:19","guid":{"rendered":"http:\/\/viatgespoblenou.com\/?page_id=35976"},"modified":"2018-09-10T14:14:49","modified_gmt":"2018-09-10T14:14:49","slug":"paris-2","status":"publish","type":"page","link":"http:\/\/viatgespoblenou.com\/es\/paris-2\/","title":{"rendered":"Par\u00eds"},"content":{"rendered":"<section class=\"wpb-content-wrapper\"><p>[vc_row][vc_column width=\u00bb1\/2&#8243;][vc_column_text]<\/p>\n<h3 class=\"lletracoordinacio4\"><\/h3>\n<p>1er d\u00eda: Escuela &#8211; Noche en ruta<br \/>\n2\u00ba d\u00eda: Torre Eiffel &#8211; Arco de Triunfo &#8211; Campos El\u00edseos &#8211; \u00d3pera<br \/>\n3er d\u00eda: Louvre &#8211; Ille de la Cit\u00e9 &#8211; Montmartre<br \/>\n4\u00ba d\u00eda: Barrio Latino &#8211; Barrio Marais<br \/>\n5\u00ba d\u00eda: Disneyland Paris &#8211; Noche en ruta<br \/>\n6\u00ba d\u00eda: Escuela<\/p>\n<p><strong>El precio incluye:<\/strong><\/p>\n<p>Autocar a disposici\u00f3n (respetando la normativa)<br \/>\n3 noches de hotel 3 *** en Par\u00eds ciudad en r\u00e9gimen de Media Pensi\u00f3n<br \/>\nGesti\u00f3n entrada al Louvre<br \/>\nEntrada a Eurodisney (dos Parques) con ticket de comida<br \/>\nGu\u00eda acompa\u00f1ante de la agencia durante el viaje<br \/>\nTalonarios de autofinanciaci\u00f3n<br \/>\nSeguro de asistencia en viaje<br \/>\nP\u00f3liza de responsabilidad civil<br \/>\nGratuidades para profesores<\/p>\n<div class=\"page\" title=\"Page 6\"><\/div>\n<p>[\/vc_column_text][vc_empty_space height=\u00bb30px\u00bb][vc_single_image image=\u00bb37137&#8243; img_size=\u00bbfull\u00bb onclick=\u00bbcustom_link\u00bb link=\u00bbhttp:\/\/viatgespoblenou.com\/es\/pressupost\/\u00bb][\/vc_column][vc_column width=\u00bb1\/2&#8243;][rev_slider_vc alias=\u00bbalgustcast\u00bb][\/vc_column][\/vc_row][vc_row][vc_column][vc_empty_space height=\u00bb70px\u00bb][\/vc_column][\/vc_row]<\/p>\n<\/section>","protected":false},"excerpt":{"rendered":"<p>[vc_row][vc_column width=\u00bb1\/2&#8243;][vc_column_text] 1er d\u00eda: Escuela &#8211; Noche en ruta 2\u00ba d\u00eda: Torre Eiffel &#8211; Arco de Triunfo &#8211; Campos El\u00edseos &#8211; \u00d3pera 3er d\u00eda: Louvre &#8211; Ille de la Cit\u00e9 &#8211; Montmartre 4\u00ba d\u00eda: Barrio Latino &#8211; Barrio Marais 5\u00ba d\u00eda: Disneyland Paris &#8211; Noche en ruta 6\u00ba d\u00eda: Escuela El precio incluye: Autocar a&hellip;<\/p>\n","protected":false},"author":1,"featured_media":0,"parent":0,"menu_order":0,"comment_status":"closed","ping_status":"closed","template":"","meta":[],"yoast_head":"<!-- This site is optimized with the Yoast SEO plugin v19.7.1 - https:\/\/yoast.com\/wordpress\/plugins\/seo\/ -->\n<title>Par\u00eds - viatgespoblenou<\/title>\n<meta name=\"robots\" content=\"index, follow, max-snippet:-1, max-image-preview:large, max-video-preview:-1\" \/>\n<link rel=\"canonical\" href=\"http:\/\/viatgespoblenou.com\/es\/paris-2\/\" \/>\n<meta property=\"og:locale\" content=\"es_ES\" \/>\n<meta property=\"og:type\" content=\"article\" \/>\n<meta property=\"og:title\" content=\"Par\u00eds - viatgespoblenou\" \/>\n<meta property=\"og:description\" content=\"[vc_row][vc_column width=\u00bb1\/2&#8243;][vc_column_text] 1er d\u00eda: Escuela &#8211; Noche en ruta 2\u00ba d\u00eda: Torre Eiffel &#8211; Arco de Triunfo &#8211; Campos El\u00edseos &#8211; \u00d3pera 3er d\u00eda: Louvre &#8211; Ille de la Cit\u00e9 &#8211; Montmartre 4\u00ba d\u00eda: Barrio Latino &#8211; Barrio Marais 5\u00ba d\u00eda: Disneyland Paris &#8211; Noche en ruta 6\u00ba d\u00eda: Escuela El precio incluye: Autocar a&hellip;\" \/>\n<meta property=\"og:url\" content=\"http:\/\/viatgespoblenou.com\/es\/paris-2\/\" \/>\n<meta property=\"og:site_name\" content=\"viatgespoblenou\" \/>\n<meta property=\"article:publisher\" content=\"https:\/\/es-la.facebook.com\/people\/Viatges-Poblenou\/100001670703933\" \/>\n<meta property=\"article:modified_time\" content=\"2018-09-10T14:14:49+00:00\" \/>\n<meta name=\"twitter:card\" content=\"summary\" \/>\n<meta name=\"twitter:label1\" content=\"Tiempo de lectura\" \/>\n\t<meta name=\"twitter:data1\" content=\"2 minutos\" \/>\n<script type=\"application\/ld+json\" class=\"yoast-schema-graph\">{\"@context\":\"https:\/\/schema.org\",\"@graph\":[{\"@type\":\"WebPage\",\"@id\":\"http:\/\/viatgespoblenou.com\/es\/paris-2\/\",\"url\":\"http:\/\/viatgespoblenou.com\/es\/paris-2\/\",\"name\":\"Par\u00eds - viatgespoblenou\",\"isPartOf\":{\"@id\":\"http:\/\/viatgespoblenou.com\/#website\"},\"datePublished\":\"2015-05-15T14:39:19+00:00\",\"dateModified\":\"2018-09-10T14:14:49+00:00\",\"breadcrumb\":{\"@id\":\"http:\/\/viatgespoblenou.com\/es\/paris-2\/#breadcrumb\"},\"inLanguage\":\"es\",\"potentialAction\":[{\"@type\":\"ReadAction\",\"target\":[\"http:\/\/viatgespoblenou.com\/es\/paris-2\/\"]}]},{\"@type\":\"BreadcrumbList\",\"@id\":\"http:\/\/viatgespoblenou.com\/es\/paris-2\/#breadcrumb\",\"itemListElement\":[{\"@type\":\"ListItem\",\"position\":1,\"name\":\"Home\",\"item\":\"http:\/\/viatgespoblenou.com\/\"},{\"@type\":\"ListItem\",\"position\":2,\"name\":\"Par\u00eds\"}]},{\"@type\":\"WebSite\",\"@id\":\"http:\/\/viatgespoblenou.com\/#website\",\"url\":\"http:\/\/viatgespoblenou.com\/\",\"name\":\"viatgespoblenou\",\"description\":\"\",\"potentialAction\":[{\"@type\":\"SearchAction\",\"target\":{\"@type\":\"EntryPoint\",\"urlTemplate\":\"http:\/\/viatgespoblenou.com\/?s={search_term_string}\"},\"query-input\":\"required name=search_term_string\"}],\"inLanguage\":\"es\"}]}<\/script>\n<!-- \/ Yoast SEO plugin. -->","yoast_head_json":{"title":"Par\u00eds - viatgespoblenou","robots":{"index":"index","follow":"follow","max-snippet":"max-snippet:-1","max-image-preview":"max-image-preview:large","max-video-preview":"max-video-preview:-1"},"canonical":"http:\/\/viatgespoblenou.com\/es\/paris-2\/","og_locale":"es_ES","og_type":"article","og_title":"Par\u00eds - viatgespoblenou","og_description":"[vc_row][vc_column width=\u00bb1\/2&#8243;][vc_column_text] 1er d\u00eda: Escuela &#8211; Noche en ruta 2\u00ba d\u00eda: Torre Eiffel &#8211; Arco de Triunfo &#8211; Campos El\u00edseos &#8211; \u00d3pera 3er d\u00eda: Louvre &#8211; Ille de la Cit\u00e9 &#8211; Montmartre 4\u00ba d\u00eda: Barrio Latino &#8211; Barrio Marais 5\u00ba d\u00eda: Disneyland Paris &#8211; Noche en ruta 6\u00ba d\u00eda: Escuela El precio incluye: Autocar a&hellip;","og_url":"http:\/\/viatgespoblenou.com\/es\/paris-2\/","og_site_name":"viatgespoblenou","article_publisher":"https:\/\/es-la.facebook.com\/people\/Viatges-Poblenou\/100001670703933","article_modified_time":"2018-09-10T14:14:49+00:00","twitter_card":"summary","twitter_misc":{"Tiempo de lectura":"2 minutos"},"schema":{"@context":"https:\/\/schema.org","@graph":[{"@type":"WebPage","@id":"http:\/\/viatgespoblenou.com\/es\/paris-2\/","url":"http:\/\/viatgespoblenou.com\/es\/paris-2\/","name":"Par\u00eds - viatgespoblenou","isPartOf":{"@id":"http:\/\/viatgespoblenou.com\/#website"},"datePublished":"2015-05-15T14:39:19+00:00","dateModified":"2018-09-10T14:14:49+00:00","breadcrumb":{"@id":"http:\/\/viatgespoblenou.com\/es\/paris-2\/#breadcrumb"},"inLanguage":"es","potentialAction":[{"@type":"ReadAction","target":["http:\/\/viatgespoblenou.com\/es\/paris-2\/"]}]},{"@type":"BreadcrumbList","@id":"http:\/\/viatgespoblenou.com\/es\/paris-2\/#breadcrumb","itemListElement":[{"@type":"ListItem","position":1,"name":"Home","item":"http:\/\/viatgespoblenou.com\/"},{"@type":"ListItem","position":2,"name":"Par\u00eds"}]},{"@type":"WebSite","@id":"http:\/\/viatgespoblenou.com\/#website","url":"http:\/\/viatgespoblenou.com\/","name":"viatgespoblenou","description":"","potentialAction":[{"@type":"SearchAction","target":{"@type":"EntryPoint","urlTemplate":"http:\/\/viatgespoblenou.com\/?s={search_term_string}"},"query-input":"required name=search_term_string"}],"inLanguage":"es"}]}},"_links":{"self":[{"href":"http:\/\/viatgespoblenou.com\/es\/wp-json\/wp\/v2\/pages\/35976"}],"collection":[{"href":"http:\/\/viatgespoblenou.com\/es\/wp-json\/wp\/v2\/pages"}],"about":[{"href":"http:\/\/viatgespoblenou.com\/es\/wp-json\/wp\/v2\/types\/page"}],"author":[{"embeddable":true,"href":"http:\/\/viatgespoblenou.com\/es\/wp-json\/wp\/v2\/users\/1"}],"replies":[{"embeddable":true,"href":"http:\/\/viatgespoblenou.com\/es\/wp-json\/wp\/v2\/comments?post=35976"}],"version-history":[{"count":15,"href":"http:\/\/viatgespoblenou.com\/es\/wp-json\/wp\/v2\/pages\/35976\/revisions"}],"predecessor-version":[{"id":38308,"href":"http:\/\/viatgespoblenou.com\/es\/wp-json\/wp\/v2\/pages\/35976\/revisions\/38308"}],"wp:attachment":[{"href":"http:\/\/viatgespoblenou.com\/es\/wp-json\/wp\/v2\/media?parent=35976"}],"curies":[{"name":"wp","href":"https:\/\/api.w.org\/{rel}","templated":true}]}}