{"id":35960,"date":"2015-05-15T14:20:37","date_gmt":"2015-05-15T14:20:37","guid":{"rendered":"http:\/\/viatgespoblenou.com\/?page_id=35960"},"modified":"2018-09-10T14:12:17","modified_gmt":"2018-09-10T14:12:17","slug":"viatge-de-fi-de-curs-valencia","status":"publish","type":"page","link":"http:\/\/viatgespoblenou.com\/es\/viatge-de-fi-de-curs-valencia\/","title":{"rendered":"Valencia"},"content":{"rendered":"<section class=\"wpb-content-wrapper\"><p>[vc_row][vc_column width=\u00bb1\/2&#8243;][vc_column_text]<\/p>\n<h3 class=\"lletracoordinacio4\"><\/h3>\n<p>1\u00ba D\u00eda: Escuela &#8211; Vall d&#8217;Uix\u00f3 &#8211; Valencia<br \/>\n2\u00ba D\u00eda: Ciudad de las Artes y las Ciencias &#8211; Valencia<br \/>\n3\u00ba D\u00eda: Pe\u00f1\u00edscola &#8211; Escuela<\/p>\n<p><strong>El precio incluye:<\/strong><\/p>\n<p>\u2022 Autocar a disposici\u00f3n (respetando la normativa)<br \/>\n\u2022 2 noches de hotel 3 *** en Valencia en r\u00e9gimen de Media Pensi\u00f3n<br \/>\n\u2022 Gu\u00eda acompa\u00f1ante de la agencia durante el viaje<br \/>\n\u2022 Paseo en barca en la Cueva de San Jos\u00e9<br \/>\n\u2022 Entrada a la Ciudad de las Artes y las Ciencias<br \/>\n\u2022 Talonarios de autofinanciaci\u00f3n<br \/>\n\u2022 Seguro de asistencia en viaje<br \/>\n\u2022 P\u00f3liza de responsabilidad civil<br \/>\n\u2022 Gratuidades para profesores<\/p>\n<p>A viajes poblenou organizamos tu viaje de fin de curso ideal. No lo pienses m\u00e1s y p\u00eddenos presupuesto!<\/p>\n<p>[\/vc_column_text][vc_empty_space height=\u00bb30px\u00bb][vc_single_image image=\u00bb37137&#8243; img_size=\u00bbfull\u00bb onclick=\u00bbcustom_link\u00bb link=\u00bbhttp:\/\/viatgespoblenou.com\/es\/pressupost\/\u00bb][\/vc_column][vc_column width=\u00bb1\/2&#8243;][rev_slider_vc alias=\u00bbalgustcast\u00bb][\/vc_column][\/vc_row][vc_row][vc_column][vc_empty_space height=\u00bb70px\u00bb][\/vc_column][\/vc_row]<\/p>\n<\/section>","protected":false},"excerpt":{"rendered":"<p>[vc_row][vc_column width=\u00bb1\/2&#8243;][vc_column_text] 1\u00ba D\u00eda: Escuela &#8211; Vall d&#8217;Uix\u00f3 &#8211; Valencia 2\u00ba D\u00eda: Ciudad de las Artes y las Ciencias &#8211; Valencia 3\u00ba D\u00eda: Pe\u00f1\u00edscola &#8211; Escuela El precio incluye: \u2022 Autocar a disposici\u00f3n (respetando la normativa) \u2022 2 noches de hotel 3 *** en Valencia en r\u00e9gimen de Media Pensi\u00f3n \u2022 Gu\u00eda acompa\u00f1ante de la&hellip;<\/p>\n","protected":false},"author":1,"featured_media":0,"parent":0,"menu_order":0,"comment_status":"closed","ping_status":"closed","template":"","meta":[],"yoast_head":"<!-- This site is optimized with the Yoast SEO plugin v19.7.1 - https:\/\/yoast.com\/wordpress\/plugins\/seo\/ -->\n<title>Valencia - viatgespoblenou<\/title>\n<meta name=\"robots\" content=\"index, follow, max-snippet:-1, max-image-preview:large, max-video-preview:-1\" \/>\n<link rel=\"canonical\" href=\"http:\/\/viatgespoblenou.com\/viatge-de-fi-de-curs-valencia\/\" \/>\n<meta property=\"og:locale\" content=\"es_ES\" \/>\n<meta property=\"og:type\" content=\"article\" \/>\n<meta property=\"og:title\" content=\"Valencia - viatgespoblenou\" \/>\n<meta property=\"og:description\" content=\"[vc_row][vc_column width=\u00bb1\/2&#8243;][vc_column_text] 1\u00ba D\u00eda: Escuela &#8211; Vall d&#8217;Uix\u00f3 &#8211; Valencia 2\u00ba D\u00eda: Ciudad de las Artes y las Ciencias &#8211; Valencia 3\u00ba D\u00eda: Pe\u00f1\u00edscola &#8211; Escuela El precio incluye: \u2022 Autocar a disposici\u00f3n (respetando la normativa) \u2022 2 noches de hotel 3 *** en Valencia en r\u00e9gimen de Media Pensi\u00f3n \u2022 Gu\u00eda acompa\u00f1ante de la&hellip;\" \/>\n<meta property=\"og:url\" content=\"http:\/\/viatgespoblenou.com\/viatge-de-fi-de-curs-valencia\/\" \/>\n<meta property=\"og:site_name\" content=\"viatgespoblenou\" \/>\n<meta property=\"article:publisher\" content=\"https:\/\/es-la.facebook.com\/people\/Viatges-Poblenou\/100001670703933\" \/>\n<meta property=\"article:modified_time\" content=\"2018-09-10T14:12:17+00:00\" \/>\n<meta name=\"twitter:card\" content=\"summary\" \/>\n<meta name=\"twitter:label1\" content=\"Tiempo de lectura\" \/>\n\t<meta name=\"twitter:data1\" content=\"2 minutos\" \/>\n<script type=\"application\/ld+json\" class=\"yoast-schema-graph\">{\"@context\":\"https:\/\/schema.org\",\"@graph\":[{\"@type\":\"WebPage\",\"@id\":\"http:\/\/viatgespoblenou.com\/viatge-de-fi-de-curs-valencia\/\",\"url\":\"http:\/\/viatgespoblenou.com\/viatge-de-fi-de-curs-valencia\/\",\"name\":\"Valencia - viatgespoblenou\",\"isPartOf\":{\"@id\":\"http:\/\/viatgespoblenou.com\/#website\"},\"datePublished\":\"2015-05-15T14:20:37+00:00\",\"dateModified\":\"2018-09-10T14:12:17+00:00\",\"breadcrumb\":{\"@id\":\"http:\/\/viatgespoblenou.com\/viatge-de-fi-de-curs-valencia\/#breadcrumb\"},\"inLanguage\":\"es\",\"potentialAction\":[{\"@type\":\"ReadAction\",\"target\":[\"http:\/\/viatgespoblenou.com\/viatge-de-fi-de-curs-valencia\/\"]}]},{\"@type\":\"BreadcrumbList\",\"@id\":\"http:\/\/viatgespoblenou.com\/viatge-de-fi-de-curs-valencia\/#breadcrumb\",\"itemListElement\":[{\"@type\":\"ListItem\",\"position\":1,\"name\":\"Home\",\"item\":\"http:\/\/viatgespoblenou.com\/\"},{\"@type\":\"ListItem\",\"position\":2,\"name\":\"Val\u00e8ncia\"}]},{\"@type\":\"WebSite\",\"@id\":\"http:\/\/viatgespoblenou.com\/#website\",\"url\":\"http:\/\/viatgespoblenou.com\/\",\"name\":\"viatgespoblenou\",\"description\":\"\",\"potentialAction\":[{\"@type\":\"SearchAction\",\"target\":{\"@type\":\"EntryPoint\",\"urlTemplate\":\"http:\/\/viatgespoblenou.com\/?s={search_term_string}\"},\"query-input\":\"required name=search_term_string\"}],\"inLanguage\":\"es\"}]}<\/script>\n<!-- \/ Yoast SEO plugin. -->","yoast_head_json":{"title":"Valencia - viatgespoblenou","robots":{"index":"index","follow":"follow","max-snippet":"max-snippet:-1","max-image-preview":"max-image-preview:large","max-video-preview":"max-video-preview:-1"},"canonical":"http:\/\/viatgespoblenou.com\/viatge-de-fi-de-curs-valencia\/","og_locale":"es_ES","og_type":"article","og_title":"Valencia - viatgespoblenou","og_description":"[vc_row][vc_column width=\u00bb1\/2&#8243;][vc_column_text] 1\u00ba D\u00eda: Escuela &#8211; Vall d&#8217;Uix\u00f3 &#8211; Valencia 2\u00ba D\u00eda: Ciudad de las Artes y las Ciencias &#8211; Valencia 3\u00ba D\u00eda: Pe\u00f1\u00edscola &#8211; Escuela El precio incluye: \u2022 Autocar a disposici\u00f3n (respetando la normativa) \u2022 2 noches de hotel 3 *** en Valencia en r\u00e9gimen de Media Pensi\u00f3n \u2022 Gu\u00eda acompa\u00f1ante de la&hellip;","og_url":"http:\/\/viatgespoblenou.com\/viatge-de-fi-de-curs-valencia\/","og_site_name":"viatgespoblenou","article_publisher":"https:\/\/es-la.facebook.com\/people\/Viatges-Poblenou\/100001670703933","article_modified_time":"2018-09-10T14:12:17+00:00","twitter_card":"summary","twitter_misc":{"Tiempo de lectura":"2 minutos"},"schema":{"@context":"https:\/\/schema.org","@graph":[{"@type":"WebPage","@id":"http:\/\/viatgespoblenou.com\/viatge-de-fi-de-curs-valencia\/","url":"http:\/\/viatgespoblenou.com\/viatge-de-fi-de-curs-valencia\/","name":"Valencia - viatgespoblenou","isPartOf":{"@id":"http:\/\/viatgespoblenou.com\/#website"},"datePublished":"2015-05-15T14:20:37+00:00","dateModified":"2018-09-10T14:12:17+00:00","breadcrumb":{"@id":"http:\/\/viatgespoblenou.com\/viatge-de-fi-de-curs-valencia\/#breadcrumb"},"inLanguage":"es","potentialAction":[{"@type":"ReadAction","target":["http:\/\/viatgespoblenou.com\/viatge-de-fi-de-curs-valencia\/"]}]},{"@type":"BreadcrumbList","@id":"http:\/\/viatgespoblenou.com\/viatge-de-fi-de-curs-valencia\/#breadcrumb","itemListElement":[{"@type":"ListItem","position":1,"name":"Home","item":"http:\/\/viatgespoblenou.com\/"},{"@type":"ListItem","position":2,"name":"Val\u00e8ncia"}]},{"@type":"WebSite","@id":"http:\/\/viatgespoblenou.com\/#website","url":"http:\/\/viatgespoblenou.com\/","name":"viatgespoblenou","description":"","potentialAction":[{"@type":"SearchAction","target":{"@type":"EntryPoint","urlTemplate":"http:\/\/viatgespoblenou.com\/?s={search_term_string}"},"query-input":"required name=search_term_string"}],"inLanguage":"es"}]}},"_links":{"self":[{"href":"http:\/\/viatgespoblenou.com\/es\/wp-json\/wp\/v2\/pages\/35960"}],"collection":[{"href":"http:\/\/viatgespoblenou.com\/es\/wp-json\/wp\/v2\/pages"}],"about":[{"href":"http:\/\/viatgespoblenou.com\/es\/wp-json\/wp\/v2\/types\/page"}],"author":[{"embeddable":true,"href":"http:\/\/viatgespoblenou.com\/es\/wp-json\/wp\/v2\/users\/1"}],"replies":[{"embeddable":true,"href":"http:\/\/viatgespoblenou.com\/es\/wp-json\/wp\/v2\/comments?post=35960"}],"version-history":[{"count":17,"href":"http:\/\/viatgespoblenou.com\/es\/wp-json\/wp\/v2\/pages\/35960\/revisions"}],"predecessor-version":[{"id":38301,"href":"http:\/\/viatgespoblenou.com\/es\/wp-json\/wp\/v2\/pages\/35960\/revisions\/38301"}],"wp:attachment":[{"href":"http:\/\/viatgespoblenou.com\/es\/wp-json\/wp\/v2\/media?parent=35960"}],"curies":[{"name":"wp","href":"https:\/\/api.w.org\/{rel}","templated":true}]}}