{"id":35953,"date":"2015-05-15T14:16:27","date_gmt":"2015-05-15T14:16:27","guid":{"rendered":"http:\/\/viatgespoblenou.com\/?page_id=35953"},"modified":"2019-08-23T15:43:10","modified_gmt":"2019-08-23T15:43:10","slug":"selva-negra","status":"publish","type":"page","link":"http:\/\/viatgespoblenou.com\/es\/selva-negra\/","title":{"rendered":"Selva Negra"},"content":{"rendered":"<section class=\"wpb-content-wrapper\"><p>[vc_row][vc_column width=\u00bb1\/2&#8243;][vc_column_text]<\/p>\n<div>\n<div><\/div>\n<div><b>1er d\u00eda:\u00a0<\/b><span style=\"color: #1d1d1b;\">Escuela &#8211; Noche en ruta<\/span><\/div>\n<div><b>2\u00ba d\u00eda:\u00a0<\/b><span style=\"color: #1d1d1b;\">Estrasburgo &#8211; Hotel zona Titisee<\/span><\/div>\n<div><b>3er d\u00eda:\u00a0<\/b><span style=\"color: #1d1d1b;\">Triberg &#8211; Lago Titisee<\/span><\/div>\n<div><b>4\u00ba d\u00eda:\u00a0<\/b><span style=\"color: #1d1d1b;\">Freiburg &#8211; Parque Acu\u00e1tico cubierto\u00a0<\/span>Badeparadies<\/div>\n<div><b>5\u00ba d\u00eda:\u00a0<\/b><span style=\"color: #1d1d1b;\">Europa-Park &#8211; Noche en ruta<\/span><\/div>\n<div><b>6\u00ba d\u00eda:\u00a0<\/b><span style=\"color: #1d1d1b;\">Escuela<\/span><\/div>\n<\/div>\n<div><\/div>\n<p><strong>El precio incluye:<\/strong><\/p>\n<div>\n<div>\u2022\u00a0<span style=\"color: #1d1d1b;\">Autocar a disposici\u00f3n (respetando la normativa)<\/span><\/div>\n<div>\u2022\u00a0<span style=\"color: #1d1d1b;\">3 noches de hotel en el coraz\u00f3n de la Selva Negra en r\u00e9gimen de Media Pensi\u00f3n<\/span><\/div>\n<div>\u2022\u00a0<span style=\"color: #1d1d1b;\">Entrada a las Cataratas de Triberg<\/span><\/div>\n<div>\u2022\u00a0<span style=\"color: #1d1d1b;\">Vuelta en barca por el Lago Titisee<\/span><\/div>\n<div>\u2022\u00a0<span style=\"color: #1d1d1b;\">Entrada al Parque Acu\u00e1tico climatizado Badeparadies<\/span><\/div>\n<div>\u2022\u00a0<span style=\"color: #1d1d1b;\">Entrada en Europa-Park<\/span><\/div>\n<div>\u2022\u00a0<span style=\"color: #1d1d1b;\">Gesti\u00f3n de entradas en el Hemiciclo de Estrasburgo<\/span><\/div>\n<div>\u2022\u00a0<span style=\"color: #1d1d1b;\">Gu\u00eda acompa\u00f1ante de la agencia<\/span><\/div>\n<div>\u2022\u00a0<span style=\"color: #1d1d1b;\">Talonarios de autofinanciaci\u00f3n<\/span><\/div>\n<div>\u2022\u00a0<span style=\"color: #1d1d1b;\">Seguro de asistencia en viaje<\/span><\/div>\n<div>\u2022\u00a0<span style=\"color: #1d1d1b;\">P\u00f3liza de responsabilidad civil<\/span><\/div>\n<div>\u2022\u00a0<span style=\"color: #1d1d1b;\">Gratuidades para profesores<\/span><\/div>\n<\/div>\n<p>[\/vc_column_text][vc_empty_space height=\u00bb30px\u00bb][vc_single_image image=\u00bb37137&#8243; img_size=\u00bbfull\u00bb onclick=\u00bbcustom_link\u00bb link=\u00bbhttp:\/\/viatgespoblenou.com\/es\/pressupost\/\u00bb][\/vc_column][vc_column width=\u00bb1\/2&#8243;][rev_slider_vc alias=\u00bbalgustcast\u00bb][\/vc_column][\/vc_row][vc_row][vc_column][vc_empty_space height=\u00bb70px\u00bb][\/vc_column][\/vc_row]<\/p>\n<\/section>","protected":false},"excerpt":{"rendered":"<p>[vc_row][vc_column width=\u00bb1\/2&#8243;][vc_column_text] 1er d\u00eda:\u00a0Escuela &#8211; Noche en ruta 2\u00ba d\u00eda:\u00a0Estrasburgo &#8211; Hotel zona Titisee 3er d\u00eda:\u00a0Triberg &#8211; Lago Titisee 4\u00ba d\u00eda:\u00a0Freiburg &#8211; Parque Acu\u00e1tico cubierto\u00a0Badeparadies 5\u00ba d\u00eda:\u00a0Europa-Park &#8211; Noche en ruta 6\u00ba d\u00eda:\u00a0Escuela El precio incluye: \u2022\u00a0Autocar a disposici\u00f3n (respetando la normativa) \u2022\u00a03 noches de hotel en el coraz\u00f3n de la Selva Negra en r\u00e9gimen&hellip;<\/p>\n","protected":false},"author":1,"featured_media":0,"parent":0,"menu_order":0,"comment_status":"closed","ping_status":"closed","template":"","meta":[],"yoast_head":"<!-- This site is optimized with the Yoast SEO plugin v19.7.1 - https:\/\/yoast.com\/wordpress\/plugins\/seo\/ -->\n<title>Selva Negra - viatgespoblenou<\/title>\n<meta name=\"robots\" content=\"index, follow, max-snippet:-1, max-image-preview:large, max-video-preview:-1\" \/>\n<link rel=\"canonical\" href=\"http:\/\/viatgespoblenou.com\/selva-negra\/\" \/>\n<meta property=\"og:locale\" content=\"es_ES\" \/>\n<meta property=\"og:type\" content=\"article\" \/>\n<meta property=\"og:title\" content=\"Selva Negra - viatgespoblenou\" \/>\n<meta property=\"og:description\" content=\"[vc_row][vc_column width=\u00bb1\/2&#8243;][vc_column_text] 1er d\u00eda:\u00a0Escuela &#8211; Noche en ruta 2\u00ba d\u00eda:\u00a0Estrasburgo &#8211; Hotel zona Titisee 3er d\u00eda:\u00a0Triberg &#8211; Lago Titisee 4\u00ba d\u00eda:\u00a0Freiburg &#8211; Parque Acu\u00e1tico cubierto\u00a0Badeparadies 5\u00ba d\u00eda:\u00a0Europa-Park &#8211; Noche en ruta 6\u00ba d\u00eda:\u00a0Escuela El precio incluye: \u2022\u00a0Autocar a disposici\u00f3n (respetando la normativa) \u2022\u00a03 noches de hotel en el coraz\u00f3n de la Selva Negra en r\u00e9gimen&hellip;\" \/>\n<meta property=\"og:url\" content=\"http:\/\/viatgespoblenou.com\/selva-negra\/\" \/>\n<meta property=\"og:site_name\" content=\"viatgespoblenou\" \/>\n<meta property=\"article:publisher\" content=\"https:\/\/es-la.facebook.com\/people\/Viatges-Poblenou\/100001670703933\" \/>\n<meta property=\"article:modified_time\" content=\"2019-08-23T15:43:10+00:00\" \/>\n<meta name=\"twitter:card\" content=\"summary\" \/>\n<meta name=\"twitter:label1\" content=\"Tiempo de lectura\" \/>\n\t<meta name=\"twitter:data1\" content=\"2 minutos\" \/>\n<script type=\"application\/ld+json\" class=\"yoast-schema-graph\">{\"@context\":\"https:\/\/schema.org\",\"@graph\":[{\"@type\":\"WebPage\",\"@id\":\"http:\/\/viatgespoblenou.com\/selva-negra\/\",\"url\":\"http:\/\/viatgespoblenou.com\/selva-negra\/\",\"name\":\"Selva Negra - viatgespoblenou\",\"isPartOf\":{\"@id\":\"http:\/\/viatgespoblenou.com\/#website\"},\"datePublished\":\"2015-05-15T14:16:27+00:00\",\"dateModified\":\"2019-08-23T15:43:10+00:00\",\"breadcrumb\":{\"@id\":\"http:\/\/viatgespoblenou.com\/selva-negra\/#breadcrumb\"},\"inLanguage\":\"es\",\"potentialAction\":[{\"@type\":\"ReadAction\",\"target\":[\"http:\/\/viatgespoblenou.com\/selva-negra\/\"]}]},{\"@type\":\"BreadcrumbList\",\"@id\":\"http:\/\/viatgespoblenou.com\/selva-negra\/#breadcrumb\",\"itemListElement\":[{\"@type\":\"ListItem\",\"position\":1,\"name\":\"Home\",\"item\":\"http:\/\/viatgespoblenou.com\/\"},{\"@type\":\"ListItem\",\"position\":2,\"name\":\"Selva Negra\"}]},{\"@type\":\"WebSite\",\"@id\":\"http:\/\/viatgespoblenou.com\/#website\",\"url\":\"http:\/\/viatgespoblenou.com\/\",\"name\":\"viatgespoblenou\",\"description\":\"\",\"potentialAction\":[{\"@type\":\"SearchAction\",\"target\":{\"@type\":\"EntryPoint\",\"urlTemplate\":\"http:\/\/viatgespoblenou.com\/?s={search_term_string}\"},\"query-input\":\"required name=search_term_string\"}],\"inLanguage\":\"es\"}]}<\/script>\n<!-- \/ Yoast SEO plugin. -->","yoast_head_json":{"title":"Selva Negra - viatgespoblenou","robots":{"index":"index","follow":"follow","max-snippet":"max-snippet:-1","max-image-preview":"max-image-preview:large","max-video-preview":"max-video-preview:-1"},"canonical":"http:\/\/viatgespoblenou.com\/selva-negra\/","og_locale":"es_ES","og_type":"article","og_title":"Selva Negra - viatgespoblenou","og_description":"[vc_row][vc_column width=\u00bb1\/2&#8243;][vc_column_text] 1er d\u00eda:\u00a0Escuela &#8211; Noche en ruta 2\u00ba d\u00eda:\u00a0Estrasburgo &#8211; Hotel zona Titisee 3er d\u00eda:\u00a0Triberg &#8211; Lago Titisee 4\u00ba d\u00eda:\u00a0Freiburg &#8211; Parque Acu\u00e1tico cubierto\u00a0Badeparadies 5\u00ba d\u00eda:\u00a0Europa-Park &#8211; Noche en ruta 6\u00ba d\u00eda:\u00a0Escuela El precio incluye: \u2022\u00a0Autocar a disposici\u00f3n (respetando la normativa) \u2022\u00a03 noches de hotel en el coraz\u00f3n de la Selva Negra en r\u00e9gimen&hellip;","og_url":"http:\/\/viatgespoblenou.com\/selva-negra\/","og_site_name":"viatgespoblenou","article_publisher":"https:\/\/es-la.facebook.com\/people\/Viatges-Poblenou\/100001670703933","article_modified_time":"2019-08-23T15:43:10+00:00","twitter_card":"summary","twitter_misc":{"Tiempo de lectura":"2 minutos"},"schema":{"@context":"https:\/\/schema.org","@graph":[{"@type":"WebPage","@id":"http:\/\/viatgespoblenou.com\/selva-negra\/","url":"http:\/\/viatgespoblenou.com\/selva-negra\/","name":"Selva Negra - viatgespoblenou","isPartOf":{"@id":"http:\/\/viatgespoblenou.com\/#website"},"datePublished":"2015-05-15T14:16:27+00:00","dateModified":"2019-08-23T15:43:10+00:00","breadcrumb":{"@id":"http:\/\/viatgespoblenou.com\/selva-negra\/#breadcrumb"},"inLanguage":"es","potentialAction":[{"@type":"ReadAction","target":["http:\/\/viatgespoblenou.com\/selva-negra\/"]}]},{"@type":"BreadcrumbList","@id":"http:\/\/viatgespoblenou.com\/selva-negra\/#breadcrumb","itemListElement":[{"@type":"ListItem","position":1,"name":"Home","item":"http:\/\/viatgespoblenou.com\/"},{"@type":"ListItem","position":2,"name":"Selva Negra"}]},{"@type":"WebSite","@id":"http:\/\/viatgespoblenou.com\/#website","url":"http:\/\/viatgespoblenou.com\/","name":"viatgespoblenou","description":"","potentialAction":[{"@type":"SearchAction","target":{"@type":"EntryPoint","urlTemplate":"http:\/\/viatgespoblenou.com\/?s={search_term_string}"},"query-input":"required name=search_term_string"}],"inLanguage":"es"}]}},"_links":{"self":[{"href":"http:\/\/viatgespoblenou.com\/es\/wp-json\/wp\/v2\/pages\/35953"}],"collection":[{"href":"http:\/\/viatgespoblenou.com\/es\/wp-json\/wp\/v2\/pages"}],"about":[{"href":"http:\/\/viatgespoblenou.com\/es\/wp-json\/wp\/v2\/types\/page"}],"author":[{"embeddable":true,"href":"http:\/\/viatgespoblenou.com\/es\/wp-json\/wp\/v2\/users\/1"}],"replies":[{"embeddable":true,"href":"http:\/\/viatgespoblenou.com\/es\/wp-json\/wp\/v2\/comments?post=35953"}],"version-history":[{"count":15,"href":"http:\/\/viatgespoblenou.com\/es\/wp-json\/wp\/v2\/pages\/35953\/revisions"}],"predecessor-version":[{"id":38629,"href":"http:\/\/viatgespoblenou.com\/es\/wp-json\/wp\/v2\/pages\/35953\/revisions\/38629"}],"wp:attachment":[{"href":"http:\/\/viatgespoblenou.com\/es\/wp-json\/wp\/v2\/media?parent=35953"}],"curies":[{"name":"wp","href":"https:\/\/api.w.org\/{rel}","templated":true}]}}