{"id":32869,"date":"2014-11-12T08:45:43","date_gmt":"2014-11-12T08:45:43","guid":{"rendered":"http:\/\/the7.dream-demo.com\/?page_id=32869"},"modified":"2014-11-12T08:45:43","modified_gmt":"2014-11-12T08:45:43","slug":"2-parallax","status":"publish","type":"page","link":"http:\/\/viatgespoblenou.com\/es\/home\/parallax\/2-parallax\/","title":{"rendered":"2. Parallax"},"content":{"rendered":"<section class=\"wpb-content-wrapper\"><p>[vc_row type=\u00bb4&#8243; bg_color=\u00bb#000000&#8243; bg_position=\u00bbbottom\u00bb bg_repeat=\u00bbrepeat-y\u00bb bg_cover=\u00bbtrue\u00bb bg_attachment=\u00bbtrue\u00bb padding_top=\u00bb80&#8243; padding_bottom=\u00bb105&#8243; margin_top=\u00bb-50&#8243; margin_bottom=\u00bb0&#8243; parallax_speed=\u00bb0.3&#8243; enable_parallax=\u00bbfalse\u00bb padding_left=\u00bb40&#8243; padding_right=\u00bb40&#8243; bg_image=\u00bbhttp:\/\/viatgespoblenou.com\/wp-content\/uploads\/2014\/11\/parallax-05.jpg\u00bb][vc_column width=\u00bb1\/1&#8243; offset=\u00bbvc_col-lg-7 vc_col-md-7 vc_col-sm-offset-0 vc_col-xs-12&#8243;][vc_column_text]<\/p>\n<h2>Cool Parallax Sections<\/h2>\n<p>[\/vc_column_text][vc_empty_space height=\u00bb30px\u00bb][vc_column_text]Habitant morbi tristique senectus et netus et malesuada fames ac turpis egestas. Nulla facilisi. Pellentesque habitant morbi tristique senectus et netus.[\/vc_column_text][vc_empty_space height=\u00bb35px\u00bb]<section id=\"benefits-grid-1\" class=\"benefits-grid wf-container benefits-style-one icons-bg accent-bg accent-hover-bg custom-icon-color custom-icon-hover-color\" data-width=\"210px\" data-columns=\"2\"><style type=\"text\/css\">#benefits-grid-1.icons-bg .benefits-grid-ico { height: 38px; line-height: 38px; width: 38px;-webkit-border-radius: 100px;-moz-border-radius: 100px;-ms-border-radius: 100px;-o-border-radius: 100px;border-radius: 100px; }#benefits-grid-1.icons-bg .benefits-grid-ico > .fa { font-size: 20px; line-height: 38px; }#benefits-grid-1.custom-icon-color .benefits-grid-ico > .fa,\n\t\t\t\t\t#benefits-grid-1.custom-icon-color .benefits-grid-ico > .fa:before { color: #ffffff; }#benefits-grid-1.custom-icon-hover-color a.benefits-grid-ico:hover > .fa,\n\t\t\t\t\t#benefits-grid-1.custom-icon-hover-color a.benefits-grid-ico:hover > .fa:before { color: #ffffff; -webkit-text-fill-color: #ffffff; }<\/style><div class=\"wf-cell\"><div><div class=\"text-big\"><div class=\"wf-table\"><div class=\"wf-td\"><span class=\"benefits-grid-ico\"><i class=\"fa fa-book\"><\/i><\/span><\/div><div class=\"wf-td\"><h4>DEPARTAMENTO ESTUDIANTES<\/h4><\/div><\/div><p style=\"text-align: justify;\">Viajes de fin de curso, organizados con \/ sin profesores, con \/ sin gu\u00eda acompa\u00f1ante, nacionales e internacionales, circuitos en autocar y tambi\u00e9n combinados con avi\u00f3n&#8230; Asesoramiento de cualquier aspecto del viaje, seguros, documentaci\u00f3n y tambi\u00e9n ayuda a la autofinanciaci\u00f3n de\u00a0los alumnos.<\/p>\n<\/div><\/div><\/div><div class=\"wf-cell\"><div><div class=\"text-big\"><div class=\"wf-table\"><div class=\"wf-td\"><span class=\"benefits-grid-ico\"><i class=\"fa fa-tree\"><\/i><\/span><\/div><div class=\"wf-td\"><h4>DEPARTAMENTO ESQU\u00cd<\/h4><\/div><\/div><p style=\"text-align: justify;\">Esquiadas desde 1 d\u00eda hasta el que necesit\u00e9is. Escuela de Esqu\u00ed propia con monitores dedicados exclusivamente a nuestros grupos, con \/ sin monitores de ocio, desplazamientos en autocar desde vuestro\u00a0centro hasta las pistas, hoteles a pie de pista&#8230;<\/p>\n<\/div><\/div><\/div><div class=\"wf-cell\"><div><div class=\"text-big\"><div class=\"wf-table\"><div class=\"wf-td\"><span class=\"benefits-grid-ico\"><i class=\"fa fa-futbol-o\"><\/i><\/span><\/div><div class=\"wf-td\"><h4>DEPARTAMENTO COLONIAS<\/h4><\/div><\/div><p style=\"text-align: justify;\">Estancias en los diferentes Centros de Playa. Ofrecemos una amplia variedad de programas de actividades y acompa\u00f1antes durante todo el d\u00eda: nuestros monitores especializados en cada una de las actividades.<\/p>\n<\/div><\/div><\/div><div class=\"wf-cell\"><div><div class=\"text-big\"><div class=\"wf-table\"><div class=\"wf-td\"><span class=\"benefits-grid-ico\"><i class=\"fa fa-bus\"><\/i><\/span><\/div><div class=\"wf-td\"><h4>DEPARTAMENTO JUBILADOS<\/h4><\/div><\/div><p style=\"text-align: justify;\">Circuitos organizados y estancias por toda Europa<\/p>\n<\/div><\/div><\/div><\/section>[\/vc_column][\/vc_row][vc_row type=\u00bb5&#8243; bg_color=\u00bb#dddddd\u00bb bg_position=\u00bbbottom\u00bb bg_repeat=\u00bbrepeat-y\u00bb bg_cover=\u00bbtrue\u00bb bg_attachment=\u00bbtrue\u00bb padding_top=\u00bb80&#8243; padding_bottom=\u00bb70&#8243; margin_top=\u00bb0&#8243; margin_bottom=\u00bb0&#8243; parallax_speed=\u00bb0.3&#8243; bg_image=\u00bbhttp:\/\/viatgespoblenou.com\/wp-content\/uploads\/2014\/10\/parallax-02.jpg\u00bb enable_parallax=\u00bbfalse\u00bb padding_left=\u00bb40&#8243; padding_right=\u00bb40&#8243;][vc_column width=\u00bb1\/1&#8243; offset=\u00bbvc_col-lg-offset-5 vc_col-lg-7 vc_col-md-offset-5 vc_col-md-7 vc_col-sm-offset-0 vc_col-xs-12&#8243;][vc_column_text]<\/p>\n<h2>Core Features of The7<\/h2>\n<p>[\/vc_column_text][vc_empty_space height=\u00bb30px\u00bb][vc_column_text]Aenean tempor tincidunt odio auis volutpat sollicit ludin ante acotios hendre doloris estibulum in tempus lorem.\u00a0Maecenas sit amet tincidunt elit.<\/p>\n<p>Pellentesque habitant morbi tristique senectus et netus et malesuada fames ac turpis egestas. Nulla facilisi. Nulla facilisi. Pellentesque habitant morbi tristique senectus et netus.[\/vc_column_text][vc_empty_space height=\u00bb30px\u00bb][vc_row_inner][vc_column_inner width=\u00bb1\/2&#8243;]<div class=\"standard-arrow\"><ul>\n<li>Lorem ipsum dolor<\/li>\n<li>Sitios amet for glavrida<\/li>\n<li>Amet null vitae ante vitae lorem<\/li>\n<li>Maecenas sit amet tincidun<\/li>\n<\/ul>\n<\/div>[\/vc_column_inner][vc_column_inner width=\u00bb1\/2&#8243;]<div class=\"standard-arrow\"><ul>\n<li>Glavrida lorem ipsum dolor<\/li>\n<li>Numm to\u00a0amet for glavrida<\/li>\n<li>Loren\u00a0null vitae ante vitae lorem<\/li>\n<li>Dolor amets elit<\/li>\n<\/ul>\n<\/div>[\/vc_column_inner][\/vc_row_inner][vc_empty_space height=\u00bb35px\u00bb][vc_row_inner][vc_column_inner width=\u00bb1\/3&#8243;]<section class=\"shortcode-teaser img-full frame-fancy frame-on\"><div class=\"shortcode-teaser-content text-big\"><div class=\"gap\" style=\"line-height: 10px; height: 10px;\"><\/div>\n<p>[vc_pie value=\u00bb12&#8243; color_mode=\u00bbtitle_like\u00bb color=\u00bb#000000&#8243; appearance=\u00bbcounter\u00bb label_value=\u00bb50&#8243;]<\/p>\n<h5 style=\"text-align: center;\">Homepages<\/h5>\n<\/div><\/section>[vc_empty_space height=\u00bb20px\u00bb][\/vc_column_inner][vc_column_inner width=\u00bb1\/3&#8243;]<section class=\"shortcode-teaser img-full frame-fancy frame-on\"><div class=\"shortcode-teaser-content text-big\"><div class=\"gap\" style=\"line-height: 10px; height: 10px;\"><\/div>\n<p>[vc_pie value=\u00bb9&#8243; color_mode=\u00bbtitle_like\u00bb color=\u00bb#000000&#8243; appearance=\u00bbcounter\u00bb label_value=\u00bb16&#8243;]<\/p>\n<h5 style=\"text-align: center;\">Skins<\/h5>\n<\/div><\/section>[vc_empty_space height=\u00bb20px\u00bb][\/vc_column_inner][vc_column_inner width=\u00bb1\/3&#8243;]<section class=\"shortcode-teaser img-full frame-fancy frame-on\"><div class=\"shortcode-teaser-content text-big\"><div class=\"gap\" style=\"line-height: 10px; height: 10px;\"><\/div>\n<p>[vc_pie value=\u00bb16&#8243; color_mode=\u00bbtitle_like\u00bb color=\u00bb#000000&#8243; appearance=\u00bbcounter\u00bb label_value=\u00bb40&#8243;]<\/p>\n<h5 style=\"text-align: center;\">Shortcodes<\/h5>\n<\/div><\/section>[vc_empty_space height=\u00bb20px\u00bb][\/vc_column_inner][\/vc_row_inner][\/vc_column][\/vc_row][vc_row type=\u00bb4&#8243; bg_color=\u00bb#000000&#8243; bg_position=\u00bbbottom\u00bb bg_repeat=\u00bbrepeat-y\u00bb bg_cover=\u00bbtrue\u00bb bg_attachment=\u00bbtrue\u00bb padding_top=\u00bb80&#8243; padding_bottom=\u00bb65&#8243; margin_top=\u00bb0&#8243; margin_bottom=\u00bb0&#8243; parallax_speed=\u00bb0.3&#8243; bg_image=\u00bbhttp:\/\/viatgespoblenou.com\/wp-content\/uploads\/2014\/11\/parallax-06.jpg\u00bb enable_parallax=\u00bbfalse\u00bb padding_left=\u00bb40&#8243; padding_right=\u00bb40&#8243;][vc_column width=\u00bb1\/1&#8243; offset=\u00bbvc_col-lg-7 vc_col-md-7 vc_col-xs-12&#8243;][vc_column_text]<\/p>\n<h2>Pricing Plans<\/h2>\n<p>[\/vc_column_text][vc_empty_space height=\u00bb30px\u00bb][vc_column_text]Aenean tempor tincidunt odior nec magna fermen atum in amet pharetra\u00a0ludin ante acotios hendre doloris estibulum in tempus lorem.\u00a0Maecenas sit amet tincidunt elit![\/vc_column_text][vc_empty_space height=\u00bb20px\u00bb]<p>Pricing table with id of \"go_dt_02\" is not defined.<\/p>[\/vc_column][\/vc_row][vc_row type=\u00bb5&#8243; bg_color=\u00bb#b9bdc1&#8243; bg_position=\u00bbbottom\u00bb bg_repeat=\u00bbrepeat-y\u00bb bg_cover=\u00bbtrue\u00bb bg_attachment=\u00bbtrue\u00bb padding_top=\u00bb80&#8243; padding_bottom=\u00bb90&#8243; margin_top=\u00bb0&#8243; margin_bottom=\u00bb0&#8243; parallax_speed=\u00bb0.3&#8243; enable_parallax=\u00bbfalse\u00bb padding_left=\u00bb40&#8243; padding_right=\u00bb40&#8243; bg_image=\u00bbhttp:\/\/viatgespoblenou.com\/wp-content\/uploads\/2014\/11\/parallax-07.jpg\u00bb][vc_column width=\u00bb1\/1&#8243; offset=\u00bbvc_col-lg-offset-5 vc_col-lg-7 vc_col-md-offset-5 vc_col-md-7 vc_col-sm-offset-0 vc_col-xs-12&#8243;][vc_column_text]<\/p>\n<h2>What Our Clients Say<\/h2>\n<p>[\/vc_column_text][vc_empty_space height=\u00bb30px\u00bb][vc_column_text]Maecenas sit amet tincidunt elit. Pellentesque habitant morbi tristique senectus et netus et malesuada fames ac turpis egestas. Nulla facilisi. Nulla facilisi. Pellentesque habitant morbi tristique senectus![\/vc_column_text][vc_empty_space height=\u00bb40px\u00bb]<section class=\"testimonial-item testimonial-item-slider\"><ul class=\"testimonials slider-content rsCont\">\n<li><article>\n\t<div class=\"testimonial-content\"><p>Lorem ipsum nec magna orci mollis sit amet odio eu amet mauris ornare dapibus. Morbi pellen tesque vehicula nisi. Nam enim felis apibus egetras consec tetur augue emassa auctort id glavico to amet molestie lorem pulvinar odio eulos amet mauris ornare dapibus.<\/p>\n<\/div>\n\t<div class=\"testimonial-vcard\"><div class=\"wf-td\"><span class=\"alignleft no-avatar\"><\/span><\/div><div class=\"wf-td\"><span class=\"text-primary\">Diana Richards<\/span><br \/><span class=\"text-secondary color-secondary\">manager<\/span><\/div><\/div>\n<\/article>\n<\/li><li><article>\n\t<div class=\"testimonial-content\"><p>Dolor cursus, enim et libero molestie ante, ut fringilla purus eros quis ipsum. Aliquam bibendum, est a semper enim et luctus hendre ritnisl libero molestie lectus. Cras justo non justo venenatis element.<\/p>\n<\/div>\n\t<div class=\"testimonial-vcard\"><div class=\"wf-td\"><span class=\"alignleft no-avatar\"><\/span><\/div><div class=\"wf-td\"><span class=\"text-primary\">Anna White<\/span><br \/><span class=\"text-secondary color-secondary\">loyal client<\/span><\/div><\/div>\n<\/article>\n<\/li><li><article>\n\t<div class=\"testimonial-content\"><p>Lorem enim et luctus ut fringilla purus eros quis ipsum. Aliquam bibendum, est a semper malesuada enim et luctus hendre ritnisl libero molestie lectus. Cras justo non justo element sed dui metus. Ut lobortis nisl at semper tellus tincidunt lorem.<\/p>\n<\/div>\n\t<div class=\"testimonial-vcard\"><div class=\"wf-td\"><span class=\"alignleft no-avatar\"><\/span><\/div><div class=\"wf-td\"><span class=\"text-primary\">Jacob Firebird<\/span><br \/><span class=\"text-secondary color-secondary\">happy client<\/span><\/div><\/div>\n<\/article>\n<\/li><li><article>\n\t<div class=\"testimonial-content\"><p>Yopsum nec magna fermentum in pharetra orci mollis sit amet odio eu amet mauris ornare dapibus. Morbi pellen tesque vehicula nisi. Nam enim felis apibus egetras consec tetur augue emassa auctort id glavico to amet molestie lorem pulvinar odio eulos amet mauris ornare dapibus.<\/p>\n<\/div>\n\t<div class=\"testimonial-vcard\"><div class=\"wf-td\"><span class=\"alignleft no-avatar\"><\/span><\/div><div class=\"wf-td\"><span class=\"text-primary\">Tiffany Vanilla<\/span><br \/><span class=\"text-secondary color-secondary\">programmer<\/span><\/div><\/div>\n<\/article>\n<\/li><li><article>\n\t<div class=\"testimonial-content\"><p>Lorem enim et luctus ut fringilla purus eros quis ipsum. Aliquam bibendum, est a semper malesuada enim et luctus hendre ritnisl libero molestie lectus. Cras justo non justo venenatis element.<\/p>\n<p><a href=\"http:\/\/themeforest.net\/item\/the7-responsive-multipurpose-wordpress-theme\/5556590\" target=\"_blank\">Visit website<\/a><\/p>\n<\/div>\n\t<div class=\"testimonial-vcard\"><div class=\"wf-td\"><span class=\"alignleft no-avatar\"><\/span><\/div><div class=\"wf-td\"><span class=\"text-primary\">Gregor Green<\/span><br \/><span class=\"text-secondary color-secondary\">3D designer<\/span><\/div><\/div>\n<\/article>\n<\/li><\/ul>\n<\/section>[\/vc_column][\/vc_row][vc_row type=\u00bb4&#8243; bg_color=\u00bb#806962&#8243; bg_position=\u00bbbottom\u00bb bg_repeat=\u00bbrepeat-y\u00bb bg_cover=\u00bbtrue\u00bb bg_attachment=\u00bbtrue\u00bb padding_top=\u00bb80&#8243; padding_bottom=\u00bb80&#8243; margin_bottom=\u00bb-50&#8243; parallax_speed=\u00bb0.3&#8243; bg_image=\u00bbhttp:\/\/viatgespoblenou.com\/wp-content\/uploads\/2014\/11\/parallax-08.jpg\u00bb enable_parallax=\u00bbfalse\u00bb padding_left=\u00bb40&#8243; padding_right=\u00bb40&#8243; margin_top=\u00bb0&#8243;][vc_column width=\u00bb1\/1&#8243; offset=\u00bbvc_col-lg-7 vc_col-md-7 vc_col-xs-12&#8243;][vc_column_text]<\/p>\n<h2>Contact Us<\/h2>\n<p>[\/vc_column_text][vc_empty_space height=\u00bb30px\u00bb][vc_column_text]Lorem ipsum dolor habitant morbi tristique senectus et netus et malesuada fames ac turpis egestas. Fusce ipsum ac mauris imperdiet luctus sed vitae ligula.[\/vc_column_text][vc_empty_space height=\u00bb40px\u00bb]<form class=\"contact-form dt-form\" action=\"\/\" method=\"post\">\n<input type=\"hidden\" name=\"widget_id\" value=\"presscore-contact-form-widget--1\" \/><input type=\"hidden\" name=\"send_message\" value=\"\" \/><div class=\"form-fields\"><span class=\"form-name\"><label class=\"assistive-text\">Name *<\/label><input type=\"text\" class=\"validate[required]\" placeholder=\"Name *\" name=\"name\" value=\"\" aria-required=\"true\">\n<\/span><span class=\"form-mail\"><label class=\"assistive-text\">E-mail<\/label><input type=\"text\" placeholder=\"E-mail\" name=\"email\" value=\"\" aria-required=\"false\">\n<\/span><span class=\"form-telephone\"><label class=\"assistive-text\">Telephone<\/label><input type=\"text\" placeholder=\"Telephone\" name=\"telephone\" value=\"\" aria-required=\"false\">\n<\/span><\/div><span class=\"form-message\"><label class=\"assistive-text\">Message *<\/label><textarea class=\"validate[required]\" placeholder=\"Message *\" name=\"message\" rows=\"5\" aria-required=\"true\"><\/textarea>\n<\/span><p><a href=\"#\" class=\"dt-btn dt-btn-m dt-btn-submit\" rel=\"nofollow\">Send message<\/a><a href=\"#\" class=\"clear-form\" rel=\"nofollow\">clear<\/a><input class=\"assistive-text\" type=\"submit\" value=\"submit\"><\/p><\/form>\n[\/vc_column][\/vc_row]<\/p>\n<\/section>","protected":false},"excerpt":{"rendered":"<p>[vc_row type=\u00bb4&#8243; bg_color=\u00bb#000000&#8243; bg_position=\u00bbbottom\u00bb bg_repeat=\u00bbrepeat-y\u00bb bg_cover=\u00bbtrue\u00bb bg_attachment=\u00bbtrue\u00bb padding_top=\u00bb80&#8243; padding_bottom=\u00bb105&#8243; margin_top=\u00bb-50&#8243; margin_bottom=\u00bb0&#8243; parallax_speed=\u00bb0.3&#8243; enable_parallax=\u00bbfalse\u00bb padding_left=\u00bb40&#8243; padding_right=\u00bb40&#8243; bg_image=\u00bbhttp:\/\/viatgespoblenou.com\/wp-content\/uploads\/2014\/11\/parallax-05.jpg\u00bb][vc_column width=\u00bb1\/1&#8243; offset=\u00bbvc_col-lg-7 vc_col-md-7 vc_col-sm-offset-0 vc_col-xs-12&#8243;][vc_column_text] Cool Parallax Sections [\/vc_column_text][vc_empty_space height=\u00bb30px\u00bb][vc_column_text]Habitant morbi tristique senectus et netus et malesuada fames ac turpis egestas. Nulla facilisi. Pellentesque habitant morbi tristique senectus et netus.[\/vc_column_text][vc_empty_space height=\u00bb35px\u00bb][\/vc_column][\/vc_row][vc_row type=\u00bb5&#8243; bg_color=\u00bb#dddddd\u00bb bg_position=\u00bbbottom\u00bb bg_repeat=\u00bbrepeat-y\u00bb bg_cover=\u00bbtrue\u00bb bg_attachment=\u00bbtrue\u00bb padding_top=\u00bb80&#8243; padding_bottom=\u00bb70&#8243;&hellip;<\/p>\n","protected":false},"author":1,"featured_media":0,"parent":30263,"menu_order":20,"comment_status":"closed","ping_status":"closed","template":"","meta":[],"yoast_head":"<!-- This site is optimized with the Yoast SEO plugin v19.7.1 - https:\/\/yoast.com\/wordpress\/plugins\/seo\/ -->\n<title>2. Parallax - viatgespoblenou<\/title>\n<meta name=\"robots\" content=\"index, follow, max-snippet:-1, max-image-preview:large, max-video-preview:-1\" \/>\n<link rel=\"canonical\" href=\"http:\/\/viatgespoblenou.com\/home\/parallax\/2-parallax\/\" \/>\n<meta property=\"og:locale\" content=\"es_ES\" \/>\n<meta property=\"og:type\" content=\"article\" \/>\n<meta property=\"og:title\" content=\"2. Parallax - viatgespoblenou\" \/>\n<meta property=\"og:description\" content=\"[vc_row type=\u00bb4&#8243; bg_color=\u00bb#000000&#8243; bg_position=\u00bbbottom\u00bb bg_repeat=\u00bbrepeat-y\u00bb bg_cover=\u00bbtrue\u00bb bg_attachment=\u00bbtrue\u00bb padding_top=\u00bb80&#8243; padding_bottom=\u00bb105&#8243; margin_top=\u00bb-50&#8243; margin_bottom=\u00bb0&#8243; parallax_speed=\u00bb0.3&#8243; enable_parallax=\u00bbfalse\u00bb padding_left=\u00bb40&#8243; padding_right=\u00bb40&#8243; bg_image=\u00bbhttp:\/\/viatgespoblenou.com\/wp-content\/uploads\/2014\/11\/parallax-05.jpg\u00bb][vc_column width=\u00bb1\/1&#8243; offset=\u00bbvc_col-lg-7 vc_col-md-7 vc_col-sm-offset-0 vc_col-xs-12&#8243;][vc_column_text] Cool Parallax Sections [\/vc_column_text][vc_empty_space height=\u00bb30px\u00bb][vc_column_text]Habitant morbi tristique senectus et netus et malesuada fames ac turpis egestas. Nulla facilisi. Pellentesque habitant morbi tristique senectus et netus.[\/vc_column_text][vc_empty_space height=\u00bb35px\u00bb][\/vc_column][\/vc_row][vc_row type=\u00bb5&#8243; bg_color=\u00bb#dddddd\u00bb bg_position=\u00bbbottom\u00bb bg_repeat=\u00bbrepeat-y\u00bb bg_cover=\u00bbtrue\u00bb bg_attachment=\u00bbtrue\u00bb padding_top=\u00bb80&#8243; padding_bottom=\u00bb70&#8243;&hellip;\" \/>\n<meta property=\"og:url\" content=\"http:\/\/viatgespoblenou.com\/home\/parallax\/2-parallax\/\" \/>\n<meta property=\"og:site_name\" content=\"viatgespoblenou\" \/>\n<meta property=\"article:publisher\" content=\"https:\/\/es-la.facebook.com\/people\/Viatges-Poblenou\/100001670703933\" \/>\n<meta name=\"twitter:card\" content=\"summary\" \/>\n<meta name=\"twitter:label1\" content=\"Tiempo de lectura\" \/>\n\t<meta name=\"twitter:data1\" content=\"5 minutos\" \/>\n<script type=\"application\/ld+json\" class=\"yoast-schema-graph\">{\"@context\":\"https:\/\/schema.org\",\"@graph\":[{\"@type\":\"WebPage\",\"@id\":\"http:\/\/viatgespoblenou.com\/home\/parallax\/2-parallax\/\",\"url\":\"http:\/\/viatgespoblenou.com\/home\/parallax\/2-parallax\/\",\"name\":\"2. Parallax - viatgespoblenou\",\"isPartOf\":{\"@id\":\"http:\/\/viatgespoblenou.com\/#website\"},\"datePublished\":\"2014-11-12T08:45:43+00:00\",\"dateModified\":\"2014-11-12T08:45:43+00:00\",\"breadcrumb\":{\"@id\":\"http:\/\/viatgespoblenou.com\/home\/parallax\/2-parallax\/#breadcrumb\"},\"inLanguage\":\"es\",\"potentialAction\":[{\"@type\":\"ReadAction\",\"target\":[\"http:\/\/viatgespoblenou.com\/home\/parallax\/2-parallax\/\"]}]},{\"@type\":\"BreadcrumbList\",\"@id\":\"http:\/\/viatgespoblenou.com\/home\/parallax\/2-parallax\/#breadcrumb\",\"itemListElement\":[{\"@type\":\"ListItem\",\"position\":1,\"name\":\"Home\",\"item\":\"http:\/\/viatgespoblenou.com\/\"},{\"@type\":\"ListItem\",\"position\":2,\"name\":\"Home\",\"item\":\"http:\/\/viatgespoblenou.com\/home\/\"},{\"@type\":\"ListItem\",\"position\":3,\"name\":\"Parallax\",\"item\":\"http:\/\/viatgespoblenou.com\/home\/parallax\/\"},{\"@type\":\"ListItem\",\"position\":4,\"name\":\"2. Parallax\"}]},{\"@type\":\"WebSite\",\"@id\":\"http:\/\/viatgespoblenou.com\/#website\",\"url\":\"http:\/\/viatgespoblenou.com\/\",\"name\":\"viatgespoblenou\",\"description\":\"\",\"potentialAction\":[{\"@type\":\"SearchAction\",\"target\":{\"@type\":\"EntryPoint\",\"urlTemplate\":\"http:\/\/viatgespoblenou.com\/?s={search_term_string}\"},\"query-input\":\"required name=search_term_string\"}],\"inLanguage\":\"es\"}]}<\/script>\n<!-- \/ Yoast SEO plugin. -->","yoast_head_json":{"title":"2. Parallax - viatgespoblenou","robots":{"index":"index","follow":"follow","max-snippet":"max-snippet:-1","max-image-preview":"max-image-preview:large","max-video-preview":"max-video-preview:-1"},"canonical":"http:\/\/viatgespoblenou.com\/home\/parallax\/2-parallax\/","og_locale":"es_ES","og_type":"article","og_title":"2. Parallax - viatgespoblenou","og_description":"[vc_row type=\u00bb4&#8243; bg_color=\u00bb#000000&#8243; bg_position=\u00bbbottom\u00bb bg_repeat=\u00bbrepeat-y\u00bb bg_cover=\u00bbtrue\u00bb bg_attachment=\u00bbtrue\u00bb padding_top=\u00bb80&#8243; padding_bottom=\u00bb105&#8243; margin_top=\u00bb-50&#8243; margin_bottom=\u00bb0&#8243; parallax_speed=\u00bb0.3&#8243; enable_parallax=\u00bbfalse\u00bb padding_left=\u00bb40&#8243; padding_right=\u00bb40&#8243; bg_image=\u00bbhttp:\/\/viatgespoblenou.com\/wp-content\/uploads\/2014\/11\/parallax-05.jpg\u00bb][vc_column width=\u00bb1\/1&#8243; offset=\u00bbvc_col-lg-7 vc_col-md-7 vc_col-sm-offset-0 vc_col-xs-12&#8243;][vc_column_text] Cool Parallax Sections [\/vc_column_text][vc_empty_space height=\u00bb30px\u00bb][vc_column_text]Habitant morbi tristique senectus et netus et malesuada fames ac turpis egestas. Nulla facilisi. Pellentesque habitant morbi tristique senectus et netus.[\/vc_column_text][vc_empty_space height=\u00bb35px\u00bb][\/vc_column][\/vc_row][vc_row type=\u00bb5&#8243; bg_color=\u00bb#dddddd\u00bb bg_position=\u00bbbottom\u00bb bg_repeat=\u00bbrepeat-y\u00bb bg_cover=\u00bbtrue\u00bb bg_attachment=\u00bbtrue\u00bb padding_top=\u00bb80&#8243; padding_bottom=\u00bb70&#8243;&hellip;","og_url":"http:\/\/viatgespoblenou.com\/home\/parallax\/2-parallax\/","og_site_name":"viatgespoblenou","article_publisher":"https:\/\/es-la.facebook.com\/people\/Viatges-Poblenou\/100001670703933","twitter_card":"summary","twitter_misc":{"Tiempo de lectura":"5 minutos"},"schema":{"@context":"https:\/\/schema.org","@graph":[{"@type":"WebPage","@id":"http:\/\/viatgespoblenou.com\/home\/parallax\/2-parallax\/","url":"http:\/\/viatgespoblenou.com\/home\/parallax\/2-parallax\/","name":"2. Parallax - viatgespoblenou","isPartOf":{"@id":"http:\/\/viatgespoblenou.com\/#website"},"datePublished":"2014-11-12T08:45:43+00:00","dateModified":"2014-11-12T08:45:43+00:00","breadcrumb":{"@id":"http:\/\/viatgespoblenou.com\/home\/parallax\/2-parallax\/#breadcrumb"},"inLanguage":"es","potentialAction":[{"@type":"ReadAction","target":["http:\/\/viatgespoblenou.com\/home\/parallax\/2-parallax\/"]}]},{"@type":"BreadcrumbList","@id":"http:\/\/viatgespoblenou.com\/home\/parallax\/2-parallax\/#breadcrumb","itemListElement":[{"@type":"ListItem","position":1,"name":"Home","item":"http:\/\/viatgespoblenou.com\/"},{"@type":"ListItem","position":2,"name":"Home","item":"http:\/\/viatgespoblenou.com\/home\/"},{"@type":"ListItem","position":3,"name":"Parallax","item":"http:\/\/viatgespoblenou.com\/home\/parallax\/"},{"@type":"ListItem","position":4,"name":"2. Parallax"}]},{"@type":"WebSite","@id":"http:\/\/viatgespoblenou.com\/#website","url":"http:\/\/viatgespoblenou.com\/","name":"viatgespoblenou","description":"","potentialAction":[{"@type":"SearchAction","target":{"@type":"EntryPoint","urlTemplate":"http:\/\/viatgespoblenou.com\/?s={search_term_string}"},"query-input":"required name=search_term_string"}],"inLanguage":"es"}]}},"_links":{"self":[{"href":"http:\/\/viatgespoblenou.com\/es\/wp-json\/wp\/v2\/pages\/32869"}],"collection":[{"href":"http:\/\/viatgespoblenou.com\/es\/wp-json\/wp\/v2\/pages"}],"about":[{"href":"http:\/\/viatgespoblenou.com\/es\/wp-json\/wp\/v2\/types\/page"}],"author":[{"embeddable":true,"href":"http:\/\/viatgespoblenou.com\/es\/wp-json\/wp\/v2\/users\/1"}],"replies":[{"embeddable":true,"href":"http:\/\/viatgespoblenou.com\/es\/wp-json\/wp\/v2\/comments?post=32869"}],"version-history":[{"count":0,"href":"http:\/\/viatgespoblenou.com\/es\/wp-json\/wp\/v2\/pages\/32869\/revisions"}],"up":[{"embeddable":true,"href":"http:\/\/viatgespoblenou.com\/es\/wp-json\/wp\/v2\/pages\/30263"}],"wp:attachment":[{"href":"http:\/\/viatgespoblenou.com\/es\/wp-json\/wp\/v2\/media?parent=32869"}],"curies":[{"name":"wp","href":"https:\/\/api.w.org\/{rel}","templated":true}]}}