{"id":30267,"date":"2014-10-22T08:32:44","date_gmt":"2014-10-22T08:32:44","guid":{"rendered":"http:\/\/the7.dream-demo.com\/?page_id=30267"},"modified":"2014-10-22T08:32:44","modified_gmt":"2014-10-22T08:32:44","slug":"5-parallax","status":"publish","type":"page","link":"http:\/\/viatgespoblenou.com\/es\/home\/parallax\/5-parallax\/","title":{"rendered":"5. Parallax"},"content":{"rendered":"<section class=\"wpb-content-wrapper\"><p>[vc_row type=\u00bb3&#8243; bg_position=\u00bbtop\u00bb bg_repeat=\u00bbrepeat-y\u00bb bg_cover=\u00bbtrue\u00bb bg_attachment=\u00bbfalse\u00bb padding_top=\u00bb65&#8243; padding_bottom=\u00bb30&#8243; margin_top=\u00bb-51&#8243; margin_bottom=\u00bb0&#8243; padding_left=\u00bb40&#8243; padding_right=\u00bb40&#8243; parallax_speed=\u00bb0.5&#8243; enable_parallax=\u00bbfalse\u00bb][vc_column width=\u00bb1\/1&#8243;][vc_column_text css_animation=\u00bbfadeIn\u00bb]<\/p>\n<h1 style=\"text-align: center;\">Hello &amp; Welcome!<\/h1>\n<h3 style=\"text-align: center;\">Meet Renewed The7 WordPress Theme<\/h3>\n<p>[\/vc_column_text][vc_empty_space height=\u00bb55px\u00bb][\/vc_column][vc_column width=\u00bb1\/1&#8243; offset=\u00bbvc_col-lg-6 vc_col-md-6 vc_col-xs-12&#8243;][vc_empty_space height=\u00bb10px\u00bb][vc_single_image image=\u00bb35072&#8243; border_color=\u00bbgrey\u00bb img_link_target=\u00bb_self\u00bb css_animation=\u00bbfadeIn\u00bb img_size=\u00bb546&#215;326&#8243; alignment=\u00bbcenter\u00bb][vc_empty_space height=\u00bb20px\u00bb][\/vc_column][vc_column width=\u00bb1\/1&#8243; offset=\u00bbvc_col-lg-6 vc_col-md-6 vc_col-xs-12&#8243;][vc_column_text css_animation=\u00bbfadeIn\u00bb]Maecenas sit amet tincidunt elit. Pellentesque habitant morbi tristique senectus et netus et malesuada fames ac turpis egestas nulla facilisi. Glavrida lorem agilos for aute irure dolor elit, sed do eiusmod tempor ut labore et dolore magna lorem dolor. Nulla facilisi tristique senectus et netus et malesuada fames ac turpis egestas.[\/vc_column_text][vc_empty_space height=\u00bb22px\u00bb][vc_row_inner][vc_column_inner width=\u00bb1\/2&#8243;]<div class=\"standard-arrow bullet-top\"><ul>\n<li>Exclusive slideshows<\/li>\n<li>Multiple header layouts<\/li>\n<li>Professional ready-made skins<\/li>\n<li>10+ custom widgets<\/li>\n<\/ul>\n<\/div>[\/vc_column_inner][vc_column_inner width=\u00bb1\/2&#8243;]<div class=\"standard-arrow bullet-top\"><ul>\n<li>40+ visual shortcodes<\/li>\n<li>100% Mobile tested<\/li>\n<li>Premium-class support<\/li>\n<li>Tested\u00a0with popular plugins<\/li>\n<\/ul>\n<\/div>[\/vc_column_inner][\/vc_row_inner][vc_empty_space height=\u00bb20px\u00bb]<a href=\"http:\/\/themeforest.net\/user\/Dream-Theme\/portfolio?ref=Dream-Theme\" class=\"dt-btn-s dt-btn fadeIn animate-element animation-builder\"><i class=\"fa fa-cog\"><\/i>View all features<\/a>[vc_empty_space height=\u00bb40px\u00bb][\/vc_column][\/vc_row][vc_row bg_position=\u00bbtop\u00bb bg_repeat=\u00bbrepeat\u00bb bg_cover=\u00bbfalse\u00bb bg_attachment=\u00bbfalse\u00bb padding_top=\u00bb55&#8243; padding_bottom=\u00bb55&#8243; margin_top=\u00bb65&#8243; full_width_padding_left=\u00bb40&#8243; full_width_padding_right=\u00bb40&#8243; full_width_margin_top=\u00bb0&#8243; full_width_margin_bottom=\u00bb0&#8243; parallax_speed=\u00bb0.1&#8243; padding_left=\u00bb0&#8243; padding_right=\u00bb0&#8243; margin_bottom=\u00bb90&#8243;][vc_column width=\u00bb1\/1&#8243;][vc_column_text css_animation=\u00bbfadeIn\u00bb]<\/p>\n<h1 style=\"text-align: center;\">Services &amp; Products<\/h1>\n<h3 style=\"text-align: center;\">What We Are Good at<\/h3>\n<p>[\/vc_column_text][vc_empty_space height=\u00bb55px\u00bb]<section id=\"benefits-grid-1\" class=\"benefits-grid wf-container benefits-style-one animation-at-the-same-time accent-bg accent-hover-bg accent-icon-color accent-icon-hover-color\" data-width=\"180px\" data-columns=\"4\"><style type=\"text\/css\">#benefits-grid-1 .benefits-grid-ico > .fa { font-size: 24px; line-height: 24px; }<\/style><div class=\"wf-cell\"><div><div class=\"text-big\"><div class=\"wf-table\"><div class=\"wf-td\"><span class=\"benefits-grid-ico fadeIn animate-element\"><i class=\"fa fa-book\"><\/i><\/span><\/div><div class=\"wf-td\"><h4>DEPARTAMENTO ESTUDIANTES<\/h4><\/div><\/div><p style=\"text-align: justify;\">Viajes de fin de curso, organizados con \/ sin profesores, con \/ sin gu\u00eda acompa\u00f1ante, nacionales e internacionales, circuitos en autocar y tambi\u00e9n combinados con avi\u00f3n&#8230; Asesoramiento de cualquier aspecto del viaje, seguros, documentaci\u00f3n y tambi\u00e9n ayuda a la autofinanciaci\u00f3n de\u00a0los alumnos.<\/p>\n<\/div><\/div><\/div><div class=\"wf-cell\"><div><div class=\"text-big\"><div class=\"wf-table\"><div class=\"wf-td\"><span class=\"benefits-grid-ico fadeIn animate-element\"><i class=\"fa fa-tree\"><\/i><\/span><\/div><div class=\"wf-td\"><h4>DEPARTAMENTO ESQU\u00cd<\/h4><\/div><\/div><p style=\"text-align: justify;\">Esquiadas desde 1 d\u00eda hasta el que necesit\u00e9is. Escuela de Esqu\u00ed propia con monitores dedicados exclusivamente a nuestros grupos, con \/ sin monitores de ocio, desplazamientos en autocar desde vuestro\u00a0centro hasta las pistas, hoteles a pie de pista&#8230;<\/p>\n<\/div><\/div><\/div><div class=\"wf-cell\"><div><div class=\"text-big\"><div class=\"wf-table\"><div class=\"wf-td\"><span class=\"benefits-grid-ico fadeIn animate-element\"><i class=\"fa fa-futbol-o\"><\/i><\/span><\/div><div class=\"wf-td\"><h4>DEPARTAMENTO COLONIAS<\/h4><\/div><\/div><p style=\"text-align: justify;\">Estancias en los diferentes Centros de Playa. Ofrecemos una amplia variedad de programas de actividades y acompa\u00f1antes durante todo el d\u00eda: nuestros monitores especializados en cada una de las actividades.<\/p>\n<\/div><\/div><\/div><div class=\"wf-cell\"><div><div class=\"text-big\"><div class=\"wf-table\"><div class=\"wf-td\"><span class=\"benefits-grid-ico fadeIn animate-element\"><i class=\"fa fa-bus\"><\/i><\/span><\/div><div class=\"wf-td\"><h4>DEPARTAMENTO JUBILADOS<\/h4><\/div><\/div><p style=\"text-align: justify;\">Circuitos organizados y estancias por toda Europa<\/p>\n<\/div><\/div><\/div><\/section>[vc_empty_space height=\u00bb45px\u00bb]<section class=\"shortcode-action-box box-style-table shortcode-action-bg block-style-widget fadeIn animate-element\"><div class=\"text-big\"><div class=\"gap\" style=\"line-height: 5px; height: 5px;\"><\/div>\n<h3>Start creating the site you\u2019ll be proud of with The7 WP Theme today!<\/h3>\n<\/div><div class=\"shortcode-action-container action-button\"><a href=\"http:\/\/themeforest.net\/user\/Dream-Theme\/portfolio?ref=Dream-Theme\" class=\"dt-btn-l dt-btn fadeIn animate-element animation-builder\" target=\"_blank\">Purchase Today!<\/a><\/div><\/section>[vc_empty_space height=\u00bb45px\u00bb]<section id=\"benefits-grid-2\" class=\"benefits-grid wf-container benefits-style-one animation-at-the-same-time accent-bg accent-hover-bg accent-icon-color accent-icon-hover-color\" data-width=\"180px\" data-columns=\"4\"><style type=\"text\/css\">#benefits-grid-2 .benefits-grid-ico > .fa { font-size: 24px; line-height: 24px; }<\/style><div class=\"wf-cell\"><div><div class=\"text-big\"><div class=\"wf-table\"><div class=\"wf-td\"><a href=\"http:\/\/themeforest.net\/user\/Dream-Theme\/portfolio?ref=Dream-Theme\" class=\"benefits-grid-ico fadeIn animate-element\"><i class=\"fa fa-star-o\"><\/i><\/a><\/div><div class=\"wf-td\"><h4 class=\"benefit-title\"><a href=\"http:\/\/themeforest.net\/user\/Dream-Theme\/portfolio?ref=Dream-Theme\">Unlimited Possibilities<\/a><\/h4><\/div><\/div><p>Dolor null vitae ante vitae mauris. Lorem ipsum massa sed turpis aliquam pulvinar metus sed lorem.<\/p>\n<\/div><\/div><\/div><div class=\"wf-cell\"><div><div class=\"text-big\"><div class=\"wf-table\"><div class=\"wf-td\"><a href=\"http:\/\/themeforest.net\/user\/Dream-Theme\/portfolio?ref=Dream-Theme\" class=\"benefits-grid-ico fadeIn animate-element\"><i class=\"fa fa-camera-retro\"><\/i><\/a><\/div><div class=\"wf-td\"><h4 class=\"benefit-title\"><a href=\"http:\/\/themeforest.net\/user\/Dream-Theme\/portfolio?ref=Dream-Theme\">Powerful Gallery<\/a><\/h4><\/div><\/div><p>Glavrida lorem agilos for aute irure dolor elit, sed do eiusmod tempor ut labore et dolore magna lorem dolor.<\/p>\n<\/div><\/div><\/div><div class=\"wf-cell\"><div><div class=\"text-big\"><div class=\"wf-table\"><div class=\"wf-td\"><a href=\"http:\/\/themeforest.net\/user\/Dream-Theme\/portfolio?ref=Dream-Theme\" class=\"benefits-grid-ico fadeIn animate-element\"><i class=\"fa fa-spinner\"><\/i><\/a><\/div><div class=\"wf-td\"><h4 class=\"benefit-title\"><a href=\"http:\/\/themeforest.net\/user\/Dream-Theme\/portfolio?ref=Dream-Theme\">Cool Loading Effects<\/a><\/h4><\/div><\/div><p>Glavios amet null vitae ante vitae mauris. Lorem ipsum massa sed turpis aliquam eleifend id fomir metus sed.<\/p>\n<\/div><\/div><\/div><div class=\"wf-cell\"><div><div class=\"text-big\"><div class=\"wf-table\"><div class=\"wf-td\"><a href=\"http:\/\/themeforest.net\/user\/Dream-Theme\/portfolio?ref=Dream-Theme\" class=\"benefits-grid-ico fadeIn animate-element\"><i class=\"fa fa-refresh\"><\/i><\/a><\/div><div class=\"wf-td\"><h4 class=\"benefit-title\"><a href=\"http:\/\/themeforest.net\/user\/Dream-Theme\/portfolio?ref=Dream-Theme\">Regular Updates<\/a><\/h4><\/div><\/div><p>Lorem aute irure dolor adipisicing elit, sed do eiusmod tempor incididunt ut labore et dolore magna lorem nulla.<\/p>\n<\/div><\/div><\/div><\/section>[\/vc_column][\/vc_row][vc_row type=\u00bb3&#8243; bg_position=\u00bbtop\u00bb bg_repeat=\u00bbrepeat-y\u00bb bg_cover=\u00bbtrue\u00bb bg_attachment=\u00bbfalse\u00bb padding_top=\u00bb65&#8243; padding_bottom=\u00bb60&#8243; margin_top=\u00bb0&#8243; margin_bottom=\u00bb0&#8243; padding_left=\u00bb0&#8243; padding_right=\u00bb0&#8243; parallax_speed=\u00bb0.5&#8243; enable_parallax=\u00bbfalse\u00bb full_width=\u00bbtrue\u00bb][vc_column width=\u00bb1\/1&#8243;][vc_column_text css_animation=\u00bbfadeIn\u00bb]<\/p>\n<h1 style=\"text-align: center;\">Our Portfolio<\/h1>\n<h3 style=\"text-align: center;\">Best of Our Works<\/h3>\n<p>[\/vc_column_text][vc_empty_space height=\u00bb60px\u00bb][\/vc_column][\/vc_row][vc_row bg_position=\u00bbtop\u00bb bg_repeat=\u00bbrepeat\u00bb bg_cover=\u00bbfalse\u00bb bg_attachment=\u00bbfalse\u00bb padding_top=\u00bb55&#8243; padding_bottom=\u00bb55&#8243; margin_top=\u00bb65&#8243; full_width_padding_left=\u00bb40&#8243; full_width_padding_right=\u00bb40&#8243; full_width_margin_top=\u00bb0&#8243; full_width_margin_bottom=\u00bb0&#8243; parallax_speed=\u00bb0.1&#8243; padding_left=\u00bb0&#8243; padding_right=\u00bb0&#8243; margin_bottom=\u00bb-51&#8243;][vc_column width=\u00bb1\/1&#8243;][vc_column_text css_animation=\u00bbfadeIn\u00bb]<\/p>\n<h1 style=\"text-align: center;\">Why Work With Us<\/h1>\n<h3 style=\"text-align: center;\">Premium Quality &amp; Awesome Support<\/h3>\n<p>[\/vc_column_text][vc_empty_space height=\u00bb30px\u00bb][\/vc_column][vc_column width=\u00bb1\/2&#8243; offset=\u00bbvc_col-lg-4 vc_col-md-6 vc_col-xs-12&#8243; animation=\u00bbfadeIn\u00bb][vc_empty_space height=\u00bb34px\u00bb][vc_column_text]<\/p>\n<h4>Experience<\/h4>\n<p>[\/vc_column_text][vc_empty_space height=\u00bb26px\u00bb][vc_progress_bar values=\u00bb90|Development,80|Design,70|Marketing,85|Photography,60|Consulting,73|SEO,55|SMM\u00bb bgcolor=\u00bbaccent-bg\u00bb options=\u00bbstriped,animated\u00bb caption_pos=\u00bbon\u00bb][vc_empty_space height=\u00bb20px\u00bb][\/vc_column][vc_column width=\u00bb1\/2&#8243; offset=\u00bbvc_col-lg-4 vc_col-md-6 vc_col-xs-12&#8243; animation=\u00bbfadeIn\u00bb][vc_empty_space height=\u00bb34px\u00bb][vc_column_text]<\/p>\n<h4>Main benefits<\/h4>\n<p>[\/vc_column_text][vc_empty_space height=\u00bb16px\u00bb][vc_column_text]Glavrida lacus et vulputate amos agilos for aute irure dolor elit! Sitios amet null vitae ante vitae mauris. Lorem ipsum massa sed turpis aliquam.[\/vc_column_text][vc_empty_space height=\u00bb20px\u00bb]<div class=\"standard-number-list bullet-top\"><ul>\n<li>Use the power of your imagination<\/li>\n<li>Think bigger than you are<\/li>\n<li>Focus on growth<\/li>\n<li>Keep the right people around you<\/li>\n<li>Set goals along the way<\/li>\n<li>Do what you love<\/li>\n<\/ul>\n<\/div>[vc_empty_space height=\u00bb10px\u00bb][\/vc_column][vc_column width=\u00bb1\/1&#8243; offset=\u00bbvc_col-lg-4 vc_col-md-12 vc_col-xs-12&#8243;][vc_row_inner][vc_column_inner width=\u00bb1\/2&#8243;][vc_empty_space height=\u00bb44px\u00bb]<section class=\"shortcode-teaser img-full frame-fancy frame-on fadeIn animate-element\"><div class=\"shortcode-teaser-content text-big\"><div class=\"gap\" style=\"line-height: 20px; height: 20px;\"><\/div>[vc_pie value=\u00bb16&#8243; color_mode=\u00bbtitle_like\u00bb color=\u00bb#ffffff\u00bb appearance=\u00bbcounter\u00bb label_value=\u00bb16&#8243;]<\/p>\n<h5 style=\"text-align: center;\">Specialists<\/h5>\n<\/div><\/section>[\/vc_column_inner][vc_column_inner width=\u00bb1\/2&#8243;][vc_empty_space height=\u00bb44px\u00bb]<section class=\"shortcode-teaser img-full frame-fancy frame-on fadeIn animate-element\"><div class=\"shortcode-teaser-content text-big\"><div class=\"gap\" style=\"line-height: 20px; height: 20px;\"><\/div>[vc_pie value=\u00bb19&#8243; color_mode=\u00bbtitle_like\u00bb color=\u00bb#ffffff\u00bb appearance=\u00bbcounter\u00bb label_value=\u00bb25&#8243;]<\/p>\n<h5 style=\"text-align: center;\">Awards<\/h5>\n<\/div><\/section>[\/vc_column_inner][\/vc_row_inner][vc_row_inner][vc_column_inner width=\u00bb1\/2&#8243;][vc_empty_space height=\u00bb44px\u00bb]<section class=\"shortcode-teaser img-full frame-fancy frame-on fadeIn animate-element\"><div class=\"shortcode-teaser-content text-big\"><div class=\"gap\" style=\"line-height: 20px; height: 20px;\"><\/div>[vc_pie value=\u00bb31&#8243; color_mode=\u00bbtitle_like\u00bb color=\u00bb#ffffff\u00bb appearance=\u00bbcounter\u00bb label_value=\u00bb31&#8243;]<\/p>\n<h5 style=\"text-align: center;\">Works<\/h5>\n<\/div><\/section>[\/vc_column_inner][vc_column_inner width=\u00bb1\/2&#8243;][vc_empty_space height=\u00bb44px\u00bb]<section class=\"shortcode-teaser img-full frame-fancy frame-on fadeIn animate-element\"><div class=\"shortcode-teaser-content text-big\"><div class=\"gap\" style=\"line-height: 20px; height: 20px;\"><\/div>[vc_pie value=\u00bb31&#8243; color_mode=\u00bbtitle_like\u00bb color=\u00bb#ffffff\u00bb appearance=\u00bbcounter\u00bb label_value=\u00bb39&#8243;]<\/p>\n<h5 style=\"text-align: center;\">Clients<\/h5>\n<\/div><\/section>[\/vc_column_inner][\/vc_row_inner][\/vc_column][vc_column width=\u00bb1\/1&#8243;][vc_empty_space height=\u00bb60px\u00bb][\/vc_column][\/vc_row]<\/p>\n<\/section>","protected":false},"excerpt":{"rendered":"<p>[vc_row type=\u00bb3&#8243; bg_position=\u00bbtop\u00bb bg_repeat=\u00bbrepeat-y\u00bb bg_cover=\u00bbtrue\u00bb bg_attachment=\u00bbfalse\u00bb padding_top=\u00bb65&#8243; padding_bottom=\u00bb30&#8243; margin_top=\u00bb-51&#8243; margin_bottom=\u00bb0&#8243; padding_left=\u00bb40&#8243; padding_right=\u00bb40&#8243; parallax_speed=\u00bb0.5&#8243; enable_parallax=\u00bbfalse\u00bb][vc_column width=\u00bb1\/1&#8243;][vc_column_text css_animation=\u00bbfadeIn\u00bb] Hello &amp; Welcome! Meet Renewed The7 WordPress Theme [\/vc_column_text][vc_empty_space height=\u00bb55px\u00bb][\/vc_column][vc_column width=\u00bb1\/1&#8243; offset=\u00bbvc_col-lg-6 vc_col-md-6 vc_col-xs-12&#8243;][vc_empty_space height=\u00bb10px\u00bb][vc_single_image image=\u00bb35072&#8243; border_color=\u00bbgrey\u00bb img_link_target=\u00bb_self\u00bb css_animation=\u00bbfadeIn\u00bb img_size=\u00bb546&#215;326&#8243; alignment=\u00bbcenter\u00bb][vc_empty_space height=\u00bb20px\u00bb][\/vc_column][vc_column width=\u00bb1\/1&#8243; offset=\u00bbvc_col-lg-6 vc_col-md-6 vc_col-xs-12&#8243;][vc_column_text css_animation=\u00bbfadeIn\u00bb]Maecenas sit amet tincidunt elit. Pellentesque habitant morbi tristique senectus et netus et&hellip;<\/p>\n","protected":false},"author":1,"featured_media":0,"parent":30263,"menu_order":50,"comment_status":"closed","ping_status":"closed","template":"","meta":[],"yoast_head":"<!-- This site is optimized with the Yoast SEO plugin v19.7.1 - https:\/\/yoast.com\/wordpress\/plugins\/seo\/ -->\n<title>5. Parallax - viatgespoblenou<\/title>\n<meta name=\"robots\" content=\"index, follow, max-snippet:-1, max-image-preview:large, max-video-preview:-1\" \/>\n<link rel=\"canonical\" href=\"http:\/\/viatgespoblenou.com\/home\/parallax\/5-parallax\/\" \/>\n<meta property=\"og:locale\" content=\"es_ES\" \/>\n<meta property=\"og:type\" content=\"article\" \/>\n<meta property=\"og:title\" content=\"5. Parallax - viatgespoblenou\" \/>\n<meta property=\"og:description\" content=\"[vc_row type=\u00bb3&#8243; bg_position=\u00bbtop\u00bb bg_repeat=\u00bbrepeat-y\u00bb bg_cover=\u00bbtrue\u00bb bg_attachment=\u00bbfalse\u00bb padding_top=\u00bb65&#8243; padding_bottom=\u00bb30&#8243; margin_top=\u00bb-51&#8243; margin_bottom=\u00bb0&#8243; padding_left=\u00bb40&#8243; padding_right=\u00bb40&#8243; parallax_speed=\u00bb0.5&#8243; enable_parallax=\u00bbfalse\u00bb][vc_column width=\u00bb1\/1&#8243;][vc_column_text css_animation=\u00bbfadeIn\u00bb] Hello &amp; Welcome! Meet Renewed The7 WordPress Theme [\/vc_column_text][vc_empty_space height=\u00bb55px\u00bb][\/vc_column][vc_column width=\u00bb1\/1&#8243; offset=\u00bbvc_col-lg-6 vc_col-md-6 vc_col-xs-12&#8243;][vc_empty_space height=\u00bb10px\u00bb][vc_single_image image=\u00bb35072&#8243; border_color=\u00bbgrey\u00bb img_link_target=\u00bb_self\u00bb css_animation=\u00bbfadeIn\u00bb img_size=\u00bb546&#215;326&#8243; alignment=\u00bbcenter\u00bb][vc_empty_space height=\u00bb20px\u00bb][\/vc_column][vc_column width=\u00bb1\/1&#8243; offset=\u00bbvc_col-lg-6 vc_col-md-6 vc_col-xs-12&#8243;][vc_column_text css_animation=\u00bbfadeIn\u00bb]Maecenas sit amet tincidunt elit. Pellentesque habitant morbi tristique senectus et netus et&hellip;\" \/>\n<meta property=\"og:url\" content=\"http:\/\/viatgespoblenou.com\/home\/parallax\/5-parallax\/\" \/>\n<meta property=\"og:site_name\" content=\"viatgespoblenou\" \/>\n<meta property=\"article:publisher\" content=\"https:\/\/es-la.facebook.com\/people\/Viatges-Poblenou\/100001670703933\" \/>\n<meta name=\"twitter:card\" content=\"summary\" \/>\n<meta name=\"twitter:label1\" content=\"Tiempo de lectura\" \/>\n\t<meta name=\"twitter:data1\" content=\"6 minutos\" \/>\n<script type=\"application\/ld+json\" class=\"yoast-schema-graph\">{\"@context\":\"https:\/\/schema.org\",\"@graph\":[{\"@type\":\"WebPage\",\"@id\":\"http:\/\/viatgespoblenou.com\/home\/parallax\/5-parallax\/\",\"url\":\"http:\/\/viatgespoblenou.com\/home\/parallax\/5-parallax\/\",\"name\":\"5. Parallax - viatgespoblenou\",\"isPartOf\":{\"@id\":\"http:\/\/viatgespoblenou.com\/#website\"},\"datePublished\":\"2014-10-22T08:32:44+00:00\",\"dateModified\":\"2014-10-22T08:32:44+00:00\",\"breadcrumb\":{\"@id\":\"http:\/\/viatgespoblenou.com\/home\/parallax\/5-parallax\/#breadcrumb\"},\"inLanguage\":\"es\",\"potentialAction\":[{\"@type\":\"ReadAction\",\"target\":[\"http:\/\/viatgespoblenou.com\/home\/parallax\/5-parallax\/\"]}]},{\"@type\":\"BreadcrumbList\",\"@id\":\"http:\/\/viatgespoblenou.com\/home\/parallax\/5-parallax\/#breadcrumb\",\"itemListElement\":[{\"@type\":\"ListItem\",\"position\":1,\"name\":\"Home\",\"item\":\"http:\/\/viatgespoblenou.com\/\"},{\"@type\":\"ListItem\",\"position\":2,\"name\":\"Home\",\"item\":\"http:\/\/viatgespoblenou.com\/home\/\"},{\"@type\":\"ListItem\",\"position\":3,\"name\":\"Parallax\",\"item\":\"http:\/\/viatgespoblenou.com\/home\/parallax\/\"},{\"@type\":\"ListItem\",\"position\":4,\"name\":\"5. Parallax\"}]},{\"@type\":\"WebSite\",\"@id\":\"http:\/\/viatgespoblenou.com\/#website\",\"url\":\"http:\/\/viatgespoblenou.com\/\",\"name\":\"viatgespoblenou\",\"description\":\"\",\"potentialAction\":[{\"@type\":\"SearchAction\",\"target\":{\"@type\":\"EntryPoint\",\"urlTemplate\":\"http:\/\/viatgespoblenou.com\/?s={search_term_string}\"},\"query-input\":\"required name=search_term_string\"}],\"inLanguage\":\"es\"}]}<\/script>\n<!-- \/ Yoast SEO plugin. -->","yoast_head_json":{"title":"5. Parallax - viatgespoblenou","robots":{"index":"index","follow":"follow","max-snippet":"max-snippet:-1","max-image-preview":"max-image-preview:large","max-video-preview":"max-video-preview:-1"},"canonical":"http:\/\/viatgespoblenou.com\/home\/parallax\/5-parallax\/","og_locale":"es_ES","og_type":"article","og_title":"5. Parallax - viatgespoblenou","og_description":"[vc_row type=\u00bb3&#8243; bg_position=\u00bbtop\u00bb bg_repeat=\u00bbrepeat-y\u00bb bg_cover=\u00bbtrue\u00bb bg_attachment=\u00bbfalse\u00bb padding_top=\u00bb65&#8243; padding_bottom=\u00bb30&#8243; margin_top=\u00bb-51&#8243; margin_bottom=\u00bb0&#8243; padding_left=\u00bb40&#8243; padding_right=\u00bb40&#8243; parallax_speed=\u00bb0.5&#8243; enable_parallax=\u00bbfalse\u00bb][vc_column width=\u00bb1\/1&#8243;][vc_column_text css_animation=\u00bbfadeIn\u00bb] Hello &amp; Welcome! Meet Renewed The7 WordPress Theme [\/vc_column_text][vc_empty_space height=\u00bb55px\u00bb][\/vc_column][vc_column width=\u00bb1\/1&#8243; offset=\u00bbvc_col-lg-6 vc_col-md-6 vc_col-xs-12&#8243;][vc_empty_space height=\u00bb10px\u00bb][vc_single_image image=\u00bb35072&#8243; border_color=\u00bbgrey\u00bb img_link_target=\u00bb_self\u00bb css_animation=\u00bbfadeIn\u00bb img_size=\u00bb546&#215;326&#8243; alignment=\u00bbcenter\u00bb][vc_empty_space height=\u00bb20px\u00bb][\/vc_column][vc_column width=\u00bb1\/1&#8243; offset=\u00bbvc_col-lg-6 vc_col-md-6 vc_col-xs-12&#8243;][vc_column_text css_animation=\u00bbfadeIn\u00bb]Maecenas sit amet tincidunt elit. Pellentesque habitant morbi tristique senectus et netus et&hellip;","og_url":"http:\/\/viatgespoblenou.com\/home\/parallax\/5-parallax\/","og_site_name":"viatgespoblenou","article_publisher":"https:\/\/es-la.facebook.com\/people\/Viatges-Poblenou\/100001670703933","twitter_card":"summary","twitter_misc":{"Tiempo de lectura":"6 minutos"},"schema":{"@context":"https:\/\/schema.org","@graph":[{"@type":"WebPage","@id":"http:\/\/viatgespoblenou.com\/home\/parallax\/5-parallax\/","url":"http:\/\/viatgespoblenou.com\/home\/parallax\/5-parallax\/","name":"5. Parallax - viatgespoblenou","isPartOf":{"@id":"http:\/\/viatgespoblenou.com\/#website"},"datePublished":"2014-10-22T08:32:44+00:00","dateModified":"2014-10-22T08:32:44+00:00","breadcrumb":{"@id":"http:\/\/viatgespoblenou.com\/home\/parallax\/5-parallax\/#breadcrumb"},"inLanguage":"es","potentialAction":[{"@type":"ReadAction","target":["http:\/\/viatgespoblenou.com\/home\/parallax\/5-parallax\/"]}]},{"@type":"BreadcrumbList","@id":"http:\/\/viatgespoblenou.com\/home\/parallax\/5-parallax\/#breadcrumb","itemListElement":[{"@type":"ListItem","position":1,"name":"Home","item":"http:\/\/viatgespoblenou.com\/"},{"@type":"ListItem","position":2,"name":"Home","item":"http:\/\/viatgespoblenou.com\/home\/"},{"@type":"ListItem","position":3,"name":"Parallax","item":"http:\/\/viatgespoblenou.com\/home\/parallax\/"},{"@type":"ListItem","position":4,"name":"5. Parallax"}]},{"@type":"WebSite","@id":"http:\/\/viatgespoblenou.com\/#website","url":"http:\/\/viatgespoblenou.com\/","name":"viatgespoblenou","description":"","potentialAction":[{"@type":"SearchAction","target":{"@type":"EntryPoint","urlTemplate":"http:\/\/viatgespoblenou.com\/?s={search_term_string}"},"query-input":"required name=search_term_string"}],"inLanguage":"es"}]}},"_links":{"self":[{"href":"http:\/\/viatgespoblenou.com\/es\/wp-json\/wp\/v2\/pages\/30267"}],"collection":[{"href":"http:\/\/viatgespoblenou.com\/es\/wp-json\/wp\/v2\/pages"}],"about":[{"href":"http:\/\/viatgespoblenou.com\/es\/wp-json\/wp\/v2\/types\/page"}],"author":[{"embeddable":true,"href":"http:\/\/viatgespoblenou.com\/es\/wp-json\/wp\/v2\/users\/1"}],"replies":[{"embeddable":true,"href":"http:\/\/viatgespoblenou.com\/es\/wp-json\/wp\/v2\/comments?post=30267"}],"version-history":[{"count":0,"href":"http:\/\/viatgespoblenou.com\/es\/wp-json\/wp\/v2\/pages\/30267\/revisions"}],"up":[{"embeddable":true,"href":"http:\/\/viatgespoblenou.com\/es\/wp-json\/wp\/v2\/pages\/30263"}],"wp:attachment":[{"href":"http:\/\/viatgespoblenou.com\/es\/wp-json\/wp\/v2\/media?parent=30267"}],"curies":[{"name":"wp","href":"https:\/\/api.w.org\/{rel}","templated":true}]}}