{"id":30265,"date":"2014-10-22T08:32:21","date_gmt":"2014-10-22T08:32:21","guid":{"rendered":"http:\/\/the7.dream-demo.com\/?page_id=30265"},"modified":"2014-10-22T08:32:21","modified_gmt":"2014-10-22T08:32:21","slug":"1-parallax","status":"publish","type":"page","link":"http:\/\/viatgespoblenou.com\/es\/home\/parallax\/1-parallax\/","title":{"rendered":"1. Parallax"},"content":{"rendered":"<section class=\"wpb-content-wrapper\"><p>[vc_row type=\u00bb4&#8243; bg_color=\u00bb#020202&#8243; bg_position=\u00bbbottom\u00bb bg_repeat=\u00bbrepeat-y\u00bb bg_cover=\u00bbtrue\u00bb bg_attachment=\u00bbtrue\u00bb padding_top=\u00bb80&#8243; padding_bottom=\u00bb100&#8243; margin_top=\u00bb-51&#8243; margin_bottom=\u00bb0&#8243; parallax_speed=\u00bb0.3&#8243; enable_parallax=\u00bbfalse\u00bb padding_left=\u00bb40&#8243; padding_right=\u00bb40&#8243; bg_image=\u00bbhttp:\/\/viatgespoblenou.com\/wp-content\/uploads\/2014\/10\/parallax-01.jpg\u00bb][vc_column width=\u00bb2\/3&#8243; offset=\u00bbvc_col-lg-6 vc_col-md-8 vc_col-xs-12&#8243;][vc_column_text]<\/p>\n<h2>Introducing The7 WP theme!<\/h2>\n<p>[\/vc_column_text][vc_empty_space height=\u00bb40px\u00bb]<section id=\"benefits-grid-1\" class=\"benefits-grid wf-container benefits-style-one icons-bg accent-bg accent-hover-bg custom-icon-color custom-icon-hover-color\" data-width=\"230px\" data-columns=\"2\"><style type=\"text\/css\">#benefits-grid-1.icons-bg .benefits-grid-ico { height: 34px; line-height: 34px; width: 34px;-webkit-border-radius: 100px;-moz-border-radius: 100px;-ms-border-radius: 100px;-o-border-radius: 100px;border-radius: 100px; }#benefits-grid-1.icons-bg .benefits-grid-ico > .fa { font-size: 16px; line-height: 34px; }#benefits-grid-1.custom-icon-color .benefits-grid-ico > .fa,\n\t\t\t\t\t#benefits-grid-1.custom-icon-color .benefits-grid-ico > .fa:before { color: #ffffff; }#benefits-grid-1.custom-icon-hover-color a.benefits-grid-ico:hover > .fa,\n\t\t\t\t\t#benefits-grid-1.custom-icon-hover-color a.benefits-grid-ico:hover > .fa:before { color: #ffffff; -webkit-text-fill-color: #ffffff; }<\/style><div class=\"wf-cell\"><div><div class=\"text-big\"><div class=\"wf-table\"><div class=\"wf-td\"><span class=\"benefits-grid-ico\"><i class=\"fa fa-book\"><\/i><\/span><\/div><div class=\"wf-td\"><h4>DEPARTAMENTO ESTUDIANTES<\/h4><\/div><\/div><p style=\"text-align: justify;\">Viajes de fin de curso, organizados con \/ sin profesores, con \/ sin gu\u00eda acompa\u00f1ante, nacionales e internacionales, circuitos en autocar y tambi\u00e9n combinados con avi\u00f3n&#8230; Asesoramiento de cualquier aspecto del viaje, seguros, documentaci\u00f3n y tambi\u00e9n ayuda a la autofinanciaci\u00f3n de\u00a0los alumnos.<\/p>\n<\/div><\/div><\/div><div class=\"wf-cell\"><div><div class=\"text-big\"><div class=\"wf-table\"><div class=\"wf-td\"><span class=\"benefits-grid-ico\"><i class=\"fa fa-tree\"><\/i><\/span><\/div><div class=\"wf-td\"><h4>DEPARTAMENTO ESQU\u00cd<\/h4><\/div><\/div><p style=\"text-align: justify;\">Esquiadas desde 1 d\u00eda hasta el que necesit\u00e9is. Escuela de Esqu\u00ed propia con monitores dedicados exclusivamente a nuestros grupos, con \/ sin monitores de ocio, desplazamientos en autocar desde vuestro\u00a0centro hasta las pistas, hoteles a pie de pista&#8230;<\/p>\n<\/div><\/div><\/div><div class=\"wf-cell\"><div><div class=\"text-big\"><div class=\"wf-table\"><div class=\"wf-td\"><span class=\"benefits-grid-ico\"><i class=\"fa fa-futbol-o\"><\/i><\/span><\/div><div class=\"wf-td\"><h4>DEPARTAMENTO COLONIAS<\/h4><\/div><\/div><p style=\"text-align: justify;\">Estancias en los diferentes Centros de Playa. Ofrecemos una amplia variedad de programas de actividades y acompa\u00f1antes durante todo el d\u00eda: nuestros monitores especializados en cada una de las actividades.<\/p>\n<\/div><\/div><\/div><div class=\"wf-cell\"><div><div class=\"text-big\"><div class=\"wf-table\"><div class=\"wf-td\"><span class=\"benefits-grid-ico\"><i class=\"fa fa-bus\"><\/i><\/span><\/div><div class=\"wf-td\"><h4>DEPARTAMENTO JUBILADOS<\/h4><\/div><\/div><p style=\"text-align: justify;\">Circuitos organizados y estancias por toda Europa<\/p>\n<\/div><\/div><\/div><div class=\"wf-cell\"><div><div class=\"text-big\"><div class=\"wf-table\"><div class=\"wf-td\"><a href=\"http:\/\/themeforest.net\/user\/Dream-Theme\/portfolio?ref=Dream-Theme\" class=\"benefits-grid-ico\"><i class=\"fa fa-tablet\"><\/i><\/a><\/div><div class=\"wf-td\"><h4 class=\"benefit-title\"><a href=\"http:\/\/themeforest.net\/user\/Dream-Theme\/portfolio?ref=Dream-Theme\">Fully Responsive<\/a><\/h4><\/div><\/div><p>Integer vitae ante vitae mauris ipsum amos nulla massa sed pulvinar metus sed lorem ipsum vulputate turpis.<\/p>\n<\/div><\/div><\/div><div class=\"wf-cell\"><div><div class=\"text-big\"><div class=\"wf-table\"><div class=\"wf-td\"><a href=\"http:\/\/themeforest.net\/user\/Dream-Theme\/portfolio?ref=Dream-Theme\" class=\"benefits-grid-ico\"><i class=\"fa fa-refresh\"><\/i><\/a><\/div><div class=\"wf-td\"><h4 class=\"benefit-title\"><a href=\"http:\/\/themeforest.net\/user\/Dream-Theme\/portfolio?ref=Dream-Theme\">Regular Updates<\/a><\/h4><\/div><\/div><p>Lorem aute irure dolor adipisicing elit, sed do eiusmod tempor incididunt ut labore et dolore magna lorem nulla.<\/p>\n<\/div><\/div><\/div><\/section>[\/vc_column][\/vc_row][vc_row type=\u00bb5&#8243; bg_color=\u00bb#e0dedf\u00bb bg_position=\u00bbbottom\u00bb bg_repeat=\u00bbrepeat-y\u00bb bg_cover=\u00bbtrue\u00bb bg_attachment=\u00bbtrue\u00bb padding_top=\u00bb80&#8243; padding_bottom=\u00bb80&#8243; margin_top=\u00bb-1&#8243; margin_bottom=\u00bb0&#8243; parallax_speed=\u00bb0.3&#8243; bg_image=\u00bbhttp:\/\/viatgespoblenou.com\/wp-content\/uploads\/2014\/10\/parallax-02.jpg\u00bb enable_parallax=\u00bbfalse\u00bb padding_left=\u00bb40&#8243; padding_right=\u00bb40&#8243;][vc_column width=\u00bb3\/4&#8243; offset=\u00bbvc_col-lg-offset-6 vc_col-lg-6 vc_col-md-offset-4 vc_col-md-8 vc_col-sm-offset-3 vc_col-xs-12&#8243;][vc_column_text]<\/p>\n<h2>Core features of The7<\/h2>\n<p>[\/vc_column_text][vc_empty_space height=\u00bb30px\u00bb][vc_column_text]Nunc molestie dolor nec magna fermen atum in amet pharetra orci mollis tempor from diam elit. Praesent magna fortis metus, conse quat conse actetur viverra nec, convallis et lacus.<\/p>\n<p>Aenean tempor tincidunt odio auis volutpat sollicit ludin ante acotios hendre doloris estibulum in tempus lorem.\u00a0Maecenas sit amet tincidunt elit. Pellentesque habitant morbi tristique senectus et netus et malesuada fames ac turpis egestas. Nulla facilisi. Nulla facilisi. Pellentesque habitant morbi tristique senectus et netus.[\/vc_column_text][vc_empty_space height=\u00bb30px\u00bb][vc_row_inner][vc_column_inner width=\u00bb1\/2&#8243;]<div class=\"standard-arrow\"><ul>\n<li>Lorem ipsum dolor<\/li>\n<li>Sitios amet for glavrida<\/li>\n<li>Amet null vitae ante vitae lorem<\/li>\n<li>Maecenas sit amet tincidunt elit<\/li>\n<\/ul>\n<\/div>[\/vc_column_inner][vc_column_inner width=\u00bb1\/2&#8243;]<div class=\"standard-arrow\"><ul>\n<li>Glavrida lorem ipsum dolor<\/li>\n<li>Numm to\u00a0amet for glavrida<\/li>\n<li>Loren\u00a0null vitae ante vitae lorem<\/li>\n<li>Dolor amets sit amet tincidunt elit<\/li>\n<\/ul>\n<\/div>[\/vc_column_inner][\/vc_row_inner][\/vc_column][\/vc_row][vc_row type=\u00bb4&#8243; bg_color=\u00bb#030308&#8243; bg_position=\u00bbbottom\u00bb bg_repeat=\u00bbrepeat-y\u00bb bg_cover=\u00bbtrue\u00bb bg_attachment=\u00bbtrue\u00bb padding_top=\u00bb80&#8243; padding_bottom=\u00bb90&#8243; margin_top=\u00bb-1&#8243; margin_bottom=\u00bb0&#8243; parallax_speed=\u00bb0.3&#8243; bg_image=\u00bbhttp:\/\/viatgespoblenou.com\/wp-content\/uploads\/2014\/10\/parallax-03.jpg\u00bb enable_parallax=\u00bbfalse\u00bb padding_left=\u00bb40&#8243; padding_right=\u00bb40&#8243;][vc_column width=\u00bb3\/4&#8243; offset=\u00bbvc_col-lg-6 vc_col-md-8 vc_col-xs-12&#8243;][vc_column_text]<\/p>\n<h2>What our clients say<\/h2>\n<p>[\/vc_column_text][vc_empty_space height=\u00bb30px\u00bb][vc_column_text]Maecenas sit amet tincidunt elit. Pellentesque habitant morbi tristique senectus et netus et malesuada fames ac turpis egestas. Nulla facilisi. Nulla facilisi. Pellentesque habitant morbi tristique senectus![\/vc_column_text][vc_empty_space height=\u00bb40px\u00bb]<section class=\"testimonial-item testimonial-item-slider\"><ul class=\"testimonials slider-content rsCont\">\n<li><article>\n\t<div class=\"testimonial-content\"><p>Lorem ipsum nec magna orci mollis sit amet odio eu amet mauris ornare dapibus. Morbi pellen tesque vehicula nisi. Nam enim felis apibus egetras consec tetur augue emassa auctort id glavico to amet molestie lorem pulvinar odio eulos amet mauris ornare dapibus.<\/p>\n<\/div>\n\t<div class=\"testimonial-vcard\"><div class=\"wf-td\"><span class=\"alignleft no-avatar\"><\/span><\/div><div class=\"wf-td\"><span class=\"text-primary\">Diana Richards<\/span><br \/><span class=\"text-secondary color-secondary\">manager<\/span><\/div><\/div>\n<\/article>\n<\/li><li><article>\n\t<div class=\"testimonial-content\"><p>Dolor cursus, enim et libero molestie ante, ut fringilla purus eros quis ipsum. Aliquam bibendum, est a semper enim et luctus hendre ritnisl libero molestie lectus. Cras justo non justo venenatis element.<\/p>\n<\/div>\n\t<div class=\"testimonial-vcard\"><div class=\"wf-td\"><span class=\"alignleft no-avatar\"><\/span><\/div><div class=\"wf-td\"><span class=\"text-primary\">Anna White<\/span><br \/><span class=\"text-secondary color-secondary\">loyal client<\/span><\/div><\/div>\n<\/article>\n<\/li><li><article>\n\t<div class=\"testimonial-content\"><p>Lorem enim et luctus ut fringilla purus eros quis ipsum. Aliquam bibendum, est a semper malesuada enim et luctus hendre ritnisl libero molestie lectus. Cras justo non justo element sed dui metus. Ut lobortis nisl at semper tellus tincidunt lorem.<\/p>\n<\/div>\n\t<div class=\"testimonial-vcard\"><div class=\"wf-td\"><span class=\"alignleft no-avatar\"><\/span><\/div><div class=\"wf-td\"><span class=\"text-primary\">Jacob Firebird<\/span><br \/><span class=\"text-secondary color-secondary\">happy client<\/span><\/div><\/div>\n<\/article>\n<\/li><li><article>\n\t<div class=\"testimonial-content\"><p>Mauris id vestibulum massa elis nisl, tincidunt eget volutpat quis, porta sit amet est. Pellen tesque solli citudin velit vel molestie.<\/p>\n<\/div>\n\t<div class=\"testimonial-vcard\"><div class=\"wf-td\"><a href=\"http:\/\/themeforest.net\/user\/Dream-Theme\" class=\"rollover\" target=\"_blank\"><span class=\"alignleft no-avatar\"><\/span><\/a><\/div><div class=\"wf-td\"><a href=\"http:\/\/themeforest.net\/user\/Dream-Theme\" class=\"text-primary\" target=\"_blank\"><span>George Green<\/span><\/a><br \/><span class=\"text-secondary color-secondary\">web designer<\/span><\/div><\/div>\n<\/article>\n<\/li><li><article>\n\t<div class=\"testimonial-content\"><p>Lorem asuis et aliquet mi. Morbi ac felis quis enim rhoncus venenatis. Praesent pellen tesque a arcu ut eleifend. Nam ac velit quis ante varius placerat.<\/p>\n<\/div>\n\t<div class=\"testimonial-vcard\"><div class=\"wf-td\"><span class=\"alignleft no-avatar\"><\/span><\/div><div class=\"wf-td\"><span class=\"text-primary\">Stefan Sweet<\/span><br \/><span class=\"text-secondary color-secondary\">happy client<\/span><\/div><\/div>\n<\/article>\n<\/li><li><article>\n\t<div class=\"testimonial-content\"><p>Vursus, enim et luctus hendre. Cras justo non justo venenatis element sed dui metus. Ut lobortis nisl at semper tellus tincida lorem ipsum dolor amet.<\/p>\n<\/div>\n\t<div class=\"testimonial-vcard\"><div class=\"wf-td\"><a href=\"http:\/\/themeforest.net\/user\/Dream-Theme\" class=\"rollover\" target=\"_blank\"><span class=\"alignleft no-avatar\"><\/span><\/a><\/div><div class=\"wf-td\"><a href=\"http:\/\/themeforest.net\/user\/Dream-Theme\" class=\"text-primary\" target=\"_blank\"><span>Miriam Orange<\/span><\/a><br \/><span class=\"text-secondary color-secondary\">photographer<\/span><\/div><\/div>\n<\/article>\n<\/li><li><article>\n\t<div class=\"testimonial-content\"><p>Lorem ipsum nec magna fermentum in pharetra orci mollis sit amet odio eu amet mauris ornare dapibus. Morbi pellen tesque vehicula nisi.<\/p>\n<\/div>\n\t<div class=\"testimonial-vcard\"><div class=\"wf-td\"><span class=\"alignleft no-avatar\"><\/span><\/div><div class=\"wf-td\"><span class=\"text-primary\">Alex Violet<\/span><br \/><span class=\"text-secondary color-secondary\">happy customer<\/span><\/div><\/div>\n<\/article>\n<\/li><\/ul>\n<\/section>[\/vc_column][\/vc_row][vc_row type=\u00bb5&#8243; bg_color=\u00bb#dadfe2&#8243; bg_position=\u00bbbottom\u00bb bg_repeat=\u00bbrepeat-y\u00bb bg_cover=\u00bbtrue\u00bb bg_attachment=\u00bbtrue\u00bb padding_top=\u00bb80&#8243; padding_bottom=\u00bb90&#8243; margin_top=\u00bb0&#8243; margin_bottom=\u00bb-51&#8243; parallax_speed=\u00bb0.3&#8243; enable_parallax=\u00bbfalse\u00bb padding_left=\u00bb40&#8243; padding_right=\u00bb40&#8243; bg_image=\u00bbhttp:\/\/viatgespoblenou.com\/wp-content\/uploads\/2014\/10\/parallax-04.jpg\u00bb][vc_column width=\u00bb3\/4&#8243; offset=\u00bbvc_col-lg-offset-6 vc_col-lg-6 vc_col-md-offset-4 vc_col-md-8 vc_col-sm-offset-3 vc_col-xs-12&#8243;][vc_column_text]<\/p>\n<h2>Featured Projects<\/h2>\n<p>[\/vc_column_text][vc_empty_space height=\u00bb30px\u00bb][vc_column_text]Aenean tempor tincidunt odio auis volutpat sollicit dolor nec magna fermen atum in amet pharetra\u00a0ludin ante acotios hendre doloris estibulum in tempus lorem.\u00a0Maecenas sit amet tincidunt elit![\/vc_column_text][vc_empty_space height=\u00bb40px\u00bb][vc_empty_space height=\u00bb40px\u00bb][vc_column_text css=\u00bb.vc_custom_1414177706849{padding-left: 10px !important;}\u00bb]<\/p>\n<p style=\"text-align: center;\"><a href=\"http:\/\/themeforest.net\/user\/Dream-Theme\/portfolio\" class=\"dt-btn-m dt-btn\" target=\"_blank\"><i class=\"fa fa-desktop\"><\/i>Full portfolio<\/a><a href=\"http:\/\/themeforest.net\/user\/Dream-Theme\" class=\"dt-btn-m dt-btn\" target=\"_blank\"><i class=\"fa fa-phone-square\"><\/i>Work with us<\/a><\/p>\n<p>[\/vc_column_text][\/vc_column][\/vc_row]<\/p>\n<\/section>","protected":false},"excerpt":{"rendered":"<p>[vc_row type=\u00bb4&#8243; bg_color=\u00bb#020202&#8243; bg_position=\u00bbbottom\u00bb bg_repeat=\u00bbrepeat-y\u00bb bg_cover=\u00bbtrue\u00bb bg_attachment=\u00bbtrue\u00bb padding_top=\u00bb80&#8243; padding_bottom=\u00bb100&#8243; margin_top=\u00bb-51&#8243; margin_bottom=\u00bb0&#8243; parallax_speed=\u00bb0.3&#8243; enable_parallax=\u00bbfalse\u00bb padding_left=\u00bb40&#8243; padding_right=\u00bb40&#8243; bg_image=\u00bbhttp:\/\/viatgespoblenou.com\/wp-content\/uploads\/2014\/10\/parallax-01.jpg\u00bb][vc_column width=\u00bb2\/3&#8243; offset=\u00bbvc_col-lg-6 vc_col-md-8 vc_col-xs-12&#8243;][vc_column_text] Introducing The7 WP theme! [\/vc_column_text][vc_empty_space height=\u00bb40px\u00bb][\/vc_column][\/vc_row][vc_row type=\u00bb5&#8243; bg_color=\u00bb#e0dedf\u00bb bg_position=\u00bbbottom\u00bb bg_repeat=\u00bbrepeat-y\u00bb bg_cover=\u00bbtrue\u00bb bg_attachment=\u00bbtrue\u00bb padding_top=\u00bb80&#8243; padding_bottom=\u00bb80&#8243; margin_top=\u00bb-1&#8243; margin_bottom=\u00bb0&#8243; parallax_speed=\u00bb0.3&#8243; bg_image=\u00bbhttp:\/\/viatgespoblenou.com\/wp-content\/uploads\/2014\/10\/parallax-02.jpg\u00bb enable_parallax=\u00bbfalse\u00bb padding_left=\u00bb40&#8243; padding_right=\u00bb40&#8243;][vc_column width=\u00bb3\/4&#8243; offset=\u00bbvc_col-lg-offset-6 vc_col-lg-6 vc_col-md-offset-4 vc_col-md-8 vc_col-sm-offset-3 vc_col-xs-12&#8243;][vc_column_text] Core features of The7 [\/vc_column_text][vc_empty_space height=\u00bb30px\u00bb][vc_column_text]Nunc molestie&hellip;<\/p>\n","protected":false},"author":1,"featured_media":0,"parent":30263,"menu_order":10,"comment_status":"closed","ping_status":"closed","template":"","meta":[],"yoast_head":"<!-- This site is optimized with the Yoast SEO plugin v19.7.1 - https:\/\/yoast.com\/wordpress\/plugins\/seo\/ -->\n<title>1. Parallax - viatgespoblenou<\/title>\n<meta name=\"robots\" content=\"index, follow, max-snippet:-1, max-image-preview:large, max-video-preview:-1\" \/>\n<link rel=\"canonical\" href=\"http:\/\/viatgespoblenou.com\/home\/parallax\/1-parallax\/\" \/>\n<meta property=\"og:locale\" content=\"es_ES\" \/>\n<meta property=\"og:type\" content=\"article\" \/>\n<meta property=\"og:title\" content=\"1. Parallax - viatgespoblenou\" \/>\n<meta property=\"og:description\" content=\"[vc_row type=\u00bb4&#8243; bg_color=\u00bb#020202&#8243; bg_position=\u00bbbottom\u00bb bg_repeat=\u00bbrepeat-y\u00bb bg_cover=\u00bbtrue\u00bb bg_attachment=\u00bbtrue\u00bb padding_top=\u00bb80&#8243; padding_bottom=\u00bb100&#8243; margin_top=\u00bb-51&#8243; margin_bottom=\u00bb0&#8243; parallax_speed=\u00bb0.3&#8243; enable_parallax=\u00bbfalse\u00bb padding_left=\u00bb40&#8243; padding_right=\u00bb40&#8243; bg_image=\u00bbhttp:\/\/viatgespoblenou.com\/wp-content\/uploads\/2014\/10\/parallax-01.jpg\u00bb][vc_column width=\u00bb2\/3&#8243; offset=\u00bbvc_col-lg-6 vc_col-md-8 vc_col-xs-12&#8243;][vc_column_text] Introducing The7 WP theme! [\/vc_column_text][vc_empty_space height=\u00bb40px\u00bb][\/vc_column][\/vc_row][vc_row type=\u00bb5&#8243; bg_color=\u00bb#e0dedf\u00bb bg_position=\u00bbbottom\u00bb bg_repeat=\u00bbrepeat-y\u00bb bg_cover=\u00bbtrue\u00bb bg_attachment=\u00bbtrue\u00bb padding_top=\u00bb80&#8243; padding_bottom=\u00bb80&#8243; margin_top=\u00bb-1&#8243; margin_bottom=\u00bb0&#8243; parallax_speed=\u00bb0.3&#8243; bg_image=\u00bbhttp:\/\/viatgespoblenou.com\/wp-content\/uploads\/2014\/10\/parallax-02.jpg\u00bb enable_parallax=\u00bbfalse\u00bb padding_left=\u00bb40&#8243; padding_right=\u00bb40&#8243;][vc_column width=\u00bb3\/4&#8243; offset=\u00bbvc_col-lg-offset-6 vc_col-lg-6 vc_col-md-offset-4 vc_col-md-8 vc_col-sm-offset-3 vc_col-xs-12&#8243;][vc_column_text] Core features of The7 [\/vc_column_text][vc_empty_space height=\u00bb30px\u00bb][vc_column_text]Nunc molestie&hellip;\" \/>\n<meta property=\"og:url\" content=\"http:\/\/viatgespoblenou.com\/home\/parallax\/1-parallax\/\" \/>\n<meta property=\"og:site_name\" content=\"viatgespoblenou\" \/>\n<meta property=\"article:publisher\" content=\"https:\/\/es-la.facebook.com\/people\/Viatges-Poblenou\/100001670703933\" \/>\n<meta name=\"twitter:card\" content=\"summary\" \/>\n<meta name=\"twitter:label1\" content=\"Tiempo de lectura\" \/>\n\t<meta name=\"twitter:data1\" content=\"4 minutos\" \/>\n<script type=\"application\/ld+json\" class=\"yoast-schema-graph\">{\"@context\":\"https:\/\/schema.org\",\"@graph\":[{\"@type\":\"WebPage\",\"@id\":\"http:\/\/viatgespoblenou.com\/home\/parallax\/1-parallax\/\",\"url\":\"http:\/\/viatgespoblenou.com\/home\/parallax\/1-parallax\/\",\"name\":\"1. Parallax - viatgespoblenou\",\"isPartOf\":{\"@id\":\"http:\/\/viatgespoblenou.com\/#website\"},\"datePublished\":\"2014-10-22T08:32:21+00:00\",\"dateModified\":\"2014-10-22T08:32:21+00:00\",\"breadcrumb\":{\"@id\":\"http:\/\/viatgespoblenou.com\/home\/parallax\/1-parallax\/#breadcrumb\"},\"inLanguage\":\"es\",\"potentialAction\":[{\"@type\":\"ReadAction\",\"target\":[\"http:\/\/viatgespoblenou.com\/home\/parallax\/1-parallax\/\"]}]},{\"@type\":\"BreadcrumbList\",\"@id\":\"http:\/\/viatgespoblenou.com\/home\/parallax\/1-parallax\/#breadcrumb\",\"itemListElement\":[{\"@type\":\"ListItem\",\"position\":1,\"name\":\"Home\",\"item\":\"http:\/\/viatgespoblenou.com\/\"},{\"@type\":\"ListItem\",\"position\":2,\"name\":\"Home\",\"item\":\"http:\/\/viatgespoblenou.com\/home\/\"},{\"@type\":\"ListItem\",\"position\":3,\"name\":\"Parallax\",\"item\":\"http:\/\/viatgespoblenou.com\/home\/parallax\/\"},{\"@type\":\"ListItem\",\"position\":4,\"name\":\"1. Parallax\"}]},{\"@type\":\"WebSite\",\"@id\":\"http:\/\/viatgespoblenou.com\/#website\",\"url\":\"http:\/\/viatgespoblenou.com\/\",\"name\":\"viatgespoblenou\",\"description\":\"\",\"potentialAction\":[{\"@type\":\"SearchAction\",\"target\":{\"@type\":\"EntryPoint\",\"urlTemplate\":\"http:\/\/viatgespoblenou.com\/?s={search_term_string}\"},\"query-input\":\"required name=search_term_string\"}],\"inLanguage\":\"es\"}]}<\/script>\n<!-- \/ Yoast SEO plugin. -->","yoast_head_json":{"title":"1. Parallax - viatgespoblenou","robots":{"index":"index","follow":"follow","max-snippet":"max-snippet:-1","max-image-preview":"max-image-preview:large","max-video-preview":"max-video-preview:-1"},"canonical":"http:\/\/viatgespoblenou.com\/home\/parallax\/1-parallax\/","og_locale":"es_ES","og_type":"article","og_title":"1. Parallax - viatgespoblenou","og_description":"[vc_row type=\u00bb4&#8243; bg_color=\u00bb#020202&#8243; bg_position=\u00bbbottom\u00bb bg_repeat=\u00bbrepeat-y\u00bb bg_cover=\u00bbtrue\u00bb bg_attachment=\u00bbtrue\u00bb padding_top=\u00bb80&#8243; padding_bottom=\u00bb100&#8243; margin_top=\u00bb-51&#8243; margin_bottom=\u00bb0&#8243; parallax_speed=\u00bb0.3&#8243; enable_parallax=\u00bbfalse\u00bb padding_left=\u00bb40&#8243; padding_right=\u00bb40&#8243; bg_image=\u00bbhttp:\/\/viatgespoblenou.com\/wp-content\/uploads\/2014\/10\/parallax-01.jpg\u00bb][vc_column width=\u00bb2\/3&#8243; offset=\u00bbvc_col-lg-6 vc_col-md-8 vc_col-xs-12&#8243;][vc_column_text] Introducing The7 WP theme! [\/vc_column_text][vc_empty_space height=\u00bb40px\u00bb][\/vc_column][\/vc_row][vc_row type=\u00bb5&#8243; bg_color=\u00bb#e0dedf\u00bb bg_position=\u00bbbottom\u00bb bg_repeat=\u00bbrepeat-y\u00bb bg_cover=\u00bbtrue\u00bb bg_attachment=\u00bbtrue\u00bb padding_top=\u00bb80&#8243; padding_bottom=\u00bb80&#8243; margin_top=\u00bb-1&#8243; margin_bottom=\u00bb0&#8243; parallax_speed=\u00bb0.3&#8243; bg_image=\u00bbhttp:\/\/viatgespoblenou.com\/wp-content\/uploads\/2014\/10\/parallax-02.jpg\u00bb enable_parallax=\u00bbfalse\u00bb padding_left=\u00bb40&#8243; padding_right=\u00bb40&#8243;][vc_column width=\u00bb3\/4&#8243; offset=\u00bbvc_col-lg-offset-6 vc_col-lg-6 vc_col-md-offset-4 vc_col-md-8 vc_col-sm-offset-3 vc_col-xs-12&#8243;][vc_column_text] Core features of The7 [\/vc_column_text][vc_empty_space height=\u00bb30px\u00bb][vc_column_text]Nunc molestie&hellip;","og_url":"http:\/\/viatgespoblenou.com\/home\/parallax\/1-parallax\/","og_site_name":"viatgespoblenou","article_publisher":"https:\/\/es-la.facebook.com\/people\/Viatges-Poblenou\/100001670703933","twitter_card":"summary","twitter_misc":{"Tiempo de lectura":"4 minutos"},"schema":{"@context":"https:\/\/schema.org","@graph":[{"@type":"WebPage","@id":"http:\/\/viatgespoblenou.com\/home\/parallax\/1-parallax\/","url":"http:\/\/viatgespoblenou.com\/home\/parallax\/1-parallax\/","name":"1. Parallax - viatgespoblenou","isPartOf":{"@id":"http:\/\/viatgespoblenou.com\/#website"},"datePublished":"2014-10-22T08:32:21+00:00","dateModified":"2014-10-22T08:32:21+00:00","breadcrumb":{"@id":"http:\/\/viatgespoblenou.com\/home\/parallax\/1-parallax\/#breadcrumb"},"inLanguage":"es","potentialAction":[{"@type":"ReadAction","target":["http:\/\/viatgespoblenou.com\/home\/parallax\/1-parallax\/"]}]},{"@type":"BreadcrumbList","@id":"http:\/\/viatgespoblenou.com\/home\/parallax\/1-parallax\/#breadcrumb","itemListElement":[{"@type":"ListItem","position":1,"name":"Home","item":"http:\/\/viatgespoblenou.com\/"},{"@type":"ListItem","position":2,"name":"Home","item":"http:\/\/viatgespoblenou.com\/home\/"},{"@type":"ListItem","position":3,"name":"Parallax","item":"http:\/\/viatgespoblenou.com\/home\/parallax\/"},{"@type":"ListItem","position":4,"name":"1. Parallax"}]},{"@type":"WebSite","@id":"http:\/\/viatgespoblenou.com\/#website","url":"http:\/\/viatgespoblenou.com\/","name":"viatgespoblenou","description":"","potentialAction":[{"@type":"SearchAction","target":{"@type":"EntryPoint","urlTemplate":"http:\/\/viatgespoblenou.com\/?s={search_term_string}"},"query-input":"required name=search_term_string"}],"inLanguage":"es"}]}},"_links":{"self":[{"href":"http:\/\/viatgespoblenou.com\/es\/wp-json\/wp\/v2\/pages\/30265"}],"collection":[{"href":"http:\/\/viatgespoblenou.com\/es\/wp-json\/wp\/v2\/pages"}],"about":[{"href":"http:\/\/viatgespoblenou.com\/es\/wp-json\/wp\/v2\/types\/page"}],"author":[{"embeddable":true,"href":"http:\/\/viatgespoblenou.com\/es\/wp-json\/wp\/v2\/users\/1"}],"replies":[{"embeddable":true,"href":"http:\/\/viatgespoblenou.com\/es\/wp-json\/wp\/v2\/comments?post=30265"}],"version-history":[{"count":0,"href":"http:\/\/viatgespoblenou.com\/es\/wp-json\/wp\/v2\/pages\/30265\/revisions"}],"up":[{"embeddable":true,"href":"http:\/\/viatgespoblenou.com\/es\/wp-json\/wp\/v2\/pages\/30263"}],"wp:attachment":[{"href":"http:\/\/viatgespoblenou.com\/es\/wp-json\/wp\/v2\/media?parent=30265"}],"curies":[{"name":"wp","href":"https:\/\/api.w.org\/{rel}","templated":true}]}}