{"id":30260,"date":"2014-10-22T08:30:57","date_gmt":"2014-10-22T08:30:57","guid":{"rendered":"http:\/\/the7.dream-demo.com\/?page_id=30260"},"modified":"2022-10-06T17:08:21","modified_gmt":"2022-10-06T17:08:21","slug":"viatges-poblenou","status":"publish","type":"page","link":"http:\/\/viatgespoblenou.com\/es\/","title":{"rendered":"Viatges poblenou"},"content":{"rendered":"<section class=\"wpb-content-wrapper\"><p>[vc_row][vc_column][vc_empty_space height=\u00bb40px\u00bb][\/vc_column][\/vc_row][vc_row][vc_column width=\u00bb1\/3&#8243;][vc_single_image image=\u00bb36532&#8243; img_size=\u00bbfull\u00bb alignment=\u00bbcenter\u00bb][vc_column_text]<\/p>\n<h6 style=\"text-align: center;\"><strong>Esqu\u00ed escolar<\/strong><\/h6>\n<p>Somos \u00fanicos en todo el Estado. Con nuestro sistema de trabajo, nuestros monitores de esqu\u00ed Skiboom y los monitores de ocio est\u00e1n con los alumnos<\/p>\n<p><a href=\"http:\/\/viatgespoblenou.com\/es\/esqui-escolar-la-nostra-escola-desqui-i-sistema-de-treball\/\">Ver m\u00e1s<\/a>[\/vc_column_text][\/vc_column][vc_column width=\u00bb1\/3&#8243;][vc_single_image image=\u00bb36531&#8243; img_size=\u00bbfull\u00bb alignment=\u00bbcenter\u00bb][vc_column_text]<\/p>\n<h6 style=\"text-align: center;\"><strong>Fin de curso \u2013 Carrera<\/strong><\/h6>\n<p>Nos diferenciamos por la alta calidad y los servicios complementarios, como nuestro gu\u00eda acompa\u00f1ante de viaje.<\/p>\n<p><a href=\"http:\/\/viatgespoblenou.com\/es\/fi-de-curs\/\">Ver m\u00e1s<\/a>[\/vc_column_text][\/vc_column][vc_column width=\u00bb1\/3&#8243;][vc_single_image image=\u00bb36891&#8243; img_size=\u00bbfull\u00bb alignment=\u00bbcenter\u00bb][vc_column_text]<\/p>\n<h6 style=\"text-align: center;\"><strong>Colonias<\/strong><\/h6>\n<p>Contamos con un excelente equipo de apoyo, formado por gu\u00edas acompa\u00f1antes, monitores de tiempo libre 100% dedicados a los alumnos y los profesores.<\/p>\n<p><a href=\"http:\/\/viatgespoblenou.com\/es\/colonies-bloc\/\">Ver m\u00e1s<\/a>[\/vc_column_text][\/vc_column][\/vc_row][vc_row][vc_column][vc_empty_space height=\u00bb20px\u00bb]<div class=\"hr-thin style-line\" style=\"width: 100%;\"><\/div>[vc_column_text css_animation=\u00bbfadeInLeft\u00bb css=\u00bb.vc_custom_1631724589255{padding-right: 20px !important;padding-left: 20px !important;}\u00bb]<\/p>\n<h1 style=\"text-align: center;\">Cat\u00e1logo 2022 \/ 2023<\/h1>\n<p>[\/vc_column_text][vc_row_inner][vc_column_inner width=\u00bb1\/2&#8243;][vc_single_image image=\u00bb39652&#8243; img_size=\u00bbmedium\u00bb alignment=\u00bbcenter\u00bb onclick=\u00bbcustom_link\u00bb img_link_target=\u00bb_blank\u00bb link=\u00bbhttp:\/\/viatgespoblenou.com\/wp-content\/uploads\/2022\/09\/VPN-CATA\u0300LEG-FI-DE-CURS-22_23.pdf\u00bb][\/vc_column_inner][vc_column_inner width=\u00bb1\/2&#8243;][vc_single_image image=\u00bb39653&#8243; img_size=\u00bbmedium\u00bb alignment=\u00bbcenter\u00bb onclick=\u00bbcustom_link\u00bb img_link_target=\u00bb_blank\u00bb link=\u00bbhttp:\/\/viatgespoblenou.com\/wp-content\/uploads\/2022\/09\/VPN-CATALEG-Esqui-Colonies-22.pdf\u00bb][\/vc_column_inner][\/vc_row_inner][vc_empty_space height=\u00bb40px\u00bb][\/vc_column][\/vc_row][vc_row][vc_column]<div class=\"hr-thin style-line\" style=\"width: 100%;\"><\/div>[vc_column_text css_animation=\u00bbfadeInLeft\u00bb]<\/p>\n<h1 style=\"text-align: center;\">Nuestro grupo<\/h1>\n<p>[\/vc_column_text][vc_empty_space height=\u00bb50px\u00bb][\/vc_column][\/vc_row][vc_row][vc_column width=\u00bb1\/6&#8243;][vc_single_image image=\u00bb37587&#8243; img_size=\u00bbfull\u00bb alignment=\u00bbcenter\u00bb][\/vc_column][vc_column width=\u00bb1\/6&#8243;][vc_single_image image=\u00bb37583&#8243; img_size=\u00bbfull\u00bb alignment=\u00bbcenter\u00bb][\/vc_column][vc_column width=\u00bb1\/6&#8243;][vc_single_image image=\u00bb37584&#8243; img_size=\u00bbfull\u00bb alignment=\u00bbcenter\u00bb][\/vc_column][vc_column width=\u00bb1\/6&#8243;][vc_single_image image=\u00bb37585&#8243; img_size=\u00bbfull\u00bb alignment=\u00bbcenter\u00bb][\/vc_column][vc_column width=\u00bb1\/6&#8243;][vc_single_image image=\u00bb37588&#8243; img_size=\u00bbfull\u00bb alignment=\u00bbcenter\u00bb][\/vc_column][vc_column width=\u00bb1\/6&#8243;][vc_column_text]<br \/>\n[\/vc_column_text][\/vc_column][\/vc_row]<\/p>\n<\/section>","protected":false},"excerpt":{"rendered":"<p>[vc_row][vc_column][vc_empty_space height=\u00bb40px\u00bb][\/vc_column][\/vc_row][vc_row][vc_column width=\u00bb1\/3&#8243;][vc_single_image image=\u00bb36532&#8243; img_size=\u00bbfull\u00bb alignment=\u00bbcenter\u00bb][vc_column_text] Esqu\u00ed escolar Somos \u00fanicos en todo el Estado. Con nuestro sistema de trabajo, nuestros monitores de esqu\u00ed Skiboom y los monitores de ocio est\u00e1n con los alumnos Ver m\u00e1s[\/vc_column_text][\/vc_column][vc_column width=\u00bb1\/3&#8243;][vc_single_image image=\u00bb36531&#8243; img_size=\u00bbfull\u00bb alignment=\u00bbcenter\u00bb][vc_column_text] Fin de curso \u2013 Carrera Nos diferenciamos por la alta calidad y los servicios complementarios, como&hellip;<\/p>\n","protected":false},"author":1,"featured_media":0,"parent":30253,"menu_order":10,"comment_status":"closed","ping_status":"closed","template":"","meta":[],"yoast_head":"<!-- This site is optimized with the Yoast SEO plugin v19.7.1 - https:\/\/yoast.com\/wordpress\/plugins\/seo\/ -->\n<title>Viatges poblenou - viatgespoblenou<\/title>\n<meta name=\"description\" content=\"(Catal\u00e0) Viatges Poblenou. Ag\u00e8ncia de viatges especialitzada en viatges per grups escolars i de la tercera edat.\" \/>\n<meta name=\"robots\" content=\"index, follow, max-snippet:-1, max-image-preview:large, max-video-preview:-1\" \/>\n<link rel=\"canonical\" href=\"http:\/\/viatgespoblenou.com\/\" \/>\n<meta property=\"og:locale\" content=\"es_ES\" \/>\n<meta property=\"og:type\" content=\"article\" \/>\n<meta property=\"og:title\" content=\"Viatges poblenou - viatgespoblenou\" \/>\n<meta property=\"og:description\" content=\"{:ca}Viatges Poblenou. Ag\u00e8ncia de viatges especialitzada en viatges per grups escolars i de la tercera edat. {:}\" \/>\n<meta property=\"og:url\" content=\"http:\/\/viatgespoblenou.com\/\" \/>\n<meta property=\"og:site_name\" content=\"viatgespoblenou\" \/>\n<meta property=\"article:publisher\" content=\"https:\/\/es-la.facebook.com\/people\/Viatges-Poblenou\/100001670703933\" \/>\n<meta property=\"article:modified_time\" content=\"2022-10-06T17:08:21+00:00\" \/>\n<meta name=\"twitter:card\" content=\"summary\" \/>\n<meta name=\"twitter:label1\" content=\"Tiempo de lectura\" \/>\n\t<meta name=\"twitter:data1\" content=\"2 minutos\" \/>\n<script type=\"application\/ld+json\" class=\"yoast-schema-graph\">{\"@context\":\"https:\/\/schema.org\",\"@graph\":[{\"@type\":\"WebPage\",\"@id\":\"http:\/\/viatgespoblenou.com\/\",\"url\":\"http:\/\/viatgespoblenou.com\/\",\"name\":\"Viatges poblenou - viatgespoblenou\",\"isPartOf\":{\"@id\":\"http:\/\/viatgespoblenou.com\/#website\"},\"datePublished\":\"2014-10-22T08:30:57+00:00\",\"dateModified\":\"2022-10-06T17:08:21+00:00\",\"description\":\"{:ca}Viatges Poblenou. Ag\u00e8ncia de viatges especialitzada en viatges per grups escolars i de la tercera edat. {:}\",\"breadcrumb\":{\"@id\":\"http:\/\/viatgespoblenou.com\/#breadcrumb\"},\"inLanguage\":\"es\",\"potentialAction\":[{\"@type\":\"ReadAction\",\"target\":[\"http:\/\/viatgespoblenou.com\/\"]}]},{\"@type\":\"BreadcrumbList\",\"@id\":\"http:\/\/viatgespoblenou.com\/#breadcrumb\",\"itemListElement\":[{\"@type\":\"ListItem\",\"position\":1,\"name\":\"Home\",\"item\":\"http:\/\/viatgespoblenou.com\/\"},{\"@type\":\"ListItem\",\"position\":2,\"name\":\"Home\",\"item\":\"http:\/\/viatgespoblenou.com\/home\/\"},{\"@type\":\"ListItem\",\"position\":3,\"name\":\"Presentation\",\"item\":\"http:\/\/viatgespoblenou.com\/home\/presentation\/\"},{\"@type\":\"ListItem\",\"position\":4,\"name\":\"Viatges poblenou\"}]},{\"@type\":\"WebSite\",\"@id\":\"http:\/\/viatgespoblenou.com\/#website\",\"url\":\"http:\/\/viatgespoblenou.com\/\",\"name\":\"viatgespoblenou\",\"description\":\"\",\"potentialAction\":[{\"@type\":\"SearchAction\",\"target\":{\"@type\":\"EntryPoint\",\"urlTemplate\":\"http:\/\/viatgespoblenou.com\/?s={search_term_string}\"},\"query-input\":\"required name=search_term_string\"}],\"inLanguage\":\"es\"}]}<\/script>\n<!-- \/ Yoast SEO plugin. -->","yoast_head_json":{"title":"Viatges poblenou - viatgespoblenou","description":"(Catal\u00e0) Viatges Poblenou. Ag\u00e8ncia de viatges especialitzada en viatges per grups escolars i de la tercera edat.","robots":{"index":"index","follow":"follow","max-snippet":"max-snippet:-1","max-image-preview":"max-image-preview:large","max-video-preview":"max-video-preview:-1"},"canonical":"http:\/\/viatgespoblenou.com\/","og_locale":"es_ES","og_type":"article","og_title":"Viatges poblenou - viatgespoblenou","og_description":"{:ca}Viatges Poblenou. Ag\u00e8ncia de viatges especialitzada en viatges per grups escolars i de la tercera edat. {:}","og_url":"http:\/\/viatgespoblenou.com\/","og_site_name":"viatgespoblenou","article_publisher":"https:\/\/es-la.facebook.com\/people\/Viatges-Poblenou\/100001670703933","article_modified_time":"2022-10-06T17:08:21+00:00","twitter_card":"summary","twitter_misc":{"Tiempo de lectura":"2 minutos"},"schema":{"@context":"https:\/\/schema.org","@graph":[{"@type":"WebPage","@id":"http:\/\/viatgespoblenou.com\/","url":"http:\/\/viatgespoblenou.com\/","name":"Viatges poblenou - viatgespoblenou","isPartOf":{"@id":"http:\/\/viatgespoblenou.com\/#website"},"datePublished":"2014-10-22T08:30:57+00:00","dateModified":"2022-10-06T17:08:21+00:00","description":"{:ca}Viatges Poblenou. Ag\u00e8ncia de viatges especialitzada en viatges per grups escolars i de la tercera edat. {:}","breadcrumb":{"@id":"http:\/\/viatgespoblenou.com\/#breadcrumb"},"inLanguage":"es","potentialAction":[{"@type":"ReadAction","target":["http:\/\/viatgespoblenou.com\/"]}]},{"@type":"BreadcrumbList","@id":"http:\/\/viatgespoblenou.com\/#breadcrumb","itemListElement":[{"@type":"ListItem","position":1,"name":"Home","item":"http:\/\/viatgespoblenou.com\/"},{"@type":"ListItem","position":2,"name":"Home","item":"http:\/\/viatgespoblenou.com\/home\/"},{"@type":"ListItem","position":3,"name":"Presentation","item":"http:\/\/viatgespoblenou.com\/home\/presentation\/"},{"@type":"ListItem","position":4,"name":"Viatges poblenou"}]},{"@type":"WebSite","@id":"http:\/\/viatgespoblenou.com\/#website","url":"http:\/\/viatgespoblenou.com\/","name":"viatgespoblenou","description":"","potentialAction":[{"@type":"SearchAction","target":{"@type":"EntryPoint","urlTemplate":"http:\/\/viatgespoblenou.com\/?s={search_term_string}"},"query-input":"required name=search_term_string"}],"inLanguage":"es"}]}},"_links":{"self":[{"href":"http:\/\/viatgespoblenou.com\/es\/wp-json\/wp\/v2\/pages\/30260"}],"collection":[{"href":"http:\/\/viatgespoblenou.com\/es\/wp-json\/wp\/v2\/pages"}],"about":[{"href":"http:\/\/viatgespoblenou.com\/es\/wp-json\/wp\/v2\/types\/page"}],"author":[{"embeddable":true,"href":"http:\/\/viatgespoblenou.com\/es\/wp-json\/wp\/v2\/users\/1"}],"replies":[{"embeddable":true,"href":"http:\/\/viatgespoblenou.com\/es\/wp-json\/wp\/v2\/comments?post=30260"}],"version-history":[{"count":394,"href":"http:\/\/viatgespoblenou.com\/es\/wp-json\/wp\/v2\/pages\/30260\/revisions"}],"predecessor-version":[{"id":39671,"href":"http:\/\/viatgespoblenou.com\/es\/wp-json\/wp\/v2\/pages\/30260\/revisions\/39671"}],"up":[{"embeddable":true,"href":"http:\/\/viatgespoblenou.com\/es\/wp-json\/wp\/v2\/pages\/30253"}],"wp:attachment":[{"href":"http:\/\/viatgespoblenou.com\/es\/wp-json\/wp\/v2\/media?parent=30260"}],"curies":[{"name":"wp","href":"https:\/\/api.w.org\/{rel}","templated":true}]}}