{"id":164,"date":"2013-08-08T13:06:18","date_gmt":"2013-08-08T13:06:18","guid":{"rendered":"http:\/\/presscore.dream-demo.com\/dummy\/?page_id=164"},"modified":"2015-05-15T16:31:36","modified_gmt":"2015-05-15T16:31:36","slug":"home","status":"publish","type":"page","link":"http:\/\/viatgespoblenou.com\/es\/home\/","title":{"rendered":"Home"},"content":{"rendered":"<section class=\"wpb-content-wrapper\"><p>[vc_row padding_left=\u00bb40&#8243; padding_right=\u00bb40&#8243; bg_position=\u00bbtop\u00bb bg_repeat=\u00bbno-repeat\u00bb bg_cover=\u00bbfalse\u00bb bg_attachment=\u00bbfalse\u00bb padding_top=\u00bb40&#8243; padding_bottom=\u00bb40&#8243; parallax_speed=\u00bb0.1&#8243; margin_top=\u00bb5&#8243; margin_bottom=\u00bb20&#8243;][vc_column width=\u00bb1\/1&#8243; offset=\u00bbvc_col-lg-9 vc_col-md-9 vc_col-xs-12&#8243;]<section id=\"benefits-grid-1\" class=\"benefits-grid wf-container icons-bg accent-bg light-hover-bg custom-icon-color accent-icon-hover-color\" data-width=\"160px\" data-columns=\"4\"><style type=\"text\/css\">#benefits-grid-1.icons-bg .benefits-grid-ico { height: 60px; line-height: 60px; width: 60px;-webkit-border-radius: 100px;-moz-border-radius: 100px;-ms-border-radius: 100px;-o-border-radius: 100px;border-radius: 100px; }#benefits-grid-1.icons-bg .benefits-grid-ico > .fa { font-size: 24px; line-height: 60px; }#benefits-grid-1.custom-icon-color .benefits-grid-ico > .fa,\n\t\t\t\t\t#benefits-grid-1.custom-icon-color .benefits-grid-ico > .fa:before { color: #ffffff; }<\/style><div class=\"wf-cell\"><div><div class=\"text-small\"><div class=\"line-decoration\"><span class=\"benefits-grid-ico fadeInDown animate-element\"><i class=\"fa fa-book\"><\/i><\/span><h5>DEPARTAMENTO ESTUDIANTES<\/h5><\/div><p style=\"text-align: justify;\">Viajes de fin de curso, organizados con \/ sin profesores, con \/ sin gu\u00eda acompa\u00f1ante, nacionales e internacionales, circuitos en autocar y tambi\u00e9n combinados con avi\u00f3n&#8230; Asesoramiento de cualquier aspecto del viaje, seguros, documentaci\u00f3n y tambi\u00e9n ayuda a la autofinanciaci\u00f3n de\u00a0los alumnos.<\/p>\n<\/div><\/div><\/div><div class=\"wf-cell\"><div><div class=\"text-small\"><div class=\"line-decoration\"><span class=\"benefits-grid-ico fadeInDown animate-element\"><i class=\"fa fa-tree\"><\/i><\/span><h5>DEPARTAMENTO ESQU\u00cd<\/h5><\/div><p style=\"text-align: justify;\">Esquiadas desde 1 d\u00eda hasta el que necesit\u00e9is. Escuela de Esqu\u00ed propia con monitores dedicados exclusivamente a nuestros grupos, con \/ sin monitores de ocio, desplazamientos en autocar desde vuestro\u00a0centro hasta las pistas, hoteles a pie de pista&#8230;<\/p>\n<\/div><\/div><\/div><div class=\"wf-cell\"><div><div class=\"text-small\"><div class=\"line-decoration\"><span class=\"benefits-grid-ico fadeInDown animate-element\"><i class=\"fa fa-futbol-o\"><\/i><\/span><h5>DEPARTAMENTO COLONIAS<\/h5><\/div><p style=\"text-align: justify;\">Estancias en los diferentes Centros de Playa. Ofrecemos una amplia variedad de programas de actividades y acompa\u00f1antes durante todo el d\u00eda: nuestros monitores especializados en cada una de las actividades.<\/p>\n<\/div><\/div><\/div><div class=\"wf-cell\"><div><div class=\"text-small\"><div class=\"line-decoration\"><span class=\"benefits-grid-ico fadeInDown animate-element\"><i class=\"fa fa-bus\"><\/i><\/span><h5>DEPARTAMENTO JUBILADOS<\/h5><\/div><p style=\"text-align: justify;\">Circuitos organizados y estancias por toda Europa<\/p>\n<\/div><\/div><\/div><\/section>[vc_empty_space height=\u00bb40px\u00bb][\/vc_column][vc_column width=\u00bb1\/1&#8243; offset=\u00bbvc_col-lg-3 vc_col-md-3 vc_col-xs-12&#8243;][vc_column_text]Maecenas sit amet habitant morbi tristique senectus et netus et malesuada fames ac turpis egestas nulla for aute irure dolor elit, sed do tempor glavios!<\/p>\n<p>Nulla facilisi tristique dolor senectus et netus et malesuada lorem fames ac turpis egestas.[\/vc_column_text][vc_empty_space height=\u00bb40px\u00bb][\/vc_column][\/vc_row][vc_row type=\u00bb1&#8243; bg_position=\u00bbtop\u00bb bg_repeat=\u00bbrepeat\u00bb bg_cover=\u00bbfalse\u00bb bg_attachment=\u00bbfalse\u00bb padding_top=\u00bb55&#8243; padding_bottom=\u00bb20&#8243; margin_top=\u00bb0&#8243; margin_bottom=\u00bb0&#8243; padding_left=\u00bb40&#8243; padding_right=\u00bb40&#8243; parallax_speed=\u00bb0.1&#8243;][vc_column width=\u00bb1\/1&#8243;][vc_column_text]<\/p>\n<h2 style=\"text-align: center;\">CORE FEATURES OF THE7<\/h2>\n<h4 style=\"text-align: center;\">Super powerful &amp; easy to use theme<\/h4>\n<p>[\/vc_column_text][vc_empty_space height=\u00bb45px\u00bb][\/vc_column][vc_column width=\u00bb1\/1&#8243; offset=\u00bbvc_col-lg-6 vc_col-md-6 vc_col-xs-12&#8243;][vc_empty_space height=\u00bb10px\u00bb][vc_single_image image=\u00bb31523&#8243; border_color=\u00bbgrey\u00bb img_link_target=\u00bb_self\u00bb css_animation=\u00bbfadeInLeft\u00bb img_size=\u00bb546&#215;326&#8243; alignment=\u00bbcenter\u00bb][vc_empty_space height=\u00bb20px\u00bb][\/vc_column][vc_column width=\u00bb1\/1&#8243; offset=\u00bbvc_col-lg-6 vc_col-md-6 vc_col-xs-12&#8243;][vc_column_text]Maecenas sit amet tincidunt elit. Pellentesque habitant morbi tristique senectus et netus et malesuada fames ac turpis egestas nulla facilisi. Nulla facilisi tristique senectus et netus et malesuada fames ac turpis egestas.[\/vc_column_text][vc_empty_space height=\u00bb20px\u00bb][vc_row_inner][vc_column_inner width=\u00bb1\/2&#8243;]<div class=\"standard-arrow bullet-top\"><ul>\n<li>Exclusive slideshows<\/li>\n<li>Multiple header layouts<\/li>\n<li>Professional ready-made skins<\/li>\n<li>10+ custom widgets<\/li>\n<\/ul>\n<\/div>[\/vc_column_inner][vc_column_inner width=\u00bb1\/2&#8243;]<div class=\"standard-arrow bullet-top\"><ul>\n<li>40+ visual shortcodes<\/li>\n<li>100% Mobile tested<\/li>\n<li>Premium-class support<\/li>\n<li>Tested\u00a0with popular plugins<\/li>\n<\/ul>\n<\/div>[\/vc_column_inner][\/vc_row_inner][vc_empty_space height=\u00bb20px\u00bb]<a href=\"http:\/\/themeforest.net\/user\/Dream-Theme\/portfolio?ref=Dream-Theme\" class=\"dt-btn-s dt-btn\"><i class=\"fa fa-cog\"><\/i>View all features<\/a>[vc_empty_space height=\u00bb40px\u00bb][\/vc_column][\/vc_row][vc_row bg_position=\u00bbtop\u00bb bg_repeat=\u00bbno-repeat\u00bb bg_cover=\u00bbfalse\u00bb bg_attachment=\u00bbfalse\u00bb padding_top=\u00bb40&#8243; padding_bottom=\u00bb20&#8243; margin_top=\u00bb55&#8243; margin_bottom=\u00bb45&#8243; padding_left=\u00bb40&#8243; padding_right=\u00bb40&#8243; parallax_speed=\u00bb0.1&#8243;][vc_column width=\u00bb1\/1&#8243;][vc_column_text]<\/p>\n<h2 style=\"text-align: center;\">CLIENTS &amp; TESTOMONIALS<\/h2>\n<h4 style=\"text-align: center;\">More then 40 000 of happy customers<\/h4>\n<p>[\/vc_column_text][\/vc_column][\/vc_row][vc_row bg_position=\u00bbtop\u00bb bg_repeat=\u00bbno-repeat\u00bb bg_cover=\u00bbfalse\u00bb bg_attachment=\u00bbfalse\u00bb padding_top=\u00bb40&#8243; padding_bottom=\u00bb20&#8243; margin_top=\u00bb0&#8243; margin_bottom=\u00bb15&#8243; padding_left=\u00bb40&#8243; padding_right=\u00bb40&#8243; parallax_speed=\u00bb0.1&#8243;][vc_column width=\u00bb1\/1&#8243; offset=\u00bbvc_col-lg-6 vc_col-md-6 vc_col-xs-12&#8243;][vc_empty_space height=\u00bb10px\u00bb]<section class=\"testimonial-item testimonial-item-slider\"><ul class=\"testimonials slider-content rsCont\">\n<li><article>\n\t<div class=\"testimonial-content\"><p>Lorem ipsum nec magna orci mollis sit amet odio eu amet mauris ornare dapibus. Morbi pellen tesque vehicula nisi. Nam enim felis apibus egetras consec tetur augue emassa auctort id glavico to amet molestie lorem pulvinar odio eulos amet mauris ornare dapibus.<\/p>\n<\/div>\n\t<div class=\"testimonial-vcard\"><div class=\"wf-td\"><span class=\"alignleft no-avatar\"><\/span><\/div><div class=\"wf-td\"><span class=\"text-primary\">Diana Richards<\/span><br \/><span class=\"text-secondary color-secondary\">manager<\/span><\/div><\/div>\n<\/article>\n<\/li><li><article>\n\t<div class=\"testimonial-content\"><p>Dolor cursus, enim et libero molestie ante, ut fringilla purus eros quis ipsum. Aliquam bibendum, est a semper enim et luctus hendre ritnisl libero molestie lectus. Cras justo non justo venenatis element.<\/p>\n<\/div>\n\t<div class=\"testimonial-vcard\"><div class=\"wf-td\"><span class=\"alignleft no-avatar\"><\/span><\/div><div class=\"wf-td\"><span class=\"text-primary\">Anna White<\/span><br \/><span class=\"text-secondary color-secondary\">loyal client<\/span><\/div><\/div>\n<\/article>\n<\/li><li><article>\n\t<div class=\"testimonial-content\"><p>Lorem enim et luctus ut fringilla purus eros quis ipsum. Aliquam bibendum, est a semper malesuada enim et luctus hendre ritnisl libero molestie lectus. Cras justo non justo element sed dui metus. Ut lobortis nisl at semper tellus tincidunt lorem.<\/p>\n<\/div>\n\t<div class=\"testimonial-vcard\"><div class=\"wf-td\"><span class=\"alignleft no-avatar\"><\/span><\/div><div class=\"wf-td\"><span class=\"text-primary\">Jacob Firebird<\/span><br \/><span class=\"text-secondary color-secondary\">happy client<\/span><\/div><\/div>\n<\/article>\n<\/li><li><article>\n\t<div class=\"testimonial-content\"><p>Yopsum nec magna fermentum in pharetra orci mollis sit amet odio eu amet mauris ornare dapibus. Morbi pellen tesque vehicula nisi. Nam enim felis apibus egetras consec tetur augue emassa auctort id glavico to amet molestie lorem pulvinar odio eulos amet mauris ornare dapibus.<\/p>\n<\/div>\n\t<div class=\"testimonial-vcard\"><div class=\"wf-td\"><span class=\"alignleft no-avatar\"><\/span><\/div><div class=\"wf-td\"><span class=\"text-primary\">Tiffany Vanilla<\/span><br \/><span class=\"text-secondary color-secondary\">programmer<\/span><\/div><\/div>\n<\/article>\n<\/li><li><article>\n\t<div class=\"testimonial-content\"><p>Lorem enim et luctus ut fringilla purus eros quis ipsum. Aliquam bibendum, est a semper malesuada enim et luctus hendre ritnisl libero molestie lectus. Cras justo non justo venenatis element.<\/p>\n<p><a href=\"http:\/\/themeforest.net\/item\/the7-responsive-multipurpose-wordpress-theme\/5556590\" target=\"_blank\">Visit website<\/a><\/p>\n<\/div>\n\t<div class=\"testimonial-vcard\"><div class=\"wf-td\"><span class=\"alignleft no-avatar\"><\/span><\/div><div class=\"wf-td\"><span class=\"text-primary\">Gregor Green<\/span><br \/><span class=\"text-secondary color-secondary\">3D designer<\/span><\/div><\/div>\n<\/article>\n<\/li><li><article>\n\t<div class=\"testimonial-content\"><p>Vursus, enim et luctus hendre ritnisl libero molestie ante, ut fringilla purus eros quis ipsum est a semper malesuada enim et luctus hendre ritnisl libero molestie lectus. Cras justo non justo venenatis element metus. <\/p>\n<p>Ut lobortis nisl at semper tellus tincidunt lorem ipsum dolor amet communitas.<\/p>\n<\/div>\n\t<div class=\"testimonial-vcard\"><div class=\"wf-td\"><a href=\"http:\/\/themeforest.net\/user\/Dream-Theme\" class=\"rollover\" target=\"_blank\"><span class=\"alignleft no-avatar\"><\/span><\/a><\/div><div class=\"wf-td\"><a href=\"http:\/\/themeforest.net\/user\/Dream-Theme\" class=\"text-primary\" target=\"_blank\"><span>Stefan Carlos<\/span><\/a><br \/><span class=\"text-secondary color-secondary\">businessman<\/span><\/div><\/div>\n<\/article>\n<\/li><\/ul>\n<\/section>[vc_empty_space height=\u00bb30px\u00bb][\/vc_column][vc_column width=\u00bb1\/1&#8243; offset=\u00bbvc_col-lg-6 vc_col-md-6 vc_col-xs-12&#8243;]<section class=\"logos-grid wf-container\" data-width=\"150px\" data-columns=\"3\"><div class=\"wf-cell\"><div><\/div><\/div><div class=\"wf-cell\"><div><\/div><\/div><div class=\"wf-cell\"><div><\/div><\/div><div class=\"wf-cell\"><div><\/div><\/div><div class=\"wf-cell\"><div><\/div><\/div><div class=\"wf-cell\"><div><\/div><\/div><\/section>[vc_empty_space height=\u00bb40px\u00bb][\/vc_column][\/vc_row][vc_row type=\u00bb1&#8243; bg_position=\u00bbtop\u00bb bg_repeat=\u00bbrepeat\u00bb bg_cover=\u00bbfalse\u00bb bg_attachment=\u00bbfalse\u00bb padding_top=\u00bb55&#8243; padding_bottom=\u00bb55&#8243; margin_top=\u00bb0&#8243; margin_bottom=\u00bb0&#8243; full_width_padding_left=\u00bb40&#8243; full_width_padding_right=\u00bb40&#8243; full_width_margin_top=\u00bb0&#8243; full_width_margin_bottom=\u00bb0&#8243; parallax_speed=\u00bb0.1&#8243; padding_left=\u00bb0&#8243; padding_right=\u00bb0&#8243; full_width=\u00bbtrue\u00bb][vc_column width=\u00bb1\/1&#8243;][vc_column_text css=\u00bb.vc_custom_1414002003922{padding-right: 20px !important;padding-left: 20px !important;}\u00bb]<\/p>\n<h2 style=\"text-align: center;\">FEATURED PROJECTS<\/h2>\n<h4 style=\"text-align: center;\">Best &amp; most popular of our works<\/h4>\n<p>[\/vc_column_text][vc_empty_space height=\u00bb40px\u00bb][vc_column_text css=\u00bb.vc_custom_1414001990847{padding-right: 20px !important;padding-left: 20px !important;}\u00bb]<\/p>\n<p style=\"text-align: center;\">Maecenas sit amet tincidunt elit. Pellentesque habitant morbi tristique senectus et netus et malesuada fames ac turpis egestas lorem.<br \/>\nNulla facilisi. Pellentesque habitant morbi tristique senectus et netus et malesuada fames turpis egestas!<\/p>\n<p>[\/vc_column_text][vc_empty_space height=\u00bb48px\u00bb][\/vc_column][\/vc_row][vc_row bg_position=\u00bbtop\u00bb bg_repeat=\u00bbno-repeat\u00bb bg_cover=\u00bbfalse\u00bb bg_attachment=\u00bbfalse\u00bb padding_top=\u00bb40&#8243; padding_bottom=\u00bb20&#8243; margin_top=\u00bb55&#8243; margin_bottom=\u00bb5&#8243; padding_left=\u00bb40&#8243; padding_right=\u00bb40&#8243; parallax_speed=\u00bb0.1&#8243;][vc_column width=\u00bb1\/1&#8243;][vc_column_text]<\/p>\n<h2 style=\"text-align: center;\">SKILLS &amp; SERVICES<\/h2>\n<h4 style=\"text-align: center;\">Who we are &amp; what we do<\/h4>\n<p>[\/vc_column_text][vc_empty_space height=\u00bb50px\u00bb][\/vc_column][\/vc_row][vc_row bg_position=\u00bbtop\u00bb bg_repeat=\u00bbno-repeat\u00bb bg_cover=\u00bbfalse\u00bb bg_attachment=\u00bbfalse\u00bb padding_top=\u00bb40&#8243; padding_bottom=\u00bb40&#8243; margin_top=\u00bb0&#8243; margin_bottom=\u00bb-35&#8243; padding_left=\u00bb40&#8243; padding_right=\u00bb40&#8243; parallax_speed=\u00bb0.1&#8243;][vc_column width=\u00bb1\/1&#8243; offset=\u00bbvc_col-lg-3 vc_col-md-3 vc_col-xs-12&#8243;][vc_progress_bar values=\u00bb90|Development,80|Design,70|Marketing,60|Photography,50|Consulting\u00bb bgcolor=\u00bbaccent-bg\u00bb options=\u00bbstriped,animated\u00bb caption_pos=\u00bbtop\u00bb units=\u00bb%\u00bb][vc_empty_space height=\u00bb50px\u00bb][\/vc_column][vc_column width=\u00bb1\/1&#8243; offset=\u00bbvc_col-lg-6 vc_col-md-6 vc_col-xs-12&#8243;][vc_tabs style=\u00bbtab-style-one\u00bb interval=\u00bb0&#8243;][vc_tab title=\u00bbWeb design\u00bb tab_id=\u00bb1378818650212-2-240ee-02b5&#8243;][vc_column_text]Lorem ipsum dolor sit amet, consectetur adipiscing elit. Curabitur dolor amet glavrida tellus, quis lorem ipsum tooltip luctus ligula. Curabitur quis rhoncus tellus, quis lorem ipsum doloripsum tooltip luctus ligula luctus ligula. Curabitur laoreet fringilla lorem ipsum porta. Nullam rutrum velit.<\/p>\n<p>Curabitur quis rhoncus tellus, quis <span class=\"shortcode-tooltip\">lorem ipsum tooltip<span class=\"tooltip-c\">Curabitur laoreet fringilla lorem ipsum porta. Nullam quis lorem ipsum tooltip luctus rutrum velit eget quam pretium vehicula.<\/span><\/span> dolor quis lorem ipsum tooltip luctus luctus ligula. Quis rhoncusipsum tooltip luctus ligula tellus abitur consectetur adipiscing elit. Curabitur dolor amet glavrida tellus, quis lorem ipsum tooltip laoreet fringilla lorem ipsum porta.[\/vc_column_text][\/vc_tab][vc_tab title=\u00bbSEO\u00bb tab_id=\u00bb1378819835493-4-540ee-02b5&#8243;][vc_column_text]Lorem ipsum dolor sit amet, consectetur adipiscing elit. Curabitur dolor amet glavrida tellus, quis lorem ipsum tooltip luctus ligula.\u00a0Curabitur quis rhoncus tellus, quis lorem ipsum dolorluctus ligula ipsum porta.<\/p>\n<p>Nullam rutrum velit eget quam pretium vehicula aoreet fringilla lorem. Curabitur laoreet fringilla porta. Proin dictum lacus at neque interdum tempor. Lorem ipsum dolor sit amet dolor amet glavrida tellus, quis lorem ipsum tooltip luctus ligula. Curabitur quis rhoncus tellus, quis lorem ipsum dolorluctus ligula consectetur adipiscing elit. Curabitur dolor amet glavrida tellus, quis lorem ipsum tooltip.[\/vc_column_text][\/vc_tab][vc_tab title=\u00bbProgramming\u00bb tab_id=\u00bb1378818268-1-5540ee-02b5&#8243;][vc_column_text]Maecenas sit amet tincidunt elit. Pellentesque habitant morbi tristique senectus et netus et malesuada fames ac turpis egestas ulla![\/vc_column_text][vc_empty_space height=\u00bb20px\u00bb][vc_row_inner][vc_column_inner width=\u00bb1\/2&#8243;]<div class=\"standard-arrow bullet-top\"><ul>\n<li>Quality in every detail<\/li>\n<li>Unique interface\u00a0elements<\/li>\n<li>Ready-made skins<\/li>\n<li>Tons of shortcodes<\/li>\n<\/ul>\n<\/div>[\/vc_column_inner][vc_column_inner width=\u00bb1\/2&#8243;]<div class=\"standard-arrow bullet-top\"><ul>\n<li>Fast &amp; friendly support<\/li>\n<li>100% Mobile tested<\/li>\n<li>Regular updates<\/li>\n<li>From power elite author<\/li>\n<\/ul>\n<\/div>[\/vc_column_inner][\/vc_row_inner][\/vc_tab][vc_tab title=\u00bbPhotography\u00bb tab_id=\u00bb1378818268-2-3540ee-02b5&#8243;][vc_column_text]Dolor amet glavrida tellus, quis lorem ipsum tooltip luctus ligula. Curabitur quis rhoncus tellus, quis lorem ipsum dolorluctus ligula.<\/p>\n<p>Lorem ipsum dolor sit amet, consectetur adipiscing elit. Curabitur dolor amet glavrida tellus, quis lorem ipsum tooltip luctus ligula. Curabitur quis rhoncus tellus, quis lorem ipsum dolorluctus ligula. Curabitur laoreet fringilla lorem.<\/p>\n<p>Curabitur quis rhoncus tellus, quis lorem ipsum dolorluctus ligula. Curabitur laoreet fringilla lorem ipsum porta. Nullam rutrum velit eget quam pretium vehicula. Maecenas enim velit.[\/vc_column_text][\/vc_tab][\/vc_tabs][vc_empty_space height=\u00bb50px\u00bb][\/vc_column][vc_column width=\u00bb1\/1&#8243; offset=\u00bbvc_col-lg-3 vc_col-md-3&#8243;]<form class=\"contact-form dt-form\" action=\"\/\" method=\"post\">\n<input type=\"hidden\" name=\"widget_id\" value=\"presscore-contact-form-widget--1\" \/><input type=\"hidden\" name=\"send_message\" value=\"\" \/><div class=\"form-fields\"><span class=\"form-name\"><label class=\"assistive-text\">Name *<\/label><input type=\"text\" class=\"validate[required]\" placeholder=\"Name *\" name=\"name\" value=\"\" aria-required=\"true\">\n<\/span><span class=\"form-mail\"><label class=\"assistive-text\">E-mail *<\/label><input type=\"text\" class=\"validate[required,custom[email]]\" placeholder=\"E-mail *\" name=\"email\" value=\"\" aria-required=\"true\">\n<\/span><\/div><span class=\"form-message\"><label class=\"assistive-text\">Message *<\/label><textarea class=\"validate[required]\" placeholder=\"Message *\" name=\"message\" rows=\"4\" aria-required=\"true\"><\/textarea>\n<\/span><p><a href=\"#\" class=\"dt-btn dt-btn-s dt-btn-submit\" rel=\"nofollow\">Send message<\/a><a href=\"#\" class=\"clear-form\" rel=\"nofollow\">clear<\/a><input class=\"assistive-text\" type=\"submit\" value=\"submit\"><\/p><\/form>\n[vc_empty_space height=\u00bb50px\u00bb][\/vc_column][\/vc_row]<\/p>\n<\/section>","protected":false},"excerpt":{"rendered":"<p>[vc_row padding_left=\u00bb40&#8243; padding_right=\u00bb40&#8243; bg_position=\u00bbtop\u00bb bg_repeat=\u00bbno-repeat\u00bb bg_cover=\u00bbfalse\u00bb bg_attachment=\u00bbfalse\u00bb padding_top=\u00bb40&#8243; padding_bottom=\u00bb40&#8243; parallax_speed=\u00bb0.1&#8243; margin_top=\u00bb5&#8243; margin_bottom=\u00bb20&#8243;][vc_column width=\u00bb1\/1&#8243; offset=\u00bbvc_col-lg-9 vc_col-md-9 vc_col-xs-12&#8243;][vc_empty_space height=\u00bb40px\u00bb][\/vc_column][vc_column width=\u00bb1\/1&#8243; offset=\u00bbvc_col-lg-3 vc_col-md-3 vc_col-xs-12&#8243;][vc_column_text]Maecenas sit amet habitant morbi tristique senectus et netus et malesuada fames ac turpis egestas nulla for aute irure dolor elit, sed do tempor glavios! Nulla facilisi tristique dolor senectus et netus et malesuada lorem&hellip;<\/p>\n","protected":false},"author":1,"featured_media":0,"parent":0,"menu_order":5,"comment_status":"closed","ping_status":"closed","template":"","meta":[],"yoast_head":"<!-- This site is optimized with the Yoast SEO plugin v19.7.1 - https:\/\/yoast.com\/wordpress\/plugins\/seo\/ -->\n<title>Home - viatgespoblenou<\/title>\n<meta name=\"robots\" content=\"index, follow, max-snippet:-1, max-image-preview:large, max-video-preview:-1\" \/>\n<link rel=\"canonical\" href=\"http:\/\/viatgespoblenou.com\/home\/\" \/>\n<meta property=\"og:locale\" content=\"es_ES\" \/>\n<meta property=\"og:type\" content=\"article\" \/>\n<meta property=\"og:title\" content=\"Home - viatgespoblenou\" \/>\n<meta property=\"og:description\" content=\"[vc_row padding_left=\u00bb40&#8243; padding_right=\u00bb40&#8243; bg_position=\u00bbtop\u00bb bg_repeat=\u00bbno-repeat\u00bb bg_cover=\u00bbfalse\u00bb bg_attachment=\u00bbfalse\u00bb padding_top=\u00bb40&#8243; padding_bottom=\u00bb40&#8243; parallax_speed=\u00bb0.1&#8243; margin_top=\u00bb5&#8243; margin_bottom=\u00bb20&#8243;][vc_column width=\u00bb1\/1&#8243; offset=\u00bbvc_col-lg-9 vc_col-md-9 vc_col-xs-12&#8243;][vc_empty_space height=\u00bb40px\u00bb][\/vc_column][vc_column width=\u00bb1\/1&#8243; offset=\u00bbvc_col-lg-3 vc_col-md-3 vc_col-xs-12&#8243;][vc_column_text]Maecenas sit amet habitant morbi tristique senectus et netus et malesuada fames ac turpis egestas nulla for aute irure dolor elit, sed do tempor glavios! Nulla facilisi tristique dolor senectus et netus et malesuada lorem&hellip;\" \/>\n<meta property=\"og:url\" content=\"http:\/\/viatgespoblenou.com\/home\/\" \/>\n<meta property=\"og:site_name\" content=\"viatgespoblenou\" \/>\n<meta property=\"article:publisher\" content=\"https:\/\/es-la.facebook.com\/people\/Viatges-Poblenou\/100001670703933\" \/>\n<meta property=\"article:modified_time\" content=\"2015-05-15T16:31:36+00:00\" \/>\n<meta name=\"twitter:card\" content=\"summary\" \/>\n<meta name=\"twitter:label1\" content=\"Tiempo de lectura\" \/>\n\t<meta name=\"twitter:data1\" content=\"7 minutos\" \/>\n<script type=\"application\/ld+json\" class=\"yoast-schema-graph\">{\"@context\":\"https:\/\/schema.org\",\"@graph\":[{\"@type\":\"WebPage\",\"@id\":\"http:\/\/viatgespoblenou.com\/home\/\",\"url\":\"http:\/\/viatgespoblenou.com\/home\/\",\"name\":\"Home - viatgespoblenou\",\"isPartOf\":{\"@id\":\"http:\/\/viatgespoblenou.com\/#website\"},\"datePublished\":\"2013-08-08T13:06:18+00:00\",\"dateModified\":\"2015-05-15T16:31:36+00:00\",\"breadcrumb\":{\"@id\":\"http:\/\/viatgespoblenou.com\/home\/#breadcrumb\"},\"inLanguage\":\"es\",\"potentialAction\":[{\"@type\":\"ReadAction\",\"target\":[\"http:\/\/viatgespoblenou.com\/home\/\"]}]},{\"@type\":\"BreadcrumbList\",\"@id\":\"http:\/\/viatgespoblenou.com\/home\/#breadcrumb\",\"itemListElement\":[{\"@type\":\"ListItem\",\"position\":1,\"name\":\"Home\",\"item\":\"http:\/\/viatgespoblenou.com\/\"},{\"@type\":\"ListItem\",\"position\":2,\"name\":\"Home\"}]},{\"@type\":\"WebSite\",\"@id\":\"http:\/\/viatgespoblenou.com\/#website\",\"url\":\"http:\/\/viatgespoblenou.com\/\",\"name\":\"viatgespoblenou\",\"description\":\"\",\"potentialAction\":[{\"@type\":\"SearchAction\",\"target\":{\"@type\":\"EntryPoint\",\"urlTemplate\":\"http:\/\/viatgespoblenou.com\/?s={search_term_string}\"},\"query-input\":\"required name=search_term_string\"}],\"inLanguage\":\"es\"}]}<\/script>\n<!-- \/ Yoast SEO plugin. -->","yoast_head_json":{"title":"Home - viatgespoblenou","robots":{"index":"index","follow":"follow","max-snippet":"max-snippet:-1","max-image-preview":"max-image-preview:large","max-video-preview":"max-video-preview:-1"},"canonical":"http:\/\/viatgespoblenou.com\/home\/","og_locale":"es_ES","og_type":"article","og_title":"Home - viatgespoblenou","og_description":"[vc_row padding_left=\u00bb40&#8243; padding_right=\u00bb40&#8243; bg_position=\u00bbtop\u00bb bg_repeat=\u00bbno-repeat\u00bb bg_cover=\u00bbfalse\u00bb bg_attachment=\u00bbfalse\u00bb padding_top=\u00bb40&#8243; padding_bottom=\u00bb40&#8243; parallax_speed=\u00bb0.1&#8243; margin_top=\u00bb5&#8243; margin_bottom=\u00bb20&#8243;][vc_column width=\u00bb1\/1&#8243; offset=\u00bbvc_col-lg-9 vc_col-md-9 vc_col-xs-12&#8243;][vc_empty_space height=\u00bb40px\u00bb][\/vc_column][vc_column width=\u00bb1\/1&#8243; offset=\u00bbvc_col-lg-3 vc_col-md-3 vc_col-xs-12&#8243;][vc_column_text]Maecenas sit amet habitant morbi tristique senectus et netus et malesuada fames ac turpis egestas nulla for aute irure dolor elit, sed do tempor glavios! Nulla facilisi tristique dolor senectus et netus et malesuada lorem&hellip;","og_url":"http:\/\/viatgespoblenou.com\/home\/","og_site_name":"viatgespoblenou","article_publisher":"https:\/\/es-la.facebook.com\/people\/Viatges-Poblenou\/100001670703933","article_modified_time":"2015-05-15T16:31:36+00:00","twitter_card":"summary","twitter_misc":{"Tiempo de lectura":"7 minutos"},"schema":{"@context":"https:\/\/schema.org","@graph":[{"@type":"WebPage","@id":"http:\/\/viatgespoblenou.com\/home\/","url":"http:\/\/viatgespoblenou.com\/home\/","name":"Home - viatgespoblenou","isPartOf":{"@id":"http:\/\/viatgespoblenou.com\/#website"},"datePublished":"2013-08-08T13:06:18+00:00","dateModified":"2015-05-15T16:31:36+00:00","breadcrumb":{"@id":"http:\/\/viatgespoblenou.com\/home\/#breadcrumb"},"inLanguage":"es","potentialAction":[{"@type":"ReadAction","target":["http:\/\/viatgespoblenou.com\/home\/"]}]},{"@type":"BreadcrumbList","@id":"http:\/\/viatgespoblenou.com\/home\/#breadcrumb","itemListElement":[{"@type":"ListItem","position":1,"name":"Home","item":"http:\/\/viatgespoblenou.com\/"},{"@type":"ListItem","position":2,"name":"Home"}]},{"@type":"WebSite","@id":"http:\/\/viatgespoblenou.com\/#website","url":"http:\/\/viatgespoblenou.com\/","name":"viatgespoblenou","description":"","potentialAction":[{"@type":"SearchAction","target":{"@type":"EntryPoint","urlTemplate":"http:\/\/viatgespoblenou.com\/?s={search_term_string}"},"query-input":"required name=search_term_string"}],"inLanguage":"es"}]}},"_links":{"self":[{"href":"http:\/\/viatgespoblenou.com\/es\/wp-json\/wp\/v2\/pages\/164"}],"collection":[{"href":"http:\/\/viatgespoblenou.com\/es\/wp-json\/wp\/v2\/pages"}],"about":[{"href":"http:\/\/viatgespoblenou.com\/es\/wp-json\/wp\/v2\/types\/page"}],"author":[{"embeddable":true,"href":"http:\/\/viatgespoblenou.com\/es\/wp-json\/wp\/v2\/users\/1"}],"replies":[{"embeddable":true,"href":"http:\/\/viatgespoblenou.com\/es\/wp-json\/wp\/v2\/comments?post=164"}],"version-history":[{"count":1,"href":"http:\/\/viatgespoblenou.com\/es\/wp-json\/wp\/v2\/pages\/164\/revisions"}],"predecessor-version":[{"id":36041,"href":"http:\/\/viatgespoblenou.com\/es\/wp-json\/wp\/v2\/pages\/164\/revisions\/36041"}],"wp:attachment":[{"href":"http:\/\/viatgespoblenou.com\/es\/wp-json\/wp\/v2\/media?parent=164"}],"curies":[{"name":"wp","href":"https:\/\/api.w.org\/{rel}","templated":true}]}}