{"id":16279,"date":"2014-06-16T11:01:19","date_gmt":"2014-06-16T11:01:19","guid":{"rendered":"http:\/\/the7.dream-demo.com\/?page_id=16279"},"modified":"2014-06-16T11:01:19","modified_gmt":"2014-06-16T11:01:19","slug":"about-us","status":"publish","type":"page","link":"http:\/\/viatgespoblenou.com\/es\/pages\/about-us\/","title":{"rendered":"About us"},"content":{"rendered":"<section class=\"wpb-content-wrapper\"><p>[vc_row margin_top=\u00bb0&#8243; margin_bottom=\u00bb10&#8243; padding_left=\u00bb40&#8243; padding_right=\u00bb40&#8243; bg_position=\u00bbtop\u00bb bg_repeat=\u00bbno-repeat\u00bb bg_cover=\u00bbfalse\u00bb bg_attachment=\u00bbfalse\u00bb padding_top=\u00bb40&#8243; padding_bottom=\u00bb40&#8243; parallax_speed=\u00bb0.1&#8243;][vc_column width=\u00bb1\/1&#8243; offset=\u00bbvc_col-lg-8 vc_col-md-8 vc_col-xs-12&#8243;]<div class=\"dt-fancy-separator title-left h6-size\" style=\"width: 100%;\"><div class=\"dt-fancy-title\"><span class=\"separator-holder separator-left\"><\/span>Who we are<span class=\"separator-holder separator-right\"><\/span><\/div><\/div>[vc_empty_space height=\u00bb26px\u00bb][vc_column_text]<div class=\"shortcode-single-image-wrap alignleft\" style=\"margin-top:7px; margin-bottom:20px; margin-left:0px; margin-right:30px; width:343px;\"><div class=\"shortcode-single-image\"><div class=\"fancy-media-wrap\"><img src=\"http:\/\/viatgespoblenou.com\/wp-content\/uploads\/2014\/04\/dummy-about.jpg\" alt=\"\" \/><\/div><\/div><\/div>Phasellus consequat felisrdiet posuere lacus, ac commodo eros aliquet vitae scelerisque erat ligula ac iaculis nullos. Cras pretium aliquot congue lectus mi, tincidunt quis nisi vitae, sodales sodales libero. Quisque a felis aliquot for elemi pentum.<\/p>\n<p>Aenean libero libero, porttitor at tellus ut, luctus pulvinar. Mauris euismod ante a mauris ultrices malesuada.\u00a0ivamus tempus gravida elit, eu accumsan dui consectetur sed. Phasellus ipsum risus, sodales ac mauris at, rutrum mattis purus. Aliquam aliquet magna quis justo laoreet, eget arcu libero libero porttitor at tellus tempus gravida elit dolor for amet ipsum ipsum risus sodales ac mauris at rutrum mattis purus.<\/p>\n<p>Nulla facilisi. Curabitur ut aliquam arcu, id pulvinar purus. Duis iaculis non nisl. Quisque a felis aliquam lectus mi, tincidunt quis nisi vitae, sodales sodales libero.[\/vc_column_text][vc_empty_space height=\u00bb40px\u00bb][\/vc_column][vc_column width=\u00bb1\/1&#8243; offset=\u00bbvc_col-lg-4 vc_col-md-4 vc_col-xs-12&#8243;]<div class=\"dt-fancy-separator title-left h6-size\" style=\"width: 100%;\"><div class=\"dt-fancy-title\"><span class=\"separator-holder separator-left\"><\/span>Our philosophy<span class=\"separator-holder separator-right\"><\/span><\/div><\/div>[vc_empty_space height=\u00bb33px\u00bb]<section class=\"shortcode-action-box table shortcode-action-bg block-style-widget\"><div class=\"\"><h5>Best ideas come as jokes. Make your thinking as funny as possible.<\/h5>\n<\/div><\/section>[vc_empty_space height=\u00bb45px\u00bb]<div class=\"dt-fancy-separator title-left h6-size\" style=\"width: 100%;\"><div class=\"dt-fancy-title\"><span class=\"separator-holder separator-left\"><\/span>Goals &amp; values<span class=\"separator-holder separator-right\"><\/span><\/div><\/div>[vc_empty_space height=\u00bb24px\u00bb][vc_column_text]<ol style=\"counter-reset: my-badass-counter 0;\" class=\"standard-number-list\"><li><p>Curabitur pellen fore\u044b neque eget diam.<\/p>\n<\/li><li><p>Quisquenulla at nunc glavrida lacinia.<\/p>\n<\/li><li><p>Proin dolor porta feugiat nibh.<\/p>\n<\/li><li><p>Dolor for nulla nunc vehicula glavrida amet.<\/p>\n<\/li><li><p>Hendre ritnisl libero ante fringilla.<\/p>\n<\/li><\/ol>[\/vc_column_text][vc_empty_space height=\u00bb40px\u00bb][\/vc_column][\/vc_row][vc_row bg_position=\u00bbtop\u00bb bg_repeat=\u00bbrepeat\u00bb bg_cover=\u00bbfalse\u00bb bg_attachment=\u00bbfalse\u00bb padding_top=\u00bb50&#8243; padding_bottom=\u00bb15&#8243; margin_top=\u00bb0&#8243; margin_bottom=\u00bb30&#8243; parallax_speed=\u00bb0.1&#8243; full_width_padding_left=\u00bb40&#8243; full_width_padding_right=\u00bb40&#8243; full_width_margin_top=\u00bb0&#8243; full_width_margin_bottom=\u00bb0&#8243; padding_left=\u00bb40&#8243; padding_right=\u00bb40&#8243;][vc_column width=\u00bb1\/1&#8243;]<div class=\"dt-fancy-separator title-left h6-size\" style=\"width: 100%;\"><div class=\"dt-fancy-title\"><span class=\"separator-holder separator-left\"><\/span>We are proud to work with<span class=\"separator-holder separator-right\"><\/span><\/div><\/div>[\/vc_column][\/vc_row][vc_row margin_top=\u00bb0&#8243; margin_bottom=\u00bb60&#8243; padding_left=\u00bb0&#8243; padding_right=\u00bb0&#8243; bg_position=\u00bbtop\u00bb bg_repeat=\u00bbno-repeat\u00bb bg_cover=\u00bbfalse\u00bb bg_attachment=\u00bbfalse\u00bb padding_top=\u00bb0&#8243; padding_bottom=\u00bb0&#8243; parallax_speed=\u00bb0.1&#8243;][vc_column width=\u00bb1\/1&#8243; offset=\u00bbvc_hidden-sm vc_hidden-xs\u00bb]<section class=\"logos-grid wf-container\" data-width=\"140px\" data-columns=\"6\"><div class=\"wf-cell\"><div><\/div><\/div><div class=\"wf-cell\"><div><\/div><\/div><div class=\"wf-cell\"><div><\/div><\/div><div class=\"wf-cell\"><div><\/div><\/div><div class=\"wf-cell\"><div><\/div><\/div><div class=\"wf-cell\"><div><\/div><\/div><\/section>[\/vc_column][vc_column width=\u00bb1\/1&#8243; offset=\u00bbvc_hidden-lg vc_hidden-md\u00bb]<section class=\"logos-grid wf-container\" data-width=\"140px\" data-columns=\"3\"><div class=\"wf-cell\"><div><\/div><\/div><div class=\"wf-cell\"><div><\/div><\/div><div class=\"wf-cell\"><div><\/div><\/div><div class=\"wf-cell\"><div><\/div><\/div><div class=\"wf-cell\"><div><\/div><\/div><div class=\"wf-cell\"><div><\/div><\/div><\/section>[\/vc_column][\/vc_row][vc_row bg_position=\u00bbtop\u00bb bg_repeat=\u00bbrepeat\u00bb bg_cover=\u00bbfalse\u00bb bg_attachment=\u00bbfalse\u00bb padding_top=\u00bb50&#8243; padding_bottom=\u00bb15&#8243; margin_top=\u00bb0&#8243; margin_bottom=\u00bb-30&#8243; parallax_speed=\u00bb0.1&#8243; full_width_padding_left=\u00bb40&#8243; full_width_padding_right=\u00bb40&#8243; full_width_margin_top=\u00bb0&#8243; full_width_margin_bottom=\u00bb0&#8243; padding_left=\u00bb40&#8243; padding_right=\u00bb40&#8243;][vc_column width=\u00bb1\/3&#8243;]<div class=\"dt-fancy-separator title-left h6-size\" style=\"width: 100%;\"><div class=\"dt-fancy-title\"><span class=\"separator-holder separator-left\"><\/span>Our experience<span class=\"separator-holder separator-right\"><\/span><\/div><\/div>[vc_empty_space height=\u00bb26px\u00bb][vc_column_text]Phasellus et nisl tellus. Etiam eu nisi faucibus. Proin semper suscipit magna, nec imperdiet lacus semper vitae.\u00a0Lorem ipsum massa sed turpis lorem for aliquam eleifend.<\/p>\n<p>Etiam facilisis eu nisi faucibus. Proin semper suscipit magna nec imperdiet.[\/vc_column_text][vc_empty_space height=\u00bb24px\u00bb][vc_progress_bar values=\u00bb90|Design &#8211; 9 years,83|Marketing &#8211; 8 years,55|Consulting &#8211; 5 years,65|Photography &#8211; 4 years\u00bb bgcolor=\u00bbaccent-bg\u00bb options=\u00bbstriped,animated\u00bb custombgcolor=\u00bb#222222&#8243; caption_pos=\u00bbtop\u00bb][vc_empty_space height=\u00bb50px\u00bb][\/vc_column][vc_column width=\u00bb2\/3&#8243;]<div class=\"dt-fancy-separator title-left h6-size\" style=\"width: 100%;\"><div class=\"dt-fancy-title\"><span class=\"separator-holder separator-left\"><\/span>Services &amp; products<span class=\"separator-holder separator-right\"><\/span><\/div><\/div>[vc_empty_space height=\u00bb28px\u00bb]<section id=\"benefits-grid-1\" class=\"benefits-grid wf-container benefits-style-two icons-bg light-bg light-hover-bg light-icon-color accent-icon-hover-color\" data-width=\"250px\" data-columns=\"2\"><style type=\"text\/css\">#benefits-grid-1.icons-bg .benefits-grid-ico { height: 50px; line-height: 50px; width: 50px;-webkit-border-radius: 100px;-moz-border-radius: 100px;-ms-border-radius: 100px;-o-border-radius: 100px;border-radius: 100px; }#benefits-grid-1.icons-bg .benefits-grid-ico > .fa { font-size: 24px; line-height: 50px; }<\/style><div class=\"wf-cell\"><div><div class=\"text-big\"><div class=\"wf-table\"><div class=\"wf-td\"><span class=\"benefits-grid-ico\"><i class=\"fa fa-book\"><\/i><\/span><\/div><div class=\"wf-td benefits-inner\"><h5>DEPARTAMENTO ESTUDIANTES<\/h5><p style=\"text-align: justify;\">Viajes de fin de curso, organizados con \/ sin profesores, con \/ sin gu\u00eda acompa\u00f1ante, nacionales e internacionales, circuitos en autocar y tambi\u00e9n combinados con avi\u00f3n&#8230; Asesoramiento de cualquier aspecto del viaje, seguros, documentaci\u00f3n y tambi\u00e9n ayuda a la autofinanciaci\u00f3n de\u00a0los alumnos.<\/p>\n<\/div><\/div><\/div><\/div><\/div><div class=\"wf-cell\"><div><div class=\"text-big\"><div class=\"wf-table\"><div class=\"wf-td\"><span class=\"benefits-grid-ico\"><i class=\"fa fa-tree\"><\/i><\/span><\/div><div class=\"wf-td benefits-inner\"><h5>DEPARTAMENTO ESQU\u00cd<\/h5><p style=\"text-align: justify;\">Esquiadas desde 1 d\u00eda hasta el que necesit\u00e9is. Escuela de Esqu\u00ed propia con monitores dedicados exclusivamente a nuestros grupos, con \/ sin monitores de ocio, desplazamientos en autocar desde vuestro\u00a0centro hasta las pistas, hoteles a pie de pista&#8230;<\/p>\n<\/div><\/div><\/div><\/div><\/div><div class=\"wf-cell\"><div><div class=\"text-big\"><div class=\"wf-table\"><div class=\"wf-td\"><span class=\"benefits-grid-ico\"><i class=\"fa fa-futbol-o\"><\/i><\/span><\/div><div class=\"wf-td benefits-inner\"><h5>DEPARTAMENTO COLONIAS<\/h5><p style=\"text-align: justify;\">Estancias en los diferentes Centros de Playa. Ofrecemos una amplia variedad de programas de actividades y acompa\u00f1antes durante todo el d\u00eda: nuestros monitores especializados en cada una de las actividades.<\/p>\n<\/div><\/div><\/div><\/div><\/div><div class=\"wf-cell\"><div><div class=\"text-big\"><div class=\"wf-table\"><div class=\"wf-td\"><span class=\"benefits-grid-ico\"><i class=\"fa fa-bus\"><\/i><\/span><\/div><div class=\"wf-td benefits-inner\"><h5>DEPARTAMENTO JUBILADOS<\/h5><p style=\"text-align: justify;\">Circuitos organizados y estancias por toda Europa<\/p>\n<\/div><\/div><\/div><\/div><\/div><div class=\"wf-cell\"><div><div class=\"text-big\"><div class=\"wf-table\"><div class=\"wf-td\"><a href=\"http:\/\/themeforest.net\/user\/Dream-Theme\/portfolio?ref=Dream-Theme\" class=\"benefits-grid-ico\"><i class=\"fa fa-tablet\"><\/i><\/a><\/div><div class=\"wf-td benefits-inner\"><h5 class=\"benefit-title\"><a href=\"http:\/\/themeforest.net\/user\/Dream-Theme\/portfolio?ref=Dream-Theme\">Fully Responsive<\/a><\/h5><p>Integer vitae ante vitae mauris ipsum amos nulla massa sed pulvinar metus sed lorem ipsum vulputate turpis.<\/p>\n<\/div><\/div><\/div><\/div><\/div><div class=\"wf-cell\"><div><div class=\"text-big\"><div class=\"wf-table\"><div class=\"wf-td\"><a href=\"http:\/\/themeforest.net\/user\/Dream-Theme\/portfolio?ref=Dream-Theme\" class=\"benefits-grid-ico\"><i class=\"fa fa-refresh\"><\/i><\/a><\/div><div class=\"wf-td benefits-inner\"><h5 class=\"benefit-title\"><a href=\"http:\/\/themeforest.net\/user\/Dream-Theme\/portfolio?ref=Dream-Theme\">Regular Updates<\/a><\/h5><p>Lorem aute irure dolor adipisicing elit, sed do eiusmod tempor incididunt ut labore et dolore magna lorem nulla.<\/p>\n<\/div><\/div><\/div><\/div><\/div><\/section>[vc_empty_space height=\u00bb50px\u00bb][\/vc_column][\/vc_row]<\/p>\n<\/section>","protected":false},"excerpt":{"rendered":"<p>[vc_row margin_top=\u00bb0&#8243; margin_bottom=\u00bb10&#8243; padding_left=\u00bb40&#8243; padding_right=\u00bb40&#8243; bg_position=\u00bbtop\u00bb bg_repeat=\u00bbno-repeat\u00bb bg_cover=\u00bbfalse\u00bb bg_attachment=\u00bbfalse\u00bb padding_top=\u00bb40&#8243; padding_bottom=\u00bb40&#8243; parallax_speed=\u00bb0.1&#8243;][vc_column width=\u00bb1\/1&#8243; offset=\u00bbvc_col-lg-8 vc_col-md-8 vc_col-xs-12&#8243;][vc_empty_space height=\u00bb26px\u00bb][vc_column_text]Phasellus consequat felisrdiet posuere lacus, ac commodo eros aliquet vitae scelerisque erat ligula ac iaculis nullos. Cras pretium aliquot congue lectus mi, tincidunt quis nisi vitae, sodales sodales libero. Quisque a felis aliquot for elemi pentum. Aenean libero libero,&hellip;<\/p>\n","protected":false},"author":1,"featured_media":0,"parent":12753,"menu_order":10,"comment_status":"closed","ping_status":"closed","template":"","meta":[],"yoast_head":"<!-- This site is optimized with the Yoast SEO plugin v19.7.1 - https:\/\/yoast.com\/wordpress\/plugins\/seo\/ -->\n<title>About us - viatgespoblenou<\/title>\n<meta name=\"robots\" content=\"index, follow, max-snippet:-1, max-image-preview:large, max-video-preview:-1\" \/>\n<link rel=\"canonical\" href=\"http:\/\/viatgespoblenou.com\/pages\/about-us\/\" \/>\n<meta property=\"og:locale\" content=\"es_ES\" \/>\n<meta property=\"og:type\" content=\"article\" \/>\n<meta property=\"og:title\" content=\"About us - viatgespoblenou\" \/>\n<meta property=\"og:description\" content=\"[vc_row margin_top=\u00bb0&#8243; margin_bottom=\u00bb10&#8243; padding_left=\u00bb40&#8243; padding_right=\u00bb40&#8243; bg_position=\u00bbtop\u00bb bg_repeat=\u00bbno-repeat\u00bb bg_cover=\u00bbfalse\u00bb bg_attachment=\u00bbfalse\u00bb padding_top=\u00bb40&#8243; padding_bottom=\u00bb40&#8243; parallax_speed=\u00bb0.1&#8243;][vc_column width=\u00bb1\/1&#8243; offset=\u00bbvc_col-lg-8 vc_col-md-8 vc_col-xs-12&#8243;][vc_empty_space height=\u00bb26px\u00bb][vc_column_text]Phasellus consequat felisrdiet posuere lacus, ac commodo eros aliquet vitae scelerisque erat ligula ac iaculis nullos. Cras pretium aliquot congue lectus mi, tincidunt quis nisi vitae, sodales sodales libero. Quisque a felis aliquot for elemi pentum. Aenean libero libero,&hellip;\" \/>\n<meta property=\"og:url\" content=\"http:\/\/viatgespoblenou.com\/pages\/about-us\/\" \/>\n<meta property=\"og:site_name\" content=\"viatgespoblenou\" \/>\n<meta property=\"article:publisher\" content=\"https:\/\/es-la.facebook.com\/people\/Viatges-Poblenou\/100001670703933\" \/>\n<meta name=\"twitter:card\" content=\"summary\" \/>\n<meta name=\"twitter:label1\" content=\"Tiempo de lectura\" \/>\n\t<meta name=\"twitter:data1\" content=\"4 minutos\" \/>\n<script type=\"application\/ld+json\" class=\"yoast-schema-graph\">{\"@context\":\"https:\/\/schema.org\",\"@graph\":[{\"@type\":\"WebPage\",\"@id\":\"http:\/\/viatgespoblenou.com\/pages\/about-us\/\",\"url\":\"http:\/\/viatgespoblenou.com\/pages\/about-us\/\",\"name\":\"About us - viatgespoblenou\",\"isPartOf\":{\"@id\":\"http:\/\/viatgespoblenou.com\/#website\"},\"datePublished\":\"2014-06-16T11:01:19+00:00\",\"dateModified\":\"2014-06-16T11:01:19+00:00\",\"breadcrumb\":{\"@id\":\"http:\/\/viatgespoblenou.com\/pages\/about-us\/#breadcrumb\"},\"inLanguage\":\"es\",\"potentialAction\":[{\"@type\":\"ReadAction\",\"target\":[\"http:\/\/viatgespoblenou.com\/pages\/about-us\/\"]}]},{\"@type\":\"BreadcrumbList\",\"@id\":\"http:\/\/viatgespoblenou.com\/pages\/about-us\/#breadcrumb\",\"itemListElement\":[{\"@type\":\"ListItem\",\"position\":1,\"name\":\"Home\",\"item\":\"http:\/\/viatgespoblenou.com\/\"},{\"@type\":\"ListItem\",\"position\":2,\"name\":\"Pages\",\"item\":\"http:\/\/viatgespoblenou.com\/pages\/\"},{\"@type\":\"ListItem\",\"position\":3,\"name\":\"About us\"}]},{\"@type\":\"WebSite\",\"@id\":\"http:\/\/viatgespoblenou.com\/#website\",\"url\":\"http:\/\/viatgespoblenou.com\/\",\"name\":\"viatgespoblenou\",\"description\":\"\",\"potentialAction\":[{\"@type\":\"SearchAction\",\"target\":{\"@type\":\"EntryPoint\",\"urlTemplate\":\"http:\/\/viatgespoblenou.com\/?s={search_term_string}\"},\"query-input\":\"required name=search_term_string\"}],\"inLanguage\":\"es\"}]}<\/script>\n<!-- \/ Yoast SEO plugin. -->","yoast_head_json":{"title":"About us - viatgespoblenou","robots":{"index":"index","follow":"follow","max-snippet":"max-snippet:-1","max-image-preview":"max-image-preview:large","max-video-preview":"max-video-preview:-1"},"canonical":"http:\/\/viatgespoblenou.com\/pages\/about-us\/","og_locale":"es_ES","og_type":"article","og_title":"About us - viatgespoblenou","og_description":"[vc_row margin_top=\u00bb0&#8243; margin_bottom=\u00bb10&#8243; padding_left=\u00bb40&#8243; padding_right=\u00bb40&#8243; bg_position=\u00bbtop\u00bb bg_repeat=\u00bbno-repeat\u00bb bg_cover=\u00bbfalse\u00bb bg_attachment=\u00bbfalse\u00bb padding_top=\u00bb40&#8243; padding_bottom=\u00bb40&#8243; parallax_speed=\u00bb0.1&#8243;][vc_column width=\u00bb1\/1&#8243; offset=\u00bbvc_col-lg-8 vc_col-md-8 vc_col-xs-12&#8243;][vc_empty_space height=\u00bb26px\u00bb][vc_column_text]Phasellus consequat felisrdiet posuere lacus, ac commodo eros aliquet vitae scelerisque erat ligula ac iaculis nullos. Cras pretium aliquot congue lectus mi, tincidunt quis nisi vitae, sodales sodales libero. Quisque a felis aliquot for elemi pentum. Aenean libero libero,&hellip;","og_url":"http:\/\/viatgespoblenou.com\/pages\/about-us\/","og_site_name":"viatgespoblenou","article_publisher":"https:\/\/es-la.facebook.com\/people\/Viatges-Poblenou\/100001670703933","twitter_card":"summary","twitter_misc":{"Tiempo de lectura":"4 minutos"},"schema":{"@context":"https:\/\/schema.org","@graph":[{"@type":"WebPage","@id":"http:\/\/viatgespoblenou.com\/pages\/about-us\/","url":"http:\/\/viatgespoblenou.com\/pages\/about-us\/","name":"About us - viatgespoblenou","isPartOf":{"@id":"http:\/\/viatgespoblenou.com\/#website"},"datePublished":"2014-06-16T11:01:19+00:00","dateModified":"2014-06-16T11:01:19+00:00","breadcrumb":{"@id":"http:\/\/viatgespoblenou.com\/pages\/about-us\/#breadcrumb"},"inLanguage":"es","potentialAction":[{"@type":"ReadAction","target":["http:\/\/viatgespoblenou.com\/pages\/about-us\/"]}]},{"@type":"BreadcrumbList","@id":"http:\/\/viatgespoblenou.com\/pages\/about-us\/#breadcrumb","itemListElement":[{"@type":"ListItem","position":1,"name":"Home","item":"http:\/\/viatgespoblenou.com\/"},{"@type":"ListItem","position":2,"name":"Pages","item":"http:\/\/viatgespoblenou.com\/pages\/"},{"@type":"ListItem","position":3,"name":"About us"}]},{"@type":"WebSite","@id":"http:\/\/viatgespoblenou.com\/#website","url":"http:\/\/viatgespoblenou.com\/","name":"viatgespoblenou","description":"","potentialAction":[{"@type":"SearchAction","target":{"@type":"EntryPoint","urlTemplate":"http:\/\/viatgespoblenou.com\/?s={search_term_string}"},"query-input":"required name=search_term_string"}],"inLanguage":"es"}]}},"_links":{"self":[{"href":"http:\/\/viatgespoblenou.com\/es\/wp-json\/wp\/v2\/pages\/16279"}],"collection":[{"href":"http:\/\/viatgespoblenou.com\/es\/wp-json\/wp\/v2\/pages"}],"about":[{"href":"http:\/\/viatgespoblenou.com\/es\/wp-json\/wp\/v2\/types\/page"}],"author":[{"embeddable":true,"href":"http:\/\/viatgespoblenou.com\/es\/wp-json\/wp\/v2\/users\/1"}],"replies":[{"embeddable":true,"href":"http:\/\/viatgespoblenou.com\/es\/wp-json\/wp\/v2\/comments?post=16279"}],"version-history":[{"count":0,"href":"http:\/\/viatgespoblenou.com\/es\/wp-json\/wp\/v2\/pages\/16279\/revisions"}],"up":[{"embeddable":true,"href":"http:\/\/viatgespoblenou.com\/es\/wp-json\/wp\/v2\/pages\/12753"}],"wp:attachment":[{"href":"http:\/\/viatgespoblenou.com\/es\/wp-json\/wp\/v2\/media?parent=16279"}],"curies":[{"name":"wp","href":"https:\/\/api.w.org\/{rel}","templated":true}]}}