{"id":14726,"date":"2014-04-23T11:18:35","date_gmt":"2014-04-23T11:18:35","guid":{"rendered":"http:\/\/the7.dream-demo.com\/?page_id=14726"},"modified":"2014-04-23T11:18:35","modified_gmt":"2014-04-23T11:18:35","slug":"2-about-us","status":"publish","type":"page","link":"http:\/\/viatgespoblenou.com\/es\/pages\/about-us\/2-about-us\/","title":{"rendered":"2. About us"},"content":{"rendered":"<section class=\"wpb-content-wrapper\"><p>[vc_row margin_top=\u00bb0&#8243; margin_bottom=\u00bb10&#8243; padding_left=\u00bb40&#8243; padding_right=\u00bb40&#8243; bg_position=\u00bbtop\u00bb bg_repeat=\u00bbno-repeat\u00bb bg_cover=\u00bbfalse\u00bb bg_attachment=\u00bbfalse\u00bb padding_top=\u00bb50&#8243; padding_bottom=\u00bb30&#8243; parallax_speed=\u00bb0.1&#8243;][vc_column width=\u00bb1\/3&#8243;][vc_column_text]<\/p>\n<h4>Who we are<\/h4>\n<p>[\/vc_column_text][vc_empty_space height=\u00bb16px\u00bb][vc_column_text]Curabitur pellentesque neque eget diam lorem\u00a0porta. Quisque ut nulla at nunc vehicula posuere placerat eget purus vel lacinia.<\/p>\n<p>Proin porta tellus, ut feugiat nibh adipiscing metus sit amet. In eu justo a felis faucibus ornare vel id metus dictum turpis a suscipit lorem vehicula. Sed hendrerit enim non justo posuere eget purus vel mauris tincidunt et nibhbus facilisis dolorus urabitur eget lorem diam ipsum glavrida amet nulla dolor for lorem ipsum.[\/vc_column_text][vc_empty_space height=\u00bb40px\u00bb][\/vc_column][vc_column width=\u00bb1\/3&#8243;][vc_column_text]<\/p>\n<h4>Why choose us<\/h4>\n<p>[\/vc_column_text][vc_empty_space height=\u00bb16px\u00bb][vc_column_text]Curabitur pellentesque neque eget diam posuere porta. Quisque ut nulla at nunc vehicula lacinia urabitur eget lorem diam ipsum.[\/vc_column_text][vc_empty_space height=\u00bb16px\u00bb]<div class=\"standard-arrow bullet-top\"><ul>\n<li>Easy to use layout visual builder<\/li>\n<li>Modern &amp; beautiful ready-made skins<\/li>\n<li>Tons of useful widgets &amp; shortcodes<\/li>\n<li>Friendly &amp; helpful support team<\/li>\n<li>Compatible with popular plugins<\/li>\n<\/ul>\n<\/div>[vc_empty_space height=\u00bb40px\u00bb][\/vc_column][vc_column width=\u00bb1\/3&#8243;][vc_column_text]<\/p>\n<h4>Our experience<\/h4>\n<p>[\/vc_column_text][vc_empty_space height=\u00bb16px\u00bb][vc_progress_bar values=\u00bb90|Development &#8211; 10 years,75|Design &#8211; 8 years,50|Photography &#8211; 6 years,40|Video Production &#8211; 5 years,20|Marketing &#8211; 2 years\u00bb bgcolor=\u00bbaccent-bg\u00bb options=\u00bbstriped,animated\u00bb custombgcolor=\u00bb#222222&#8243; caption_pos=\u00bbtop\u00bb][vc_empty_space height=\u00bb40px\u00bb][\/vc_column][\/vc_row][vc_row margin_top=\u00bb0&#8243; margin_bottom=\u00bb50&#8243; padding_left=\u00bb0&#8243; padding_right=\u00bb0&#8243; bg_position=\u00bbtop\u00bb bg_repeat=\u00bbno-repeat\u00bb bg_cover=\u00bbfalse\u00bb bg_attachment=\u00bbfalse\u00bb padding_top=\u00bb50&#8243; padding_bottom=\u00bb30&#8243; parallax_speed=\u00bb0.1&#8243; full_width=\u00bbtrue\u00bb][vc_column width=\u00bb1\/1&#8243;]<div class=\"hr-thin style-dashed\" style=\"width: 100%;\"><\/div>[\/vc_column][\/vc_row][vc_row bg_position=\u00bbtop\u00bb bg_repeat=\u00bbrepeat\u00bb bg_cover=\u00bbfalse\u00bb bg_attachment=\u00bbfalse\u00bb padding_top=\u00bb55&#8243; padding_bottom=\u00bb60&#8243; margin_top=\u00bb0&#8243; margin_bottom=\u00bb10&#8243; parallax_speed=\u00bb0.1&#8243; full_width_padding_left=\u00bb40&#8243; full_width_padding_right=\u00bb40&#8243; full_width_margin_top=\u00bb0&#8243; full_width_margin_bottom=\u00bb0&#8243; padding_left=\u00bb40&#8243; padding_right=\u00bb40&#8243;][vc_column width=\u00bb1\/1&#8243;][vc_column_text]<\/p>\n<h2 style=\"text-align: center;\">ABOUT FOUNDERS<\/h2>\n<p>[\/vc_column_text][vc_empty_space height=\u00bb50px\u00bb][\/vc_column][vc_column width=\u00bb1\/6&#8243; offset=\u00bbvc_col-lg-3 vc_col-md-3 vc_col-xs-12&#8243;][vc_single_image image=\u00bb35112&#8243; alignment=\u00bbcenter\u00bb style=\u00bbvc_box_circle\u00bb border_color=\u00bbgrey\u00bb img_link_target=\u00bb_self\u00bb img_size=\u00bb400&#215;400&#8243; css_animation=\u00bbrollIn\u00bb][vc_empty_space height=\u00bb20px\u00bb][\/vc_column][vc_column width=\u00bb1\/3&#8243; offset=\u00bbvc_col-lg-3 vc_col-md-3 vc_col-xs-12&#8243;][vc_column_text]<\/p>\n<h3>Alex\u00a0Swift<\/h3>\n<p>[\/vc_column_text][vc_empty_space height=\u00bb3px\u00bb][vc_column_text]<\/p>\n<h5><span class=\"color-base-transparent\">co-founder, programmer<\/span><\/h5>\n<p>[\/vc_column_text][vc_empty_space height=\u00bb16px\u00bb][vc_column_text]<span class=\"color-base-transparent\">E-mail:<\/span> name@your-site.com<br \/>\n<span class=\"color-base-transparent\">Skype:<\/span> Your_Name[\/vc_column_text][vc_empty_space height=\u00bb8px\u00bb][vc_column_text]<div class=\"soc-ico\"><a title=\"Facebook\" target=\"_blank\" href=\"\" class=\"facebook\"><span class=\"assistive-text\">Facebook<\/span><\/a><a title=\"Twitter\" target=\"_blank\" href=\"\" class=\"twitter\"><span class=\"assistive-text\">Twitter<\/span><\/a><a title=\"Pinterest\" target=\"_blank\" href=\"\" class=\"pinterest\"><span class=\"assistive-text\">Pinterest<\/span><\/a><a title=\"Flickr\" target=\"_blank\" href=\"\" class=\"flickr\"><span class=\"assistive-text\">Flickr<\/span><\/a><a title=\"Instagram\" target=\"_blank\" href=\"\" class=\"instagram\"><span class=\"assistive-text\">Instagram<\/span><\/a><\/div>[\/vc_column_text][vc_empty_space height=\u00bb24px\u00bb][vc_column_text]Pellentesque vel feugiat sem. In dictum turpis a suscipit vehicula. Suspendisse ac eros sed odio hendrerit ullamcorper ac sit amet lacus dolor.[\/vc_column_text][vc_empty_space height=\u00bb50px\u00bb][\/vc_column][vc_column width=\u00bb1\/6&#8243; offset=\u00bbvc_col-lg-3 vc_col-md-3 vc_col-xs-12&#8243;][vc_single_image image=\u00bb35106&#8243; alignment=\u00bbcenter\u00bb style=\u00bbvc_box_circle\u00bb border_color=\u00bbgrey\u00bb img_link_target=\u00bb_self\u00bb img_size=\u00bb400&#215;400&#8243; css_animation=\u00bbrollIn\u00bb][vc_empty_space height=\u00bb20px\u00bb][\/vc_column][vc_column width=\u00bb1\/3&#8243; offset=\u00bbvc_col-lg-3 vc_col-md-3 vc_col-xs-12&#8243;][vc_column_text]<\/p>\n<h3>Miranda Swift<\/h3>\n<p>[\/vc_column_text][vc_empty_space height=\u00bb3px\u00bb][vc_column_text]<\/p>\n<h5><span class=\"color-base-transparent\">co-founder, designer<\/span><\/h5>\n<p>[\/vc_column_text][vc_empty_space height=\u00bb16px\u00bb][vc_column_text]<span class=\"color-base-transparent\">E-mail:<\/span> name@your-site.com<br \/>\n<span class=\"color-base-transparent\">Skype:<\/span> Your_Name[\/vc_column_text][vc_empty_space height=\u00bb8px\u00bb][vc_column_text]<div class=\"soc-ico\"><a title=\"Facebook\" target=\"_blank\" href=\"\" class=\"facebook\"><span class=\"assistive-text\">Facebook<\/span><\/a><a title=\"Twitter\" target=\"_blank\" href=\"\" class=\"twitter\"><span class=\"assistive-text\">Twitter<\/span><\/a><a title=\"Pinterest\" target=\"_blank\" href=\"\" class=\"pinterest\"><span class=\"assistive-text\">Pinterest<\/span><\/a><a title=\"Flickr\" target=\"_blank\" href=\"\" class=\"flickr\"><span class=\"assistive-text\">Flickr<\/span><\/a><a title=\"Instagram\" target=\"_blank\" href=\"\" class=\"instagram\"><span class=\"assistive-text\">Instagram<\/span><\/a><\/div>[\/vc_column_text][vc_empty_space height=\u00bb24px\u00bb][vc_column_text]Pellentesque vel feugiat sem suspendisse ac eros sed odio hendrerit ullamcorper ac sit amet lacus. Vestibulum ante ipsum primis in faucibus orci luctus.[\/vc_column_text][vc_empty_space height=\u00bb50px\u00bb][\/vc_column][\/vc_row][vc_row margin_top=\u00bb0&#8243; margin_bottom=\u00bb50&#8243; padding_left=\u00bb0&#8243; padding_right=\u00bb0&#8243; bg_position=\u00bbtop\u00bb bg_repeat=\u00bbno-repeat\u00bb bg_cover=\u00bbfalse\u00bb bg_attachment=\u00bbfalse\u00bb padding_top=\u00bb50&#8243; padding_bottom=\u00bb30&#8243; parallax_speed=\u00bb0.1&#8243; full_width=\u00bbtrue\u00bb][vc_column width=\u00bb1\/1&#8243;]<div class=\"hr-thin style-dashed\" style=\"width: 100%;\"><\/div>[\/vc_column][\/vc_row][vc_row padding_left=\u00bb40&#8243; padding_right=\u00bb40&#8243; bg_position=\u00bbtop\u00bb bg_repeat=\u00bbno-repeat\u00bb bg_cover=\u00bbfalse\u00bb bg_attachment=\u00bbfalse\u00bb padding_top=\u00bb55&#8243; padding_bottom=\u00bb30&#8243; parallax_speed=\u00bb0.1&#8243; margin_top=\u00bb50&#8243; margin_bottom=\u00bb10&#8243;][vc_column width=\u00bb2\/3&#8243;][vc_column_text]<\/p>\n<h4>We are proud to work with<\/h4>\n<p>[\/vc_column_text][vc_empty_space height=\u00bb24px\u00bb]<section class=\"logos-grid wf-container\" data-width=\"150px\" data-columns=\"4\"><div class=\"wf-cell\"><div><\/div><\/div><div class=\"wf-cell\"><div><\/div><\/div><div class=\"wf-cell\"><div><\/div><\/div><div class=\"wf-cell\"><div><\/div><\/div><div class=\"wf-cell\"><div><\/div><\/div><div class=\"wf-cell\"><div><\/div><\/div><div class=\"wf-cell\"><div><\/div><\/div><div class=\"wf-cell\"><div><\/div><\/div><\/section>[vc_empty_space height=\u00bb40px\u00bb][\/vc_column][vc_column width=\u00bb1\/3&#8243;][vc_column_text]<\/p>\n<h4>Testimonials<\/h4>\n<p>[\/vc_column_text][vc_empty_space height=\u00bb24px\u00bb]<section class=\"testimonial-item testimonial-item-slider\"><ul class=\"testimonials slider-content rsCont\">\n<li><article>\n\t<div class=\"testimonial-content\"><p>Mauris id vestibulum massa elis nisl, tincidunt eget volutpat quis, porta sit amet est. Pellen tesque solli citudin velit vel molestie.<\/p>\n<\/div>\n\t<div class=\"testimonial-vcard\"><div class=\"wf-td\"><a href=\"http:\/\/themeforest.net\/user\/Dream-Theme\" class=\"rollover\" target=\"_blank\"><span class=\"alignleft no-avatar\"><\/span><\/a><\/div><div class=\"wf-td\"><a href=\"http:\/\/themeforest.net\/user\/Dream-Theme\" class=\"text-primary\" target=\"_blank\"><span>George Green<\/span><\/a><br \/><span class=\"text-secondary color-secondary\">web designer<\/span><\/div><\/div>\n<\/article>\n<\/li><li><article>\n\t<div class=\"testimonial-content\"><p>Lorem asuis et aliquet mi. Morbi ac felis quis enim rhoncus venenatis. Praesent pellen tesque a arcu ut eleifend. Nam ac velit quis ante varius placerat.<\/p>\n<\/div>\n\t<div class=\"testimonial-vcard\"><div class=\"wf-td\"><span class=\"alignleft no-avatar\"><\/span><\/div><div class=\"wf-td\"><span class=\"text-primary\">Stefan Sweet<\/span><br \/><span class=\"text-secondary color-secondary\">happy client<\/span><\/div><\/div>\n<\/article>\n<\/li><li><article>\n\t<div class=\"testimonial-content\"><p>Vursus, enim et luctus hendre. Cras justo non justo venenatis element sed dui metus. Ut lobortis nisl at semper tellus tincida lorem ipsum dolor amet.<\/p>\n<\/div>\n\t<div class=\"testimonial-vcard\"><div class=\"wf-td\"><a href=\"http:\/\/themeforest.net\/user\/Dream-Theme\" class=\"rollover\" target=\"_blank\"><span class=\"alignleft no-avatar\"><\/span><\/a><\/div><div class=\"wf-td\"><a href=\"http:\/\/themeforest.net\/user\/Dream-Theme\" class=\"text-primary\" target=\"_blank\"><span>Miriam Orange<\/span><\/a><br \/><span class=\"text-secondary color-secondary\">photographer<\/span><\/div><\/div>\n<\/article>\n<\/li><li><article>\n\t<div class=\"testimonial-content\"><p>Lorem ipsum nec magna fermentum in pharetra orci mollis sit amet odio eu amet mauris ornare dapibus. Morbi pellen tesque vehicula nisi.<\/p>\n<\/div>\n\t<div class=\"testimonial-vcard\"><div class=\"wf-td\"><span class=\"alignleft no-avatar\"><\/span><\/div><div class=\"wf-td\"><span class=\"text-primary\">Alex Violet<\/span><br \/><span class=\"text-secondary color-secondary\">happy customer<\/span><\/div><\/div>\n<\/article>\n<\/li><li><article>\n\t<div class=\"testimonial-content\"><p>Glavrida aliquet miac felis quis rhoncus venenatis. Praesent pellent for esque a arcu ut eleifend. Nam ac velit quis ante dolor for varius.<\/p>\n<\/div>\n\t<div class=\"testimonial-vcard\"><div class=\"wf-td\"><span class=\"alignleft no-avatar\"><\/span><\/div><div class=\"wf-td\"><span class=\"text-primary\">Alex Yellow<\/span><br \/><span class=\"text-secondary color-secondary\">photographer<\/span><\/div><\/div>\n<\/article>\n<\/li><li><article>\n\t<div class=\"testimonial-content\"><p>Ut lobortis nisl at semper tellus tincidunt lorem ipsum dolor amet communitas.<\/p>\n<\/div>\n\t<div class=\"testimonial-vcard\"><div class=\"wf-td\"><a href=\"http:\/\/themeforest.net\/user\/Dream-Theme\" class=\"rollover\" target=\"_blank\"><span class=\"alignleft no-avatar\"><\/span><\/a><\/div><div class=\"wf-td\"><a href=\"http:\/\/themeforest.net\/user\/Dream-Theme\" class=\"text-primary\" target=\"_blank\"><span>Anna Lee<\/span><\/a><br \/><span class=\"text-secondary color-secondary\">photographer<\/span><\/div><\/div>\n<\/article>\n<\/li><li><article>\n\t<div class=\"testimonial-content\"><p>Nam enim felis apibus egetras consec tetur augue emassa auctort id glavico to amet molestie lorem pulvinar odio eulos amet mauris ornare dapibus.<\/p>\n<\/div>\n\t<div class=\"testimonial-vcard\"><div class=\"wf-td\"><span class=\"alignleft no-avatar\"><\/span><\/div><div class=\"wf-td\"><span class=\"text-primary\">Alex Freeman<\/span><br \/><span class=\"text-secondary color-secondary\">creative director<\/span><\/div><\/div>\n<\/article>\n<\/li><li><article>\n\t<div class=\"testimonial-content\"><p>Aliquam bibendum, est a semper enim et luctus hendre ritnisl libero molestie lectus. Cras justo non justo venenatis element.<\/p>\n<\/div>\n\t<div class=\"testimonial-vcard\"><div class=\"wf-td\"><span class=\"alignleft no-avatar\"><\/span><\/div><div class=\"wf-td\"><span class=\"text-primary\">Tiffany Gray<\/span><br \/><span class=\"text-secondary color-secondary\">private attorney <\/span><\/div><\/div>\n<\/article>\n<\/li><\/ul>\n<\/section>[vc_empty_space height=\u00bb40px\u00bb][\/vc_column][\/vc_row][vc_row margin_top=\u00bb0&#8243; margin_bottom=\u00bb50&#8243; padding_left=\u00bb0&#8243; padding_right=\u00bb0&#8243; bg_position=\u00bbtop\u00bb bg_repeat=\u00bbno-repeat\u00bb bg_cover=\u00bbfalse\u00bb bg_attachment=\u00bbfalse\u00bb padding_top=\u00bb50&#8243; padding_bottom=\u00bb30&#8243; parallax_speed=\u00bb0.1&#8243; full_width=\u00bbtrue\u00bb][vc_column width=\u00bb1\/1&#8243;]<div class=\"hr-thin style-dashed\" style=\"width: 100%;\"><\/div>[\/vc_column][\/vc_row][vc_row margin_top=\u00bb0&#8243; margin_bottom=\u00bb20&#8243; padding_left=\u00bb40&#8243; padding_right=\u00bb40&#8243; bg_position=\u00bbtop\u00bb bg_repeat=\u00bbno-repeat\u00bb bg_cover=\u00bbfalse\u00bb bg_attachment=\u00bbfalse\u00bb padding_top=\u00bb55&#8243; padding_bottom=\u00bb60&#8243; parallax_speed=\u00bb0.1&#8243;][vc_column width=\u00bb1\/1&#8243;][vc_column_text]<\/p>\n<h2 style=\"text-align: center;\">PRODUCTS &amp; SERVICES<\/h2>\n<p>[\/vc_column_text][vc_empty_space height=\u00bb55px\u00bb]<section id=\"benefits-grid-1\" class=\"benefits-grid wf-container benefits-style-one icons-bg animation-at-the-same-time accent-bg accent-hover-bg custom-icon-color custom-icon-hover-color\" data-width=\"300px\" data-columns=\"3\"><style type=\"text\/css\">#benefits-grid-1.icons-bg .benefits-grid-ico { height: 36px; line-height: 36px; width: 36px;-webkit-border-radius: 100px;-moz-border-radius: 100px;-ms-border-radius: 100px;-o-border-radius: 100px;border-radius: 100px; }#benefits-grid-1.icons-bg .benefits-grid-ico > .fa { font-size: 20px; line-height: 36px; }#benefits-grid-1.custom-icon-color .benefits-grid-ico > .fa,\n\t\t\t\t\t#benefits-grid-1.custom-icon-color .benefits-grid-ico > .fa:before { color: #ffffff; }#benefits-grid-1.custom-icon-hover-color a.benefits-grid-ico:hover > .fa,\n\t\t\t\t\t#benefits-grid-1.custom-icon-hover-color a.benefits-grid-ico:hover > .fa:before { color: #ffffff; -webkit-text-fill-color: #ffffff; }<\/style><div class=\"wf-cell\"><div><div class=\"text-big\"><div class=\"wf-table\"><div class=\"wf-td\"><span class=\"benefits-grid-ico rollIn animate-element\"><i class=\"fa fa-book\"><\/i><\/span><\/div><div class=\"wf-td\"><h5>DEPARTAMENTO ESTUDIANTES<\/h5><\/div><\/div><p style=\"text-align: justify;\">Viajes de fin de curso, organizados con \/ sin profesores, con \/ sin gu\u00eda acompa\u00f1ante, nacionales e internacionales, circuitos en autocar y tambi\u00e9n combinados con avi\u00f3n&#8230; Asesoramiento de cualquier aspecto del viaje, seguros, documentaci\u00f3n y tambi\u00e9n ayuda a la autofinanciaci\u00f3n de\u00a0los alumnos.<\/p>\n<\/div><\/div><\/div><div class=\"wf-cell\"><div><div class=\"text-big\"><div class=\"wf-table\"><div class=\"wf-td\"><span class=\"benefits-grid-ico rollIn animate-element\"><i class=\"fa fa-tree\"><\/i><\/span><\/div><div class=\"wf-td\"><h5>DEPARTAMENTO ESQU\u00cd<\/h5><\/div><\/div><p style=\"text-align: justify;\">Esquiadas desde 1 d\u00eda hasta el que necesit\u00e9is. Escuela de Esqu\u00ed propia con monitores dedicados exclusivamente a nuestros grupos, con \/ sin monitores de ocio, desplazamientos en autocar desde vuestro\u00a0centro hasta las pistas, hoteles a pie de pista&#8230;<\/p>\n<\/div><\/div><\/div><div class=\"wf-cell\"><div><div class=\"text-big\"><div class=\"wf-table\"><div class=\"wf-td\"><span class=\"benefits-grid-ico rollIn animate-element\"><i class=\"fa fa-futbol-o\"><\/i><\/span><\/div><div class=\"wf-td\"><h5>DEPARTAMENTO COLONIAS<\/h5><\/div><\/div><p style=\"text-align: justify;\">Estancias en los diferentes Centros de Playa. Ofrecemos una amplia variedad de programas de actividades y acompa\u00f1antes durante todo el d\u00eda: nuestros monitores especializados en cada una de las actividades.<\/p>\n<\/div><\/div><\/div><div class=\"wf-cell\"><div><div class=\"text-big\"><div class=\"wf-table\"><div class=\"wf-td\"><span class=\"benefits-grid-ico rollIn animate-element\"><i class=\"fa fa-bus\"><\/i><\/span><\/div><div class=\"wf-td\"><h5>DEPARTAMENTO JUBILADOS<\/h5><\/div><\/div><p style=\"text-align: justify;\">Circuitos organizados y estancias por toda Europa<\/p>\n<\/div><\/div><\/div><div class=\"wf-cell\"><div><div class=\"text-big\"><div class=\"wf-table\"><div class=\"wf-td\"><a href=\"http:\/\/themeforest.net\/user\/Dream-Theme\/portfolio?ref=Dream-Theme\" class=\"benefits-grid-ico rollIn animate-element\"><i class=\"fa fa-tablet\"><\/i><\/a><\/div><div class=\"wf-td\"><h5 class=\"benefit-title\"><a href=\"http:\/\/themeforest.net\/user\/Dream-Theme\/portfolio?ref=Dream-Theme\">Fully Responsive<\/a><\/h5><\/div><\/div><p>Integer vitae ante vitae mauris ipsum amos nulla massa sed pulvinar metus sed lorem ipsum vulputate turpis.<\/p>\n<\/div><\/div><\/div><div class=\"wf-cell\"><div><div class=\"text-big\"><div class=\"wf-table\"><div class=\"wf-td\"><a href=\"http:\/\/themeforest.net\/user\/Dream-Theme\/portfolio?ref=Dream-Theme\" class=\"benefits-grid-ico rollIn animate-element\"><i class=\"fa fa-refresh\"><\/i><\/a><\/div><div class=\"wf-td\"><h5 class=\"benefit-title\"><a href=\"http:\/\/themeforest.net\/user\/Dream-Theme\/portfolio?ref=Dream-Theme\">Regular Updates<\/a><\/h5><\/div><\/div><p>Lorem aute irure dolor adipisicing elit, sed do eiusmod tempor incididunt ut labore et dolore magna lorem nulla.<\/p>\n<\/div><\/div><\/div><\/section>[\/vc_column][\/vc_row]<\/p>\n<\/section>","protected":false},"excerpt":{"rendered":"<p>[vc_row margin_top=\u00bb0&#8243; margin_bottom=\u00bb10&#8243; padding_left=\u00bb40&#8243; padding_right=\u00bb40&#8243; bg_position=\u00bbtop\u00bb bg_repeat=\u00bbno-repeat\u00bb bg_cover=\u00bbfalse\u00bb bg_attachment=\u00bbfalse\u00bb padding_top=\u00bb50&#8243; padding_bottom=\u00bb30&#8243; parallax_speed=\u00bb0.1&#8243;][vc_column width=\u00bb1\/3&#8243;][vc_column_text] Who we are [\/vc_column_text][vc_empty_space height=\u00bb16px\u00bb][vc_column_text]Curabitur pellentesque neque eget diam lorem\u00a0porta. Quisque ut nulla at nunc vehicula posuere placerat eget purus vel lacinia. Proin porta tellus, ut feugiat nibh adipiscing metus sit amet. In eu justo a felis faucibus ornare vel id metus&hellip;<\/p>\n","protected":false},"author":1,"featured_media":0,"parent":16279,"menu_order":20,"comment_status":"closed","ping_status":"closed","template":"","meta":[],"yoast_head":"<!-- This site is optimized with the Yoast SEO plugin v19.7.1 - https:\/\/yoast.com\/wordpress\/plugins\/seo\/ -->\n<title>2. About us - viatgespoblenou<\/title>\n<meta name=\"robots\" content=\"index, follow, max-snippet:-1, max-image-preview:large, max-video-preview:-1\" \/>\n<link rel=\"canonical\" href=\"http:\/\/viatgespoblenou.com\/pages\/about-us\/2-about-us\/\" \/>\n<meta property=\"og:locale\" content=\"es_ES\" \/>\n<meta property=\"og:type\" content=\"article\" \/>\n<meta property=\"og:title\" content=\"2. About us - viatgespoblenou\" \/>\n<meta property=\"og:description\" content=\"[vc_row margin_top=\u00bb0&#8243; margin_bottom=\u00bb10&#8243; padding_left=\u00bb40&#8243; padding_right=\u00bb40&#8243; bg_position=\u00bbtop\u00bb bg_repeat=\u00bbno-repeat\u00bb bg_cover=\u00bbfalse\u00bb bg_attachment=\u00bbfalse\u00bb padding_top=\u00bb50&#8243; padding_bottom=\u00bb30&#8243; parallax_speed=\u00bb0.1&#8243;][vc_column width=\u00bb1\/3&#8243;][vc_column_text] Who we are [\/vc_column_text][vc_empty_space height=\u00bb16px\u00bb][vc_column_text]Curabitur pellentesque neque eget diam lorem\u00a0porta. Quisque ut nulla at nunc vehicula posuere placerat eget purus vel lacinia. Proin porta tellus, ut feugiat nibh adipiscing metus sit amet. In eu justo a felis faucibus ornare vel id metus&hellip;\" \/>\n<meta property=\"og:url\" content=\"http:\/\/viatgespoblenou.com\/pages\/about-us\/2-about-us\/\" \/>\n<meta property=\"og:site_name\" content=\"viatgespoblenou\" \/>\n<meta property=\"article:publisher\" content=\"https:\/\/es-la.facebook.com\/people\/Viatges-Poblenou\/100001670703933\" \/>\n<meta name=\"twitter:card\" content=\"summary\" \/>\n<meta name=\"twitter:label1\" content=\"Tiempo de lectura\" \/>\n\t<meta name=\"twitter:data1\" content=\"6 minutos\" \/>\n<script type=\"application\/ld+json\" class=\"yoast-schema-graph\">{\"@context\":\"https:\/\/schema.org\",\"@graph\":[{\"@type\":\"WebPage\",\"@id\":\"http:\/\/viatgespoblenou.com\/pages\/about-us\/2-about-us\/\",\"url\":\"http:\/\/viatgespoblenou.com\/pages\/about-us\/2-about-us\/\",\"name\":\"2. About us - viatgespoblenou\",\"isPartOf\":{\"@id\":\"http:\/\/viatgespoblenou.com\/#website\"},\"datePublished\":\"2014-04-23T11:18:35+00:00\",\"dateModified\":\"2014-04-23T11:18:35+00:00\",\"breadcrumb\":{\"@id\":\"http:\/\/viatgespoblenou.com\/pages\/about-us\/2-about-us\/#breadcrumb\"},\"inLanguage\":\"es\",\"potentialAction\":[{\"@type\":\"ReadAction\",\"target\":[\"http:\/\/viatgespoblenou.com\/pages\/about-us\/2-about-us\/\"]}]},{\"@type\":\"BreadcrumbList\",\"@id\":\"http:\/\/viatgespoblenou.com\/pages\/about-us\/2-about-us\/#breadcrumb\",\"itemListElement\":[{\"@type\":\"ListItem\",\"position\":1,\"name\":\"Home\",\"item\":\"http:\/\/viatgespoblenou.com\/\"},{\"@type\":\"ListItem\",\"position\":2,\"name\":\"Pages\",\"item\":\"http:\/\/viatgespoblenou.com\/pages\/\"},{\"@type\":\"ListItem\",\"position\":3,\"name\":\"About us\",\"item\":\"http:\/\/viatgespoblenou.com\/pages\/about-us\/\"},{\"@type\":\"ListItem\",\"position\":4,\"name\":\"2. About us\"}]},{\"@type\":\"WebSite\",\"@id\":\"http:\/\/viatgespoblenou.com\/#website\",\"url\":\"http:\/\/viatgespoblenou.com\/\",\"name\":\"viatgespoblenou\",\"description\":\"\",\"potentialAction\":[{\"@type\":\"SearchAction\",\"target\":{\"@type\":\"EntryPoint\",\"urlTemplate\":\"http:\/\/viatgespoblenou.com\/?s={search_term_string}\"},\"query-input\":\"required name=search_term_string\"}],\"inLanguage\":\"es\"}]}<\/script>\n<!-- \/ Yoast SEO plugin. -->","yoast_head_json":{"title":"2. About us - viatgespoblenou","robots":{"index":"index","follow":"follow","max-snippet":"max-snippet:-1","max-image-preview":"max-image-preview:large","max-video-preview":"max-video-preview:-1"},"canonical":"http:\/\/viatgespoblenou.com\/pages\/about-us\/2-about-us\/","og_locale":"es_ES","og_type":"article","og_title":"2. About us - viatgespoblenou","og_description":"[vc_row margin_top=\u00bb0&#8243; margin_bottom=\u00bb10&#8243; padding_left=\u00bb40&#8243; padding_right=\u00bb40&#8243; bg_position=\u00bbtop\u00bb bg_repeat=\u00bbno-repeat\u00bb bg_cover=\u00bbfalse\u00bb bg_attachment=\u00bbfalse\u00bb padding_top=\u00bb50&#8243; padding_bottom=\u00bb30&#8243; parallax_speed=\u00bb0.1&#8243;][vc_column width=\u00bb1\/3&#8243;][vc_column_text] Who we are [\/vc_column_text][vc_empty_space height=\u00bb16px\u00bb][vc_column_text]Curabitur pellentesque neque eget diam lorem\u00a0porta. Quisque ut nulla at nunc vehicula posuere placerat eget purus vel lacinia. Proin porta tellus, ut feugiat nibh adipiscing metus sit amet. In eu justo a felis faucibus ornare vel id metus&hellip;","og_url":"http:\/\/viatgespoblenou.com\/pages\/about-us\/2-about-us\/","og_site_name":"viatgespoblenou","article_publisher":"https:\/\/es-la.facebook.com\/people\/Viatges-Poblenou\/100001670703933","twitter_card":"summary","twitter_misc":{"Tiempo de lectura":"6 minutos"},"schema":{"@context":"https:\/\/schema.org","@graph":[{"@type":"WebPage","@id":"http:\/\/viatgespoblenou.com\/pages\/about-us\/2-about-us\/","url":"http:\/\/viatgespoblenou.com\/pages\/about-us\/2-about-us\/","name":"2. About us - viatgespoblenou","isPartOf":{"@id":"http:\/\/viatgespoblenou.com\/#website"},"datePublished":"2014-04-23T11:18:35+00:00","dateModified":"2014-04-23T11:18:35+00:00","breadcrumb":{"@id":"http:\/\/viatgespoblenou.com\/pages\/about-us\/2-about-us\/#breadcrumb"},"inLanguage":"es","potentialAction":[{"@type":"ReadAction","target":["http:\/\/viatgespoblenou.com\/pages\/about-us\/2-about-us\/"]}]},{"@type":"BreadcrumbList","@id":"http:\/\/viatgespoblenou.com\/pages\/about-us\/2-about-us\/#breadcrumb","itemListElement":[{"@type":"ListItem","position":1,"name":"Home","item":"http:\/\/viatgespoblenou.com\/"},{"@type":"ListItem","position":2,"name":"Pages","item":"http:\/\/viatgespoblenou.com\/pages\/"},{"@type":"ListItem","position":3,"name":"About us","item":"http:\/\/viatgespoblenou.com\/pages\/about-us\/"},{"@type":"ListItem","position":4,"name":"2. About us"}]},{"@type":"WebSite","@id":"http:\/\/viatgespoblenou.com\/#website","url":"http:\/\/viatgespoblenou.com\/","name":"viatgespoblenou","description":"","potentialAction":[{"@type":"SearchAction","target":{"@type":"EntryPoint","urlTemplate":"http:\/\/viatgespoblenou.com\/?s={search_term_string}"},"query-input":"required name=search_term_string"}],"inLanguage":"es"}]}},"_links":{"self":[{"href":"http:\/\/viatgespoblenou.com\/es\/wp-json\/wp\/v2\/pages\/14726"}],"collection":[{"href":"http:\/\/viatgespoblenou.com\/es\/wp-json\/wp\/v2\/pages"}],"about":[{"href":"http:\/\/viatgespoblenou.com\/es\/wp-json\/wp\/v2\/types\/page"}],"author":[{"embeddable":true,"href":"http:\/\/viatgespoblenou.com\/es\/wp-json\/wp\/v2\/users\/1"}],"replies":[{"embeddable":true,"href":"http:\/\/viatgespoblenou.com\/es\/wp-json\/wp\/v2\/comments?post=14726"}],"version-history":[{"count":0,"href":"http:\/\/viatgespoblenou.com\/es\/wp-json\/wp\/v2\/pages\/14726\/revisions"}],"up":[{"embeddable":true,"href":"http:\/\/viatgespoblenou.com\/es\/wp-json\/wp\/v2\/pages\/16279"}],"wp:attachment":[{"href":"http:\/\/viatgespoblenou.com\/es\/wp-json\/wp\/v2\/media?parent=14726"}],"curies":[{"name":"wp","href":"https:\/\/api.w.org\/{rel}","templated":true}]}}