{"id":12790,"date":"2013-11-22T14:42:50","date_gmt":"2013-11-22T14:42:50","guid":{"rendered":"http:\/\/the7.dream-demo.com\/dummy\/?page_id=12790"},"modified":"2013-11-22T14:42:50","modified_gmt":"2013-11-22T14:42:50","slug":"business","status":"publish","type":"page","link":"http:\/\/viatgespoblenou.com\/es\/home\/business\/","title":{"rendered":"Business"},"content":{"rendered":"<section class=\"wpb-content-wrapper\"><p>[vc_row margin_top=\u00bb0&#8243; margin_bottom=\u00bb20&#8243; padding_left=\u00bb0&#8243; padding_right=\u00bb0&#8243; bg_position=\u00bbtop\u00bb bg_repeat=\u00bbno-repeat\u00bb bg_cover=\u00bbfalse\u00bb bg_attachment=\u00bbfalse\u00bb padding_top=\u00bb0&#8243; padding_bottom=\u00bb0&#8243; parallax_speed=\u00bb0.1&#8243;][vc_column width=\u00bb1\/1&#8243; offset=\u00bbvc_col-lg-6 vc_col-md-6 vc_col-xs-12&#8243;][vc_column_text]<\/p>\n<h4>Welcome to our website!<\/h4>\n<p>[\/vc_column_text][vc_empty_space height=\u00bb16px\u00bb][vc_column_text]Sed interdum, lacus et vulputate pellentesque, velit nulla commodo sem, at egestas nulla metus vel sapien! Lorem ipsum dolor sit amet communitas imperdiet eleifend magna, egetipsum dolor sit dictum urna to lorem gravida quis. Nulla facilisi congue eu ornare vel, mattis sed eros.<\/p>\n<p>Unterdum, lacus et vulputate pellentesque, velit nulla commodo sem, at egestas nulla metus vel sapien! Lorem ipsum dolor sit amet communitas erdum, lacus et vulputate, velit nulla commodo sem, at egestas nulla metus vel sapien! Lorem ipsum dolor sit amet communitas imperdiet eleifend magna, eget dictum.[\/vc_column_text][vc_empty_space height=\u00bb40px\u00bb][\/vc_column][vc_column width=\u00bb1\/2&#8243; offset=\u00bbvc_col-lg-3 vc_col-md-3 vc_col-xs-12&#8243;][vc_column_text]<\/p>\n<h4>Experience<\/h4>\n<p>[\/vc_column_text][vc_empty_space height=\u00bb16px\u00bb][vc_progress_bar values=\u00bb90|Development,80|Design,70|Marketing,60|Consulting\u00bb bgcolor=\u00bbaccent-bg\u00bb options=\u00bbstriped\u00bb caption_pos=\u00bbtop\u00bb][vc_empty_space height=\u00bb40px\u00bb][\/vc_column][vc_column width=\u00bb1\/2&#8243; offset=\u00bbvc_col-lg-3 vc_col-md-3 vc_col-xs-12&#8243;][vc_column_text]<\/p>\n<h4>Services<\/h4>\n<p>[\/vc_column_text][vc_empty_space height=\u00bb16px\u00bb][vc_accordion style=\u00bb1&#8243;][vc_accordion_tab title=\u00bbWeb development\u00bb][vc_column_text]Nullam velit nulla commodo sem, at egestas nulla metus vel aptent taciti ad litora per conubia mattis eleifend magna.[\/vc_column_text][\/vc_accordion_tab][vc_accordion_tab title=\u00bbPhotography\u00bb][vc_column_text]Velit nulla commodo sem, at egestas nulla metus vel imperdiet aptent taciti ad litora torquent per conubia mattis eleifend magna.[\/vc_column_text][\/vc_accordion_tab][vc_accordion_tab title=\u00bbProgramming\u00bb][vc_column_text]Nulla commodo sem, at egestas nulla metus vel imperdiet aptent taciti ad litora torquent per conubia mattis nulla eleifend magna.[\/vc_column_text][\/vc_accordion_tab][\/vc_accordion][vc_empty_space height=\u00bb40px\u00bb][\/vc_column][\/vc_row][vc_row margin_top=\u00bb0&#8243; margin_bottom=\u00bb0&#8243; padding_left=\u00bb0&#8243; padding_right=\u00bb0&#8243; type=\u00bb1&#8243; bg_position=\u00bbtop\u00bb bg_repeat=\u00bbrepeat\u00bb bg_cover=\u00bbfalse\u00bb bg_attachment=\u00bbfalse\u00bb padding_top=\u00bb55&#8243; padding_bottom=\u00bb20&#8243; parallax_speed=\u00bb0.1&#8243;][vc_column width=\u00bb1\/1&#8243; offset=\u00bbvc_col-lg-3 vc_col-md-3 vc_col-xs-12&#8243;][vc_column_text]<\/p>\n<h4>Our specialization<\/h4>\n<p>[\/vc_column_text][vc_empty_space height=\u00bb16px\u00bb][vc_column_text]Lorem ipsum dolor sit amet communitas imperdiet eleifend magna, eget dictum urna to loremipsum dolor sit amet communitas gravida quis. Nulla facilisi congue eu ornare vel, mattis sed eros.[\/vc_column_text][vc_empty_space height=\u00bb8px\u00bb]<a href=\"#\" class=\"dt-btn-m btn-link ico-right-side\">Learn more<i class=\"fa fa-chevron-circle-right\"><\/i><\/a>[vc_empty_space height=\u00bb40px\u00bb][\/vc_column][vc_column width=\u00bb1\/1&#8243; offset=\u00bbvc_col-lg-9 vc_col-md-9 vc_col-xs-12&#8243;]<section id=\"benefits-grid-1\" class=\"benefits-grid wf-container benefits-style-two icons-bg accent-bg light-hover-bg custom-icon-color accent-icon-hover-color\" data-width=\"300px\" data-columns=\"2\"><style type=\"text\/css\">#benefits-grid-1.icons-bg .benefits-grid-ico { height: 44px; line-height: 44px; width: 44px;-webkit-border-radius: 100px;-moz-border-radius: 100px;-ms-border-radius: 100px;-o-border-radius: 100px;border-radius: 100px; }#benefits-grid-1.icons-bg .benefits-grid-ico > .fa { font-size: 22px; line-height: 44px; }#benefits-grid-1.custom-icon-color .benefits-grid-ico > .fa,\n\t\t\t\t\t#benefits-grid-1.custom-icon-color .benefits-grid-ico > .fa:before { color: #ffffff; }<\/style><div class=\"wf-cell\"><div><div class=\"text-big\"><div class=\"wf-table\"><div class=\"wf-td\"><span class=\"benefits-grid-ico fadeInLeft animate-element\"><i class=\"fa fa-book\"><\/i><\/span><\/div><div class=\"wf-td benefits-inner\"><h5>DEPARTAMENTO ESTUDIANTES<\/h5><p style=\"text-align: justify;\">Viajes de fin de curso, organizados con \/ sin profesores, con \/ sin gu\u00eda acompa\u00f1ante, nacionales e internacionales, circuitos en autocar y tambi\u00e9n combinados con avi\u00f3n&#8230; Asesoramiento de cualquier aspecto del viaje, seguros, documentaci\u00f3n y tambi\u00e9n ayuda a la autofinanciaci\u00f3n de\u00a0los alumnos.<\/p>\n<\/div><\/div><\/div><\/div><\/div><div class=\"wf-cell\"><div><div class=\"text-big\"><div class=\"wf-table\"><div class=\"wf-td\"><span class=\"benefits-grid-ico fadeInLeft animate-element\"><i class=\"fa fa-tree\"><\/i><\/span><\/div><div class=\"wf-td benefits-inner\"><h5>DEPARTAMENTO ESQU\u00cd<\/h5><p style=\"text-align: justify;\">Esquiadas desde 1 d\u00eda hasta el que necesit\u00e9is. Escuela de Esqu\u00ed propia con monitores dedicados exclusivamente a nuestros grupos, con \/ sin monitores de ocio, desplazamientos en autocar desde vuestro\u00a0centro hasta las pistas, hoteles a pie de pista&#8230;<\/p>\n<\/div><\/div><\/div><\/div><\/div><div class=\"wf-cell\"><div><div class=\"text-big\"><div class=\"wf-table\"><div class=\"wf-td\"><span class=\"benefits-grid-ico fadeInLeft animate-element\"><i class=\"fa fa-futbol-o\"><\/i><\/span><\/div><div class=\"wf-td benefits-inner\"><h5>DEPARTAMENTO COLONIAS<\/h5><p style=\"text-align: justify;\">Estancias en los diferentes Centros de Playa. Ofrecemos una amplia variedad de programas de actividades y acompa\u00f1antes durante todo el d\u00eda: nuestros monitores especializados en cada una de las actividades.<\/p>\n<\/div><\/div><\/div><\/div><\/div><div class=\"wf-cell\"><div><div class=\"text-big\"><div class=\"wf-table\"><div class=\"wf-td\"><span class=\"benefits-grid-ico fadeInLeft animate-element\"><i class=\"fa fa-bus\"><\/i><\/span><\/div><div class=\"wf-td benefits-inner\"><h5>DEPARTAMENTO JUBILADOS<\/h5><p style=\"text-align: justify;\">Circuitos organizados y estancias por toda Europa<\/p>\n<\/div><\/div><\/div><\/div><\/div><div class=\"wf-cell\"><div><div class=\"text-big\"><div class=\"wf-table\"><div class=\"wf-td\"><a href=\"http:\/\/themeforest.net\/user\/Dream-Theme\/portfolio?ref=Dream-Theme\" class=\"benefits-grid-ico fadeInLeft animate-element\"><i class=\"fa fa-tablet\"><\/i><\/a><\/div><div class=\"wf-td benefits-inner\"><h5 class=\"benefit-title\"><a href=\"http:\/\/themeforest.net\/user\/Dream-Theme\/portfolio?ref=Dream-Theme\">Fully Responsive<\/a><\/h5><p>Integer vitae ante vitae mauris ipsum amos nulla massa sed pulvinar metus sed lorem ipsum vulputate turpis.<\/p>\n<\/div><\/div><\/div><\/div><\/div><div class=\"wf-cell\"><div><div class=\"text-big\"><div class=\"wf-table\"><div class=\"wf-td\"><a href=\"http:\/\/themeforest.net\/user\/Dream-Theme\/portfolio?ref=Dream-Theme\" class=\"benefits-grid-ico fadeInLeft animate-element\"><i class=\"fa fa-refresh\"><\/i><\/a><\/div><div class=\"wf-td benefits-inner\"><h5 class=\"benefit-title\"><a href=\"http:\/\/themeforest.net\/user\/Dream-Theme\/portfolio?ref=Dream-Theme\">Regular Updates<\/a><\/h5><p>Lorem aute irure dolor adipisicing elit, sed do eiusmod tempor incididunt ut labore et dolore magna lorem nulla.<\/p>\n<\/div><\/div><\/div><\/div><\/div><\/section>[vc_empty_space height=\u00bb40px\u00bb][\/vc_column][\/vc_row][vc_row margin_top=\u00bb55&#8243; margin_bottom=\u00bb25&#8243; padding_left=\u00bb0&#8243; padding_right=\u00bb0&#8243; bg_position=\u00bbtop\u00bb bg_repeat=\u00bbrepeat\u00bb bg_cover=\u00bbfalse\u00bb bg_attachment=\u00bbfalse\u00bb padding_top=\u00bb55&#8243; padding_bottom=\u00bb20&#8243; parallax_speed=\u00bb0.1&#8243;][vc_column width=\u00bb1\/1&#8243; offset=\u00bbvc_col-lg-3 vc_col-md-3 vc_col-xs-12&#8243;][vc_column_text]<\/p>\n<h4>Our services<\/h4>\n<p>[\/vc_column_text][vc_empty_space height=\u00bb16px\u00bb][vc_column_text]Sed interdum, lacus et vulputate pellentesque, velit nulla commodo sem, at egestas nulla metus vel sapien! Lorem ipsum dolor sit amet communitas imperdiet eleifend magna, egetipsum dolor.[\/vc_column_text][vc_empty_space height=\u00bb8px\u00bb]<a href=\"#\" class=\"dt-btn-m btn-link ico-right-side\">Learn more<i class=\"fa fa-chevron-circle-right\"><\/i><\/a>[vc_empty_space height=\u00bb40px\u00bb][\/vc_column][vc_column width=\u00bb1\/3&#8243; offset=\u00bbvc_col-lg-3 vc_col-md-3 vc_col-xs-12&#8243;][vc_empty_space height=\u00bb10px\u00bb]<section class=\"shortcode-teaser img-full frame-fancy frame-on fadeInUp animate-element\"><div class=\"shortcode-teaser-img\"><a class=\"rollover\" href=\"http:\/\/themeforest.net\/user\/Dream-Theme\/portfolio?ref=Dream-Theme\" target=\"_blank\"><img src=\"http:\/\/viatgespoblenou.com\/wp-content\/themes\/dt-the7\/images\/noimage.jpg\" alt=\"\" width=\"1000\" height=\"1000\" \/><\/a><\/div><div class=\"shortcode-teaser-content text-big\"><h5 style=\"text-align: center;\">Corporate Identity<\/h5>\n<p style=\"text-align: center;\">Pellen tesque velit nulla sem at unitas poten ornare felis amet\u00a0sit.<\/p>\n<div class=\"gap\" style=\"line-height: 10px; height: 10px;\"><\/div>\n<p style=\"text-align: center;\"><a href=\"#\" class=\"dt-btn-s dt-btn\" target=\"_blank\">View details<\/a><\/p>\n<\/div><\/section>[vc_empty_space height=\u00bb40px\u00bb][\/vc_column][vc_column width=\u00bb1\/3&#8243; offset=\u00bbvc_col-lg-3 vc_col-md-3 vc_col-xs-12&#8243;][vc_empty_space height=\u00bb10px\u00bb]<section class=\"shortcode-teaser img-full frame-fancy frame-on fadeInUp animate-element\"><div class=\"shortcode-teaser-img\"><a class=\"rollover\" href=\"http:\/\/themeforest.net\/user\/Dream-Theme\/portfolio?ref=Dream-Theme\" target=\"_blank\"><img src=\"http:\/\/viatgespoblenou.com\/wp-content\/themes\/dt-the7\/images\/noimage.jpg\" alt=\"\" width=\"1000\" height=\"1000\" \/><\/a><\/div><div class=\"shortcode-teaser-content text-big\"><h5 style=\"text-align: center;\">Design<\/h5>\n<p style=\"text-align: center;\">Lorem ipsum velit nulla sem at unitas poten ornare felis dolor amet.<\/p>\n<div class=\"gap\" style=\"line-height: 10px; height: 10px;\"><\/div>\n<p style=\"text-align: center;\"><a href=\"#\" class=\"dt-btn-s dt-btn\" target=\"_blank\">View details<\/a><\/p>\n<\/div><\/section>[vc_empty_space height=\u00bb40px\u00bb][\/vc_column][vc_column width=\u00bb1\/3&#8243; offset=\u00bbvc_col-lg-3 vc_col-md-3 vc_col-xs-12&#8243;][vc_empty_space height=\u00bb10px\u00bb]<section class=\"shortcode-teaser img-full frame-fancy frame-on fadeInUp animate-element\"><div class=\"shortcode-teaser-img\"><a class=\"rollover\" href=\"http:\/\/themeforest.net\/user\/Dream-Theme\/portfolio?ref=Dream-Theme\" target=\"_blank\"><img src=\"http:\/\/viatgespoblenou.com\/wp-content\/themes\/dt-the7\/images\/noimage.jpg\" alt=\"\" width=\"1000\" height=\"1000\" \/><\/a><\/div><div class=\"shortcode-teaser-content text-big\"><h5 style=\"text-align: center;\">Photography<\/h5>\n<p style=\"text-align: center;\">Glavrida\u00a0velit nulla sem at unitas poten ornare felis amet\u00a0sit.<\/p>\n<div class=\"gap\" style=\"line-height: 10px; height: 10px;\"><\/div>\n<p style=\"text-align: center;\"><a href=\"#\" class=\"dt-btn-s dt-btn\" target=\"_blank\">View details<\/a><\/p>\n<\/div><\/section>[vc_empty_space height=\u00bb40px\u00bb][\/vc_column][\/vc_row][vc_row margin_top=\u00bb0&#8243; margin_bottom=\u00bb0&#8243; padding_left=\u00bb0&#8243; padding_right=\u00bb0&#8243; type=\u00bb1&#8243; bg_position=\u00bbtop\u00bb bg_repeat=\u00bbrepeat\u00bb bg_cover=\u00bbfalse\u00bb bg_attachment=\u00bbfalse\u00bb padding_top=\u00bb55&#8243; padding_bottom=\u00bb20&#8243; parallax_speed=\u00bb0.1&#8243;][vc_column width=\u00bb1\/1&#8243; offset=\u00bbvc_col-lg-3 vc_col-md-3 vc_col-xs-12&#8243;][vc_column_text]<\/p>\n<h4>Our\u00a0partners<\/h4>\n<p>[\/vc_column_text][vc_empty_space height=\u00bb16px\u00bb][vc_column_text]Imperdiet eleifend magna, eget dictum urna to loremipsum dolor sit amet communitas gravida quis. Nulla facilisi congue eu ornare vel mattis sed.[\/vc_column_text][vc_empty_space height=\u00bb8px\u00bb]<a href=\"#\" class=\"dt-btn-m btn-link ico-right-side\">Learn more<i class=\"fa fa-chevron-circle-right\"><\/i><\/a>[vc_empty_space height=\u00bb40px\u00bb][\/vc_column][vc_column width=\u00bb1\/1&#8243; offset=\u00bbvc_col-lg-9 vc_col-md-9 vc_col-xs-12&#8243;]<section class=\"logos-grid wf-container\" data-width=\"150px\" data-columns=\"4\"><div class=\"wf-cell\"><div><\/div><\/div><div class=\"wf-cell\"><div><\/div><\/div><div class=\"wf-cell\"><div><\/div><\/div><div class=\"wf-cell\"><div><\/div><\/div><div class=\"wf-cell\"><div><\/div><\/div><div class=\"wf-cell\"><div><\/div><\/div><div class=\"wf-cell\"><div><\/div><\/div><div class=\"wf-cell\"><div><\/div><\/div><\/section>[vc_empty_space height=\u00bb40px\u00bb][\/vc_column][\/vc_row][vc_row margin_top=\u00bb55&#8243; margin_bottom=\u00bb5&#8243; padding_left=\u00bb0&#8243; padding_right=\u00bb0&#8243; bg_position=\u00bbtop\u00bb bg_repeat=\u00bbno-repeat\u00bb bg_cover=\u00bbfalse\u00bb bg_attachment=\u00bbfalse\u00bb padding_top=\u00bb0&#8243; padding_bottom=\u00bb0&#8243; parallax_speed=\u00bb0.1&#8243;][vc_column width=\u00bb1\/1&#8243;][vc_column_text css_animation=\u00bbfadeInUp\u00bb]<\/p>\n<h2 style=\"text-align: center;\">Meet Totally Renewed <span class=\"paint-accent-color\">The7<\/span> Premium WordPress Theme!<\/h2>\n<p>[\/vc_column_text][vc_empty_space height=\u00bb16px\u00bb][vc_column_text css_animation=\u00bbfadeInUp\u00bb]<\/p>\n<h3 style=\"text-align: center;\">Create the site You\u2019ll be proud of! Without touching a single line of code.<\/h3>\n<p>[\/vc_column_text][vc_empty_space height=\u00bb30px\u00bb][vc_column_text css_animation=\u00bbfadeInUp\u00bb]<\/p>\n<p style=\"text-align: center;\"><a href=\"#\" class=\"dt-btn-l dt-btn\" target=\"_blank\">Read reviews<\/a><a href=\"#\" class=\"dt-btn-l dt-btn\" target=\"_blank\">Purchase now<\/a><\/p>\n<p>[\/vc_column_text][\/vc_column][\/vc_row]<\/p>\n<\/section>","protected":false},"excerpt":{"rendered":"<p>[vc_row margin_top=\u00bb0&#8243; margin_bottom=\u00bb20&#8243; padding_left=\u00bb0&#8243; padding_right=\u00bb0&#8243; bg_position=\u00bbtop\u00bb bg_repeat=\u00bbno-repeat\u00bb bg_cover=\u00bbfalse\u00bb bg_attachment=\u00bbfalse\u00bb padding_top=\u00bb0&#8243; padding_bottom=\u00bb0&#8243; parallax_speed=\u00bb0.1&#8243;][vc_column width=\u00bb1\/1&#8243; offset=\u00bbvc_col-lg-6 vc_col-md-6 vc_col-xs-12&#8243;][vc_column_text] Welcome to our website! [\/vc_column_text][vc_empty_space height=\u00bb16px\u00bb][vc_column_text]Sed interdum, lacus et vulputate pellentesque, velit nulla commodo sem, at egestas nulla metus vel sapien! Lorem ipsum dolor sit amet communitas imperdiet eleifend magna, egetipsum dolor sit dictum urna to lorem gravida quis.&hellip;<\/p>\n","protected":false},"author":1,"featured_media":0,"parent":164,"menu_order":10,"comment_status":"closed","ping_status":"closed","template":"","meta":[],"yoast_head":"<!-- This site is optimized with the Yoast SEO plugin v19.7.1 - https:\/\/yoast.com\/wordpress\/plugins\/seo\/ -->\n<title>Business - viatgespoblenou<\/title>\n<meta name=\"robots\" content=\"index, follow, max-snippet:-1, max-image-preview:large, max-video-preview:-1\" \/>\n<link rel=\"canonical\" href=\"http:\/\/viatgespoblenou.com\/home\/business\/\" \/>\n<meta property=\"og:locale\" content=\"es_ES\" \/>\n<meta property=\"og:type\" content=\"article\" \/>\n<meta property=\"og:title\" content=\"Business - viatgespoblenou\" \/>\n<meta property=\"og:description\" content=\"[vc_row margin_top=\u00bb0&#8243; margin_bottom=\u00bb20&#8243; padding_left=\u00bb0&#8243; padding_right=\u00bb0&#8243; bg_position=\u00bbtop\u00bb bg_repeat=\u00bbno-repeat\u00bb bg_cover=\u00bbfalse\u00bb bg_attachment=\u00bbfalse\u00bb padding_top=\u00bb0&#8243; padding_bottom=\u00bb0&#8243; parallax_speed=\u00bb0.1&#8243;][vc_column width=\u00bb1\/1&#8243; offset=\u00bbvc_col-lg-6 vc_col-md-6 vc_col-xs-12&#8243;][vc_column_text] Welcome to our website! [\/vc_column_text][vc_empty_space height=\u00bb16px\u00bb][vc_column_text]Sed interdum, lacus et vulputate pellentesque, velit nulla commodo sem, at egestas nulla metus vel sapien! Lorem ipsum dolor sit amet communitas imperdiet eleifend magna, egetipsum dolor sit dictum urna to lorem gravida quis.&hellip;\" \/>\n<meta property=\"og:url\" content=\"http:\/\/viatgespoblenou.com\/home\/business\/\" \/>\n<meta property=\"og:site_name\" content=\"viatgespoblenou\" \/>\n<meta property=\"article:publisher\" content=\"https:\/\/es-la.facebook.com\/people\/Viatges-Poblenou\/100001670703933\" \/>\n<meta name=\"twitter:card\" content=\"summary\" \/>\n<meta name=\"twitter:label1\" content=\"Tiempo de lectura\" \/>\n\t<meta name=\"twitter:data1\" content=\"6 minutos\" \/>\n<script type=\"application\/ld+json\" class=\"yoast-schema-graph\">{\"@context\":\"https:\/\/schema.org\",\"@graph\":[{\"@type\":\"WebPage\",\"@id\":\"http:\/\/viatgespoblenou.com\/home\/business\/\",\"url\":\"http:\/\/viatgespoblenou.com\/home\/business\/\",\"name\":\"Business - viatgespoblenou\",\"isPartOf\":{\"@id\":\"http:\/\/viatgespoblenou.com\/#website\"},\"datePublished\":\"2013-11-22T14:42:50+00:00\",\"dateModified\":\"2013-11-22T14:42:50+00:00\",\"breadcrumb\":{\"@id\":\"http:\/\/viatgespoblenou.com\/home\/business\/#breadcrumb\"},\"inLanguage\":\"es\",\"potentialAction\":[{\"@type\":\"ReadAction\",\"target\":[\"http:\/\/viatgespoblenou.com\/home\/business\/\"]}]},{\"@type\":\"BreadcrumbList\",\"@id\":\"http:\/\/viatgespoblenou.com\/home\/business\/#breadcrumb\",\"itemListElement\":[{\"@type\":\"ListItem\",\"position\":1,\"name\":\"Home\",\"item\":\"http:\/\/viatgespoblenou.com\/\"},{\"@type\":\"ListItem\",\"position\":2,\"name\":\"Home\",\"item\":\"http:\/\/viatgespoblenou.com\/home\/\"},{\"@type\":\"ListItem\",\"position\":3,\"name\":\"Business\"}]},{\"@type\":\"WebSite\",\"@id\":\"http:\/\/viatgespoblenou.com\/#website\",\"url\":\"http:\/\/viatgespoblenou.com\/\",\"name\":\"viatgespoblenou\",\"description\":\"\",\"potentialAction\":[{\"@type\":\"SearchAction\",\"target\":{\"@type\":\"EntryPoint\",\"urlTemplate\":\"http:\/\/viatgespoblenou.com\/?s={search_term_string}\"},\"query-input\":\"required name=search_term_string\"}],\"inLanguage\":\"es\"}]}<\/script>\n<!-- \/ Yoast SEO plugin. -->","yoast_head_json":{"title":"Business - viatgespoblenou","robots":{"index":"index","follow":"follow","max-snippet":"max-snippet:-1","max-image-preview":"max-image-preview:large","max-video-preview":"max-video-preview:-1"},"canonical":"http:\/\/viatgespoblenou.com\/home\/business\/","og_locale":"es_ES","og_type":"article","og_title":"Business - viatgespoblenou","og_description":"[vc_row margin_top=\u00bb0&#8243; margin_bottom=\u00bb20&#8243; padding_left=\u00bb0&#8243; padding_right=\u00bb0&#8243; bg_position=\u00bbtop\u00bb bg_repeat=\u00bbno-repeat\u00bb bg_cover=\u00bbfalse\u00bb bg_attachment=\u00bbfalse\u00bb padding_top=\u00bb0&#8243; padding_bottom=\u00bb0&#8243; parallax_speed=\u00bb0.1&#8243;][vc_column width=\u00bb1\/1&#8243; offset=\u00bbvc_col-lg-6 vc_col-md-6 vc_col-xs-12&#8243;][vc_column_text] Welcome to our website! [\/vc_column_text][vc_empty_space height=\u00bb16px\u00bb][vc_column_text]Sed interdum, lacus et vulputate pellentesque, velit nulla commodo sem, at egestas nulla metus vel sapien! Lorem ipsum dolor sit amet communitas imperdiet eleifend magna, egetipsum dolor sit dictum urna to lorem gravida quis.&hellip;","og_url":"http:\/\/viatgespoblenou.com\/home\/business\/","og_site_name":"viatgespoblenou","article_publisher":"https:\/\/es-la.facebook.com\/people\/Viatges-Poblenou\/100001670703933","twitter_card":"summary","twitter_misc":{"Tiempo de lectura":"6 minutos"},"schema":{"@context":"https:\/\/schema.org","@graph":[{"@type":"WebPage","@id":"http:\/\/viatgespoblenou.com\/home\/business\/","url":"http:\/\/viatgespoblenou.com\/home\/business\/","name":"Business - viatgespoblenou","isPartOf":{"@id":"http:\/\/viatgespoblenou.com\/#website"},"datePublished":"2013-11-22T14:42:50+00:00","dateModified":"2013-11-22T14:42:50+00:00","breadcrumb":{"@id":"http:\/\/viatgespoblenou.com\/home\/business\/#breadcrumb"},"inLanguage":"es","potentialAction":[{"@type":"ReadAction","target":["http:\/\/viatgespoblenou.com\/home\/business\/"]}]},{"@type":"BreadcrumbList","@id":"http:\/\/viatgespoblenou.com\/home\/business\/#breadcrumb","itemListElement":[{"@type":"ListItem","position":1,"name":"Home","item":"http:\/\/viatgespoblenou.com\/"},{"@type":"ListItem","position":2,"name":"Home","item":"http:\/\/viatgespoblenou.com\/home\/"},{"@type":"ListItem","position":3,"name":"Business"}]},{"@type":"WebSite","@id":"http:\/\/viatgespoblenou.com\/#website","url":"http:\/\/viatgespoblenou.com\/","name":"viatgespoblenou","description":"","potentialAction":[{"@type":"SearchAction","target":{"@type":"EntryPoint","urlTemplate":"http:\/\/viatgespoblenou.com\/?s={search_term_string}"},"query-input":"required name=search_term_string"}],"inLanguage":"es"}]}},"_links":{"self":[{"href":"http:\/\/viatgespoblenou.com\/es\/wp-json\/wp\/v2\/pages\/12790"}],"collection":[{"href":"http:\/\/viatgespoblenou.com\/es\/wp-json\/wp\/v2\/pages"}],"about":[{"href":"http:\/\/viatgespoblenou.com\/es\/wp-json\/wp\/v2\/types\/page"}],"author":[{"embeddable":true,"href":"http:\/\/viatgespoblenou.com\/es\/wp-json\/wp\/v2\/users\/1"}],"replies":[{"embeddable":true,"href":"http:\/\/viatgespoblenou.com\/es\/wp-json\/wp\/v2\/comments?post=12790"}],"version-history":[{"count":0,"href":"http:\/\/viatgespoblenou.com\/es\/wp-json\/wp\/v2\/pages\/12790\/revisions"}],"up":[{"embeddable":true,"href":"http:\/\/viatgespoblenou.com\/es\/wp-json\/wp\/v2\/pages\/164"}],"wp:attachment":[{"href":"http:\/\/viatgespoblenou.com\/es\/wp-json\/wp\/v2\/media?parent=12790"}],"curies":[{"name":"wp","href":"https:\/\/api.w.org\/{rel}","templated":true}]}}