{"id":12771,"date":"2013-10-30T09:23:07","date_gmt":"2013-10-30T09:23:07","guid":{"rendered":"http:\/\/the7.dream-demo.com\/dummy\/?page_id=12771"},"modified":"2015-10-07T08:53:11","modified_gmt":"2015-10-07T08:53:11","slug":"empresa","status":"publish","type":"page","link":"http:\/\/viatgespoblenou.com\/es\/empresa\/","title":{"rendered":"L&#8217;empresa"},"content":{"rendered":"<section class=\"wpb-content-wrapper\"><p>[vc_row][vc_column width=\u00bb1\/4&#8243;][vc_single_image image=\u00bb35365&#8243; border_color=\u00bbgrey\u00bb img_link_large=\u00bb\u00bb img_link_target=\u00bb_self\u00bb img_size=\u00bbfull\u00bb][vc_empty_space height=\u00bb40px\u00bb][\/vc_column][vc_column width=\u00bb3\/4&#8243;][vc_column_text]<\/p>\n<h4>Sobre l&#8217;empresa<\/h4>\n<p>[\/vc_column_text][vc_empty_space height=\u00bb16px\u00bb][vc_column_text]<\/p>\n<p style=\"text-align: justify;\">Som una ag\u00e8ncia de viatges especialitzada en viatges per grups escolars i de la tercera edat. Som un equip de professionals que ens caracteritzem per l&#8217; implicaci\u00f3 a l\u2019hora d\u2019organitzar tot el que suposa aquest tipus de viatges: fi de curs, estades esportives, col\u00f2nies, esquiades, circuits organitzats i qualsevol viatge a mida.<\/p>\n<p style=\"text-align: justify;\">La nostre traject\u00f2ria creixent durant 25 anys ens permet estar a l\u2019al\u00e7ada de les vostres demandes, tot portant a terme un treball de solera i experi\u00e8ncia. A continuaci\u00f3 us fem dos c\u00e8ntims dels nostres departaments, especialitzats en cada tipus de viatge:<\/p>\n<p>[\/vc_column_text][vc_empty_space height=\u00bb40px\u00bb][\/vc_column][\/vc_row][vc_row bg_position=\u00bbtop\u00bb bg_repeat=\u00bbrepeat\u00bb bg_cover=\u00bbfalse\u00bb bg_attachment=\u00bbfalse\u00bb padding_top=\u00bb55&#8243; padding_bottom=\u00bb55&#8243; margin_top=\u00bb0&#8243; margin_bottom=\u00bb55&#8243; parallax_speed=\u00bb0.1&#8243; full_width_padding_left=\u00bb40&#8243; full_width_padding_right=\u00bb40&#8243; full_width_margin_top=\u00bb0&#8243; full_width_margin_bottom=\u00bb0&#8243; padding_left=\u00bb40&#8243; padding_right=\u00bb40&#8243; type=\u00bb1&#8243;][vc_column width=\u00bb1\/1&#8243; offset=\u00bbvc_col-lg-12 vc_col-md-12 vc_hidden-sm vc_hidden-xs\u00bb]<section id=\"benefits-grid-1\" class=\"benefits-grid wf-container icons-bg accent-bg light-hover-bg custom-icon-color accent-icon-hover-color hover-line\" data-width=\"180px\" data-columns=\"4\"><style type=\"text\/css\">#benefits-grid-1.icons-bg .benefits-grid-ico { height: 60px; line-height: 60px; width: 60px;-webkit-border-radius: 100px;-moz-border-radius: 100px;-ms-border-radius: 100px;-o-border-radius: 100px;border-radius: 100px; }#benefits-grid-1.icons-bg .benefits-grid-ico > .fa { font-size: 28px; line-height: 60px; }#benefits-grid-1.custom-icon-color .benefits-grid-ico > .fa,\n\t\t\t\t\t#benefits-grid-1.custom-icon-color .benefits-grid-ico > .fa:before { color: #ffffff; }<\/style><div class=\"wf-cell\"><div><div class=\"text-small\"><div class=\"line-decoration\"><span class=\"benefits-grid-ico\"><i class=\"fa fa-book\"><\/i><\/span><h5>DEPARTAMENTO ESTUDIANTES<\/h5><\/div><p style=\"text-align: justify;\">Viajes de fin de curso, organizados con \/ sin profesores, con \/ sin gu\u00eda acompa\u00f1ante, nacionales e internacionales, circuitos en autocar y tambi\u00e9n combinados con avi\u00f3n&#8230; Asesoramiento de cualquier aspecto del viaje, seguros, documentaci\u00f3n y tambi\u00e9n ayuda a la autofinanciaci\u00f3n de\u00a0los alumnos.<\/p>\n<\/div><\/div><\/div><div class=\"wf-cell\"><div><div class=\"text-small\"><div class=\"line-decoration\"><span class=\"benefits-grid-ico\"><i class=\"fa fa-tree\"><\/i><\/span><h5>DEPARTAMENTO ESQU\u00cd<\/h5><\/div><p style=\"text-align: justify;\">Esquiadas desde 1 d\u00eda hasta el que necesit\u00e9is. Escuela de Esqu\u00ed propia con monitores dedicados exclusivamente a nuestros grupos, con \/ sin monitores de ocio, desplazamientos en autocar desde vuestro\u00a0centro hasta las pistas, hoteles a pie de pista&#8230;<\/p>\n<\/div><\/div><\/div><div class=\"wf-cell\"><div><div class=\"text-small\"><div class=\"line-decoration\"><span class=\"benefits-grid-ico\"><i class=\"fa fa-futbol-o\"><\/i><\/span><h5>DEPARTAMENTO COLONIAS<\/h5><\/div><p style=\"text-align: justify;\">Estancias en los diferentes Centros de Playa. Ofrecemos una amplia variedad de programas de actividades y acompa\u00f1antes durante todo el d\u00eda: nuestros monitores especializados en cada una de las actividades.<\/p>\n<\/div><\/div><\/div><div class=\"wf-cell\"><div><div class=\"text-small\"><div class=\"line-decoration\"><span class=\"benefits-grid-ico\"><i class=\"fa fa-bus\"><\/i><\/span><h5>DEPARTAMENTO JUBILADOS<\/h5><\/div><p style=\"text-align: justify;\">Circuitos organizados y estancias por toda Europa<\/p>\n<\/div><\/div><\/div><\/section>[vc_empty_space height=\u00bb40px\u00bb][vc_column_text]<\/p>\n<h3 style=\"text-align: center;\">El nostre entusiasme en els viatges us aportar\u00e0 les energies i il\u00b7lusions<br \/>\nper a gaudir de tots els destins!<\/h3>\n<p>[\/vc_column_text][\/vc_column][vc_column width=\u00bb1\/1&#8243; offset=\u00bbvc_hidden-lg vc_hidden-md\u00bb]<section id=\"benefits-grid-2\" class=\"benefits-grid wf-container icons-bg accent-bg light-hover-bg custom-icon-color accent-icon-hover-color hover-line\" data-width=\"180px\" data-columns=\"3\"><style type=\"text\/css\">#benefits-grid-2.icons-bg .benefits-grid-ico { height: 60px; line-height: 60px; width: 60px;-webkit-border-radius: 100px;-moz-border-radius: 100px;-ms-border-radius: 100px;-o-border-radius: 100px;border-radius: 100px; }#benefits-grid-2.icons-bg .benefits-grid-ico > .fa { font-size: 28px; line-height: 60px; }#benefits-grid-2.custom-icon-color .benefits-grid-ico > .fa,\n\t\t\t\t\t#benefits-grid-2.custom-icon-color .benefits-grid-ico > .fa:before { color: #ffffff; }<\/style><div class=\"wf-cell\"><div><div class=\"text-small\"><div class=\"line-decoration\"><span class=\"benefits-grid-ico\"><i class=\"fa fa-book\"><\/i><\/span><h5>DEPARTAMENTO ESTUDIANTES<\/h5><\/div><p style=\"text-align: justify;\">Viajes de fin de curso, organizados con \/ sin profesores, con \/ sin gu\u00eda acompa\u00f1ante, nacionales e internacionales, circuitos en autocar y tambi\u00e9n combinados con avi\u00f3n&#8230; Asesoramiento de cualquier aspecto del viaje, seguros, documentaci\u00f3n y tambi\u00e9n ayuda a la autofinanciaci\u00f3n de\u00a0los alumnos.<\/p>\n<\/div><\/div><\/div><div class=\"wf-cell\"><div><div class=\"text-small\"><div class=\"line-decoration\"><span class=\"benefits-grid-ico\"><i class=\"fa fa-tree\"><\/i><\/span><h5>DEPARTAMENTO ESQU\u00cd<\/h5><\/div><p style=\"text-align: justify;\">Esquiadas desde 1 d\u00eda hasta el que necesit\u00e9is. Escuela de Esqu\u00ed propia con monitores dedicados exclusivamente a nuestros grupos, con \/ sin monitores de ocio, desplazamientos en autocar desde vuestro\u00a0centro hasta las pistas, hoteles a pie de pista&#8230;<\/p>\n<\/div><\/div><\/div><div class=\"wf-cell\"><div><div class=\"text-small\"><div class=\"line-decoration\"><span class=\"benefits-grid-ico\"><i class=\"fa fa-futbol-o\"><\/i><\/span><h5>DEPARTAMENTO COLONIAS<\/h5><\/div><p style=\"text-align: justify;\">Estancias en los diferentes Centros de Playa. Ofrecemos una amplia variedad de programas de actividades y acompa\u00f1antes durante todo el d\u00eda: nuestros monitores especializados en cada una de las actividades.<\/p>\n<\/div><\/div><\/div><div class=\"wf-cell\"><div><div class=\"text-small\"><div class=\"line-decoration\"><span class=\"benefits-grid-ico\"><i class=\"fa fa-bus\"><\/i><\/span><h5>DEPARTAMENTO JUBILADOS<\/h5><\/div><p style=\"text-align: justify;\">Circuitos organizados y estancias por toda Europa<\/p>\n<\/div><\/div><\/div><div class=\"wf-cell\"><div><div class=\"text-small\"><div class=\"line-decoration\"><a href=\"http:\/\/themeforest.net\/user\/Dream-Theme\/portfolio?ref=Dream-Theme\" class=\"benefits-grid-ico\"><i class=\"fa fa-tablet\"><\/i><\/a><h5 class=\"benefit-title\"><a href=\"http:\/\/themeforest.net\/user\/Dream-Theme\/portfolio?ref=Dream-Theme\">Fully Responsive<\/a><\/h5><\/div><p>Integer vitae ante vitae mauris ipsum amos nulla massa sed pulvinar metus sed lorem ipsum vulputate turpis.<\/p>\n<\/div><\/div><\/div><\/section>[\/vc_column][\/vc_row]<\/p>\n<\/section>","protected":false},"excerpt":{"rendered":"<p>[vc_row][vc_column width=\u00bb1\/4&#8243;][vc_single_image image=\u00bb35365&#8243; border_color=\u00bbgrey\u00bb img_link_large=\u00bb\u00bb img_link_target=\u00bb_self\u00bb img_size=\u00bbfull\u00bb][vc_empty_space height=\u00bb40px\u00bb][\/vc_column][vc_column width=\u00bb3\/4&#8243;][vc_column_text] Sobre l&#8217;empresa [\/vc_column_text][vc_empty_space height=\u00bb16px\u00bb][vc_column_text] Som una ag\u00e8ncia de viatges especialitzada en viatges per grups escolars i de la tercera edat. Som un equip de professionals que ens caracteritzem per l&#8217; implicaci\u00f3 a l\u2019hora d\u2019organitzar tot el que suposa aquest tipus de viatges: fi de curs, estades&hellip;<\/p>\n","protected":false},"author":1,"featured_media":0,"parent":0,"menu_order":10,"comment_status":"closed","ping_status":"closed","template":"","meta":[],"yoast_head":"<!-- This site is optimized with the Yoast SEO plugin v19.7.1 - https:\/\/yoast.com\/wordpress\/plugins\/seo\/ -->\n<title>L&#039;empresa - viatgespoblenou<\/title>\n<meta name=\"robots\" content=\"index, follow, max-snippet:-1, max-image-preview:large, max-video-preview:-1\" \/>\n<link rel=\"canonical\" href=\"http:\/\/viatgespoblenou.com\/es\/empresa\/\" \/>\n<meta property=\"og:locale\" content=\"es_ES\" \/>\n<meta property=\"og:type\" content=\"article\" \/>\n<meta property=\"og:title\" content=\"L&#039;empresa - viatgespoblenou\" \/>\n<meta property=\"og:description\" content=\"[vc_row][vc_column width=\u00bb1\/4&#8243;][vc_single_image image=\u00bb35365&#8243; border_color=\u00bbgrey\u00bb img_link_large=\u00bb\u00bb img_link_target=\u00bb_self\u00bb img_size=\u00bbfull\u00bb][vc_empty_space height=\u00bb40px\u00bb][\/vc_column][vc_column width=\u00bb3\/4&#8243;][vc_column_text] Sobre l&#8217;empresa [\/vc_column_text][vc_empty_space height=\u00bb16px\u00bb][vc_column_text] Som una ag\u00e8ncia de viatges especialitzada en viatges per grups escolars i de la tercera edat. Som un equip de professionals que ens caracteritzem per l&#8217; implicaci\u00f3 a l\u2019hora d\u2019organitzar tot el que suposa aquest tipus de viatges: fi de curs, estades&hellip;\" \/>\n<meta property=\"og:url\" content=\"http:\/\/viatgespoblenou.com\/es\/empresa\/\" \/>\n<meta property=\"og:site_name\" content=\"viatgespoblenou\" \/>\n<meta property=\"article:publisher\" content=\"https:\/\/es-la.facebook.com\/people\/Viatges-Poblenou\/100001670703933\" \/>\n<meta property=\"article:modified_time\" content=\"2015-10-07T08:53:11+00:00\" \/>\n<meta name=\"twitter:card\" content=\"summary\" \/>\n<meta name=\"twitter:label1\" content=\"Tiempo de lectura\" \/>\n\t<meta name=\"twitter:data1\" content=\"2 minutos\" \/>\n<script type=\"application\/ld+json\" class=\"yoast-schema-graph\">{\"@context\":\"https:\/\/schema.org\",\"@graph\":[{\"@type\":\"WebPage\",\"@id\":\"http:\/\/viatgespoblenou.com\/es\/empresa\/\",\"url\":\"http:\/\/viatgespoblenou.com\/es\/empresa\/\",\"name\":\"L'empresa - viatgespoblenou\",\"isPartOf\":{\"@id\":\"http:\/\/viatgespoblenou.com\/#website\"},\"datePublished\":\"2013-10-30T09:23:07+00:00\",\"dateModified\":\"2015-10-07T08:53:11+00:00\",\"breadcrumb\":{\"@id\":\"http:\/\/viatgespoblenou.com\/es\/empresa\/#breadcrumb\"},\"inLanguage\":\"es\",\"potentialAction\":[{\"@type\":\"ReadAction\",\"target\":[\"http:\/\/viatgespoblenou.com\/es\/empresa\/\"]}]},{\"@type\":\"BreadcrumbList\",\"@id\":\"http:\/\/viatgespoblenou.com\/es\/empresa\/#breadcrumb\",\"itemListElement\":[{\"@type\":\"ListItem\",\"position\":1,\"name\":\"Home\",\"item\":\"http:\/\/viatgespoblenou.com\/\"},{\"@type\":\"ListItem\",\"position\":2,\"name\":\"L&#8217;empresa\"}]},{\"@type\":\"WebSite\",\"@id\":\"http:\/\/viatgespoblenou.com\/#website\",\"url\":\"http:\/\/viatgespoblenou.com\/\",\"name\":\"viatgespoblenou\",\"description\":\"\",\"potentialAction\":[{\"@type\":\"SearchAction\",\"target\":{\"@type\":\"EntryPoint\",\"urlTemplate\":\"http:\/\/viatgespoblenou.com\/?s={search_term_string}\"},\"query-input\":\"required name=search_term_string\"}],\"inLanguage\":\"es\"}]}<\/script>\n<!-- \/ Yoast SEO plugin. -->","yoast_head_json":{"title":"L'empresa - viatgespoblenou","robots":{"index":"index","follow":"follow","max-snippet":"max-snippet:-1","max-image-preview":"max-image-preview:large","max-video-preview":"max-video-preview:-1"},"canonical":"http:\/\/viatgespoblenou.com\/es\/empresa\/","og_locale":"es_ES","og_type":"article","og_title":"L'empresa - viatgespoblenou","og_description":"[vc_row][vc_column width=\u00bb1\/4&#8243;][vc_single_image image=\u00bb35365&#8243; border_color=\u00bbgrey\u00bb img_link_large=\u00bb\u00bb img_link_target=\u00bb_self\u00bb img_size=\u00bbfull\u00bb][vc_empty_space height=\u00bb40px\u00bb][\/vc_column][vc_column width=\u00bb3\/4&#8243;][vc_column_text] Sobre l&#8217;empresa [\/vc_column_text][vc_empty_space height=\u00bb16px\u00bb][vc_column_text] Som una ag\u00e8ncia de viatges especialitzada en viatges per grups escolars i de la tercera edat. Som un equip de professionals que ens caracteritzem per l&#8217; implicaci\u00f3 a l\u2019hora d\u2019organitzar tot el que suposa aquest tipus de viatges: fi de curs, estades&hellip;","og_url":"http:\/\/viatgespoblenou.com\/es\/empresa\/","og_site_name":"viatgespoblenou","article_publisher":"https:\/\/es-la.facebook.com\/people\/Viatges-Poblenou\/100001670703933","article_modified_time":"2015-10-07T08:53:11+00:00","twitter_card":"summary","twitter_misc":{"Tiempo de lectura":"2 minutos"},"schema":{"@context":"https:\/\/schema.org","@graph":[{"@type":"WebPage","@id":"http:\/\/viatgespoblenou.com\/es\/empresa\/","url":"http:\/\/viatgespoblenou.com\/es\/empresa\/","name":"L'empresa - viatgespoblenou","isPartOf":{"@id":"http:\/\/viatgespoblenou.com\/#website"},"datePublished":"2013-10-30T09:23:07+00:00","dateModified":"2015-10-07T08:53:11+00:00","breadcrumb":{"@id":"http:\/\/viatgespoblenou.com\/es\/empresa\/#breadcrumb"},"inLanguage":"es","potentialAction":[{"@type":"ReadAction","target":["http:\/\/viatgespoblenou.com\/es\/empresa\/"]}]},{"@type":"BreadcrumbList","@id":"http:\/\/viatgespoblenou.com\/es\/empresa\/#breadcrumb","itemListElement":[{"@type":"ListItem","position":1,"name":"Home","item":"http:\/\/viatgespoblenou.com\/"},{"@type":"ListItem","position":2,"name":"L&#8217;empresa"}]},{"@type":"WebSite","@id":"http:\/\/viatgespoblenou.com\/#website","url":"http:\/\/viatgespoblenou.com\/","name":"viatgespoblenou","description":"","potentialAction":[{"@type":"SearchAction","target":{"@type":"EntryPoint","urlTemplate":"http:\/\/viatgespoblenou.com\/?s={search_term_string}"},"query-input":"required name=search_term_string"}],"inLanguage":"es"}]}},"_links":{"self":[{"href":"http:\/\/viatgespoblenou.com\/es\/wp-json\/wp\/v2\/pages\/12771"}],"collection":[{"href":"http:\/\/viatgespoblenou.com\/es\/wp-json\/wp\/v2\/pages"}],"about":[{"href":"http:\/\/viatgespoblenou.com\/es\/wp-json\/wp\/v2\/types\/page"}],"author":[{"embeddable":true,"href":"http:\/\/viatgespoblenou.com\/es\/wp-json\/wp\/v2\/users\/1"}],"replies":[{"embeddable":true,"href":"http:\/\/viatgespoblenou.com\/es\/wp-json\/wp\/v2\/comments?post=12771"}],"version-history":[{"count":8,"href":"http:\/\/viatgespoblenou.com\/es\/wp-json\/wp\/v2\/pages\/12771\/revisions"}],"predecessor-version":[{"id":37229,"href":"http:\/\/viatgespoblenou.com\/es\/wp-json\/wp\/v2\/pages\/12771\/revisions\/37229"}],"wp:attachment":[{"href":"http:\/\/viatgespoblenou.com\/es\/wp-json\/wp\/v2\/media?parent=12771"}],"curies":[{"name":"wp","href":"https:\/\/api.w.org\/{rel}","templated":true}]}}